{"id":11207,"date":"2021-12-16T14:01:56","date_gmt":"2021-12-16T13:01:56","guid":{"rendered":"https:\/\/veenhuis.com\/?page_id=11207"},"modified":"2022-04-08T14:14:24","modified_gmt":"2022-04-08T12:14:24","slug":"front-andockarm","status":"publish","type":"page","link":"https:\/\/veenhuis.com\/de\/front-andockarm\/","title":{"rendered":"Front Andockarm"},"content":{"rendered":"<div class=\"wpb-content-wrapper\"><p>[vc_row][vc_column][vc_custom_heading text=&#8220;Front Andockarm&#8220; font_container=&#8220;tag:h1|font_size:26|text_align:left|color:%233b4559&#8243; use_theme_fonts=&#8220;yes&#8220;][\/vc_column][\/vc_row][vc_row][vc_column][vc_column_text font_size=&#8220;18&#8243; line_height=&#8220;30&#8243;]Bei der heutigen Technologie ist ein Frontlader unverzichtbar. Aus diesem Grund hat Veenhuis einen vorderen Andockarm im Lieferprogramm. Eine durchdachte Konstruktion erm\u00f6glicht den Anschluss an jeden Traktor. Da die Bodenfreiheit wichtig ist und der Notausstieg aus dem Traktor frei bleiben muss, hat sich Veenhuis daf\u00fcr entschieden, den Saugschlauch \u00fcber die Traktorkabine zu f\u00fchren. Dies hat den Vorteil, dass ein minimaler Str\u00f6mungswiderstand entsteht und somit eine schnelle Bef\u00fcllung m\u00f6glich ist. Der gr\u00f6\u00dfte Vorteil des vorderen Andockarms besteht darin, dass er direkt an das Transportfahrzeug angedockt werden kann, und zwar von jeder Spr\u00fchbahn aus. Dadurch werden Pflanzensch\u00e4den auf ein Minimum reduziert. Da der D\u00fcnger in Kombination mit diesem System zusammengeklappt auf dem Feld verbleiben kann, erzielen Sie eine maximale Effizienz.<\/p>\n<p>Der Frontdockarm ist mit einem eigenen Steuersystem ausgestattet. Es kann einfach an das LS-System des Traktors angeschlossen werden. Dadurch ist es auch m\u00f6glich, diesen Frontkraftheber an Tanks anderer Hersteller anzuschlie\u00dfen.[\/vc_column_text][\/vc_column][\/vc_row][vc_row][vc_column width=&#8220;1\/2&#8243;][vc_single_image image=&#8220;11208&#8243; img_size=&#8220;large&#8220;][\/vc_column][vc_column width=&#8220;1\/2&#8243;][vc_single_image image=&#8220;11212&#8243; img_size=&#8220;large&#8220;][\/vc_column][\/vc_row][vc_row][vc_column][vc_column_text font_size=&#8220;18&#8243; line_height=&#8220;30&#8243;]<strong>Merkmale<\/strong><\/p>\n<ul>\n<li>Eigenes Steuerung<\/li>\n<li>Premium Bef\u00fcllbeschleuniger<\/li>\n<li>Kann an Veenhuis Profiline und Integral Tanks angeschlossen werden<\/li>\n<li>Offene Sicht beim Transport<\/li>\n<li>Freie Sicht beim Andocken<\/li>\n<\/ul>\n<p><strong>Optionen<\/strong><\/p>\n<ul>\n<li>Seitenventil 6&#8243;<\/li>\n<li>Doppeltes 6&#8243;-Seitenventil<\/li>\n<li>8&#8243; Seitenventil<\/li>\n<li>Beleuchtung<\/li>\n<li>Arbeitsleuchte<\/li>\n<\/ul>\n<p>F\u00fcr weitere Informationen wenden Sie sich bitte an uns oder suchen Sie einen H\u00e4ndler in Ihrer N\u00e4he.[\/vc_column_text][\/vc_column][\/vc_row][vc_row][vc_column width=&#8220;1\/3&#8243;]<style type=\"text\/css\" >#b_eqktadaact8phvyz1h7j a{color:#ffffff; background:#3b4559; margin-top:0px; margin-bottom:0px;  margin-left:0px; margin-right:0px; font-weight:900; border-radius:10px;}#b_eqktadaact8phvyz1h7j a:hover{color:#ffffff ; background:#5e5e5d ;}<\/style><div class=\"ta_left tf_btn_pos\" id=\"b_eqktadaact8phvyz1h7j\" ><a class=\"rd_normal_bt medium_rd_bt  \" href=\"https:\/\/veenhuis.com\/de\/kontakt\/\" target=\"\"   >Kontakt<\/a><\/div>[\/vc_column][vc_column width=&#8220;1\/3&#8243;]<style type=\"text\/css\" >#b_incuad3v5fds8zu4udof a{color:#ffffff; background:#3b4559; margin-top:0px; margin-bottom:0px;  margin-left:0px; margin-right:0px; font-weight:900; border-radius:10px;}#b_incuad3v5fds8zu4udof a:hover{color:#ffffff ; background:#5e5e5d ;}<\/style><div class=\"ta_left tf_btn_pos\" id=\"b_incuad3v5fds8zu4udof\" ><a class=\"rd_normal_bt medium_rd_bt bt_icon_left   \" href=\"https:\/\/veenhuis.com\/de\/handler\/\" target=\"\"   ><i class=\"oi-designmodo-location\" ><\/i><span>H\u00e4ndler suchen<\/span><\/a><\/div><style type=\"text\/css\" >#b_incuad3v5fds8zu4udof i {color:#ffffff;}#b_incuad3v5fds8zu4udof a:hover i{color:#ffffff;}<\/style><style type='text\/css'> @font-face{font-family: 'oi'; src:url('https:\/\/veenhuis.com\/wp-content\/themes\/thefox\/includes\/4k-icons\/icons\/4k-icons-pack04\/icons\/fonts\/oi.eot'); src:url('https:\/\/veenhuis.com\/wp-content\/themes\/thefox\/includes\/4k-icons\/icons\/4k-icons-pack04\/icons\/fonts\/oi.eot?#iefix') format('embedded-opentype'), url('https:\/\/veenhuis.com\/wp-content\/themes\/thefox\/includes\/4k-icons\/icons\/4k-icons-pack04\/icons\/fonts\/oi.woff') format('woff'), url('https:\/\/veenhuis.com\/wp-content\/themes\/thefox\/includes\/4k-icons\/icons\/4k-icons-pack04\/icons\/fonts\/oi.ttf') format('truetype'), url('https:\/\/veenhuis.com\/wp-content\/themes\/thefox\/includes\/4k-icons\/icons\/4k-icons-pack04\/icons\/fonts\/oi.svg#oi') format('svg'); font-weight: normal; font-style: normal;}#b_incuad3v5fds8zu4udof .oi-designmodo-location:before{font-family: 'oi'; font-weight: normal; font-style: normal;}#b_incuad3v5fds8zu4udof .oi-designmodo-location:before{content: \"\\e009\";}<\/style>\n[\/vc_column][vc_column width=&#8220;1\/3&#8243;][\/vc_column][\/vc_row]<\/p>\n<\/div>","protected":false},"excerpt":{"rendered":"<p>[vc_row][vc_column][vc_custom_heading text=&#8220;Front Andockarm&#8220; font_container=&#8220;tag:h1|font_size:26|text_align:left|color:%233b4559&#8243; use_theme_fonts=&#8220;yes&#8220;][\/vc_column][\/vc_row][vc_row][vc_column][vc_column_text font_size=&#8220;18&#8243; line_height=&#8220;30&#8243;]Bei der heutigen Technologie ist ein Frontlader unverzichtbar. Aus diesem Grund hat Veenhuis einen vorderen Andockarm im Lieferprogramm. Eine durchdachte Konstruktion erm\u00f6glicht den Anschluss an jeden Traktor. Da die Bodenfreiheit wichtig ist und der Notausstieg aus dem Traktor frei bleiben muss, hat sich Veenhuis daf\u00fcr entschieden, den Saugschlauch \u00fcber<br \/><a href=\"https:\/\/veenhuis.com\/de\/front-andockarm\/\" class=\"more\">Read more<\/a><\/p>\n","protected":false},"author":6,"featured_media":0,"parent":0,"menu_order":0,"comment_status":"closed","ping_status":"closed","template":"","meta":{"_exactmetrics_skip_tracking":false,"_exactmetrics_sitenote_active":false,"_exactmetrics_sitenote_note":"","_exactmetrics_sitenote_category":0,"footnotes":""},"class_list":["post-11207","page","type-page","status-publish","hentry"],"_links":{"self":[{"href":"https:\/\/veenhuis.com\/de\/wp-json\/wp\/v2\/pages\/11207","targetHints":{"allow":["GET"]}}],"collection":[{"href":"https:\/\/veenhuis.com\/de\/wp-json\/wp\/v2\/pages"}],"about":[{"href":"https:\/\/veenhuis.com\/de\/wp-json\/wp\/v2\/types\/page"}],"author":[{"embeddable":true,"href":"https:\/\/veenhuis.com\/de\/wp-json\/wp\/v2\/users\/6"}],"replies":[{"embeddable":true,"href":"https:\/\/veenhuis.com\/de\/wp-json\/wp\/v2\/comments?post=11207"}],"version-history":[{"count":8,"href":"https:\/\/veenhuis.com\/de\/wp-json\/wp\/v2\/pages\/11207\/revisions"}],"predecessor-version":[{"id":13451,"href":"https:\/\/veenhuis.com\/de\/wp-json\/wp\/v2\/pages\/11207\/revisions\/13451"}],"wp:attachment":[{"href":"https:\/\/veenhuis.com\/de\/wp-json\/wp\/v2\/media?parent=11207"}],"curies":[{"name":"wp","href":"https:\/\/api.w.org\/{rel}","templated":true}]}}