{"id":11397,"date":"2021-12-17T16:22:01","date_gmt":"2021-12-17T15:22:01","guid":{"rendered":"https:\/\/veenhuis.com\/?page_id=11397"},"modified":"2022-05-04T15:44:48","modified_gmt":"2022-05-04T13:44:48","slug":"premium-quad-shift-tank","status":"publish","type":"page","link":"https:\/\/veenhuis.com\/de\/premium-quad-shift-tank\/","title":{"rendered":"Premium Quad Shift Fass"},"content":{"rendered":"<div class=\"wpb-content-wrapper\"><p>[vc_row][vc_column][vc_custom_heading text=&#8220;Premium Quad Shift Fass&#8220; font_container=&#8220;tag:h1|font_size:26|text_align:left|color:%233b4559&#8243; use_theme_fonts=&#8220;yes&#8220;][vc_column_text]Mit dem Premium Quad Shift hat Veenhuis einen Fass im Programm, der sich sehr gut f\u00fcr den Einsatz auf feuchteren und\/oder weniger tragf\u00e4higen B\u00f6den eignet. Der Fass ist mit dem Quad-Prinzip ausgestattet, bei dem sich 4 gleich gro\u00dfe R\u00e4der nebeneinander drehen. Das kann eine tolle Alternative zum Einachser mit Breitreifen sein, weil es bei Kurvenfahrten einen geringeren Schlingereffekt gibt. Auf diese Weise wird die Ernte weniger gesch\u00e4digt. Die 4 gro\u00dfen R\u00e4der sorgen au\u00dferdem f\u00fcr eine gr\u00f6\u00dfere Auflagefl\u00e4che des F\u00e4sser, sodass der Druck auf den Boden geringer ist. Die 2 \u00e4u\u00dferen R\u00e4der k\u00f6nnen mit dem Schaltprinzip nach au\u00dfen gleiten, sodass keine \u00dcberschneidung mit den Schlepperr\u00e4dern entsteht. Der Fass hat eine sehr hohe Man\u00f6vrierf\u00e4higkeit und Komfort. Maximale Kapazit\u00e4t und Schlagkraft, kombiniert mit einem minimalen Bodendruck.[\/vc_column_text][\/vc_column][\/vc_row][vc_row][vc_column width=&#8220;1\/2&#8243;][vc_single_image image=&#8220;13508&#8243; img_size=&#8220;large&#8220;][\/vc_column][vc_column width=&#8220;1\/2&#8243;][vc_single_image image=&#8220;11398&#8243; img_size=&#8220;large&#8220;][\/vc_column][\/vc_row][vc_row][vc_column][vc_column_text font_size=&#8220;18&#8243; line_height=&#8220;30&#8243;]Der Fass hat auch die spezifischen Eigenschaften, die die Veenhuis-F\u00e4sser charakterisieren. Sie sind sowohl in einer Verdr\u00e4ngungsversion als auch in der bekannten und einzigartigen Veenhuis Vakuum-\/Zentrifugalversion erh\u00e4ltlich. Der Fass kann mit einem kurzen Saugarm oder mit einem Knickarm an der rechten Tankseite ausgestattet werden. Serienm\u00e4\u00dfige ISOBUS-Steuerung, einstellbarer Schardruck und automatische Dosierung geh\u00f6ren zum Lieferumfang dieser Maschine.<\/p>\n<p>Nat\u00fcrlich ist es m\u00f6glich, den Fass mit einem GPS-System und einem automatischen Abschnittsverschluss am Rasen- oder Ackerinjektor zu kombinieren. Dadurch wird eine \u00dcberschneidung der D\u00fcngung verhindert. Dar\u00fcber hinaus kann auch der Nutri-Flow-Sensor verwendet werden, sodass die G\u00fclle \u201ein Echtzeit\u201c analysiert und gem\u00e4\u00df einem in der G\u00fclle zu bestimmenden N\u00e4hrstoff dosiert wird.<\/p>\n<p>M\u00f6chten Sie mehr \u00fcber Nutri-Flow erfahren? Klicken Sie <a href=\"https:\/\/veenhuis.com\/de\/produkte\/gulle-anwenden\/nutriflow-prazisionsdungung\/\"><strong>hier<\/strong><\/a> f\u00fcr weitere Informationen.[\/vc_column_text][\/vc_column][\/vc_row][vc_row][vc_column width=&#8220;1\/2&#8243;][vc_column_text font_size=&#8220;18&#8243; line_height=&#8220;30&#8243;]Die einzigartige Schiebekonstruktion der Premium Quad Shift-F\u00e4sser erm\u00f6glicht es, die \u00e4u\u00dferen R\u00e4der um bis zu 65 Zentimeter zu verl\u00e4ngern, sodass es zu keiner \u00dcberlappung mit den Traktorr\u00e4dern kommt. Jedes Rad hat somit eine eigene Spur und somit eine bessere Druckverteilung auf dem Boden. Diese Konstruktion gew\u00e4hrleistet auch, dass der Fass die Wendigkeit der kompakten Einachstanks und auch eine ausreichende Ladekapazit\u00e4t hat. Die hydraulische Pendelkonstruktion mit 4 R\u00e4dern sorgt daf\u00fcr, dass der Druck auf jedes Rad gleich ist mit dem geringstm\u00f6glichen Druck pro cm2.[\/vc_column_text][\/vc_column][vc_column width=&#8220;1\/2&#8243;][vc_single_image image=&#8220;13512&#8243; img_size=&#8220;large&#8220;][\/vc_column][\/vc_row][vc_row][vc_column]<style type=\"text\/css\" >#t_ltkdly3esew1dzu8ayl2 .table_col {color:#3b4559; background:#ffffff;}#t_ltkdly3esew1dzu8ayl2 .table_col .table_line_ctn {border:1px solid #ecf0f1;}#t_ltkdly3esew1dzu8ayl2 .table_col .table_line {border-bottom:1px solid #ecf0f1;} <\/style>  \n<!-- Table --><div class=\"rd_table_ctn rd_table_2_col\" id=\"t_ltkdly3esew1dzu8ayl2\"><div class=\"table_col\"><h3 style=\"background:#3b4559; color:#ffffff\">Typ<\/h3><div class=\"table_line_ctn\"><div class=\"table_line\"><p>Inhalt (Liter)<\/p><\/div><div class=\"table_line\"><p>Tankdurchmesser (mm)<\/p><\/div><div class=\"table_line\"><p>Rumpfl\u00e4nge (mm)<\/p><\/div><div class=\"table_line\"><p>Standard Reifen<\/p><\/div><div class=\"table_line\"><p>Pumpe<\/p><\/div><\/div><\/div><div class=\"table_col\"><h3 style=\"background:#3b4559; color:#ffffff\">Premium Quad Shift<\/h3><div class=\"table_line_ctn\"><div class=\"table_line\"><p>15.800<\/p><\/div><div class=\"table_line\"><p>2100<\/p><\/div><div class=\"table_line\"><p>5000<\/p><\/div><div class=\"table_line\"><p>Alliance 620\/80 R42<\/p><\/div><div class=\"table_line\"><p>Verdr\u00e4ngerpumpe \/ Vakuumkreiselpumpe<\/p><\/div><\/div><\/div><\/div>\r\n\r\n<!-- Table END-->\n[\/vc_column][\/vc_row][vc_row][vc_column][vc_column_text font_size=&#8220;18&#8243; line_height=&#8220;30&#8243;]F\u00fcr weitere Informationen wenden Sie sich bitte an unser Verkaufspersonal oder suchen Sie einen H\u00e4ndler in Ihrer N\u00e4he. Sie k\u00f6nnen auch die Brosch\u00fcre f\u00fcr unsere Profiline-F\u00e4sser unten herunterladen.[\/vc_column_text][\/vc_column][\/vc_row][vc_row][vc_column width=&#8220;1\/3&#8243;]<style type=\"text\/css\" >#b_tc6kajtciosq7wg0v1e1 a{color:#ffffff; background:#3b4559; margin-top:35px; margin-bottom:35px;  margin-left:35px; margin-right:35px; font-weight:900; border-radius:10px;}#b_tc6kajtciosq7wg0v1e1 a:hover{color:#ffffff ; background:#5e5e5d ;}<\/style><div class=\"ta_left tf_btn_pos\" id=\"b_tc6kajtciosq7wg0v1e1\" ><a class=\"rd_normal_bt medium_rd_bt  \" href=\"https:\/\/veenhuis.com\/de\/kontakt\/\" target=\"\"   >Kontakt<\/a><\/div>[\/vc_column][vc_column width=&#8220;1\/3&#8243;]<style type=\"text\/css\" >#b_odflcm8n6b6xkabdv9b8 a{color:#ffffff; background:#3b4559; margin-top:35px; margin-bottom:35px;  margin-left:35px; margin-right:35px; font-weight:900; border-radius:10px;}#b_odflcm8n6b6xkabdv9b8 a:hover{color:#ffffff ; background:#5e5e5d ;}<\/style><div class=\"ta_left tf_btn_pos\" id=\"b_odflcm8n6b6xkabdv9b8\" ><a class=\"rd_normal_bt medium_rd_bt bt_icon_left   \" href=\"https:\/\/veenhuis.com\/de\/handler\/\" target=\"\"   ><i class=\"oi-designmodo-location\" ><\/i><span>H\u00e4ndler suchen<\/span><\/a><\/div><style type=\"text\/css\" >#b_odflcm8n6b6xkabdv9b8 i {color:#ffffff;}#b_odflcm8n6b6xkabdv9b8 a:hover i{color:#ffffff;}<\/style><style type='text\/css'> @font-face{font-family: 'oi'; src:url('https:\/\/veenhuis.com\/wp-content\/themes\/thefox\/includes\/4k-icons\/icons\/4k-icons-pack04\/icons\/fonts\/oi.eot'); src:url('https:\/\/veenhuis.com\/wp-content\/themes\/thefox\/includes\/4k-icons\/icons\/4k-icons-pack04\/icons\/fonts\/oi.eot?#iefix') format('embedded-opentype'), url('https:\/\/veenhuis.com\/wp-content\/themes\/thefox\/includes\/4k-icons\/icons\/4k-icons-pack04\/icons\/fonts\/oi.woff') format('woff'), url('https:\/\/veenhuis.com\/wp-content\/themes\/thefox\/includes\/4k-icons\/icons\/4k-icons-pack04\/icons\/fonts\/oi.ttf') format('truetype'), url('https:\/\/veenhuis.com\/wp-content\/themes\/thefox\/includes\/4k-icons\/icons\/4k-icons-pack04\/icons\/fonts\/oi.svg#oi') format('svg'); font-weight: normal; font-style: normal;}#b_odflcm8n6b6xkabdv9b8 .oi-designmodo-location:before{font-family: 'oi'; font-weight: normal; font-style: normal;}#b_odflcm8n6b6xkabdv9b8 .oi-designmodo-location:before{content: \"\\e009\";}<\/style>\n[\/vc_column][vc_column width=&#8220;1\/3&#8243;][vc_single_image image=&#8220;12698&#8243; img_size=&#8220;medium&#8220; alignment=&#8220;right&#8220; onclick=&#8220;custom_link&#8220; hover_effect=&#8220;img_play_effect&#8220; link=&#8220;https:\/\/www.sr-schuitemaker.nl\/static\/default\/files\/documents\/Brochures%202022\/Mesttank%20brochure-Veenhuis-DE.pdf&#8220;][\/vc_column][\/vc_row]<\/p>\n<\/div>","protected":false},"excerpt":{"rendered":"<p>[vc_row][vc_column][vc_custom_heading text=&#8220;Premium Quad Shift Fass&#8220; font_container=&#8220;tag:h1|font_size:26|text_align:left|color:%233b4559&#8243; use_theme_fonts=&#8220;yes&#8220;][vc_column_text]Mit dem Premium Quad Shift hat Veenhuis einen Fass im Programm, der sich sehr gut f\u00fcr den Einsatz auf feuchteren und\/oder weniger tragf\u00e4higen B\u00f6den eignet. Der Fass ist mit dem Quad-Prinzip ausgestattet, bei dem sich 4 gleich gro\u00dfe R\u00e4der nebeneinander drehen. Das kann eine tolle Alternative zum Einachser mit<br \/><a href=\"https:\/\/veenhuis.com\/de\/premium-quad-shift-tank\/\" class=\"more\">Read more<\/a><\/p>\n","protected":false},"author":6,"featured_media":0,"parent":0,"menu_order":0,"comment_status":"closed","ping_status":"closed","template":"","meta":{"_exactmetrics_skip_tracking":false,"_exactmetrics_sitenote_active":false,"_exactmetrics_sitenote_note":"","_exactmetrics_sitenote_category":0,"footnotes":""},"class_list":["post-11397","page","type-page","status-publish","hentry"],"_links":{"self":[{"href":"https:\/\/veenhuis.com\/de\/wp-json\/wp\/v2\/pages\/11397","targetHints":{"allow":["GET"]}}],"collection":[{"href":"https:\/\/veenhuis.com\/de\/wp-json\/wp\/v2\/pages"}],"about":[{"href":"https:\/\/veenhuis.com\/de\/wp-json\/wp\/v2\/types\/page"}],"author":[{"embeddable":true,"href":"https:\/\/veenhuis.com\/de\/wp-json\/wp\/v2\/users\/6"}],"replies":[{"embeddable":true,"href":"https:\/\/veenhuis.com\/de\/wp-json\/wp\/v2\/comments?post=11397"}],"version-history":[{"count":12,"href":"https:\/\/veenhuis.com\/de\/wp-json\/wp\/v2\/pages\/11397\/revisions"}],"predecessor-version":[{"id":13517,"href":"https:\/\/veenhuis.com\/de\/wp-json\/wp\/v2\/pages\/11397\/revisions\/13517"}],"wp:attachment":[{"href":"https:\/\/veenhuis.com\/de\/wp-json\/wp\/v2\/media?parent=11397"}],"curies":[{"name":"wp","href":"https:\/\/api.w.org\/{rel}","templated":true}]}}