{"id":11410,"date":"2021-12-17T16:40:21","date_gmt":"2021-12-17T15:40:21","guid":{"rendered":"https:\/\/veenhuis.com\/?page_id=11410"},"modified":"2022-05-04T16:45:35","modified_gmt":"2022-05-04T14:45:35","slug":"premium-integral-tanks","status":"publish","type":"page","link":"https:\/\/veenhuis.com\/de\/premium-integral-tanks\/","title":{"rendered":"Premium Integral F\u00e4sser"},"content":{"rendered":"<div class=\"wpb-content-wrapper\"><p>[vc_row][vc_column][vc_custom_heading text=&#8220;Premium Integral F\u00e4sser&#8220; font_container=&#8220;tag:h1|font_size:26|text_align:left|color:%233b4559&#8243; use_theme_fonts=&#8220;yes&#8220;][vc_column_text font_size=&#8220;18&#8243; line_height=&#8220;30&#8243;]Die Premium Integral F\u00e4sser von Veenhuis setzen neue Ma\u00dfst\u00e4be in Effizienz, Flexibilit\u00e4t und Komfort. Basis der Produktlinie ist die Technologie des Segments Profiline. Der gro\u00dfe Unterschied liegt in der Pumpentechnik und den Saugarmvariationen. Die Kombination aus Vakuumsystem und Zentrifugaltechnik sorgt daf\u00fcr, dass eine beeindruckende F\u00fcllleistung erreicht werden kann. Zur Bef\u00fcllung stehen Ihnen drei Laufkran-Saugarme und die Saugarme aus dem Profiline-Segment zur Auswahl.<\/p>\n<p>Das integrierte Tankdesign sorgt f\u00fcr einen niedrigen Schwerpunkt. Dadurch entsteht eine sehr stabile Stra\u00dfenlage. Zusammen mit dem hydraulisch gefederten Fahrwerk ist er ein Fahrvergn\u00fcgen. Der Fass ist serienm\u00e4\u00dfig mit 800\/60 R32 Reifen mit gro\u00dfem Lenkeinschlag ausgestattet. Der Fass ist serienm\u00e4\u00dfig mit einer elektronischen Steuerung, schwerer 4-Punkt-Anh\u00e4ngung und einer Isobus-Steuerung ausgestattet. Die Premium Integral F\u00e4sser sind als Tandemachser und Dreiachser mit einem Volumen von 19.000 m3 bis 30.000 m3 erh\u00e4ltlich.<\/p>\n<p><strong>Merkmale<\/strong><\/p>\n<ul>\n<li>Maximale Kapazit\u00e4t<\/li>\n<li>Alle Veenhuis-Injektoren k\u00f6nnen verbunden werden<\/li>\n<li>4-Punkt-Doppeltwirkendes Veenhuis-Hebeger\u00e4t<\/li>\n<li>Minimale Wartungskosten<\/li>\n<li>Gro\u00dfe Auswahl an Saugarmvarianten<\/li>\n<\/ul>\n<p>[\/vc_column_text][\/vc_column][\/vc_row][vc_row][vc_column width=&#8220;1\/2&#8243;][vc_single_image image=&#8220;11415&#8243; img_size=&#8220;large&#8220;][\/vc_column][vc_column width=&#8220;1\/2&#8243;][vc_single_image image=&#8220;13523&#8243; img_size=&#8220;large&#8220;][\/vc_column][\/vc_row][vc_row][vc_column][vc_column_text font_size=&#8220;18&#8243; line_height=&#8220;30&#8243;]Die Spezifikationen des Premium-Integral F\u00e4sser finden Sie unten.[\/vc_column_text][\/vc_column][\/vc_row][vc_row][vc_column]<style type=\"text\/css\" >#t_5m96q6qhql01zfhwbman .table_col {color:#3b4559; background:#ffffff;}#t_5m96q6qhql01zfhwbman .table_col .table_line_ctn {border:1px solid #ecf0f1;}#t_5m96q6qhql01zfhwbman .table_col .table_line {border-bottom:1px solid #ecf0f1;} <\/style>  \n<!-- Table --><div class=\"rd_table_ctn rd_table_4_col\" id=\"t_5m96q6qhql01zfhwbman\"><div class=\"table_col\"><h3 style=\"background:#3b4559; color:#ffffff\">Premium Integral<\/h3><div class=\"table_line_ctn\"><div class=\"table_line\"><p>Inhalt (Liter)<\/p><\/div><div class=\"table_line\"><p>Chassis<\/p><\/div><div class=\"table_line\"><p>hydr. Zwangslenkung<\/p><\/div><div class=\"table_line\"><p>Standard Reifen<\/p><\/div><div class=\"table_line\"><p>Pumpentechnik<\/p><\/div><div class=\"table_line\"><p>Tankdurchmesser (mm)<\/p><\/div><div class=\"table_line\"><p>Rumpfl\u00e4nge (mm)<\/p><\/div><div class=\"table_line\"><p>Schiebewelle<\/p><\/div><\/div><\/div><div class=\"table_col\"><h3 style=\"background:#3b4559; color:#ffffff\">Tandem 19.000<\/h3><div class=\"table_line_ctn\"><div class=\"table_line\"><p>19.000<\/p><\/div><div class=\"table_line\"><p>hydr. Federung<\/p><\/div><div class=\"table_line\"><p>Ja<\/p><\/div><div class=\"table_line\"><p>BKT 800\/65 R32<\/p><\/div><div class=\"table_line\"><p>Vakuumpumpe<\/p><\/div><div class=\"table_line\"><p>1900<\/p><\/div><div class=\"table_line\"><p>7000<\/p><\/div><div class=\"table_line\"><p>Optional<\/p><\/div><\/div><\/div><div class=\"table_col\"><h3 style=\"background:#3b4559; color:#ffffff\">Tandem 20.000<\/h3><div class=\"table_line_ctn\"><div class=\"table_line\"><p>20.000<\/p><\/div><div class=\"table_line\"><p>hydr. Federung<\/p><\/div><div class=\"table_line\"><p>Ja<\/p><\/div><div class=\"table_line\"><p>BKT 800\/65 R32<\/p><\/div><div class=\"table_line\"><p>Vakuumpumpe<\/p><\/div><div class=\"table_line\"><p>2100<\/p><\/div><div class=\"table_line\"><p>6000<\/p><\/div><div class=\"table_line\"><p>Optional<\/p><\/div><\/div><\/div><div class=\"table_col\"><h3 style=\"background:#3b4559; color:#ffffff\">Tandem 21.300<\/h3><div class=\"table_line_ctn\"><div class=\"table_line\"><p>21.300<\/p><\/div><div class=\"table_line\"><p>hydr. Federung<\/p><\/div><div class=\"table_line\"><p>Ja<\/p><\/div><div class=\"table_line\"><p>BKT 800\/65 R32<\/p><\/div><div class=\"table_line\"><p>Vakuumpumpe<\/p><\/div><div class=\"table_line\"><p>2100<\/p><\/div><div class=\"table_line\"><p>7000<\/p><\/div><div class=\"table_line\"><p>Standard<\/p><\/div><\/div><\/div><\/div>\r\n\r\n<!-- Table END-->\n[\/vc_column][\/vc_row][vc_row][vc_column]<style type=\"text\/css\" >#t_75l9bfx077ja0ruoqwrj .table_col {color:#3b4559; background:#ffffff;}#t_75l9bfx077ja0ruoqwrj .table_col .table_line_ctn {border:1px solid #ecf0f1;}#t_75l9bfx077ja0ruoqwrj .table_col .table_line {border-bottom:1px solid #ecf0f1;} <\/style>  \n<!-- Table --><div class=\"rd_table_ctn rd_table_4_col\" id=\"t_75l9bfx077ja0ruoqwrj\"><div class=\"table_col\"><h3 style=\"background:#3b4559; color:#ffffff\">Premium Integral<\/h3><div class=\"table_line_ctn\"><div class=\"table_line\"><p>Inhalt (Liter)<\/p><\/div><div class=\"table_line\"><p>Chassis<\/p><\/div><div class=\"table_line\"><p>hydr. Zwangslenkung<\/p><\/div><div class=\"table_line\"><p>Standard Reifen<\/p><\/div><div class=\"table_line\"><p>Pumpentechnik<\/p><\/div><div class=\"table_line\"><p>Tankdurchmesser (mm)<\/p><\/div><div class=\"table_line\"><p>Rumpfl\u00e4nge (mm)<\/p><\/div><div class=\"table_line\"><p>Schiebewelle<\/p><\/div><\/div><\/div><div class=\"table_col\"><h3 style=\"background:#3b4559; color:#ffffff\">Tridem 26.500<\/h3><div class=\"table_line_ctn\"><div class=\"table_line\"><p>26.500<\/p><\/div><div class=\"table_line\"><p>hydr. Federung<\/p><\/div><div class=\"table_line\"><p>Ja<\/p><\/div><div class=\"table_line\"><p>BKT 800\/65 R32<\/p><\/div><div class=\"table_line\"><p>Vakuumpumpe<\/p><\/div><div class=\"table_line\"><p>2100<\/p><\/div><div class=\"table_line\"><p>8000<\/p><\/div><div class=\"table_line\"><p>Optional<\/p><\/div><\/div><\/div><div class=\"table_col\"><h3 style=\"background:#3b4559; color:#ffffff\">Tridem 30.000<\/h3><div class=\"table_line_ctn\"><div class=\"table_line\"><p>30.000<\/p><\/div><div class=\"table_line\"><p>hydr. Federung<\/p><\/div><div class=\"table_line\"><p>Ja<\/p><\/div><div class=\"table_line\"><p>BKT 800\/65 R32<\/p><\/div><div class=\"table_line\"><p>Vakuumpumpe<\/p><\/div><div class=\"table_line\"><p>2100<\/p><\/div><div class=\"table_line\"><p>9000<\/p><\/div><div class=\"table_line\"><p>Optional<\/p><\/div><\/div><\/div><\/div>\r\n\r\n<!-- Table END-->\n[\/vc_column][\/vc_row][vc_row][vc_column][vc_column_text font_size=&#8220;18&#8243; line_height=&#8220;30&#8243;]Sehen Sie sich das Video unten an, in dem Landwirtschaftsbetrieb Kuhnwald unter anderem \u00fcber die Erfahrungen mit dem Premium Integral Fass spricht.[\/vc_column_text][vc_video link=&#8220;https:\/\/www.youtube.com\/watch?v=8wzwJQZd950&#8243;][\/vc_column][\/vc_row][vc_row][vc_column][vc_column_text font_size=&#8220;18&#8243; line_height=&#8220;30&#8243;]F\u00fcr weitere Informationen wenden Sie sich bitte an unser Verkaufspersonal oder suchen Sie einen H\u00e4ndler in Ihrer N\u00e4he. Sie k\u00f6nnen auch die Brosch\u00fcre f\u00fcr unsere Profiline-F\u00e4sser unten herunterladen.[\/vc_column_text][\/vc_column][\/vc_row][vc_row][vc_column width=&#8220;1\/3&#8243;]<style type=\"text\/css\" >#b_k49vtidb7cszxsoksplf a{color:#ffffff; background:#3b4559; margin-top:35px; margin-bottom:35px;  margin-left:35px; margin-right:35px; font-weight:900; border-radius:10px;}#b_k49vtidb7cszxsoksplf a:hover{color:#ffffff ; background:#5e5e5d ;}<\/style><div class=\"ta_left tf_btn_pos\" id=\"b_k49vtidb7cszxsoksplf\" ><a class=\"rd_normal_bt medium_rd_bt  \" href=\"https:\/\/veenhuis.com\/de\/kontakt\/\" target=\"\"   >Kontakt<\/a><\/div>[\/vc_column][vc_column width=&#8220;1\/3&#8243;]<style type=\"text\/css\" >#b_cuw49vbppfushwo7o1ie a{color:#ffffff; background:#3b4559; margin-top:35px; margin-bottom:35px;  margin-left:35px; margin-right:35px; font-weight:900; border-radius:10px;}#b_cuw49vbppfushwo7o1ie a:hover{color:#ffffff ; background:#5e5e5d ;}<\/style><div class=\"ta_left tf_btn_pos\" id=\"b_cuw49vbppfushwo7o1ie\" ><a class=\"rd_normal_bt medium_rd_bt bt_icon_left   \" href=\"https:\/\/veenhuis.com\/de\/handler\/\" target=\"\"   ><i class=\"oi-designmodo-location\" ><\/i><span>H\u00e4ndler suchen<\/span><\/a><\/div><style type=\"text\/css\" >#b_cuw49vbppfushwo7o1ie i {color:#ffffff;}#b_cuw49vbppfushwo7o1ie a:hover i{color:#ffffff;}<\/style><style type='text\/css'> @font-face{font-family: 'oi'; src:url('https:\/\/veenhuis.com\/wp-content\/themes\/thefox\/includes\/4k-icons\/icons\/4k-icons-pack04\/icons\/fonts\/oi.eot'); src:url('https:\/\/veenhuis.com\/wp-content\/themes\/thefox\/includes\/4k-icons\/icons\/4k-icons-pack04\/icons\/fonts\/oi.eot?#iefix') format('embedded-opentype'), url('https:\/\/veenhuis.com\/wp-content\/themes\/thefox\/includes\/4k-icons\/icons\/4k-icons-pack04\/icons\/fonts\/oi.woff') format('woff'), url('https:\/\/veenhuis.com\/wp-content\/themes\/thefox\/includes\/4k-icons\/icons\/4k-icons-pack04\/icons\/fonts\/oi.ttf') format('truetype'), url('https:\/\/veenhuis.com\/wp-content\/themes\/thefox\/includes\/4k-icons\/icons\/4k-icons-pack04\/icons\/fonts\/oi.svg#oi') format('svg'); font-weight: normal; font-style: normal;}#b_cuw49vbppfushwo7o1ie .oi-designmodo-location:before{font-family: 'oi'; font-weight: normal; font-style: normal;}#b_cuw49vbppfushwo7o1ie .oi-designmodo-location:before{content: \"\\e009\";}<\/style>\n[\/vc_column][vc_column width=&#8220;1\/3&#8243;][vc_single_image image=&#8220;12692&#8243; img_size=&#8220;medium&#8220; alignment=&#8220;right&#8220; onclick=&#8220;custom_link&#8220; hover_effect=&#8220;img_play_effect&#8220; link=&#8220;https:\/\/www.sr-schuitemaker.nl\/static\/default\/files\/documents\/Brochures%202022\/Mesttank%20brochure-Veenhuis-DE.pdf&#8220;][\/vc_column][\/vc_row]<\/p>\n<\/div>","protected":false},"excerpt":{"rendered":"<p>[vc_row][vc_column][vc_custom_heading text=&#8220;Premium Integral F\u00e4sser&#8220; font_container=&#8220;tag:h1|font_size:26|text_align:left|color:%233b4559&#8243; use_theme_fonts=&#8220;yes&#8220;][vc_column_text font_size=&#8220;18&#8243; line_height=&#8220;30&#8243;]Die Premium Integral F\u00e4sser von Veenhuis setzen neue Ma\u00dfst\u00e4be in Effizienz, Flexibilit\u00e4t und Komfort. Basis der Produktlinie ist die Technologie des Segments Profiline. Der gro\u00dfe Unterschied liegt in der Pumpentechnik und den Saugarmvariationen. Die Kombination aus Vakuumsystem und Zentrifugaltechnik sorgt daf\u00fcr, dass eine beeindruckende F\u00fcllleistung erreicht werden kann.<br \/><a href=\"https:\/\/veenhuis.com\/de\/premium-integral-tanks\/\" class=\"more\">Read more<\/a><\/p>\n","protected":false},"author":6,"featured_media":0,"parent":0,"menu_order":0,"comment_status":"closed","ping_status":"closed","template":"","meta":{"_exactmetrics_skip_tracking":false,"_exactmetrics_sitenote_active":false,"_exactmetrics_sitenote_note":"","_exactmetrics_sitenote_category":0,"footnotes":""},"class_list":["post-11410","page","type-page","status-publish","hentry"],"_links":{"self":[{"href":"https:\/\/veenhuis.com\/de\/wp-json\/wp\/v2\/pages\/11410","targetHints":{"allow":["GET"]}}],"collection":[{"href":"https:\/\/veenhuis.com\/de\/wp-json\/wp\/v2\/pages"}],"about":[{"href":"https:\/\/veenhuis.com\/de\/wp-json\/wp\/v2\/types\/page"}],"author":[{"embeddable":true,"href":"https:\/\/veenhuis.com\/de\/wp-json\/wp\/v2\/users\/6"}],"replies":[{"embeddable":true,"href":"https:\/\/veenhuis.com\/de\/wp-json\/wp\/v2\/comments?post=11410"}],"version-history":[{"count":13,"href":"https:\/\/veenhuis.com\/de\/wp-json\/wp\/v2\/pages\/11410\/revisions"}],"predecessor-version":[{"id":13528,"href":"https:\/\/veenhuis.com\/de\/wp-json\/wp\/v2\/pages\/11410\/revisions\/13528"}],"wp:attachment":[{"href":"https:\/\/veenhuis.com\/de\/wp-json\/wp\/v2\/media?parent=11410"}],"curies":[{"name":"wp","href":"https:\/\/api.w.org\/{rel}","templated":true}]}}