{"id":11468,"date":"2021-12-23T14:27:02","date_gmt":"2021-12-23T13:27:02","guid":{"rendered":"https:\/\/veenhuis.com\/?page_id=11468"},"modified":"2022-04-08T13:37:08","modified_gmt":"2022-04-08T11:37:08","slug":"ecoject-injektoren","status":"publish","type":"page","link":"https:\/\/veenhuis.com\/de\/ecoject-injektoren\/","title":{"rendered":"Ecoject Injektoren"},"content":{"rendered":"<div class=\"wpb-content-wrapper\"><p>[vc_row][vc_column][vc_custom_heading text=&#8220;Ecoject Injektoren&#8220; font_container=&#8220;tag:h1|font_size:26|text_align:left|color:%233b4559&#8243; use_theme_fonts=&#8220;yes&#8220;][\/vc_column][\/vc_row][vc_row][vc_column][vc_column_text font_size=&#8220;18&#8243; line_height=&#8220;30&#8243;]Der Ecoject ist das Einstiegsmodell der Veenhuis-G\u00fclleinjektoren. Dieser G\u00fclleinjektor ist f\u00fcr die leichteren Anh\u00e4ngetanks entwickelt worden und hat eine einfache und solide Konstruktion. Dadurch kann diese wartungsarme Maschine eine hohe Lebensdauer erreichen. Der G\u00fclleinjektor ist mit unten liegenden Blattfederelementen ausgestattet.<\/p>\n<p><strong>Eigenschaften<\/strong><\/p>\n<ul>\n<li>Arbeitsbreiten von 5,32 m bis 7,60 m<\/li>\n<li>Gute Bodenbeschaffenheit<\/li>\n<li>Doppeltwirkende hydraulische Fu\u00dfventile<\/li>\n<li>Ausgestattet mit Scheiben mit einem Durchmesser von 300 mm und einer Breite von 20 mm<\/li>\n<li>Hydraulisch klappbar mit Transportsicherung<\/li>\n<\/ul>\n<p>[\/vc_column_text][\/vc_column][\/vc_row][vc_row][vc_column width=&#8220;1\/2&#8243;][vc_single_image image=&#8220;11469&#8243; img_size=&#8220;large&#8220;][\/vc_column][vc_column width=&#8220;1\/2&#8243;][vc_single_image image=&#8220;11473&#8243; img_size=&#8220;large&#8220;][\/vc_column][\/vc_row][vc_row][vc_column]<style type=\"text\/css\" >#t_ip63lro20nq67vus2z1x .table_col {color:#3b4559; background:#ffffff;}#t_ip63lro20nq67vus2z1x .table_col .table_line_ctn {border:1px solid #ecf0f1;}#t_ip63lro20nq67vus2z1x .table_col .table_line {border-bottom:1px solid #ecf0f1;} <\/style>  \n<!-- Table --><div class=\"rd_table_ctn rd_table_5_col\" id=\"t_ip63lro20nq67vus2z1x\"><div class=\"table_col\"><h3 style=\"background:#3b4559; color:#ffffff\">Typ<\/h3><div class=\"table_line_ctn\"><div class=\"table_line\"><p>Arbeitsbreite (m)<\/p><\/div><div class=\"table_line\"><p>Ausl\u00e4ufe (Zahl)<\/p><\/div><div class=\"table_line\"><p>Schneidverteilers (Lochzahl)<\/p><\/div><div class=\"table_line\"><p>Transporth\u00f6he (cm)<\/p><\/div><div class=\"table_line\"><p>Transportbreite (cm)<\/p><\/div><div class=\"table_line\"><p>Gewicht (kg)<\/p><\/div><div class=\"table_line\"><p>Scheibenabstand (cm)<\/p><\/div><\/div><\/div><div class=\"table_col\"><h3 style=\"background:#3b4559; color:#ffffff\">Ecoject 5.32<\/h3><div class=\"table_line_ctn\"><div class=\"table_line\"><p>5.32<\/p><\/div><div class=\"table_line\"><p>28<\/p><\/div><div class=\"table_line\"><p>32<\/p><\/div><div class=\"table_line\"><p>260<\/p><\/div><div class=\"table_line\"><p>285<\/p><\/div><div class=\"table_line\"><p>1550<\/p><\/div><div class=\"table_line\"><p>19<\/p><\/div><\/div><\/div><div class=\"table_col\"><h3 style=\"background:#3b4559; color:#ffffff\">Ecoject 6.08<\/h3><div class=\"table_line_ctn\"><div class=\"table_line\"><p>6.08<\/p><\/div><div class=\"table_line\"><p>32<\/p><\/div><div class=\"table_line\"><p>32<\/p><\/div><div class=\"table_line\"><p>295<\/p><\/div><div class=\"table_line\"><p>285<\/p><\/div><div class=\"table_line\"><p>1700<\/p><\/div><div class=\"table_line\"><p>19<\/p><\/div><\/div><\/div><div class=\"table_col\"><h3 style=\"background:#3b4559; color:#ffffff\">Ecoject 6.84<\/h3><div class=\"table_line_ctn\"><div class=\"table_line\"><p>6.84<\/p><\/div><div class=\"table_line\"><p>36<\/p><\/div><div class=\"table_line\"><p>40<\/p><\/div><div class=\"table_line\"><p>335<\/p><\/div><div class=\"table_line\"><p>285<\/p><\/div><div class=\"table_line\"><p>1900<\/p><\/div><div class=\"table_line\"><p>19<\/p><\/div><\/div><\/div><div class=\"table_col\"><h3 style=\"background:#3b4559; color:#ffffff\">Ecoject 7.60<\/h3><div class=\"table_line_ctn\"><div class=\"table_line\"><p>7.60<\/p><\/div><div class=\"table_line\"><p>40<\/p><\/div><div class=\"table_line\"><p>40<\/p><\/div><div class=\"table_line\"><p>370<\/p><\/div><div class=\"table_line\"><p>285<\/p><\/div><div class=\"table_line\"><p>2000<\/p><\/div><div class=\"table_line\"><p>19<\/p><\/div><\/div><\/div><\/div>\r\n\r\n<!-- Table END-->\n[\/vc_column][\/vc_row][vc_row][vc_column][vc_column_text font_size=&#8220;18&#8243; line_height=&#8220;30&#8243;]F\u00fcr weitere Informationen wenden Sie sich bitte an einen unserer Vertriebsmitarbeiter oder suchen Sie einen H\u00e4ndler in Ihrer N\u00e4he. Sie k\u00f6nnen auch die Ecoject-Brosch\u00fcre unten herunterladen.[\/vc_column_text][\/vc_column][\/vc_row][vc_row][vc_column width=&#8220;1\/3&#8243;]<style type=\"text\/css\" >#b_y37b723g1j2vc13de23z a{color:#ffffff; background:#3b4559; margin-top:0px; margin-bottom:0px;  margin-left:0px; margin-right:0px; font-weight:900; border-radius:10px;}#b_y37b723g1j2vc13de23z a:hover{color:#ffffff ; background:#5e5e5d ;}<\/style><div class=\"ta_left tf_btn_pos\" id=\"b_y37b723g1j2vc13de23z\" ><a class=\"rd_normal_bt medium_rd_bt  \" href=\"https:\/\/veenhuis.com\/de\/kontakt\/\" target=\"\"   >Kontakt<\/a><\/div>[\/vc_column][vc_column width=&#8220;1\/3&#8243;]<style type=\"text\/css\" >#b_kmmwjzf9b3cnig4k6lg5 a{color:#ffffff; background:#3b4559; margin-top:0px; margin-bottom:0px;  margin-left:0px; margin-right:0px; font-weight:900; border-radius:10px;}#b_kmmwjzf9b3cnig4k6lg5 a:hover{color:#ffffff ; background:#5e5e5d ;}<\/style><div class=\"ta_left tf_btn_pos\" id=\"b_kmmwjzf9b3cnig4k6lg5\" ><a class=\"rd_normal_bt medium_rd_bt bt_icon_left   \" href=\"https:\/\/veenhuis.com\/de\/handler\/\" target=\"\"   ><i class=\"oi-designmodo-location\" ><\/i><span>H\u00e4ndler suchen<\/span><\/a><\/div><style type=\"text\/css\" >#b_kmmwjzf9b3cnig4k6lg5 i {color:#ffffff;}#b_kmmwjzf9b3cnig4k6lg5 a:hover i{color:#ffffff;}<\/style><style type='text\/css'> @font-face{font-family: 'oi'; src:url('https:\/\/veenhuis.com\/wp-content\/themes\/thefox\/includes\/4k-icons\/icons\/4k-icons-pack04\/icons\/fonts\/oi.eot'); src:url('https:\/\/veenhuis.com\/wp-content\/themes\/thefox\/includes\/4k-icons\/icons\/4k-icons-pack04\/icons\/fonts\/oi.eot?#iefix') format('embedded-opentype'), url('https:\/\/veenhuis.com\/wp-content\/themes\/thefox\/includes\/4k-icons\/icons\/4k-icons-pack04\/icons\/fonts\/oi.woff') format('woff'), url('https:\/\/veenhuis.com\/wp-content\/themes\/thefox\/includes\/4k-icons\/icons\/4k-icons-pack04\/icons\/fonts\/oi.ttf') format('truetype'), url('https:\/\/veenhuis.com\/wp-content\/themes\/thefox\/includes\/4k-icons\/icons\/4k-icons-pack04\/icons\/fonts\/oi.svg#oi') format('svg'); font-weight: normal; font-style: normal;}#b_kmmwjzf9b3cnig4k6lg5 .oi-designmodo-location:before{font-family: 'oi'; font-weight: normal; font-style: normal;}#b_kmmwjzf9b3cnig4k6lg5 .oi-designmodo-location:before{content: \"\\e009\";}<\/style>\n[\/vc_column][vc_column width=&#8220;1\/3&#8243;][vc_single_image image=&#8220;12591&#8243; img_size=&#8220;medium&#8220; alignment=&#8220;right&#8220; onclick=&#8220;custom_link&#8220; hover_effect=&#8220;img_play_effect&#8220; link=&#8220;https:\/\/www.sr-schuitemaker.nl\/static\/default\/files\/documents\/Brochures%202022\/Ecoject%20brochure-Veenhuis-DE.pdf&#8220;][\/vc_column][\/vc_row]<\/p>\n<\/div>","protected":false},"excerpt":{"rendered":"<p>[vc_row][vc_column][vc_custom_heading text=&#8220;Ecoject Injektoren&#8220; font_container=&#8220;tag:h1|font_size:26|text_align:left|color:%233b4559&#8243; use_theme_fonts=&#8220;yes&#8220;][\/vc_column][\/vc_row][vc_row][vc_column][vc_column_text font_size=&#8220;18&#8243; line_height=&#8220;30&#8243;]Der Ecoject ist das Einstiegsmodell der Veenhuis-G\u00fclleinjektoren. Dieser G\u00fclleinjektor ist f\u00fcr die leichteren Anh\u00e4ngetanks entwickelt worden und hat eine einfache und solide Konstruktion. Dadurch kann diese wartungsarme Maschine eine hohe Lebensdauer erreichen. Der G\u00fclleinjektor ist mit unten liegenden Blattfederelementen ausgestattet. Eigenschaften Arbeitsbreiten von 5,32 m bis 7,60 m Gute<br \/><a href=\"https:\/\/veenhuis.com\/de\/ecoject-injektoren\/\" class=\"more\">Read more<\/a><\/p>\n","protected":false},"author":6,"featured_media":0,"parent":0,"menu_order":0,"comment_status":"closed","ping_status":"closed","template":"","meta":{"_exactmetrics_skip_tracking":false,"_exactmetrics_sitenote_active":false,"_exactmetrics_sitenote_note":"","_exactmetrics_sitenote_category":0,"footnotes":""},"class_list":["post-11468","page","type-page","status-publish","hentry"],"_links":{"self":[{"href":"https:\/\/veenhuis.com\/de\/wp-json\/wp\/v2\/pages\/11468","targetHints":{"allow":["GET"]}}],"collection":[{"href":"https:\/\/veenhuis.com\/de\/wp-json\/wp\/v2\/pages"}],"about":[{"href":"https:\/\/veenhuis.com\/de\/wp-json\/wp\/v2\/types\/page"}],"author":[{"embeddable":true,"href":"https:\/\/veenhuis.com\/de\/wp-json\/wp\/v2\/users\/6"}],"replies":[{"embeddable":true,"href":"https:\/\/veenhuis.com\/de\/wp-json\/wp\/v2\/comments?post=11468"}],"version-history":[{"count":10,"href":"https:\/\/veenhuis.com\/de\/wp-json\/wp\/v2\/pages\/11468\/revisions"}],"predecessor-version":[{"id":13438,"href":"https:\/\/veenhuis.com\/de\/wp-json\/wp\/v2\/pages\/11468\/revisions\/13438"}],"wp:attachment":[{"href":"https:\/\/veenhuis.com\/de\/wp-json\/wp\/v2\/media?parent=11468"}],"curies":[{"name":"wp","href":"https:\/\/api.w.org\/{rel}","templated":true}]}}