{"id":11567,"date":"2022-01-03T11:03:37","date_gmt":"2022-01-03T10:03:37","guid":{"rendered":"https:\/\/veenhuis.com\/?page_id=11567"},"modified":"2022-05-05T15:48:54","modified_gmt":"2022-05-05T13:48:54","slug":"terraject-200-300-400-injektoren","status":"publish","type":"page","link":"https:\/\/veenhuis.com\/de\/terraject-200-300-400-injektoren\/","title":{"rendered":"Terraject 200\/300\/400 Injektoren"},"content":{"rendered":"<div class=\"wpb-content-wrapper\"><p>[vc_row][vc_column][vc_custom_heading text=&#8220;Terraject Ackerlandinjektoren&#8220; font_container=&#8220;tag:h1|font_size:26|text_align:left|color:%233b4559&#8243; use_theme_fonts=&#8220;yes&#8220;][vc_column_text font_size=&#8220;18&#8243; line_height=&#8220;30&#8243;]Veenhuis baut hochwertige Ackerlandinjektoren f\u00fcr den professionellen Anwender, der Wert auf eine effiziente D\u00fcngung und eine gute Bodenbearbeitung legt. Die unterschiedlichen Ausf\u00fchrungen bieten f\u00fcr jeden die passende L\u00f6sung. Eine solide Bauweise und schwere Vibrationszinken sind charakteristische Merkmale dieser G\u00fclleausbringer.<\/p>\n<p>Auf dieser Seite finden Sie weitere Informationen zum Terraject 200, 300 und 400.[\/vc_column_text][\/vc_column][\/vc_row][vc_row][vc_column width=&#8220;1\/2&#8243;][vc_single_image image=&#8220;13540&#8243; img_size=&#8220;large&#8220;][\/vc_column][vc_column width=&#8220;1\/2&#8243;][vc_single_image image=&#8220;13544&#8243; img_size=&#8220;large&#8220;][\/vc_column][\/vc_row][vc_row][vc_column][vc_empty_space]<style type=\"text\/css\" >#l_0ggdk49623rreuaniyib.sc_line ,#l_0ggdk49623rreuaniyib .sc_line { height:1px; background:#3b4559;}#l_0ggdk49623rreuaniyib {margin:0px 0 0px 0; padding:0;}<\/style><div class=\"clearfix\"><\/div><div id=\"l_0ggdk49623rreuaniyib\"  class=\"sc_line rd_line_normal\" ><\/div>[\/vc_column][\/vc_row][vc_row][vc_column][vc_custom_heading text=&#8220;Terraject 200&#8243; font_container=&#8220;tag:h2|font_size:22|text_align:left|color:%233b4559&#8243; use_theme_fonts=&#8220;yes&#8220;][vc_column_text font_size=&#8220;18&#8243; line_height=&#8220;30&#8243;]Der Terraject 200 wurde f\u00fcr die G\u00fclleinjektion auf Ackerfl\u00e4chen entwickelt. Der G\u00fclleinjektor eignet sich f\u00fcr alle Bodenarten und ist eine ideale Maschine f\u00fcr den Einsatz hinter angeh\u00e4ngten Tanks. Durch die speziellen Federzinken ben\u00f6tigt die Maschine nur wenig Federkraft. Der Injektor ist serienm\u00e4\u00dfig mit stufenlos verstellbaren R\u00e4dern mit Luftreifen ausgestattet, mit denen die richtige Arbeitstiefe eingestellt werden kann.[\/vc_column_text][\/vc_column][\/vc_row][vc_row][vc_column width=&#8220;1\/2&#8243;][vc_column_text font_size=&#8220;18&#8243; line_height=&#8220;30&#8243;]<strong>Merkmale<\/strong><\/p>\n<ul>\n<li>Entwickelt f\u00fcr gezogene F\u00e4sser<\/li>\n<li>Erh\u00e4ltlich in Arbeitsbreiten von 4,72 m bis 6,49 m<\/li>\n<li>Erh\u00e4ltlich in 6-Meter-Reihenversion (8 Reihen \u00e0 75 cm)<\/li>\n<li>Ausgestattet mit zwei Reihen vibrierender Z\u00e4hne mit verschlei\u00dffesten Mei\u00dfeln<\/li>\n<li>Stufenlos h\u00f6henverstellbare Laufr\u00e4der<\/li>\n<li>Abschnittsschlie\u00dfung auf RTK-GPS optional<\/li>\n<\/ul>\n<p>[\/vc_column_text][\/vc_column][vc_column width=&#8220;1\/2&#8243;][vc_single_image image=&#8220;11572&#8243; img_size=&#8220;large&#8220;][\/vc_column][\/vc_row][vc_row][vc_column][vc_column_text font_size=&#8220;18&#8243; line_height=&#8220;30&#8243;]Nachstehend finden Sie die technischen Daten des Terraject 200.[\/vc_column_text][\/vc_column][\/vc_row][vc_row][vc_column]<style type=\"text\/css\" >#t_je7uooxr5v95lsqrgkzv .table_col {color:#3b4559; background:#ffffff;}#t_je7uooxr5v95lsqrgkzv .table_col .table_line_ctn {border:1px solid #ecf0f1;}#t_je7uooxr5v95lsqrgkzv .table_col .table_line {border-bottom:1px solid #ecf0f1;} <\/style>  \n<!-- Table --><div class=\"rd_table_ctn rd_table_5_col\" id=\"t_je7uooxr5v95lsqrgkzv\"><div class=\"table_col\"><h3 style=\"background:#3b4559; color:#ffffff\">Typ<\/h3><div class=\"table_line_ctn\"><div class=\"table_line\"><p>Arbeitsbreite (m)<\/p><\/div><div class=\"table_line\"><p>Transportbreite (m)<\/p><\/div><div class=\"table_line\"><p>Gewicht (kg)<\/p><\/div><div class=\"table_line\"><p>Anzahl der Zinken<\/p><\/div><div class=\"table_line\"><p>Zinkenreihen<\/p><\/div><div class=\"table_line\"><p>Auslaufd\u00fcsen<\/p><\/div><div class=\"table_line\"><p>Zahnabstand (mm)<\/p><\/div><div class=\"table_line\"><p>Laufr\u00e4der<\/p><\/div><div class=\"table_line\"><p>Transporth\u00f6he (mm)<\/p><\/div><\/div><\/div><div class=\"table_col\"><h3 style=\"background:#3b4559; color:#ffffff\">Terraject 200<\/h3><div class=\"table_line_ctn\"><div class=\"table_line\"><p>4.72<\/p><\/div><div class=\"table_line\"><p>2.70<\/p><\/div><div class=\"table_line\"><p>1620<\/p><\/div><div class=\"table_line\"><p>16<\/p><\/div><div class=\"table_line\"><p>2<\/p><\/div><div class=\"table_line\"><p>16<\/p><\/div><div class=\"table_line\"><p>295<\/p><\/div><div class=\"table_line\"><p>4<\/p><\/div><div class=\"table_line\"><p>2450<\/p><\/div><\/div><\/div><div class=\"table_col\"><h3 style=\"background:#3b4559; color:#ffffff\">Terraject 200<\/h3><div class=\"table_line_ctn\"><div class=\"table_line\"><p>5.31<\/p><\/div><div class=\"table_line\"><p>2.70<\/p><\/div><div class=\"table_line\"><p>1720<\/p><\/div><div class=\"table_line\"><p>18<\/p><\/div><div class=\"table_line\"><p>2<\/p><\/div><div class=\"table_line\"><p>18<\/p><\/div><div class=\"table_line\"><p>295<\/p><\/div><div class=\"table_line\"><p>4<\/p><\/div><div class=\"table_line\"><p>2750<\/p><\/div><\/div><\/div><div class=\"table_col\"><h3 style=\"background:#3b4559; color:#ffffff\">Terraject 200<\/h3><div class=\"table_line_ctn\"><div class=\"table_line\"><p>5.90<\/p><\/div><div class=\"table_line\"><p>2.70<\/p><\/div><div class=\"table_line\"><p>1800<\/p><\/div><div class=\"table_line\"><p>20<\/p><\/div><div class=\"table_line\"><p>2<\/p><\/div><div class=\"table_line\"><p>20<\/p><\/div><div class=\"table_line\"><p>295<\/p><\/div><div class=\"table_line\"><p>4<\/p><\/div><div class=\"table_line\"><p>3040<\/p><\/div><\/div><\/div><div class=\"table_col\"><h3 style=\"background:#3b4559; color:#ffffff\">Terraject 200<\/h3><div class=\"table_line_ctn\"><div class=\"table_line\"><p>6.49<\/p><\/div><div class=\"table_line\"><p>2.70<\/p><\/div><div class=\"table_line\"><p>1880<\/p><\/div><div class=\"table_line\"><p>22<\/p><\/div><div class=\"table_line\"><p>2<\/p><\/div><div class=\"table_line\"><p>22<\/p><\/div><div class=\"table_line\"><p>295<\/p><\/div><div class=\"table_line\"><p>4<\/p><\/div><div class=\"table_line\"><p>3335<\/p><\/div><\/div><\/div><\/div>\r\n\r\n<!-- Table END-->\n[vc_empty_space]<style type=\"text\/css\" >#l_wi4ylijoznbbzc9a0ld6.sc_line ,#l_wi4ylijoznbbzc9a0ld6 .sc_line { height:1px; background:#3b4559;}#l_wi4ylijoznbbzc9a0ld6 {margin:0px 0 0px 0; padding:0;}<\/style><div class=\"clearfix\"><\/div><div id=\"l_wi4ylijoznbbzc9a0ld6\"  class=\"sc_line rd_line_normal\" ><\/div>[\/vc_column][\/vc_row][vc_row][vc_column][vc_custom_heading text=&#8220;Terraject 300&#8243; font_container=&#8220;tag:h2|font_size:22|text_align:left|color:%233b4559&#8243; use_theme_fonts=&#8220;yes&#8220;][vc_column_text font_size=&#8220;18&#8243; line_height=&#8220;30&#8243;]Der Veenhuis Terraject 300 G\u00fclleinjektor ist ein robuster G\u00fclleinjektor mit breiter Bauweise. Der Terraject 300 ist in Arbeitsbreiten von 6,96 bis 8,12 Metern erh\u00e4ltlich und ist damit der breiteste Veenhuis-Injektor f\u00fcr den landwirtschaftlichen Einsatz. Der Terraject 300 verf\u00fcgt \u00fcber drei Reihen vibrierende Zinken mit verschlei\u00dffesten Mei\u00dfeln, die den G\u00fclle in einem Arbeitsgang einspritzen und einarbeiten. Die Arbeitstiefe ist stufenlos einstellbar.[\/vc_column_text][\/vc_column][\/vc_row][vc_row][vc_column width=&#8220;1\/2&#8243;][vc_single_image image=&#8220;13549&#8243; img_size=&#8220;large&#8220;][\/vc_column][vc_column width=&#8220;1\/2&#8243;][vc_column_text font_size=&#8220;18&#8243; line_height=&#8220;30&#8243;]<strong>Merkmale<\/strong><\/p>\n<ul>\n<li>F\u00fcr gezogene und selbstfahrende Panzer<\/li>\n<li>Verf\u00fcgbar in Arbeitsbreiten von 6,96 m bis 8,12 m<\/li>\n<li>Erh\u00e4ltlich in der Version mit 7,5 m Reihen (10 Reihen \u00e0 75 cm)<\/li>\n<li>Ausgestattet mit drei Reihen von R\u00fcttelz\u00e4hnen mit verschlei\u00dffesten Mei\u00dfeln<\/li>\n<li>Stufenlos h\u00f6henverstellbare R\u00e4der<\/li>\n<li>Abschnittssperre bei RTK-GPS optional<\/li>\n<li>Verschiedene Veredelungsm\u00f6glichkeiten<\/li>\n<\/ul>\n<p>[\/vc_column_text][\/vc_column][\/vc_row][vc_row][vc_column][vc_column_text font_size=&#8220;18&#8243; line_height=&#8220;30&#8243;]Nachstehend finden Sie die technischen Daten des Terraject 300.[\/vc_column_text][\/vc_column][\/vc_row][vc_row][vc_column]<style type=\"text\/css\" >#t_bwoapc6q1nzffpgi15r1 .table_col {color:#3b4559; background:#ffffff;}#t_bwoapc6q1nzffpgi15r1 .table_col .table_line_ctn {border:1px solid #ecf0f1;}#t_bwoapc6q1nzffpgi15r1 .table_col .table_line {border-bottom:1px solid #ecf0f1;} <\/style>  \n<!-- Table --><div class=\"rd_table_ctn rd_table_4_col\" id=\"t_bwoapc6q1nzffpgi15r1\"><div class=\"table_col\"><h3 style=\"background:#3b4559; color:#ffffff\">Typ<\/h3><div class=\"table_line_ctn\"><div class=\"table_line\"><p>Arbeitsbreite (m)<\/p><\/div><div class=\"table_line\"><p>Transportbreite (m)<\/p><\/div><div class=\"table_line\"><p>Gewicht (kg)<\/p><\/div><div class=\"table_line\"><p>Anzahl der Zinken<\/p><\/div><div class=\"table_line\"><p>Zinkenreihen<\/p><\/div><div class=\"table_line\"><p>Auslaufd\u00fcsen<\/p><\/div><div class=\"table_line\"><p>Zahnabstand (mm)<\/p><\/div><div class=\"table_line\"><p>Laufr\u00e4der<\/p><\/div><div class=\"table_line\"><p>Transporth\u00f6he (mm)<\/p><\/div><\/div><\/div><div class=\"table_col\"><h3 style=\"background:#3b4559; color:#ffffff\">Terraject 300<\/h3><div class=\"table_line_ctn\"><div class=\"table_line\"><p>6.96<\/p><\/div><div class=\"table_line\"><p>2.80<\/p><\/div><div class=\"table_line\"><p>2500<\/p><\/div><div class=\"table_line\"><p>24<\/p><\/div><div class=\"table_line\"><p>3<\/p><\/div><div class=\"table_line\"><p>24<\/p><\/div><div class=\"table_line\"><p>290<\/p><\/div><div class=\"table_line\"><p>4<\/p><\/div><div class=\"table_line\"><p>3190<\/p><\/div><\/div><\/div><div class=\"table_col\"><h3 style=\"background:#3b4559; color:#ffffff\">Terraject 300<\/h3><div class=\"table_line_ctn\"><div class=\"table_line\"><p>7.54<\/p><\/div><div class=\"table_line\"><p>2.80<\/p><\/div><div class=\"table_line\"><p>2780<\/p><\/div><div class=\"table_line\"><p>26<\/p><\/div><div class=\"table_line\"><p>3<\/p><\/div><div class=\"table_line\"><p>26<\/p><\/div><div class=\"table_line\"><p>290<\/p><\/div><div class=\"table_line\"><p>6<\/p><\/div><div class=\"table_line\"><p>3480<\/p><\/div><\/div><\/div><div class=\"table_col\"><h3 style=\"background:#3b4559; color:#ffffff\">Terraject 300<\/h3><div class=\"table_line_ctn\"><div class=\"table_line\"><p>8.12<\/p><\/div><div class=\"table_line\"><p>2.80<\/p><\/div><div class=\"table_line\"><p>2880<\/p><\/div><div class=\"table_line\"><p>28<\/p><\/div><div class=\"table_line\"><p>3<\/p><\/div><div class=\"table_line\"><p>28<\/p><\/div><div class=\"table_line\"><p>290<\/p><\/div><div class=\"table_line\"><p>6<\/p><\/div><div class=\"table_line\"><p>3770<\/p><\/div><\/div><\/div><\/div>\r\n\r\n<!-- Table END-->\n[vc_empty_space]<style type=\"text\/css\" >#l_mq7q1b0kj3or1bbpkvjz.sc_line ,#l_mq7q1b0kj3or1bbpkvjz .sc_line { height:1px; background:#3b4559;}#l_mq7q1b0kj3or1bbpkvjz {margin:0px 0 0px 0; padding:0;}<\/style><div class=\"clearfix\"><\/div><div id=\"l_mq7q1b0kj3or1bbpkvjz\"  class=\"sc_line rd_line_normal\" ><\/div>[\/vc_column][\/vc_row][vc_row][vc_column][vc_custom_heading text=&#8220;Terraject 400&#8243; font_container=&#8220;tag:h2|font_size:22|text_align:left|color:%233b4559&#8243; use_theme_fonts=&#8220;yes&#8220;][vc_column_text font_size=&#8220;18&#8243; line_height=&#8220;30&#8243;]Der Veenhuis Terraject 400 G\u00fclleinjektor ist ein robuster G\u00fclleinjektor mit vier Reihen von Zinken. Die ideale Maschine f\u00fcr professionelle Lohnunternehmer und f\u00fcr den Einsatz auf einem schweren Fass oder einer selbstfahrenden Maschine. Dank der korrekten Position der Federzinken und der stufenlos einstellbaren Arbeitstiefe wird stets ein optimales Arbeiten erreicht.[\/vc_column_text][\/vc_column][\/vc_row][vc_row][vc_column width=&#8220;1\/2&#8243;][vc_column_text font_size=&#8220;18&#8243; line_height=&#8220;30&#8243;]<strong>Merkmale<\/strong><\/p>\n<ul>\n<li>F\u00fcr die gr\u00f6\u00dferen gezogenen und selbstfahrenden Tanks<\/li>\n<li>Verf\u00fcgbar in Arbeitsbreiten von 5,32 m bis 6,44 m<\/li>\n<li>Ausgestattet mit vier Reihen vibrierenden Z\u00e4hnen mit verschlei\u00dffesten Mei\u00dfeln<\/li>\n<li>Stufenlos h\u00f6henverstellbare R\u00e4der<\/li>\n<li>Abschnittssperre bei RTK-GPS optional<\/li>\n<li>Verschiedene Veredelungsm\u00f6glichkeiten<\/li>\n<\/ul>\n<p>[\/vc_column_text][\/vc_column][vc_column width=&#8220;1\/2&#8243;][vc_single_image image=&#8220;13553&#8243; img_size=&#8220;large&#8220;][\/vc_column][\/vc_row][vc_row][vc_column][vc_column_text font_size=&#8220;18&#8243; line_height=&#8220;30&#8243;]Nachstehend finden Sie die technischen Daten des Terraject 400.[\/vc_column_text][\/vc_column][\/vc_row][vc_row][vc_column]<style type=\"text\/css\" >#t_b4qnuqv4gxn80bz83dlk .table_col {color:#3b4559; background:#ffffff;}#t_b4qnuqv4gxn80bz83dlk .table_col .table_line_ctn {border:1px solid #ecf0f1;}#t_b4qnuqv4gxn80bz83dlk .table_col .table_line {border-bottom:1px solid #ecf0f1;} <\/style>  \n<!-- Table --><div class=\"rd_table_ctn rd_table_4_col\" id=\"t_b4qnuqv4gxn80bz83dlk\"><div class=\"table_col\"><h3 style=\"background:#3b4559; color:#ffffff\">Typ<\/h3><div class=\"table_line_ctn\"><div class=\"table_line\"><p>Arbeitsbreite (m)<\/p><\/div><div class=\"table_line\"><p>Transportbreite (m)<\/p><\/div><div class=\"table_line\"><p>Gewicht (kg)<\/p><\/div><div class=\"table_line\"><p>Anzahl der Zinken<\/p><\/div><div class=\"table_line\"><p>Zinkenreihen<\/p><\/div><div class=\"table_line\"><p>Auslaufd\u00fcsen<\/p><\/div><div class=\"table_line\"><p>Zahnabstand (mm)<\/p><\/div><div class=\"table_line\"><p>Laufr\u00e4der<\/p><\/div><div class=\"table_line\"><p>Transporth\u00f6he (mm)<\/p><\/div><\/div><\/div><div class=\"table_col\"><h3 style=\"background:#3b4559; color:#ffffff\">Terraject 400<\/h3><div class=\"table_line_ctn\"><div class=\"table_line\"><p>5.32<\/p><\/div><div class=\"table_line\"><p>2.85<\/p><\/div><div class=\"table_line\"><p>2320<\/p><\/div><div class=\"table_line\"><p>19<\/p><\/div><div class=\"table_line\"><p>4<\/p><\/div><div class=\"table_line\"><p>19<\/p><\/div><div class=\"table_line\"><p>280<\/p><\/div><div class=\"table_line\"><p>4<\/p><\/div><div class=\"table_line\"><p>2940<\/p><\/div><\/div><\/div><div class=\"table_col\"><h3 style=\"background:#3b4559; color:#ffffff\">Terraject 400<\/h3><div class=\"table_line_ctn\"><div class=\"table_line\"><p>5.88<\/p><\/div><div class=\"table_line\"><p>2.85<\/p><\/div><div class=\"table_line\"><p>2420<\/p><\/div><div class=\"table_line\"><p>21<\/p><\/div><div class=\"table_line\"><p>4<\/p><\/div><div class=\"table_line\"><p>21<\/p><\/div><div class=\"table_line\"><p>280<\/p><\/div><div class=\"table_line\"><p>4<\/p><\/div><div class=\"table_line\"><p>3220<\/p><\/div><\/div><\/div><div class=\"table_col\"><h3 style=\"background:#3b4559; color:#ffffff\">Terraject 400<\/h3><div class=\"table_line_ctn\"><div class=\"table_line\"><p>6.44<\/p><\/div><div class=\"table_line\"><p>2.85<\/p><\/div><div class=\"table_line\"><p>2520<\/p><\/div><div class=\"table_line\"><p>23<\/p><\/div><div class=\"table_line\"><p>4<\/p><\/div><div class=\"table_line\"><p>23<\/p><\/div><div class=\"table_line\"><p>280<\/p><\/div><div class=\"table_line\"><p>4<\/p><\/div><div class=\"table_line\"><p>3500<\/p><\/div><\/div><\/div><\/div>\r\n\r\n<!-- Table END-->\n[vc_empty_space]<style type=\"text\/css\" >#l_q7pi7126ojgrwy1oxyga.sc_line ,#l_q7pi7126ojgrwy1oxyga .sc_line { height:1px; background:#3b4559;}#l_q7pi7126ojgrwy1oxyga {margin:0px 0 0px 0; padding:0;}<\/style><div class=\"clearfix\"><\/div><div id=\"l_q7pi7126ojgrwy1oxyga\"  class=\"sc_line rd_line_normal\" ><\/div>[\/vc_column][\/vc_row][vc_row][vc_column][vc_custom_heading text=&#8220;Nachbearbeitung&#8220; font_container=&#8220;tag:h2|font_size:22|text_align:left|color:%233b4559&#8243; use_theme_fonts=&#8220;yes&#8220;][vc_column_text font_size=&#8220;18&#8243; line_height=&#8220;30&#8243;]Hinter den Veenhuis Ackerlandinjektoren k\u00f6nnen verschiedene Veredelungsm\u00f6glichkeiten angebracht werden. Veenhuis bietet die folgenden 4 Nachbearbeitungsger\u00e4te hinter den G\u00fclleinjektoren an:[\/vc_column_text][\/vc_column][\/vc_row][vc_row][vc_column width=&#8220;1\/4&#8243;][vc_column_text font_size=&#8220;18&#8243; line_height=&#8220;30&#8243;]<strong>Tandeg<\/strong><br \/>\nDas Tandeg ist leicht gebaut und hat eine Ausgleichsfunktion. Ein Tandeg ist sowohl f\u00fcr die leichteren als auch f\u00fcr die etwas schwereren B\u00f6den geeignet. Die Tiefeneinstellung des Injektors erfolgt \u00fcber die R\u00e4der.<\/p>\n<p>[\/vc_column_text][\/vc_column][vc_column width=&#8220;1\/4&#8243;][vc_single_image image=&#8220;13557&#8243; img_size=&#8220;medium&#8220;][\/vc_column][vc_column width=&#8220;1\/4&#8243;][vc_column_text font_size=&#8220;18&#8243; line_height=&#8220;30&#8243;]<strong>Schleppzinken<\/strong><br \/>\nDer Schleppzinken ist leicht und hat eine Nivellierfunktion. Auf Stoppelfeldern kann es durch Drehen der Spindeln zusammengeklappt werden. Auch hier wird die Tiefe mit Hilfe der R\u00e4der eingestellt.[\/vc_column_text][\/vc_column][vc_column width=&#8220;1\/4&#8243;][vc_single_image image=&#8220;13561&#8243; img_size=&#8220;medium&#8220;][\/vc_column][\/vc_row][vc_row][vc_column width=&#8220;1\/4&#8243;][vc_column_text font_size=&#8220;18&#8243; line_height=&#8220;30&#8243;]<strong>Kr\u00fcmlerwalze<\/strong><br \/>\nDie Kr\u00fcmelwalze eignet sich f\u00fcr die Zerkleinerung gro\u00dfer Bodenst\u00fccke. Da die Walze schr\u00e4g angeordnet ist, ergibt sich ein ruhiges Laufbild und keine Verstopfungen. Dadurch wird auch sichergestellt, dass der Boden geebnet wird. Eine Kr\u00fcmelwalze ist f\u00fcr leichte und schwere B\u00f6den geeignet und kann unabh\u00e4ngig von der eingestellten D\u00fcngetiefe eingestellt werden.[\/vc_column_text][\/vc_column][vc_column width=&#8220;1\/4&#8243;][vc_single_image image=&#8220;13565&#8243; img_size=&#8220;medium&#8220;][\/vc_column][vc_column width=&#8220;1\/4&#8243;][vc_column_text font_size=&#8220;18&#8243; line_height=&#8220;30&#8243;]<strong>Rohrwalze<\/strong><br \/>\nDie Rohrwalze ist f\u00fcr die Terraject 200 mit einem Durchmesser von 450 mm erh\u00e4ltlich. F\u00fcr die Terraject 300 und 400 wird eine Rohrwalze mit einem Durchmesser von 620 mm verwendet. Die Rohrwalze wird verwendet, um den Boden zu verdichten und auch ein wenig anzudr\u00fccken. Die Spiralform sorgt f\u00fcr einen ruhigen Lauf und vermeidet Verstopfungen.[\/vc_column_text][\/vc_column][vc_column width=&#8220;1\/4&#8243;][vc_single_image image=&#8220;13569&#8243; img_size=&#8220;medium&#8220;][\/vc_column][\/vc_row][vc_row][vc_column][vc_empty_space]<style type=\"text\/css\" >#l_w4wjbih3r1ywwibtne0f.sc_line ,#l_w4wjbih3r1ywwibtne0f .sc_line { height:1px; background:#3b4559;}#l_w4wjbih3r1ywwibtne0f {margin:0px 0 0px 0; padding:0;}<\/style><div class=\"clearfix\"><\/div><div id=\"l_w4wjbih3r1ywwibtne0f\"  class=\"sc_line rd_line_normal\" ><\/div>[\/vc_column][\/vc_row][vc_row][vc_column][vc_column_text font_size=&#8220;18&#8243; line_height=&#8220;30&#8243;]F\u00fcr weitere Informationen \u00fcber unsere Stampfer wenden Sie sich bitte an unser Verkaufspersonal oder suchen Sie einen H\u00e4ndler in Ihrer N\u00e4he. Sie k\u00f6nnen auch die Brosch\u00fcre f\u00fcr unsere Terraject Injektors herunterladen.[\/vc_column_text][\/vc_column][\/vc_row][vc_row][vc_column width=&#8220;1\/3&#8243;]<style type=\"text\/css\" >#b_xdoi5m71cvii7pk6t4sy a{color:#ffffff; background:#3b4559; margin-top:0px; margin-bottom:0px;  margin-left:0px; margin-right:0px; font-weight:900; border-radius:10px;}#b_xdoi5m71cvii7pk6t4sy a:hover{color:#ffffff ; background:#5e5e5d ;}<\/style><div class=\"ta_left tf_btn_pos\" id=\"b_xdoi5m71cvii7pk6t4sy\" ><a class=\"rd_normal_bt medium_rd_bt  \" href=\"https:\/\/veenhuis.com\/de\/kontakt\/\" target=\"\"   >Kontakt<\/a><\/div>[\/vc_column][vc_column width=&#8220;1\/3&#8243;]<style type=\"text\/css\" >#b_54dihnndb7nklo6yrrfd a{color:#ffffff; background:#3b4559; margin-top:0px; margin-bottom:0px;  margin-left:0px; margin-right:0px; font-weight:900; border-radius:10px;}#b_54dihnndb7nklo6yrrfd a:hover{color:#ffffff ; background:#5e5e5d ;}<\/style><div class=\"ta_left tf_btn_pos\" id=\"b_54dihnndb7nklo6yrrfd\" ><a class=\"rd_normal_bt medium_rd_bt bt_icon_left   \" href=\"https:\/\/veenhuis.com\/de\/handler\/\" target=\"\"   ><i class=\"oi-designmodo-location\" ><\/i><span>H\u00e4ndler suchen<\/span><\/a><\/div><style type=\"text\/css\" >#b_54dihnndb7nklo6yrrfd i {color:#ffffff;}#b_54dihnndb7nklo6yrrfd a:hover i{color:#ffffff;}<\/style><style type='text\/css'> @font-face{font-family: 'oi'; src:url('https:\/\/veenhuis.com\/wp-content\/themes\/thefox\/includes\/4k-icons\/icons\/4k-icons-pack04\/icons\/fonts\/oi.eot'); src:url('https:\/\/veenhuis.com\/wp-content\/themes\/thefox\/includes\/4k-icons\/icons\/4k-icons-pack04\/icons\/fonts\/oi.eot?#iefix') format('embedded-opentype'), url('https:\/\/veenhuis.com\/wp-content\/themes\/thefox\/includes\/4k-icons\/icons\/4k-icons-pack04\/icons\/fonts\/oi.woff') format('woff'), url('https:\/\/veenhuis.com\/wp-content\/themes\/thefox\/includes\/4k-icons\/icons\/4k-icons-pack04\/icons\/fonts\/oi.ttf') format('truetype'), url('https:\/\/veenhuis.com\/wp-content\/themes\/thefox\/includes\/4k-icons\/icons\/4k-icons-pack04\/icons\/fonts\/oi.svg#oi') format('svg'); font-weight: normal; font-style: normal;}#b_54dihnndb7nklo6yrrfd .oi-designmodo-location:before{font-family: 'oi'; font-weight: normal; font-style: normal;}#b_54dihnndb7nklo6yrrfd .oi-designmodo-location:before{content: \"\\e009\";}<\/style>\n[\/vc_column][vc_column width=&#8220;1\/3&#8243;][vc_single_image image=&#8220;12656&#8243; img_size=&#8220;medium&#8220; alignment=&#8220;right&#8220; onclick=&#8220;custom_link&#8220; hover_effect=&#8220;img_play_effect&#8220; link=&#8220;https:\/\/www.sr-schuitemaker.nl\/static\/default\/files\/documents\/Brochures%202022\/Terraject%20brochure-Veenhuis-DE.pdf&#8220;][\/vc_column][\/vc_row]<\/p>\n<\/div>","protected":false},"excerpt":{"rendered":"<p>[vc_row][vc_column][vc_custom_heading text=&#8220;Terraject Ackerlandinjektoren&#8220; font_container=&#8220;tag:h1|font_size:26|text_align:left|color:%233b4559&#8243; use_theme_fonts=&#8220;yes&#8220;][vc_column_text font_size=&#8220;18&#8243; line_height=&#8220;30&#8243;]Veenhuis baut hochwertige Ackerlandinjektoren f\u00fcr den professionellen Anwender, der Wert auf eine effiziente D\u00fcngung und eine gute Bodenbearbeitung legt. Die unterschiedlichen Ausf\u00fchrungen bieten f\u00fcr jeden die passende L\u00f6sung. Eine solide Bauweise und schwere Vibrationszinken sind charakteristische Merkmale dieser G\u00fclleausbringer. Auf dieser Seite finden Sie weitere Informationen zum Terraject 200,<br \/><a href=\"https:\/\/veenhuis.com\/de\/terraject-200-300-400-injektoren\/\" class=\"more\">Read more<\/a><\/p>\n","protected":false},"author":6,"featured_media":0,"parent":0,"menu_order":0,"comment_status":"closed","ping_status":"closed","template":"","meta":{"_exactmetrics_skip_tracking":false,"_exactmetrics_sitenote_active":false,"_exactmetrics_sitenote_note":"","_exactmetrics_sitenote_category":0,"footnotes":""},"class_list":["post-11567","page","type-page","status-publish","hentry"],"_links":{"self":[{"href":"https:\/\/veenhuis.com\/de\/wp-json\/wp\/v2\/pages\/11567","targetHints":{"allow":["GET"]}}],"collection":[{"href":"https:\/\/veenhuis.com\/de\/wp-json\/wp\/v2\/pages"}],"about":[{"href":"https:\/\/veenhuis.com\/de\/wp-json\/wp\/v2\/types\/page"}],"author":[{"embeddable":true,"href":"https:\/\/veenhuis.com\/de\/wp-json\/wp\/v2\/users\/6"}],"replies":[{"embeddable":true,"href":"https:\/\/veenhuis.com\/de\/wp-json\/wp\/v2\/comments?post=11567"}],"version-history":[{"count":13,"href":"https:\/\/veenhuis.com\/de\/wp-json\/wp\/v2\/pages\/11567\/revisions"}],"predecessor-version":[{"id":13573,"href":"https:\/\/veenhuis.com\/de\/wp-json\/wp\/v2\/pages\/11567\/revisions\/13573"}],"wp:attachment":[{"href":"https:\/\/veenhuis.com\/de\/wp-json\/wp\/v2\/media?parent=11567"}],"curies":[{"name":"wp","href":"https:\/\/api.w.org\/{rel}","templated":true}]}}