{"id":11600,"date":"2022-01-03T11:27:12","date_gmt":"2022-01-03T10:27:12","guid":{"rendered":"https:\/\/veenhuis.com\/?page_id=11600"},"modified":"2022-05-05T15:53:13","modified_gmt":"2022-05-05T13:53:13","slug":"terraject-disc-injektoren","status":"publish","type":"page","link":"https:\/\/veenhuis.com\/de\/terraject-disc-injektoren\/","title":{"rendered":"Terraject Disc Scheibeninjektor"},"content":{"rendered":"<div class=\"wpb-content-wrapper\"><p>[vc_row][vc_column][vc_custom_heading text=&#8220;Terraject Disc Scheibeninjektoren&#8220; font_container=&#8220;tag:h1|font_size:26|text_align:left|color:%233b4559&#8243; use_theme_fonts=&#8220;yes&#8220;][\/vc_column][\/vc_row][vc_row][vc_column][vc_column_text font_size=&#8220;18&#8243; line_height=&#8220;30&#8243;]Der Terraject Disc ist ein Scheibeng\u00fclleinjektor, der in einem Arbeitsgang die Stoppeln durchschneidet, sie umdreht und die G\u00fclle einbringt. Der Scheibeninjektor hat zwei Reihen gezackter Scheiben. Die vier Stahlr\u00e4der k\u00f6nnen mittels einer Bolzen-\/Lochverstellung in der H\u00f6he verstellt werden. Aufgrund ihrer kompakten Bauweise und ihres geringen Gewichts ist die Terraject Disc sehr gut f\u00fcr Anh\u00e4ngetanks und selbstfahrende Maschinen geeignet. Die verstellbaren Ausl\u00e4ufe der ersten Scheibenreihe erm\u00f6glichen es, die G\u00fclle in verschiedenen Positionen abzulegen. Dies gew\u00e4hrleistet eine optimale Handhabung der G\u00fclle.<\/p>\n<p>Die Terraject Disc kann auch mit verschiedenen Finishing-Optionen wie Tandeg, Schleppzinken, Entsch\u00e4umer oder Rohrwalze erweitert werden.<\/p>\n<p><strong>Merkmale<\/strong><\/p>\n<ul>\n<li>Ausgestattet mit zwei Reihen zinnenbewehrter Scheiben<\/li>\n<li>Erh\u00e4ltlich in Arbeitsbreiten von 4, 5 und 6 Metern<\/li>\n<li>Perfekte Bodenvorbereitung<\/li>\n<li>Wartungsfreie Lager<\/li>\n<li>Optimale Schlauchf\u00fchrung<\/li>\n<li>H\u00f6henverstellbare R\u00e4der<\/li>\n<li>Profilabdichtung optional<\/li>\n<li>Pneumatische Fu\u00dfventile optional<\/li>\n<\/ul>\n<p>[\/vc_column_text][\/vc_column][\/vc_row][vc_row][vc_column width=&#8220;1\/2&#8243;][vc_single_image image=&#8220;13574&#8243; img_size=&#8220;large&#8220;][\/vc_column][vc_column width=&#8220;1\/2&#8243;][vc_single_image image=&#8220;13578&#8243; img_size=&#8220;large&#8220;][\/vc_column][\/vc_row][vc_row][vc_column][vc_column_text font_size=&#8220;18&#8243; line_height=&#8220;30&#8243;]Sehen Sie sich die Spezifikationen der Terraject Disc unten an.[\/vc_column_text][\/vc_column][\/vc_row][vc_row][vc_column]<style type=\"text\/css\" >#t_dpn3mfuxz77284jzwze9 .table_col {color:#3b4559; background:#ffffff;}#t_dpn3mfuxz77284jzwze9 .table_col .table_line_ctn {border:1px solid #ecf0f1;}#t_dpn3mfuxz77284jzwze9 .table_col .table_line {border-bottom:1px solid #ecf0f1;} <\/style>  \n<!-- Table --><div class=\"rd_table_ctn rd_table_4_col\" id=\"t_dpn3mfuxz77284jzwze9\"><div class=\"table_col\"><h3 style=\"background:#3b4559; color:#ffffff\">Typ<\/h3><div class=\"table_line_ctn\"><div class=\"table_line\"><p>Arbeitsbreite (m)<\/p><\/div><div class=\"table_line\"><p>Transportbreite (m)<\/p><\/div><div class=\"table_line\"><p>Gewicht (kg)<\/p><\/div><div class=\"table_line\"><p>Anzahl der Discs<\/p><\/div><div class=\"table_line\"><p>Anzahl der Zeilen<\/p><\/div><div class=\"table_line\"><p>Auslassrohre<\/p><\/div><div class=\"table_line\"><p>Abstand zum Auslass (mm)<\/p><\/div><div class=\"table_line\"><p>Anzahl der R\u00e4der<\/p><\/div><div class=\"table_line\"><p>Transporth\u00f6he (mm)<\/p><\/div><\/div><\/div><div class=\"table_col\"><h3 style=\"background:#3b4559; color:#ffffff\">Terraject disc<\/h3><div class=\"table_line_ctn\"><div class=\"table_line\"><p>4<\/p><\/div><div class=\"table_line\"><p>2.85<\/p><\/div><div class=\"table_line\"><p>2450<\/p><\/div><div class=\"table_line\"><p>32<\/p><\/div><div class=\"table_line\"><p>2<\/p><\/div><div class=\"table_line\"><p>16<\/p><\/div><div class=\"table_line\"><p>250<\/p><\/div><div class=\"table_line\"><p>2<\/p><\/div><div class=\"table_line\"><p>2130<\/p><\/div><\/div><\/div><div class=\"table_col\"><h3 style=\"background:#3b4559; color:#ffffff\">Terraject disc<\/h3><div class=\"table_line_ctn\"><div class=\"table_line\"><p>5<\/p><\/div><div class=\"table_line\"><p>2.85<\/p><\/div><div class=\"table_line\"><p>2650<\/p><\/div><div class=\"table_line\"><p>40<\/p><\/div><div class=\"table_line\"><p>2<\/p><\/div><div class=\"table_line\"><p>20<\/p><\/div><div class=\"table_line\"><p>250<\/p><\/div><div class=\"table_line\"><p>4<\/p><\/div><div class=\"table_line\"><p>2630<\/p><\/div><\/div><\/div><div class=\"table_col\"><h3 style=\"background:#3b4559; color:#ffffff\">Terraject Disc<\/h3><div class=\"table_line_ctn\"><div class=\"table_line\"><p>6<\/p><\/div><div class=\"table_line\"><p>2.85<\/p><\/div><div class=\"table_line\"><p>2850<\/p><\/div><div class=\"table_line\"><p>48<\/p><\/div><div class=\"table_line\"><p>2<\/p><\/div><div class=\"table_line\"><p>24<\/p><\/div><div class=\"table_line\"><p>250<\/p><\/div><div class=\"table_line\"><p>4<\/p><\/div><div class=\"table_line\"><p>3130<\/p><\/div><\/div><\/div><\/div>\r\n\r\n<!-- Table END-->\n[\/vc_column][\/vc_row][vc_row][vc_column][vc_column_text font_size=&#8220;18&#8243; line_height=&#8220;30&#8243;]F\u00fcr weitere Informationen wenden Sie sich bitte an unser Verkaufspersonal oder suchen Sie einen H\u00e4ndler in Ihrer N\u00e4he. Sie k\u00f6nnen auch die Brosch\u00fcre f\u00fcr unsere Terraject Injektors herunterladen.[\/vc_column_text][\/vc_column][\/vc_row][vc_row][vc_column width=&#8220;1\/3&#8243;]<style type=\"text\/css\" >#b_4ocab11rtgpecb8kymh3 a{color:#ffffff; background:#3b4559; margin-top:0px; margin-bottom:0px;  margin-left:0px; margin-right:0px; font-weight:900; border-radius:10px;}#b_4ocab11rtgpecb8kymh3 a:hover{color:#ffffff ; background:#5e5e5d ;}<\/style><div class=\"ta_left tf_btn_pos\" id=\"b_4ocab11rtgpecb8kymh3\" ><a class=\"rd_normal_bt medium_rd_bt  \" href=\"https:\/\/veenhuis.com\/de\/kontakt\/\" target=\"\"   >Kontakt<\/a><\/div>[\/vc_column][vc_column width=&#8220;1\/3&#8243;]<style type=\"text\/css\" >#b_cztdenxofvr5jit2uo16 a{color:#ffffff; background:#3b4559; margin-top:0px; margin-bottom:0px;  margin-left:0px; margin-right:0px; font-weight:900; border-radius:10px;}#b_cztdenxofvr5jit2uo16 a:hover{color:#ffffff ; background:#5e5e5d ;}<\/style><div class=\"ta_left tf_btn_pos\" id=\"b_cztdenxofvr5jit2uo16\" ><a class=\"rd_normal_bt medium_rd_bt bt_icon_left   \" href=\"https:\/\/veenhuis.com\/de\/handler\/\" target=\"\"   ><i class=\"oi-designmodo-location\" ><\/i><span>H\u00e4ndler suchen<\/span><\/a><\/div><style type=\"text\/css\" >#b_cztdenxofvr5jit2uo16 i {color:#ffffff;}#b_cztdenxofvr5jit2uo16 a:hover i{color:#ffffff;}<\/style><style type='text\/css'> @font-face{font-family: 'oi'; src:url('https:\/\/veenhuis.com\/wp-content\/themes\/thefox\/includes\/4k-icons\/icons\/4k-icons-pack04\/icons\/fonts\/oi.eot'); src:url('https:\/\/veenhuis.com\/wp-content\/themes\/thefox\/includes\/4k-icons\/icons\/4k-icons-pack04\/icons\/fonts\/oi.eot?#iefix') format('embedded-opentype'), url('https:\/\/veenhuis.com\/wp-content\/themes\/thefox\/includes\/4k-icons\/icons\/4k-icons-pack04\/icons\/fonts\/oi.woff') format('woff'), url('https:\/\/veenhuis.com\/wp-content\/themes\/thefox\/includes\/4k-icons\/icons\/4k-icons-pack04\/icons\/fonts\/oi.ttf') format('truetype'), url('https:\/\/veenhuis.com\/wp-content\/themes\/thefox\/includes\/4k-icons\/icons\/4k-icons-pack04\/icons\/fonts\/oi.svg#oi') format('svg'); font-weight: normal; font-style: normal;}#b_cztdenxofvr5jit2uo16 .oi-designmodo-location:before{font-family: 'oi'; font-weight: normal; font-style: normal;}#b_cztdenxofvr5jit2uo16 .oi-designmodo-location:before{content: \"\\e009\";}<\/style>\n[\/vc_column][vc_column width=&#8220;1\/3&#8243;][vc_single_image image=&#8220;12661&#8243; img_size=&#8220;medium&#8220; alignment=&#8220;right&#8220; onclick=&#8220;custom_link&#8220; hover_effect=&#8220;img_play_effect&#8220; link=&#8220;https:\/\/www.sr-schuitemaker.nl\/static\/default\/files\/documents\/Brochures%202022\/Terraject%20brochure-Veenhuis-DE.pdf&#8220;][\/vc_column][\/vc_row]<\/p>\n<\/div>","protected":false},"excerpt":{"rendered":"<p>[vc_row][vc_column][vc_custom_heading text=&#8220;Terraject Disc Scheibeninjektoren&#8220; font_container=&#8220;tag:h1|font_size:26|text_align:left|color:%233b4559&#8243; use_theme_fonts=&#8220;yes&#8220;][\/vc_column][\/vc_row][vc_row][vc_column][vc_column_text font_size=&#8220;18&#8243; line_height=&#8220;30&#8243;]Der Terraject Disc ist ein Scheibeng\u00fclleinjektor, der in einem Arbeitsgang die Stoppeln durchschneidet, sie umdreht und die G\u00fclle einbringt. Der Scheibeninjektor hat zwei Reihen gezackter Scheiben. Die vier Stahlr\u00e4der k\u00f6nnen mittels einer Bolzen-\/Lochverstellung in der H\u00f6he verstellt werden. Aufgrund ihrer kompakten Bauweise und ihres geringen Gewichts ist die<br \/><a href=\"https:\/\/veenhuis.com\/de\/terraject-disc-injektoren\/\" class=\"more\">Read more<\/a><\/p>\n","protected":false},"author":6,"featured_media":0,"parent":0,"menu_order":0,"comment_status":"closed","ping_status":"closed","template":"","meta":{"_exactmetrics_skip_tracking":false,"_exactmetrics_sitenote_active":false,"_exactmetrics_sitenote_note":"","_exactmetrics_sitenote_category":0,"footnotes":""},"class_list":["post-11600","page","type-page","status-publish","hentry"],"_links":{"self":[{"href":"https:\/\/veenhuis.com\/de\/wp-json\/wp\/v2\/pages\/11600","targetHints":{"allow":["GET"]}}],"collection":[{"href":"https:\/\/veenhuis.com\/de\/wp-json\/wp\/v2\/pages"}],"about":[{"href":"https:\/\/veenhuis.com\/de\/wp-json\/wp\/v2\/types\/page"}],"author":[{"embeddable":true,"href":"https:\/\/veenhuis.com\/de\/wp-json\/wp\/v2\/users\/6"}],"replies":[{"embeddable":true,"href":"https:\/\/veenhuis.com\/de\/wp-json\/wp\/v2\/comments?post=11600"}],"version-history":[{"count":12,"href":"https:\/\/veenhuis.com\/de\/wp-json\/wp\/v2\/pages\/11600\/revisions"}],"predecessor-version":[{"id":13582,"href":"https:\/\/veenhuis.com\/de\/wp-json\/wp\/v2\/pages\/11600\/revisions\/13582"}],"wp:attachment":[{"href":"https:\/\/veenhuis.com\/de\/wp-json\/wp\/v2\/media?parent=11600"}],"curies":[{"name":"wp","href":"https:\/\/api.w.org\/{rel}","templated":true}]}}