{"id":13741,"date":"2022-05-16T17:00:20","date_gmt":"2022-05-16T15:00:20","guid":{"rendered":"https:\/\/veenhuis.com\/?page_id=13741"},"modified":"2022-05-16T17:04:44","modified_gmt":"2022-05-16T15:04:44","slug":"13741-2","status":"publish","type":"page","link":"https:\/\/veenhuis.com\/de\/13741-2\/","title":{"rendered":"Videos (nieuw)"},"content":{"rendered":"<div class=\"wpb-content-wrapper\"><p>[vc_row][vc_column][vc_custom_heading text=&#8220;Videos&#8220; font_container=&#8220;tag:h1|font_size:26|text_align:left|color:%233b4559&#8243; use_theme_fonts=&#8220;yes&#8220;][vc_column_text font_size=&#8220;18&#8243; line_height=&#8220;30&#8243;]Auf dieser Seite k\u00f6nnen Sie verschiedene Videos von unter anderem den Produkten von Veenhuis und unserem Markenfilm sehen. In der Rubrik \u201eMeet the Masters\u201c lassen wir regelm\u00e4\u00dfig unsere Endanwender zu Wort kommen, in denen sie ihre Erfahrungen mit den Maschinen teilen. F\u00fcr weitere Inhalte und andere Updates folgen Sie uns auf:[\/vc_column_text][\/vc_column][\/vc_row][vc_row][vc_column width=&#8220;1\/6&#8243;][vc_single_image image=&#8220;6597&#8243; onclick=&#8220;custom_link&#8220; link=&#8220;https:\/\/www.facebook.com\/VeenhuisMachines&#8220;][\/vc_column][vc_column width=&#8220;1\/6&#8243;][vc_single_image image=&#8220;6601&#8243; onclick=&#8220;custom_link&#8220; link=&#8220;https:\/\/www.youtube.com\/user\/VMRVeenhuis\/videos&#8220;][\/vc_column][vc_column width=&#8220;1\/6&#8243;][vc_single_image image=&#8220;6605&#8243; onclick=&#8220;custom_link&#8220; link=&#8220;https:\/\/www.linkedin.com\/company\/veenhuis-machines-b-v-\/&#8220;][\/vc_column][vc_column width=&#8220;1\/6&#8243;][\/vc_column][vc_column width=&#8220;1\/6&#8243;][\/vc_column][vc_column width=&#8220;1\/6&#8243;][\/vc_column][\/vc_row][vc_row][vc_column][vc_video link=&#8220;https:\/\/www.youtube.com\/watch?v=ZojreiVlSPk&amp;t=53s&#8220; el_width=&#8220;50&#8243; title=&#8220;SVgroup Brand Movie&#8220;][vc_empty_space][\/vc_column][\/vc_row][vc_row][vc_column][vc_video link=&#8220;https:\/\/www.youtube.com\/watch?v=8wzwJQZd950&#8243; el_width=&#8220;50&#8243; title=&#8220;Meet the Masters | Landwirtschaftsbetrieb Kuhnwald&#8220;][vc_empty_space][\/vc_column][\/vc_row][vc_row][vc_column][vc_video link=&#8220;https:\/\/www.youtube.com\/watch?v=xjrpacA6TjI&amp;t=79s&#8220; el_width=&#8220;50&#8243; title=&#8220;Meet the Masters | Lohnunternehmen Vink&#8220;][vc_empty_space][\/vc_column][\/vc_row][vc_row][vc_column][vc_video link=&#8220;https:\/\/www.youtube.com\/watch?v=2P14u9BY-_s&#8220; el_width=&#8220;50&#8243; title=&#8220;Veenhuis Nutri Flow | Pr\u00e4zisionsd\u00fcngung&#8220;][vc_empty_space][\/vc_column][\/vc_row]<\/p>\n<\/div>","protected":false},"excerpt":{"rendered":"<p>[vc_row][vc_column][vc_custom_heading text=&#8220;Videos&#8220; font_container=&#8220;tag:h1|font_size:26|text_align:left|color:%233b4559&#8243; use_theme_fonts=&#8220;yes&#8220;][vc_column_text font_size=&#8220;18&#8243; line_height=&#8220;30&#8243;]Auf dieser Seite k\u00f6nnen Sie verschiedene Videos von unter anderem den Produkten von Veenhuis und unserem Markenfilm sehen. In der Rubrik \u201eMeet the Masters\u201c lassen wir regelm\u00e4\u00dfig unsere Endanwender zu Wort kommen, in denen sie ihre Erfahrungen mit den Maschinen teilen. F\u00fcr weitere Inhalte und andere Updates folgen Sie uns<br \/><a href=\"https:\/\/veenhuis.com\/de\/13741-2\/\" class=\"more\">Read more<\/a><\/p>\n","protected":false},"author":6,"featured_media":0,"parent":0,"menu_order":0,"comment_status":"closed","ping_status":"closed","template":"","meta":{"_exactmetrics_skip_tracking":false,"_exactmetrics_sitenote_active":false,"_exactmetrics_sitenote_note":"","_exactmetrics_sitenote_category":0,"footnotes":""},"class_list":["post-13741","page","type-page","status-publish","hentry"],"_links":{"self":[{"href":"https:\/\/veenhuis.com\/de\/wp-json\/wp\/v2\/pages\/13741","targetHints":{"allow":["GET"]}}],"collection":[{"href":"https:\/\/veenhuis.com\/de\/wp-json\/wp\/v2\/pages"}],"about":[{"href":"https:\/\/veenhuis.com\/de\/wp-json\/wp\/v2\/types\/page"}],"author":[{"embeddable":true,"href":"https:\/\/veenhuis.com\/de\/wp-json\/wp\/v2\/users\/6"}],"replies":[{"embeddable":true,"href":"https:\/\/veenhuis.com\/de\/wp-json\/wp\/v2\/comments?post=13741"}],"version-history":[{"count":4,"href":"https:\/\/veenhuis.com\/de\/wp-json\/wp\/v2\/pages\/13741\/revisions"}],"predecessor-version":[{"id":13745,"href":"https:\/\/veenhuis.com\/de\/wp-json\/wp\/v2\/pages\/13741\/revisions\/13745"}],"wp:attachment":[{"href":"https:\/\/veenhuis.com\/de\/wp-json\/wp\/v2\/media?parent=13741"}],"curies":[{"name":"wp","href":"https:\/\/api.w.org\/{rel}","templated":true}]}}