{"id":13944,"date":"2022-07-13T16:35:54","date_gmt":"2022-07-13T14:35:54","guid":{"rendered":"https:\/\/veenhuis.com\/?page_id=13944"},"modified":"2022-07-13T16:37:56","modified_gmt":"2022-07-13T14:37:56","slug":"nachhaltige-guelleinjektion","status":"publish","type":"page","link":"https:\/\/veenhuis.com\/de\/nachhaltige-guelleinjektion\/","title":{"rendered":"Nachhaltige G\u00fclleinjektion"},"content":{"rendered":"<div class=\"wpb-content-wrapper\"><p>[vc_row][vc_column][vc_custom_heading text=&#8220;Nachhaltige G\u00fclleinjektion&#8220; font_container=&#8220;tag:h1|text_align:left|color:%233b4559&#8243; use_theme_fonts=&#8220;yes&#8220;][vc_custom_heading text=&#8220;Pioniere f\u00fcr nachhaltige G\u00fclleinjektion&#8220; font_container=&#8220;tag:h2|font_size:22|text_align:left|color:%233b4559&#8243; use_theme_fonts=&#8220;yes&#8220;][vc_column_text font_size=&#8220;18&#8243; line_height=&#8220;30&#8243;]Veenhuis ist seit den 1970er Jahren ein Pionier im Gebiet der effizienten G\u00fclleausbringung. Fr\u00fcher wurde G\u00fclle haupts\u00e4chlich als Abfallprodukt betrachtet, das umweltfreundlich auf den Boden ausgebracht werden musste. Inzwischen hat die Forschung gezeigt, dass tierischer G\u00fclle ein wertvoller N\u00e4hrstoff f\u00fcr Pflanzen und B\u00f6den ist. Au\u00dferdem ist die D\u00fcngung \u00fcber die Pflanzenwurzeln die bei weitem effizienteste Methode der Ausbringung von organischem D\u00fcnger. Die Nachfrage nach Lebensmitteln steigt weltweit, so dass eine effiziente und nachhaltige Landwirtschaft immer wichtiger wird. Die L\u00f6sungen von Veenhuis haben sich bei der Stickstoffverwertung als effizienter erwiesen und gew\u00e4hrleisten optimale Ernteertr\u00e4ge.[\/vc_column_text][\/vc_column][\/vc_row][vc_row][vc_column width=&#8220;1\/2&#8243;][vc_single_image image=&#8220;13945&#8243; img_size=&#8220;large&#8220;][\/vc_column][vc_column width=&#8220;1\/2&#8243;][vc_single_image image=&#8220;13949&#8243; img_size=&#8220;large&#8220;][\/vc_column][\/vc_row][vc_row][vc_column][vc_column_text font_size=&#8220;18&#8243; line_height=&#8220;30&#8243;]Aufgrund der steigenden Nachfrage nach Lebensmitteln wird eine nachhaltigere Landwirtschaft immer wichtiger. Auch die Preise f\u00fcr Kunstd\u00fcnger steigen. Die optimale Nutzung von N\u00e4hrstoffen aus tierischem Dung ist daher wichtiger denn je. Sowohl die Veenhuis-Schlitzger\u00e4te als auch die Ackerlandinjektoren haben sich bei der Stickstoffverwertung als effizienter erwiesen als andere D\u00fcngetechniken.[\/vc_column_text]<style type=\"text\/css\" >#b_z3d0qh9g3r1m1msj2pp9 a{color:#ffffff; background:#3b4559; margin-top:0px; margin-bottom:0px;  margin-left:0px; margin-right:0px; font-weight:700; border-radius:10px;}#b_z3d0qh9g3r1m1msj2pp9 a:hover{color:#ffffff ; background:#5e5e5d ;}<\/style><div class=\"ta_left tf_btn_pos\" id=\"b_z3d0qh9g3r1m1msj2pp9\" ><a class=\"rd_normal_bt medium_rd_bt  \" href=\"https:\/\/veenhuis.com\/de\/produkte\/gulle-anwenden\/\" target=\"\"   >Lesen Sie hier mehr \u00fcber unsere Injektoren<\/a><\/div>[vc_empty_space][\/vc_column][\/vc_row][vc_row][vc_column][vc_custom_heading text=&#8220;Nachhaltige Bodenbewirtschaftung&#8220; font_container=&#8220;tag:h2|font_size:22|text_align:left|color:%233b4559&#8243; use_theme_fonts=&#8220;yes&#8220;][vc_column_text font_size=&#8220;18&#8243; line_height=&#8220;30&#8243;]F\u00fcr die Landwirtschaft ist es von entscheidender Bedeutung, dass der Boden optimal genutzt wird, ohne ihn zu ersch\u00f6pfen. Artenvielfalt und eine gute Wasser- und N\u00e4hrstoffaufnahme tragen zum Pflanzenwachstum und zur Bearbeitbarkeit des Bodens bei. Veenhuis tr\u00e4gt dazu mit verschiedenen intelligenten Optionen f\u00fcr seine F\u00e4sser und G\u00fcllesysteme bei.[\/vc_column_text][vc_empty_space][\/vc_column][\/vc_row][vc_row][vc_column width=&#8220;1\/2&#8243;][vc_column_text font_size=&#8220;18&#8243; line_height=&#8220;30&#8243;]<\/p>\n<h2>Breitreifen und Luftdruckausgleichssysteme<\/h2>\n<p>Veenhuis bietet eine gro\u00dfe Auswahl an gro\u00dfen Breitreifen f\u00fcr verschiedene Maschinen. Bei breiten Reifen wird das Gewicht des Tanks besser verteilt, was zu einem geringeren Bodendruck f\u00fchrt. Wenn Sie mit einem niedrigeren Luftdruck im Reifen fahren, ist der Druck auf den Boden noch geringer, weil die Kontaktfl\u00e4che mit dem Boden gr\u00f6\u00dfer ist. Die Profiline F\u00e4sser k\u00f6nnen auch mit einer Teleskopachskonstruktion ausgestattet werden, die Spurrillen auf dem Feld reduziert. All diese L\u00f6sungen f\u00fchren zu einem geringeren Kraftstoffverbrauch, weniger strukturellen Sch\u00e4den am Erntegut und weniger Reifenverschlei\u00df.[\/vc_column_text]<style type=\"text\/css\" >#b_9m05925mn5k0xmnyhm01 a{color:#ffffff; background:#3b4559; margin-top:0px; margin-bottom:0px;  margin-left:0px; margin-right:0px; font-weight:700; border-radius:10px;}#b_9m05925mn5k0xmnyhm01 a:hover{color:#ffffff ; background:#5e5e5d ;}<\/style><div class=\"ta_left tf_btn_pos\" id=\"b_9m05925mn5k0xmnyhm01\" ><a class=\"rd_normal_bt medium_rd_bt  \" href=\"https:\/\/veenhuis.com\/de\/produkte\/gulle-transportieren\/profiline-gullefasser\/\" target=\"\"   >Lesen Sie hier mehr \u00fcber unsere Profiline-F\u00e4sser<\/a><\/div>[vc_empty_space][\/vc_column][vc_column width=&#8220;1\/2&#8243;][vc_single_image image=&#8220;13953&#8243; img_size=&#8220;large&#8220;][vc_empty_space][\/vc_column][\/vc_row][vc_row][vc_column width=&#8220;1\/2&#8243;][vc_single_image image=&#8220;13957&#8243; img_size=&#8220;large&#8220;][vc_empty_space][\/vc_column][vc_column width=&#8220;1\/2&#8243;][vc_column_text font_size=&#8220;18&#8243; line_height=&#8220;30&#8243;]<\/p>\n<h2>Knickdeichsel-System<\/h2>\n<p>Die einachsigen Veenhuis Premiumline-F\u00e4sser k\u00f6nnen mit einer Knickdeichsel ausgestattet werden. Dieses System sorgt daf\u00fcr, dass die Reifen nicht in der gleichen Spur laufen wie die Reifen des Traktors.<\/p>\n<p>Die Knickdeichsel sorgt au\u00dferdem daf\u00fcr, dass der Fass beim Wenden am Vorgewende weniger Struktursch\u00e4den am Boden verursacht.[\/vc_column_text]<style type=\"text\/css\" >#b_oje7jb0kbbn4zls7pp6o a{color:#ffffff; background:#3b4559; margin-top:0px; margin-bottom:0px;  margin-left:0px; margin-right:0px; font-weight:700; border-radius:10px;}#b_oje7jb0kbbn4zls7pp6o a:hover{color:#ffffff ; background:#3b4559 ;}<\/style><div class=\"ta_left tf_btn_pos\" id=\"b_oje7jb0kbbn4zls7pp6o\" ><a class=\"rd_normal_bt medium_rd_bt  \" href=\"https:\/\/veenhuis.com\/de\/produkte\/gulle-transportieren\/premium-gullefasser\/\" target=\"\"   >Lesen Sie hier mehr \u00fcber unsere Premiumline-F\u00e4sser<\/a><\/div>[vc_empty_space][\/vc_column][\/vc_row][vc_row][vc_column width=&#8220;1\/2&#8243;][vc_column_text font_size=&#8220;18&#8243; line_height=&#8220;30&#8243;]<strong>Vier R\u00e4der in einer Reihe<\/strong><\/p>\n<p>Der Veenhuis Premium Quad Shift Fass hat vier R\u00e4der auf einer Achse, was die Gewichtsverteilung optimiert und \u00dcberschneidungen mit den Traktorr\u00e4dern vermeidet. Der Fass hat eine maximale Man\u00f6vrierf\u00e4higkeit auf dem Feld und ist sehr stabil und komfortabel auf der Stra\u00dfe. Die \u00e4u\u00dferen R\u00e4der k\u00f6nnen ausgefahren werden, so dass das Spritzen auf weniger tragf\u00e4higen B\u00f6den und bei N\u00e4sse durchf\u00fchrbar ist.[\/vc_column_text]<style type=\"text\/css\" >#b_88py5f3phh7g4clryy5s a{color:#ffffff; background:#3b4559; margin-top:0px; margin-bottom:0px;  margin-left:0px; margin-right:0px; font-weight:900; border-radius:10px;}#b_88py5f3phh7g4clryy5s a:hover{color:#ffffff ; background:#5e5e5d ;}<\/style><div class=\"ta_left tf_btn_pos\" id=\"b_88py5f3phh7g4clryy5s\" ><a class=\"rd_normal_bt medium_rd_bt  \" href=\"https:\/\/veenhuis.com\/de\/premium-quad-shift-tank\/\" target=\"\"   >Lesen Sie hier mehr \u00fcber unsere Premium Quad Shift F\u00e4sser<\/a><\/div>[vc_empty_space][\/vc_column][vc_column width=&#8220;1\/2&#8243;][vc_single_image image=&#8220;13961&#8243; img_size=&#8220;large&#8220;][vc_empty_space][\/vc_column][\/vc_row][vc_row][vc_column][vc_custom_heading text=&#8220;Pr\u00e4zisionsd\u00fcngung&#8220; font_container=&#8220;tag:h2|font_size:22|text_align:left|color:%233b4559&#8243; use_theme_fonts=&#8220;yes&#8220;][vc_column_text font_size=&#8220;18&#8243; line_height=&#8220;30&#8243;]Um hohe Produktivit\u00e4t mit Nachhaltigkeit zu verbinden, ist eine pr\u00e4zise D\u00fcngung heute ein Muss. Unter Pr\u00e4zisionsd\u00fcngung versteht man die optimale D\u00fcngung von Pflanzen, indem die D\u00fcngermenge so gesteuert wird, dass jederzeit die gew\u00fcnschte Menge an D\u00fcnger f\u00fcr die Pflanze zur Verf\u00fcgung steht. Der Einsatz von GPS-Systemen und Schnittbildern ist hier entscheidend. Ein GPS-System in Kombination mit unseren Schlitzger\u00e4te sorgt daf\u00fcr, dass der D\u00fcnger genau an der richtigen Stelle ohne \u00dcberlappung ausgebracht werden kann. Auf diese Weise erh\u00e4lt die Pflanze genau die Menge an D\u00fcnger, die sie ben\u00f6tigt, was zu maximalen Ertr\u00e4gen f\u00fchrt. Auf diese Weise wird der D\u00fcnger optimal genutzt, und \u00dcbersch\u00fcsse und Verluste werden reduziert. Wird vorab eine Arbeitskarte in das System eingelesen, kann die D\u00fcngung nach einer genauen Vorgabe erfolgen.[\/vc_column_text][vc_empty_space][\/vc_column][\/vc_row][vc_row][vc_column width=&#8220;1\/2&#8243;][vc_single_image image=&#8220;13965&#8243; img_size=&#8220;large&#8220;][\/vc_column][vc_column width=&#8220;1\/2&#8243;][vc_column_text font_size=&#8220;18&#8243; line_height=&#8220;30&#8243;]<strong>Nutri-Flow Pr\u00e4zisionsd\u00fcngung<\/strong><\/p>\n<p>Veenhuis ist der Begr\u00fcnder des Nutri-Flow-Systems und geht in Sachen Pr\u00e4zisionsd\u00fcngung noch einen Schritt weiter. Mit dem Nutri-Flow-System wird der organische D\u00fcnger auf der Grundlage einer N\u00e4hrstoffanalyse bewertet. Mit NIRS werden die N\u00e4hrstoffe Stickstoff, Phosphat und Kalium im G\u00fclle gemessen. Diese Analyse kann vor dem Transport der G\u00fclle, aber auch in Echtzeit w\u00e4hrend der Ausbringung der G\u00fclle erfolgen. Das Veenhuis Nutri-Flow-System sorgt daf\u00fcr, dass organischer D\u00fcnger noch effizienter genutzt wird.[\/vc_column_text]<style type=\"text\/css\" >#b_d9sryb0ula5hkilsv3q0 a{color:#ffffff; background:#3b4559; margin-top:0px; margin-bottom:0px;  margin-left:0px; margin-right:0px; font-weight:700; border-radius:10px;}#b_d9sryb0ula5hkilsv3q0 a:hover{color:#ffffff ; background:#5e5e5d ;}<\/style><div class=\"ta_left tf_btn_pos\" id=\"b_d9sryb0ula5hkilsv3q0\" ><a class=\"rd_normal_bt medium_rd_bt  \" href=\"https:\/\/veenhuis.com\/de\/produkte\/gulle-anwenden\/nutriflow-prazisionsdungung\/\" target=\"\"   >Lesen Sie mehr \u00fcber Nutri-flow<\/a><\/div>[\/vc_column][\/vc_row]<\/p>\n<\/div>","protected":false},"excerpt":{"rendered":"<p>[vc_row][vc_column][vc_custom_heading text=&#8220;Nachhaltige G\u00fclleinjektion&#8220; font_container=&#8220;tag:h1|text_align:left|color:%233b4559&#8243; use_theme_fonts=&#8220;yes&#8220;][vc_custom_heading text=&#8220;Pioniere f\u00fcr nachhaltige G\u00fclleinjektion&#8220; font_container=&#8220;tag:h2|font_size:22|text_align:left|color:%233b4559&#8243; use_theme_fonts=&#8220;yes&#8220;][vc_column_text font_size=&#8220;18&#8243; line_height=&#8220;30&#8243;]Veenhuis ist seit den 1970er Jahren ein Pionier im Gebiet der effizienten G\u00fclleausbringung. Fr\u00fcher wurde G\u00fclle haupts\u00e4chlich als Abfallprodukt betrachtet, das umweltfreundlich auf den Boden ausgebracht werden musste. Inzwischen hat die Forschung gezeigt, dass tierischer G\u00fclle ein wertvoller N\u00e4hrstoff f\u00fcr Pflanzen und B\u00f6den<br \/><a href=\"https:\/\/veenhuis.com\/de\/nachhaltige-guelleinjektion\/\" class=\"more\">Read more<\/a><\/p>\n","protected":false},"author":6,"featured_media":0,"parent":0,"menu_order":0,"comment_status":"closed","ping_status":"closed","template":"","meta":{"_exactmetrics_skip_tracking":false,"_exactmetrics_sitenote_active":false,"_exactmetrics_sitenote_note":"","_exactmetrics_sitenote_category":0,"footnotes":""},"class_list":["post-13944","page","type-page","status-publish","hentry"],"_links":{"self":[{"href":"https:\/\/veenhuis.com\/de\/wp-json\/wp\/v2\/pages\/13944","targetHints":{"allow":["GET"]}}],"collection":[{"href":"https:\/\/veenhuis.com\/de\/wp-json\/wp\/v2\/pages"}],"about":[{"href":"https:\/\/veenhuis.com\/de\/wp-json\/wp\/v2\/types\/page"}],"author":[{"embeddable":true,"href":"https:\/\/veenhuis.com\/de\/wp-json\/wp\/v2\/users\/6"}],"replies":[{"embeddable":true,"href":"https:\/\/veenhuis.com\/de\/wp-json\/wp\/v2\/comments?post=13944"}],"version-history":[{"count":2,"href":"https:\/\/veenhuis.com\/de\/wp-json\/wp\/v2\/pages\/13944\/revisions"}],"predecessor-version":[{"id":13970,"href":"https:\/\/veenhuis.com\/de\/wp-json\/wp\/v2\/pages\/13944\/revisions\/13970"}],"wp:attachment":[{"href":"https:\/\/veenhuis.com\/de\/wp-json\/wp\/v2\/media?parent=13944"}],"curies":[{"name":"wp","href":"https:\/\/api.w.org\/{rel}","templated":true}]}}