{"id":14112,"date":"2023-01-26T17:26:10","date_gmt":"2023-01-26T16:26:10","guid":{"rendered":"https:\/\/veenhuis.com\/fullject-x-line\/"},"modified":"2023-02-24T12:35:36","modified_gmt":"2023-02-24T11:35:36","slug":"fullject-x-line","status":"publish","type":"page","link":"https:\/\/veenhuis.com\/de\/fullject-x-line\/","title":{"rendered":"Fullject X-line"},"content":{"rendered":"<div class=\"wpb-content-wrapper\"><p>[vc_row][vc_column][vc_column_text]<\/p>\n<h1>Die neue Veenhuis Fullject X-Line<\/h1>\n<p>&nbsp;<\/p>\n<p>Der neue Veenhuis Fullject X-line hat ein geringeres Gewicht, eine gr\u00f6\u00dfere Arbeitsbreite und ist mit einer Bodenfreiheit von mindestens 35 cm und einer Transporth\u00f6he von bis zu 4 Metern f\u00fcr alle Modelle sicher auf der Stra\u00dfe.<\/p>\n<p>Dank der einzigartigen X-line-Elementbefestigung ist dieser Injektor noch einfacher zu warten. Der Fullject X-line ist sowohl f\u00fcr Gr\u00fcnland als auch f\u00fcr Ackerland konzipiert und kann sich mit seinem leistungsstarken Design sehen lassen.[\/vc_column_text][\/vc_column][\/vc_row][vc_row][vc_column width=&#8220;1\/2&#8243;][vc_single_image image=&#8220;14038&#8243; img_size=&#8220;medium&#8220;][\/vc_column][vc_column width=&#8220;1\/2&#8243;][vc_single_image image=&#8220;14034&#8243; img_size=&#8220;medium&#8220;][\/vc_column][\/vc_row][vc_row][vc_column][vc_column_text]<strong>Fullject X-Line Eigenschaften<\/strong><\/p>\n<ul>\n<li>Neuer Elemente mit einzigartiger X-line Montage<br \/>\nEinzigartig leichtes Konzept f\u00fcr optimalen Komfort<br \/>\nBequem auf der Stra\u03b2e dank kompakter Transportma\u03b2e<br \/>\nH\u00f6chst Best\u00e4ndig in seiner Klasse mit 40 % weniger Verschlei\u00dfteilen und 33 % weniger Schmierstellen<br \/>\nhervorragend f\u00fcr die Pr\u00e4zisionsd\u00fcngung dank\u00a0pneumatischen Tropf-Stopp-Sperren<br \/>\nPerfektes Endergebnis dank:<\/li>\n<li style=\"list-style-type: none;\">\n<ul>\n<li>Gleichm\u00e4\u00dfige Arbeitstiefe \u00fcber die gesamte Arbeitsbreite dank des weiterentwickelten Schuitemaker Hydrocare-Pendelsystems des Schuitemaker Exacta<\/li>\n<li>Lenkelemente, die das Auftreten von Seitenkr\u00e4ften verhindern<\/li>\n<li>Sauberes und optimales Endergebnis dank des einzigartigen Veenhuis CleanFlow Auslaufgummis, bei dem die G\u00fclle leise in die Rille eingef\u00fchrt wird<\/li>\n<li>Konstante Einsteckqualit\u00e4t durch die bekannte 3-teilige Veenhuis Pro-Scheibe mit Selbstsch\u00e4rfungseffekt<\/li>\n<li>Optimale Schneidwirkung und Fl\u00fcssigkeitsdurchfluss dank des Veenhuis SplitFlow Schneidverteilers mit 6 abnehmbaren Messern und bew\u00e4hrten 50-mm-Schl\u00e4uchen<\/li>\n<\/ul>\n<\/li>\n<\/ul>\n<p>[\/vc_column_text][\/vc_column][\/vc_row][vc_row][vc_column][vc_video link=&#8220;https:\/\/www.youtube.com\/watch?v=IcWCzJuxRK0&amp;t=1s&#8220; align=&#8220;center&#8220;][\/vc_column][\/vc_row][vc_row][vc_column][vc_column_text]<\/p>\n<table style=\"height: 755px;\" width=\"992\">\n<tbody>\n<tr>\n<td width=\"313\"><\/td>\n<td width=\"53\"><\/td>\n<td width=\"47\"><\/td>\n<td colspan=\"6\" width=\"284\">\n<p style=\"text-align: center;\">Fullject X-line (Pro)<\/p>\n<\/td>\n<\/tr>\n<tr>\n<td width=\"313\">Arbeitsbreite<\/td>\n<td width=\"53\">m<\/td>\n<td width=\"47\"><span style=\"color: #000000;\">6.00<\/span><\/td>\n<td width=\"47\"><span style=\"color: #999999;\">6.75<\/span><\/td>\n<td width=\"47\"><span style=\"color: #000000;\">7.50<\/span><\/td>\n<td width=\"47\"><span style=\"color: #999999;\">8.25<\/span><\/td>\n<td width=\"47\">9.00<\/td>\n<td width=\"47\"><span style=\"color: #999999;\">9.75<\/span><\/td>\n<td width=\"47\">10.5<\/td>\n<\/tr>\n<tr>\n<td width=\"313\">Zahl der Ausl\u00e4ufe<\/td>\n<td width=\"53\">#<\/td>\n<td width=\"47\"><span style=\"color: #000000;\">32<\/span><\/td>\n<td width=\"47\"><span style=\"color: #999999;\">36<\/span><\/td>\n<td width=\"47\"><span style=\"color: #000000;\">40<\/span><\/td>\n<td width=\"47\"><span style=\"color: #999999;\">44<\/span><\/td>\n<td width=\"47\">48<\/td>\n<td width=\"47\"><span style=\"color: #999999;\">52<\/span><\/td>\n<td width=\"47\">56<\/td>\n<\/tr>\n<tr>\n<td width=\"313\">Typ des Schneidverteilers<\/td>\n<td width=\"53\">#-gaats<\/td>\n<td width=\"47\"><span style=\"color: #000000;\">40<\/span><\/td>\n<td width=\"47\"><span style=\"color: #999999;\">40<\/span><\/td>\n<td width=\"47\"><span style=\"color: #000000;\">40<\/span><\/td>\n<td width=\"47\"><span style=\"color: #999999;\">56<\/span><\/td>\n<td width=\"47\">56<\/td>\n<td width=\"47\"><span style=\"color: #999999;\">56<\/span><\/td>\n<td width=\"47\">56<\/td>\n<\/tr>\n<tr>\n<td width=\"313\">Durchmesser Schlauch<\/td>\n<td width=\"53\">mm<\/td>\n<td width=\"47\"><span style=\"color: #000000;\">50<\/span><\/td>\n<td width=\"47\"><span style=\"color: #999999;\">50<\/span><\/td>\n<td width=\"47\"><span style=\"color: #000000;\">50<\/span><\/td>\n<td width=\"47\"><span style=\"color: #999999;\">50<\/span><\/td>\n<td width=\"47\">50<\/td>\n<td width=\"47\"><span style=\"color: #999999;\">50<\/span><\/td>\n<td width=\"47\">50<\/td>\n<\/tr>\n<tr>\n<td width=\"313\">Transporth\u00f6he*<\/td>\n<td width=\"53\">cm<\/td>\n<td width=\"47\"><span style=\"color: #000000;\">240<\/span><\/td>\n<td width=\"47\"><span style=\"color: #999999;\">245<\/span><\/td>\n<td width=\"47\"><span style=\"color: #000000;\">282<\/span><\/td>\n<td width=\"47\"><span style=\"color: #999999;\">320<\/span><\/td>\n<td width=\"47\">357<\/td>\n<td width=\"47\"><span style=\"color: #999999;\">366<\/span><\/td>\n<td width=\"47\">366<\/td>\n<\/tr>\n<tr>\n<td width=\"313\">Transportbreite<\/td>\n<td width=\"53\">cm<\/td>\n<td width=\"47\"><span style=\"color: #000000;\">300<\/span><\/td>\n<td width=\"47\"><span style=\"color: #999999;\">300<\/span><\/td>\n<td width=\"47\"><span style=\"color: #000000;\">300<\/span><\/td>\n<td width=\"47\"><span style=\"color: #999999;\">300<\/span><\/td>\n<td width=\"47\">300<\/td>\n<td width=\"47\"><span style=\"color: #999999;\">300<\/span><\/td>\n<td width=\"47\">300<\/td>\n<\/tr>\n<tr>\n<td width=\"313\">Gewicht<\/td>\n<td width=\"53\">kg<\/td>\n<td width=\"47\"><span style=\"color: #000000;\">1.900<\/span><\/td>\n<td width=\"47\"><span style=\"color: #999999;\">2.050<\/span><\/td>\n<td width=\"47\"><span style=\"color: #000000;\">2.200<\/span><\/td>\n<td width=\"47\"><span style=\"color: #999999;\">2.400<\/span><\/td>\n<td width=\"47\">2.600<\/td>\n<td width=\"47\"><span style=\"color: #999999;\">3.300<\/span><\/td>\n<td width=\"47\">3.500<\/td>\n<\/tr>\n<tr>\n<td width=\"313\">Rahmenmontage<\/td>\n<td width=\"53\"># Teile<\/td>\n<td width=\"47\"><span style=\"color: #000000;\">3<\/span><\/td>\n<td width=\"47\"><span style=\"color: #999999;\">3<\/span><\/td>\n<td width=\"47\"><span style=\"color: #000000;\">3<\/span><\/td>\n<td width=\"47\"><span style=\"color: #999999;\">3<\/span><\/td>\n<td width=\"47\">3<\/td>\n<td width=\"47\"><span style=\"color: #999999;\">5<\/span><\/td>\n<td width=\"47\">5<\/td>\n<\/tr>\n<tr>\n<td width=\"313\">Scheibendurchmesser<\/td>\n<td width=\"53\">cm<\/td>\n<td width=\"47\"><span style=\"color: #000000;\">35<\/span><\/td>\n<td width=\"47\"><span style=\"color: #999999;\">35<\/span><\/td>\n<td width=\"47\"><span style=\"color: #000000;\">35<\/span><\/td>\n<td width=\"47\"><span style=\"color: #999999;\">35<\/span><\/td>\n<td width=\"47\">35<\/td>\n<td width=\"47\"><span style=\"color: #999999;\">35<\/span><\/td>\n<td width=\"47\">35<\/td>\n<\/tr>\n<tr>\n<td width=\"313\">Scheibenabstand<\/td>\n<td width=\"53\">cm<\/td>\n<td width=\"47\"><span style=\"color: #000000;\">18,75<\/span><\/td>\n<td width=\"47\"><span style=\"color: #999999;\">18,75<\/span><\/td>\n<td width=\"47\"><span style=\"color: #000000;\">18,75<\/span><\/td>\n<td width=\"47\"><span style=\"color: #999999;\">18,75<\/span><\/td>\n<td width=\"47\">18,75<\/td>\n<td width=\"47\"><span style=\"color: #999999;\">18,75<\/span><\/td>\n<td width=\"47\">18,75<\/td>\n<\/tr>\n<tr>\n<td width=\"313\">Leiter<\/td>\n<td width=\"53\"><\/td>\n<td width=\"47\"><span style=\"color: #000000;\">\u25cf<\/span><\/td>\n<td width=\"47\"><span style=\"color: #999999;\">\u25cf<\/span><\/td>\n<td width=\"47\"><span style=\"color: #000000;\">\u25cf<\/span><\/td>\n<td width=\"47\"><span style=\"color: #999999;\">\u25cf<\/span><\/td>\n<td width=\"47\">\u25cf<\/td>\n<td width=\"47\"><span style=\"color: #999999;\">\u25cf<\/span><\/td>\n<td width=\"47\">\u25cf<\/td>\n<\/tr>\n<tr>\n<td width=\"313\">Schnellkoppelbock<\/td>\n<td width=\"53\"><\/td>\n<td width=\"47\"><span style=\"color: #000000;\">O<\/span><\/td>\n<td width=\"47\"><span style=\"color: #999999;\">O<\/span><\/td>\n<td width=\"47\"><span style=\"color: #000000;\">O<\/span><\/td>\n<td width=\"47\"><span style=\"color: #999999;\">O<\/span><\/td>\n<td width=\"47\">O<\/td>\n<td width=\"47\"><span style=\"color: #999999;\">O<\/span><\/td>\n<td width=\"47\">O<\/td>\n<\/tr>\n<tr>\n<td width=\"313\">Multifaster<\/td>\n<td width=\"53\"><\/td>\n<td width=\"47\"><span style=\"color: #000000;\">O<\/span><\/td>\n<td width=\"47\"><span style=\"color: #999999;\">O<\/span><\/td>\n<td width=\"47\"><span style=\"color: #000000;\">O<\/span><\/td>\n<td width=\"47\"><span style=\"color: #999999;\">O<\/span><\/td>\n<td width=\"47\">O<\/td>\n<td width=\"47\"><span style=\"color: #999999;\">O<\/span><\/td>\n<td width=\"47\">O<\/td>\n<\/tr>\n<tr>\n<td width=\"313\">Handbediente Teilbreitenschaltung<\/td>\n<td width=\"53\"><\/td>\n<td width=\"47\"><span style=\"color: #000000;\">O<\/span><\/td>\n<td width=\"47\"><span style=\"color: #999999;\">O<\/span><\/td>\n<td width=\"47\"><span style=\"color: #000000;\">O<\/span><\/td>\n<td width=\"47\"><span style=\"color: #999999;\">O<\/span><\/td>\n<td width=\"47\">O<\/td>\n<td width=\"47\"><span style=\"color: #999999;\">O<\/span><\/td>\n<td width=\"47\">O<\/td>\n<\/tr>\n<tr>\n<td width=\"313\">Pneumatische Tropf-Stopp-Sperre<\/td>\n<td width=\"53\"><\/td>\n<td width=\"47\"><span style=\"color: #000000;\">\u25cf<\/span><\/td>\n<td width=\"47\"><span style=\"color: #999999;\">\u25cf<\/span><\/td>\n<td width=\"47\"><span style=\"color: #000000;\">\u25cf<\/span><\/td>\n<td width=\"47\"><span style=\"color: #999999;\">\u25cf<\/span><\/td>\n<td width=\"47\">\u25cf<\/td>\n<td width=\"47\"><span style=\"color: #999999;\">\u25cf<\/span><\/td>\n<td width=\"47\">\u25cf<\/td>\n<\/tr>\n<tr>\n<td width=\"313\">Automatische Teilbreitenschaltung \u00fcber<br \/>\nGPS-RTK<\/td>\n<td width=\"53\"><\/td>\n<td width=\"47\"><span style=\"color: #000000;\">O<\/span><\/td>\n<td width=\"47\"><span style=\"color: #999999;\">O<\/span><\/td>\n<td width=\"47\"><span style=\"color: #000000;\">O<\/span><\/td>\n<td width=\"47\"><span style=\"color: #999999;\">O<\/span><\/td>\n<td width=\"47\">O<\/td>\n<td width=\"47\"><span style=\"color: #999999;\">O<\/span><\/td>\n<td width=\"47\">O<\/td>\n<\/tr>\n<tr>\n<td width=\"313\">Automatische Fettschmierung<\/td>\n<td width=\"53\"><\/td>\n<td width=\"47\"><span style=\"color: #000000;\">O<\/span><\/td>\n<td width=\"47\"><span style=\"color: #999999;\">O<\/span><\/td>\n<td width=\"47\"><span style=\"color: #000000;\">O<\/span><\/td>\n<td width=\"47\"><span style=\"color: #999999;\">O<\/span><\/td>\n<td width=\"47\">O<\/td>\n<td width=\"47\"><span style=\"color: #999999;\">O<\/span><\/td>\n<td width=\"47\">O<\/td>\n<\/tr>\n<tr>\n<td width=\"313\">* Transporth\u00f6he vom Boden aus gemessen<\/td>\n<td width=\"53\"><\/td>\n<td width=\"47\"><\/td>\n<td width=\"47\"><\/td>\n<td width=\"47\"><\/td>\n<td width=\"47\"><\/td>\n<td width=\"47\"><\/td>\n<td width=\"47\"><\/td>\n<td width=\"47\"><\/td>\n<\/tr>\n<tr>\n<td width=\"313\">Alle Fullject-Injektoren sind mit den verschiedenen selbstfahrenden Tanks kompatibel.<\/td>\n<td width=\"53\"><\/td>\n<td width=\"47\"><\/td>\n<td width=\"47\"><\/td>\n<td width=\"47\"><\/td>\n<td width=\"47\"><\/td>\n<td width=\"47\"><\/td>\n<td width=\"47\"><\/td>\n<td width=\"47\"><\/td>\n<\/tr>\n<\/tbody>\n<\/table>\n<p>[\/vc_column_text][\/vc_column][\/vc_row][vc_row][vc_column]<style type=\"text\/css\" >#b_u3pr0093s8z7azf7odq8 a{color:#ffffff; background: #3b4559; background: -moz-linear-gradient(-45deg,  #3b4559 0%, #3b4559 100%); background: -webkit-gradient(linear, left top, right bottom, color-stop(0%,#3b4559), color-stop(100%,#3b4559)); background: -webkit-linear-gradient(-45deg,  #3b4559 0%,#3b4559 100%); background: -o-linear-gradient(-45deg,  #3b4559 0%,#3b4559 100%); background: -ms-linear-gradient(-45deg,  #3b4559 0%,#3b4559 100%); background: linear-gradient(135deg,  #3b4559 0%,#3b4559 100%); filter: progid:DXImageTransform.Microsoft.gradient( startColorstr=\"#3b4559\", endColorstr=\"#3b4559\",GradientType=1 );  margin-top:0px; margin-bottom:0px;  margin-left:0px; margin-right:0px; font-weight:900; border-radius:0px;}#b_u3pr0093s8z7azf7odq8 a:hover{color:#ffffff ; background:#3b4559 ;}<\/style><div class=\"ta_left tf_btn_pos\" id=\"b_u3pr0093s8z7azf7odq8\" ><a class=\"rd_normal_bt medium_rd_bt  \" href=\"https:\/\/www.sr-schuitemaker.nl\/static\/default\/files\/documents\/Brochures 2022\/Fullject-Brochure-DE-lowres.pdf\" target=\"yes\" rel=\"noopener\">Download Brosch\u00fcre<\/a><\/div>[\/vc_column][\/vc_row]<\/p>\n<\/div>","protected":false},"excerpt":{"rendered":"<p>[vc_row][vc_column][vc_column_text] Die neue Veenhuis Fullject X-Line &nbsp; Der neue Veenhuis Fullject X-line hat ein geringeres Gewicht, eine gr\u00f6\u00dfere Arbeitsbreite und ist mit einer Bodenfreiheit von mindestens 35 cm und einer Transporth\u00f6he von bis zu 4 Metern f\u00fcr alle Modelle sicher auf der Stra\u00dfe. Dank der einzigartigen X-line-Elementbefestigung ist dieser Injektor noch einfacher zu warten. Der<br \/><a href=\"https:\/\/veenhuis.com\/de\/fullject-x-line\/\" class=\"more\">Read more<\/a><\/p>\n","protected":false},"author":6,"featured_media":0,"parent":0,"menu_order":0,"comment_status":"closed","ping_status":"closed","template":"","meta":{"_exactmetrics_skip_tracking":false,"_exactmetrics_sitenote_active":false,"_exactmetrics_sitenote_note":"","_exactmetrics_sitenote_category":0,"footnotes":""},"class_list":["post-14112","page","type-page","status-publish","hentry"],"_links":{"self":[{"href":"https:\/\/veenhuis.com\/de\/wp-json\/wp\/v2\/pages\/14112","targetHints":{"allow":["GET"]}}],"collection":[{"href":"https:\/\/veenhuis.com\/de\/wp-json\/wp\/v2\/pages"}],"about":[{"href":"https:\/\/veenhuis.com\/de\/wp-json\/wp\/v2\/types\/page"}],"author":[{"embeddable":true,"href":"https:\/\/veenhuis.com\/de\/wp-json\/wp\/v2\/users\/6"}],"replies":[{"embeddable":true,"href":"https:\/\/veenhuis.com\/de\/wp-json\/wp\/v2\/comments?post=14112"}],"version-history":[{"count":13,"href":"https:\/\/veenhuis.com\/de\/wp-json\/wp\/v2\/pages\/14112\/revisions"}],"predecessor-version":[{"id":14140,"href":"https:\/\/veenhuis.com\/de\/wp-json\/wp\/v2\/pages\/14112\/revisions\/14140"}],"wp:attachment":[{"href":"https:\/\/veenhuis.com\/de\/wp-json\/wp\/v2\/media?parent=14112"}],"curies":[{"name":"wp","href":"https:\/\/api.w.org\/{rel}","templated":true}]}}