{"id":14601,"date":"2024-02-12T15:04:48","date_gmt":"2024-02-12T14:04:48","guid":{"rendered":"https:\/\/veenhuis.com\/veenhuis-silagekipper\/"},"modified":"2024-02-20T16:32:51","modified_gmt":"2024-02-20T15:32:51","slug":"veenhuis-silagekipper","status":"publish","type":"page","link":"https:\/\/veenhuis.com\/de\/veenhuis-silagekipper\/","title":{"rendered":"<strong>Veenhuis<\/strong> Silagekipper"},"content":{"rendered":"<div class=\"wpb-content-wrapper\"><p>[vc_row][vc_column][vc_custom_heading text=&#8220;<strong>Veenhuis<\/strong> Silagekipper&#8220; font_container=&#8220;tag:h2|font_size:26|text_align:left|color:%233b4559&#8243; use_theme_fonts=&#8220;yes&#8220;][\/vc_column][\/vc_row][vc_row][vc_column][vc_column_text font_size=&#8220;18&#8243; line_height=&#8220;30&#8243;]<strong>Effizientes Be- und Entladen mit dem Veenhuis Silagekipper<\/strong><\/p>\n<p>Der robuste Veenhuis-Silagekipper ist f\u00fcr den m\u00fchelosen Transport von Silagepflanzen konzipiert. Dank des bew\u00e4hrten Ladesystems ist es m\u00f6glich, Produkte pr\u00e4zise und schnell zu laden und zu entladen, ohne dabei wertvolles Erntegut zu verlieren.<\/p>\n<p>Die Stabilit\u00e4t des Veenhuis Silagekippers w\u00e4hrend des Entladens wird durch die Verwindungssteifigkeit des Fahrgestells gew\u00e4hrleistet, die f\u00fcr eine hohe Betriebssicherheit sorgt. Dar\u00fcber hinaus zeichnet sich der Kipper durch seine geringe Zugkraft und die damit verbundene unmittelbare Kraftstoffeinsparung aus, was ihn zu einer nachhaltigen Wahl macht.[\/vc_column_text][\/vc_column][\/vc_row][vc_row][vc_column width=&#8220;1\/2&#8243;][vc_single_image image=&#8220;14670&#8243; img_size=&#8220;large&#8220; alignment=&#8220;center&#8220;][\/vc_column][vc_column width=&#8220;1\/2&#8243;][vc_single_image image=&#8220;14674&#8243; img_size=&#8220;large&#8220; alignment=&#8220;center&#8220;][\/vc_column][\/vc_row][vc_row][vc_column][vc_column_text font_size=&#8220;18&#8243; line_height=&#8220;30&#8243;]Stabilit\u00e4t und Wendigkeit, die den Veenhuis Silagekipper auszeichnen. Die Maschinen sind sorgf\u00e4ltig mit einer ausgewogenen Gewichtsverteilung konzipiert. W\u00e4hlen Sie den Veenhuis Silagekipper f\u00fcr maximale Leistung, Effizienz und Zuverl\u00e4ssigkeit.<\/p>\n<p><strong>Eigenschaften<\/strong><\/p>\n<ul>\n<li>Robust und stabil<\/li>\n<li>Shapeline LED-Beleuchtung<\/li>\n<li>Vielseitig und man\u00f6vrierf\u00e4hig<\/li>\n<li>Stabile und hohe Verwindungssteifigkeit<\/li>\n<li>Geringer Wartungsbedarf<\/li>\n<\/ul>\n<p>&nbsp;<\/p>\n<p>F\u00fcr weitere Informationen wenden Sie sich bitte an unser Verkaufspersonal oder suchen Sie einen H\u00e4ndler in Ihrer N\u00e4he.[\/vc_column_text][\/vc_column][\/vc_row][vc_row][vc_column width=&#8220;1\/2&#8243;][vc_single_image image=&#8220;14678&#8243; img_size=&#8220;large&#8220; alignment=&#8220;center&#8220;][\/vc_column][vc_column width=&#8220;1\/2&#8243;][vc_single_image image=&#8220;14682&#8243; img_size=&#8220;large&#8220; alignment=&#8220;center&#8220;][\/vc_column][\/vc_row][vc_row][vc_column width=&#8220;1\/3&#8243;]<style type=\"text\/css\" >#b_w61w248wr5mxr4z09ij3 a{color:#ffffff; background:#3b4559; margin-top:0px; margin-bottom:0px;  margin-left:0px; margin-right:0px; font-weight:900; border-radius:10px;}#b_w61w248wr5mxr4z09ij3 a:hover{color:#ffffff ; background:#5e5e5d ;}<\/style><div class=\"ta_left tf_btn_pos\" id=\"b_w61w248wr5mxr4z09ij3\" ><a class=\"rd_normal_bt medium_rd_bt  \" href=\"https:\/\/veenhuis.com\/de\/kontakt\/\" target=\"\"   >Kontaktieren Sie uns<\/a><\/div>[\/vc_column][vc_column width=&#8220;1\/3&#8243;]<style type=\"text\/css\" >#b_fp5nt5fhbp6qbs6nv4vf a{color:#ffffff; background:#3b4559; margin-top:0px; margin-bottom:0px;  margin-left:0px; margin-right:0px; font-weight:900; border-radius:10px;}#b_fp5nt5fhbp6qbs6nv4vf a:hover{color:#ffffff ; background:#5e5e5d ;}<\/style><div class=\"ta_left tf_btn_pos\" id=\"b_fp5nt5fhbp6qbs6nv4vf\" ><a class=\"rd_normal_bt medium_rd_bt bt_icon_left   \" href=\"https:\/\/veenhuis.com\/de\/handler\/\" target=\"\"   ><i class=\"oi-designmodo-location\" ><\/i><span><\/p>\n<p>Finden Sie Ihren H\u00e4ndler<\/p>\n<p><\/span><\/a><\/div><style type=\"text\/css\" >#b_fp5nt5fhbp6qbs6nv4vf i {color:#ffffff;}#b_fp5nt5fhbp6qbs6nv4vf a:hover i{color:#ffffff;}<\/style><style type='text\/css'> @font-face{font-family: 'oi'; src:url('https:\/\/veenhuis.com\/wp-content\/themes\/thefox\/includes\/4k-icons\/icons\/4k-icons-pack04\/icons\/fonts\/oi.eot'); src:url('https:\/\/veenhuis.com\/wp-content\/themes\/thefox\/includes\/4k-icons\/icons\/4k-icons-pack04\/icons\/fonts\/oi.eot?#iefix') format('embedded-opentype'), url('https:\/\/veenhuis.com\/wp-content\/themes\/thefox\/includes\/4k-icons\/icons\/4k-icons-pack04\/icons\/fonts\/oi.woff') format('woff'), url('https:\/\/veenhuis.com\/wp-content\/themes\/thefox\/includes\/4k-icons\/icons\/4k-icons-pack04\/icons\/fonts\/oi.ttf') format('truetype'), url('https:\/\/veenhuis.com\/wp-content\/themes\/thefox\/includes\/4k-icons\/icons\/4k-icons-pack04\/icons\/fonts\/oi.svg#oi') format('svg'); font-weight: normal; font-style: normal;}#b_fp5nt5fhbp6qbs6nv4vf .oi-designmodo-location:before{font-family: 'oi'; font-weight: normal; font-style: normal;}#b_fp5nt5fhbp6qbs6nv4vf .oi-designmodo-location:before{content: \"\\e009\";}<\/style>\n[\/vc_column][vc_column width=&#8220;1\/3&#8243;][\/vc_column][\/vc_row]<\/p>\n<\/div>","protected":false},"excerpt":{"rendered":"<p>[vc_row][vc_column][vc_custom_heading text=&#8220;Veenhuis Silagekipper&#8220; font_container=&#8220;tag:h2|font_size:26|text_align:left|color:%233b4559&#8243; use_theme_fonts=&#8220;yes&#8220;][\/vc_column][\/vc_row][vc_row][vc_column][vc_column_text font_size=&#8220;18&#8243; line_height=&#8220;30&#8243;]Effizientes Be- und Entladen mit dem Veenhuis Silagekipper Der robuste Veenhuis-Silagekipper ist f\u00fcr den m\u00fchelosen Transport von Silagepflanzen konzipiert. Dank des bew\u00e4hrten Ladesystems ist es m\u00f6glich, Produkte pr\u00e4zise und schnell zu laden und zu entladen, ohne dabei wertvolles Erntegut zu verlieren. Die Stabilit\u00e4t des Veenhuis Silagekippers w\u00e4hrend des Entladens<br \/><a href=\"https:\/\/veenhuis.com\/de\/veenhuis-silagekipper\/\" class=\"more\">Read more<\/a><\/p>\n","protected":false},"author":6,"featured_media":0,"parent":0,"menu_order":0,"comment_status":"closed","ping_status":"closed","template":"","meta":{"_exactmetrics_skip_tracking":false,"_exactmetrics_sitenote_active":false,"_exactmetrics_sitenote_note":"","_exactmetrics_sitenote_category":0,"footnotes":""},"class_list":["post-14601","page","type-page","status-publish","hentry"],"_links":{"self":[{"href":"https:\/\/veenhuis.com\/de\/wp-json\/wp\/v2\/pages\/14601","targetHints":{"allow":["GET"]}}],"collection":[{"href":"https:\/\/veenhuis.com\/de\/wp-json\/wp\/v2\/pages"}],"about":[{"href":"https:\/\/veenhuis.com\/de\/wp-json\/wp\/v2\/types\/page"}],"author":[{"embeddable":true,"href":"https:\/\/veenhuis.com\/de\/wp-json\/wp\/v2\/users\/6"}],"replies":[{"embeddable":true,"href":"https:\/\/veenhuis.com\/de\/wp-json\/wp\/v2\/comments?post=14601"}],"version-history":[{"count":24,"href":"https:\/\/veenhuis.com\/de\/wp-json\/wp\/v2\/pages\/14601\/revisions"}],"predecessor-version":[{"id":14695,"href":"https:\/\/veenhuis.com\/de\/wp-json\/wp\/v2\/pages\/14601\/revisions\/14695"}],"wp:attachment":[{"href":"https:\/\/veenhuis.com\/de\/wp-json\/wp\/v2\/media?parent=14601"}],"curies":[{"name":"wp","href":"https:\/\/api.w.org\/{rel}","templated":true}]}}