{"id":2322,"date":"2017-07-26T12:08:40","date_gmt":"2017-07-26T10:08:40","guid":{"rendered":"http:\/\/test4remarkable.nl\/produkte\/"},"modified":"2025-05-19T15:47:40","modified_gmt":"2025-05-19T13:47:40","slug":"produkte","status":"publish","type":"page","link":"https:\/\/veenhuis.com\/de\/produkte\/","title":{"rendered":"Produkte"},"content":{"rendered":"<div class=\"wpb-content-wrapper\"><p>[vc_row css=&#8220;.vc_custom_1481190545456{margin-top: 15px !important;margin-bottom: 0px !important;}&#8220;][vc_column][vc_custom_heading text=&#8220;Produkte&#8220; font_container=&#8220;tag:h1|text_align:left|color:%233b4559&#8243; use_theme_fonts=&#8220;yes&#8220;][\/vc_column][\/vc_row][vc_row][vc_column][vc_column_text font_size=&#8220;18&#8243; line_height=&#8220;30&#8243;]Wir glauben an einen Kreislauf des nat\u00fcrlichen D\u00fcngers und damit an die optimale Nutzung der N\u00e4hrstoffe aus diesem D\u00fcnger.<\/p>\n<p>Veenhuis entwickelt, entwirft und produziert Systeme und Produkte, die es Lohnunternehmern und Landwirten erm\u00f6glichen, von organischem D\u00fcnger zu profitieren. Mit der Herstellung von Tanks, G\u00fclleverteilern und Pr\u00e4zisionstechniken tr\u00e4gt Veenhuis zur Ern\u00e4hrung von Boden, Pflanzen, Tieren und Menschen bei. Durch die maximale Ausnutzung der N\u00e4hrstoffe in der G\u00fclle werden maximale Ertr\u00e4ge bei minimalem Einsatz von Kunstd\u00fcnger erzielt.<\/p>\n<p>Die Produkte von Veenhuis sind bekannt f\u00fcr ihre umfangreichen M\u00f6glichkeiten in Kombination mit der h\u00f6chsten erreichbaren Kapazit\u00e4t. Dar\u00fcber hinaus sorgen minimale Wartungskosten f\u00fcr eine nachhaltige Lebensdauer, und die Erhaltung eines vitalen Bodens ist von gr\u00f6\u00dfter Bedeutung. Unsere Spezialisierung wird weltweit gesch\u00e4tzt. Die bekannten gelben Veenhuis-Maschinen garantieren kontinuierliche Qualit\u00e4t.<\/p>\n<p>Klicken Sie unten, um weitere Informationen \u00fcber unsere Produkte zu erhalten.[\/vc_column_text][\/vc_column][\/vc_row][vc_row][vc_column width=&#8220;1\/2&#8243;][vc_custom_heading text=&#8220;G\u00fcllef\u00e4sser&#8220; font_container=&#8220;tag:h1|font_size:24|text_align:left|color:%233b4559&#8243; use_theme_fonts=&#8220;yes&#8220; link=&#8220;url:https%3A%2F%2Fveenhuis.com%2Fde%2Fprodukte%2Fgulle-transportieren%2F|||&#8220;][vc_single_image image=&#8220;12208&#8243; img_size=&#8220;550&#215;400&#8243; style=&#8220;vc_box_shadow&#8220; onclick=&#8220;custom_link&#8220; hover_effect=&#8220;img_play_effect&#8220; animation=&#8220;rda_fadeIn&#8220; css=&#8220;.vc_custom_1641466473364{margin-bottom: 10px !important;}&#8220; link=&#8220;https:\/\/veenhuis.com\/de\/produkte\/gulle-transportieren\/&#8220;][\/vc_column][vc_column width=&#8220;1\/2&#8243;][vc_custom_heading text=&#8220;G\u00fclleanwendung&#8220; font_container=&#8220;tag:h1|font_size:24|text_align:left|color:%233b4559&#8243; use_theme_fonts=&#8220;yes&#8220; link=&#8220;url:https%3A%2F%2Fveenhuis.com%2Fde%2Fprodukte%2Fgulle-anwenden%2F|||&#8220;][vc_single_image image=&#8220;12212&#8243; img_size=&#8220;550&#215;400&#8243; style=&#8220;vc_box_shadow&#8220; onclick=&#8220;custom_link&#8220; hover_effect=&#8220;img_play_effect&#8220; animation=&#8220;rda_fadeIn&#8220; css=&#8220;.vc_custom_1641466526314{margin-bottom: 10px !important;}&#8220; link=&#8220;https:\/\/veenhuis.com\/de\/produkte\/gulle-anwenden\/&#8220;][\/vc_column][vc_column width=&#8220;1\/2&#8243;][vc_custom_heading text=&#8220;Technologie&#8220; font_container=&#8220;tag:h1|font_size:24|text_align:left|color:%233b4559&#8243; use_theme_fonts=&#8220;yes&#8220; link=&#8220;url:https%3A%2F%2Fveenhuis.com%2Fde%2Fprodukte%2Fgulle-verarbeiten%2F|||&#8220;][vc_single_image image=&#8220;11043&#8243; img_size=&#8220;550&#215;400&#8243; style=&#8220;vc_box_shadow&#8220; onclick=&#8220;custom_link&#8220; hover_effect=&#8220;img_play_effect&#8220; animation=&#8220;rda_fadeIn&#8220; css=&#8220;.vc_custom_1641300911911{margin-bottom: 10px !important;}&#8220; link=&#8220;https:\/\/veenhuis.com\/de\/produkte\/gulle-verarbeiten\/&#8220;][\/vc_column][\/vc_row][vc_row][vc_column][vc_empty_space][\/vc_column][\/vc_row][vc_row][vc_column][vc_column_text font_size=&#8220;18&#8243; line_height=&#8220;30&#8243;]Sehen Sie sich unten das Video &#8218;Meet the Masters&#8216; von Landwirtschaftsbetrieb Kuhnwald an. In Meet the Masters lassen wir die Fachleute des Agrarsektors zu Wort kommen.[\/vc_column_text][\/vc_column][\/vc_row][vc_row][vc_column][vc_video link=&#8220;https:\/\/www.youtube.com\/watch?v=8wzwJQZd950&#8243;][\/vc_column][\/vc_row][vc_row type=&#8220;full-width-section&#8220; css=&#8220;.vc_custom_1643896594697{margin-top: 0px !important;margin-bottom: 0px !important;padding-top: 50px !important;padding-bottom: 25px !important;background-color: #3b4559 !important;}&#8220;][vc_column width=&#8220;1\/3&#8243;][vc_custom_heading text=&#8220;Folgen Sie Veenhuis auf&#8220; font_container=&#8220;tag:h2|font_size:16|text_align:left|color:%23ffffff&#8220; use_theme_fonts=&#8220;yes&#8220;][vc_row_inner css=&#8220;.vc_custom_1480520858985{margin-top: 0px !important;}&#8220;][vc_column_inner width=&#8220;1\/4&#8243; css=&#8220;.vc_custom_1482150802544{margin-bottom: 10px !important;}&#8220;][vc_single_image image=&#8220;6597&#8243; img_size=&#8220;full&#8220; alignment=&#8220;center&#8220; onclick=&#8220;custom_link&#8220; img_link_target=&#8220;_blank&#8220; link=&#8220;https:\/\/www.facebook.com\/VeenhuisMachines\/?fref=ts&#8220;][\/vc_column_inner][vc_column_inner width=&#8220;1\/4&#8243; css=&#8220;.vc_custom_1482150808157{margin-bottom: 10px !important;}&#8220;][vc_single_image image=&#8220;6601&#8243; img_size=&#8220;full&#8220; alignment=&#8220;center&#8220; onclick=&#8220;custom_link&#8220; img_link_target=&#8220;_blank&#8220; link=&#8220;https:\/\/www.youtube.com\/user\/VMRVeenhuis&#8220;][\/vc_column_inner][vc_column_inner width=&#8220;1\/4&#8243; css=&#8220;.vc_custom_1482150814525{margin-bottom: 10px !important;}&#8220;][vc_single_image image=&#8220;6605&#8243; img_size=&#8220;full&#8220; alignment=&#8220;center&#8220; onclick=&#8220;custom_link&#8220; img_link_target=&#8220;_blank&#8220; link=&#8220;https:\/\/www.linkedin.com\/company\/6968519?trk=vsrp_companies_cluster_name&amp;trkInfo=VSRPsearchId%3A721065911480514740882%2CVSRPtargetId%3A6968519%2CVSRPcmpt%3Acompanies_cluster&#8220;][\/vc_column_inner][vc_column_inner width=&#8220;1\/4&#8243;][\/vc_column_inner][\/vc_row_inner][\/vc_column][vc_column width=&#8220;1\/3&#8243;][\/vc_column][vc_column width=&#8220;1\/3&#8243;][vc_single_image image=&#8220;12850&#8243; img_size=&#8220;full&#8220; alignment=&#8220;right&#8220; animation=&#8220;rda_fadeInDown&#8220; css=&#8220;.vc_custom_1643896623119{margin-bottom: 10px !important;}&#8220;][vc_custom_heading text=&#8220;Master your Manure&#8220; font_container=&#8220;tag:h2|font_size:32|text_align:center|color:%23ffffff&#8220; google_fonts=&#8220;font_family:Exo%3A100%2C100italic%2C200%2C200italic%2C300%2C300italic%2Cregular%2Citalic%2C500%2C500italic%2C600%2C600italic%2C700%2C700italic%2C800%2C800italic%2C900%2C900italic|font_style:300%20light%20regular%3A300%3Anormal&#8220;][\/vc_column][\/vc_row]<\/p>\n<\/div>","protected":false},"excerpt":{"rendered":"<p>[vc_row css=&#8220;.vc_custom_1481190545456{margin-top: 15px !important;margin-bottom: 0px !important;}&#8220;][vc_column][vc_custom_heading text=&#8220;Produkte&#8220; font_container=&#8220;tag:h1|text_align:left|color:%233b4559&#8243; use_theme_fonts=&#8220;yes&#8220;][\/vc_column][\/vc_row][vc_row][vc_column][vc_column_text font_size=&#8220;18&#8243; line_height=&#8220;30&#8243;]Wir glauben an einen Kreislauf des nat\u00fcrlichen D\u00fcngers und damit an die optimale Nutzung der N\u00e4hrstoffe aus diesem D\u00fcnger. Veenhuis entwickelt, entwirft und produziert Systeme und Produkte, die es Lohnunternehmern und Landwirten erm\u00f6glichen, von organischem D\u00fcnger zu profitieren. Mit der Herstellung von Tanks, G\u00fclleverteilern und<br \/><a href=\"https:\/\/veenhuis.com\/de\/produkte\/\" class=\"more\">Read more<\/a><\/p>\n","protected":false},"author":1,"featured_media":0,"parent":0,"menu_order":1,"comment_status":"closed","ping_status":"closed","template":"","meta":{"_exactmetrics_skip_tracking":false,"_exactmetrics_sitenote_active":false,"_exactmetrics_sitenote_note":"","_exactmetrics_sitenote_category":0,"footnotes":""},"class_list":["post-2322","page","type-page","status-publish","hentry"],"_links":{"self":[{"href":"https:\/\/veenhuis.com\/de\/wp-json\/wp\/v2\/pages\/2322","targetHints":{"allow":["GET"]}}],"collection":[{"href":"https:\/\/veenhuis.com\/de\/wp-json\/wp\/v2\/pages"}],"about":[{"href":"https:\/\/veenhuis.com\/de\/wp-json\/wp\/v2\/types\/page"}],"author":[{"embeddable":true,"href":"https:\/\/veenhuis.com\/de\/wp-json\/wp\/v2\/users\/1"}],"replies":[{"embeddable":true,"href":"https:\/\/veenhuis.com\/de\/wp-json\/wp\/v2\/comments?post=2322"}],"version-history":[{"count":80,"href":"https:\/\/veenhuis.com\/de\/wp-json\/wp\/v2\/pages\/2322\/revisions"}],"predecessor-version":[{"id":14998,"href":"https:\/\/veenhuis.com\/de\/wp-json\/wp\/v2\/pages\/2322\/revisions\/14998"}],"wp:attachment":[{"href":"https:\/\/veenhuis.com\/de\/wp-json\/wp\/v2\/media?parent=2322"}],"curies":[{"name":"wp","href":"https:\/\/api.w.org\/{rel}","templated":true}]}}