{"id":2410,"date":"2017-07-26T13:12:51","date_gmt":"2017-07-26T11:12:51","guid":{"rendered":"http:\/\/test4remarkable.nl\/unternehmen\/mission\/"},"modified":"2022-02-04T12:19:34","modified_gmt":"2022-02-04T11:19:34","slug":"mission","status":"publish","type":"page","link":"https:\/\/veenhuis.com\/de\/unternehmen\/mission\/","title":{"rendered":"Veenhuis: Waarum? Wie? Was?"},"content":{"rendered":"<div class=\"wpb-content-wrapper\"><p>[vc_row type=&#8220;full-width-section&#8220; css=&#8220;.vc_custom_1481019376901{margin-bottom: 0px !important;padding-top: 50px !important;padding-bottom: 35px !important;}&#8220;][vc_column width=&#8220;2\/3&#8243; css=&#8220;.vc_custom_1482312107977{margin-top: 0px !important;margin-right: 0px !important;margin-bottom: 0px !important;margin-left: 0px !important;border-top-width: 0px !important;border-right-width: 0px !important;border-bottom-width: 0px !important;border-left-width: 0px !important;padding-top: 0px !important;padding-right: 0px !important;padding-bottom: 0px !important;padding-left: 0px !important;}&#8220;][vc_custom_heading text=&#8220;Veenhuis: Waarum? Wie? Was?&#8220; font_container=&#8220;tag:h1|text_align:left|color:%233b4559&#8243; use_theme_fonts=&#8220;yes&#8220;][vc_column_text]Veenhuis Machines hat es sich zum Ziel gesetzt, innovative und hochwertige Landmaschinen f\u00fcr die Anwendung, den Transport und die Verarbeitung von G\u00fclle zu entwickeln, die sich bei ihren Kunden durch ihre Langlebigkeit, Kapazit\u00e4t und niedrigen Betriebskosten auszeichnen und dem Benutzer zu Zeit-, Energie- und Geldeinsparungen verhelfen.<\/p>\n<p><a href=\"https:\/\/veenhuis.com\/algemene-voorwaarden\/\" rel=\"noopener noreferrer\">Allgemeine Gesch\u00e4ftsbedingungen Veenhuis Machines B.V.<\/a>[\/vc_column_text][vc_row_inner][vc_column_inner width=&#8220;1\/3&#8243; css=&#8220;.vc_custom_1510756161133{padding-top: 5% !important;padding-right: 5% !important;padding-bottom: 5% !important;padding-left: 5% !important;background-color: #f7f7f7 !important;}&#8220;][vc_single_image image=&#8220;6351&#8243; img_size=&#8220;250&#215;250&#8243; alignment=&#8220;center&#8220; hover_effect=&#8220;img_remove_color&#8220; css=&#8220;.vc_custom_1510063846864{margin-bottom: 10px !important;}&#8220;][vc_custom_heading text=&#8220;Waarum?&#8220; font_container=&#8220;tag:h5|text_align:center|color:%23f9b122&#8243; use_theme_fonts=&#8220;yes&#8220; css=&#8220;.vc_custom_1510755498453{margin-top: 0px !important;margin-bottom: 10px !important;}&#8220;][vc_column_text font_size=&#8220;18&#8243;]Veenhuis tr\u00e4gt dazu bei, Boden, Pflanzen, Tiere und Menschen zu ern\u00e4hren. Eine nachhaltige Landwirtschaft und Nahrungskette ist ein weltweites Ziel. Wir glauben an einen geschlossenen Kreislauf von organischem D\u00fcnger und somit an die optimale Nutzung von Inhaltsstoffen aus diesem organischen D\u00fcnger.<br \/>\n<strong>Manure Matters<\/strong>[\/vc_column_text][vc_empty_space height=&#8220;145&#8243;][\/vc_column_inner][vc_column_inner width=&#8220;1\/3&#8243; css=&#8220;.vc_custom_1510756172439{padding-top: 5% !important;padding-right: 5% !important;padding-bottom: 5% !important;padding-left: 5% !important;background-color: #f7f7f7 !important;}&#8220;][vc_single_image image=&#8220;6347&#8243; img_size=&#8220;250&#215;250&#8243; alignment=&#8220;center&#8220; hover_effect=&#8220;img_remove_color&#8220; css=&#8220;.vc_custom_1510063857746{margin-bottom: 10px !important;}&#8220;][vc_custom_heading text=&#8220;Wie?&#8220; font_container=&#8220;tag:h5|text_align:center|color:%23f9b122&#8243; use_theme_fonts=&#8220;yes&#8220; css=&#8220;.vc_custom_1510755545016{margin-top: 0px !important;margin-bottom: 10px !important;}&#8220;][vc_column_text font_size=&#8220;18&#8243;]Veenhuis Machines entwickelt, konstruiert und produziert Systeme und Produkte, um den Landwirten die M\u00f6glichkeit zu bieten, von organischem D\u00fcnger und dessen Inhaltsstoffen zu profitieren. Durch Messung und emissionsarme Anwendung tr\u00e4gt Veenhuis zur Reduzierung der Ausscheidung im N\u00e4hrstoffkreislauf bei. D\u00fcnger ist nicht das eigentliche Problem; die Validierung, die richtige Verwendung und Anwendung ist unsere Herausforderung.<br \/>\n<strong>Manure Matters<\/strong>[\/vc_column_text][\/vc_column_inner][vc_column_inner width=&#8220;1\/3&#8243; css=&#8220;.vc_custom_1510756185310{padding-top: 5% !important;padding-right: 5% !important;padding-bottom: 5% !important;padding-left: 5% !important;background-color: #f7f7f7 !important;}&#8220;][vc_single_image image=&#8220;6343&#8243; img_size=&#8220;250&#215;250&#8243; alignment=&#8220;center&#8220; hover_effect=&#8220;img_remove_color&#8220; css=&#8220;.vc_custom_1510063873473{margin-bottom: 10px !important;}&#8220;][vc_custom_heading text=&#8220;Was?&#8220; font_container=&#8220;tag:h5|text_align:center|color:%23f9b122&#8243; use_theme_fonts=&#8220;yes&#8220; css=&#8220;.vc_custom_1510755565320{margin-top: 0px !important;margin-bottom: 10px !important;}&#8220;][vc_column_text font_size=&#8220;18&#8243;]Veenhuis hat sich seit 1938 auf die Verarbeitung, den Transport und die Anwendung von organischem D\u00fcnger konzentriert. Als Spezialist werden wir auf der ganzen Welt gesch\u00e4tzt; die bekannten gelben Veenhuis Maschinen sind die Garantie f\u00fcr Qualit\u00e4t.<br \/>\n<strong>Manure Matters<\/strong>[\/vc_column_text][vc_empty_space height=&#8220;235&#8243;][\/vc_column_inner][\/vc_row_inner][\/vc_column][vc_column width=&#8220;1\/3&#8243; css=&#8220;.vc_custom_1481182309082{margin-top: 95px !important;padding-top: 5% !important;padding-right: 5% !important;padding-bottom: 5% !important;padding-left: 5% !important;background-color: #f7f7f7 !important;}&#8220;][vc_widget_sidebar sidebar_id=&#8220;thefox_contactde&#8220;][\/vc_column][\/vc_row][vc_row type=&#8220;full-width-section&#8220; css=&#8220;.vc_custom_1643895079481{margin-top: 0px !important;margin-bottom: 0px !important;padding-top: 50px !important;padding-bottom: 25px !important;background-color: #3b4559 !important;}&#8220;][vc_column width=&#8220;1\/3&#8243;][vc_custom_heading text=&#8220;Folgen Sie Veenhuis auf&#8220; font_container=&#8220;tag:h2|font_size:16|text_align:left|color:%23ffffff&#8220; use_theme_fonts=&#8220;yes&#8220;][vc_row_inner css=&#8220;.vc_custom_1480520858985{margin-top: 0px !important;}&#8220;][vc_column_inner width=&#8220;1\/4&#8243; css=&#8220;.vc_custom_1482150802544{margin-bottom: 10px !important;}&#8220;][vc_single_image image=&#8220;6597&#8243; img_size=&#8220;full&#8220; alignment=&#8220;center&#8220; onclick=&#8220;custom_link&#8220; img_link_target=&#8220;_blank&#8220; link=&#8220;https:\/\/www.facebook.com\/VeenhuisMachines\/?fref=ts&#8220;][\/vc_column_inner][vc_column_inner width=&#8220;1\/4&#8243; css=&#8220;.vc_custom_1482150808157{margin-bottom: 10px !important;}&#8220;][vc_single_image image=&#8220;6601&#8243; img_size=&#8220;full&#8220; alignment=&#8220;center&#8220; onclick=&#8220;custom_link&#8220; img_link_target=&#8220;_blank&#8220; link=&#8220;https:\/\/www.youtube.com\/user\/VMRVeenhuis&#8220;][\/vc_column_inner][vc_column_inner width=&#8220;1\/4&#8243; css=&#8220;.vc_custom_1482150814525{margin-bottom: 10px !important;}&#8220;][vc_single_image image=&#8220;6605&#8243; img_size=&#8220;full&#8220; alignment=&#8220;center&#8220; onclick=&#8220;custom_link&#8220; img_link_target=&#8220;_blank&#8220; link=&#8220;https:\/\/www.linkedin.com\/company\/6968519?trk=vsrp_companies_cluster_name&amp;trkInfo=VSRPsearchId%3A721065911480514740882%2CVSRPtargetId%3A6968519%2CVSRPcmpt%3Acompanies_cluster&#8220;][\/vc_column_inner][vc_column_inner width=&#8220;1\/4&#8243;][\/vc_column_inner][\/vc_row_inner][\/vc_column][vc_column width=&#8220;1\/3&#8243;][\/vc_column][vc_column width=&#8220;1\/3&#8243;][vc_single_image image=&#8220;12850&#8243; img_size=&#8220;full&#8220; alignment=&#8220;right&#8220; animation=&#8220;rda_fadeInDown&#8220; css=&#8220;.vc_custom_1643895111580{margin-bottom: 10px !important;}&#8220;][vc_custom_heading text=&#8220;Master your Manure&#8220; font_container=&#8220;tag:h2|font_size:32|text_align:center|color:%23ffffff&#8220; google_fonts=&#8220;font_family:Exo%3A100%2C100italic%2C200%2C200italic%2C300%2C300italic%2Cregular%2Citalic%2C500%2C500italic%2C600%2C600italic%2C700%2C700italic%2C800%2C800italic%2C900%2C900italic|font_style:300%20light%20regular%3A300%3Anormal&#8220;][\/vc_column][\/vc_row]<\/p>\n<\/div>","protected":false},"excerpt":{"rendered":"<p>[vc_row type=&#8220;full-width-section&#8220; css=&#8220;.vc_custom_1481019376901{margin-bottom: 0px !important;padding-top: 50px !important;padding-bottom: 35px !important;}&#8220;][vc_column width=&#8220;2\/3&#8243; css=&#8220;.vc_custom_1482312107977{margin-top: 0px !important;margin-right: 0px !important;margin-bottom: 0px !important;margin-left: 0px !important;border-top-width: 0px !important;border-right-width: 0px !important;border-bottom-width: 0px !important;border-left-width: 0px !important;padding-top: 0px !important;padding-right: 0px !important;padding-bottom: 0px !important;padding-left: 0px !important;}&#8220;][vc_custom_heading text=&#8220;Veenhuis: Waarum? Wie? Was?&#8220; font_container=&#8220;tag:h1|text_align:left|color:%233b4559&#8243; use_theme_fonts=&#8220;yes&#8220;][vc_column_text]Veenhuis Machines hat es sich zum Ziel gesetzt, innovative und hochwertige Landmaschinen f\u00fcr die Anwendung,<br \/><a href=\"https:\/\/veenhuis.com\/de\/unternehmen\/mission\/\" class=\"more\">Read more<\/a><\/p>\n","protected":false},"author":1,"featured_media":0,"parent":2313,"menu_order":0,"comment_status":"closed","ping_status":"closed","template":"","meta":{"_exactmetrics_skip_tracking":false,"_exactmetrics_sitenote_active":false,"_exactmetrics_sitenote_note":"","_exactmetrics_sitenote_category":0,"footnotes":""},"class_list":["post-2410","page","type-page","status-publish","hentry"],"_links":{"self":[{"href":"https:\/\/veenhuis.com\/de\/wp-json\/wp\/v2\/pages\/2410","targetHints":{"allow":["GET"]}}],"collection":[{"href":"https:\/\/veenhuis.com\/de\/wp-json\/wp\/v2\/pages"}],"about":[{"href":"https:\/\/veenhuis.com\/de\/wp-json\/wp\/v2\/types\/page"}],"author":[{"embeddable":true,"href":"https:\/\/veenhuis.com\/de\/wp-json\/wp\/v2\/users\/1"}],"replies":[{"embeddable":true,"href":"https:\/\/veenhuis.com\/de\/wp-json\/wp\/v2\/comments?post=2410"}],"version-history":[{"count":20,"href":"https:\/\/veenhuis.com\/de\/wp-json\/wp\/v2\/pages\/2410\/revisions"}],"predecessor-version":[{"id":12861,"href":"https:\/\/veenhuis.com\/de\/wp-json\/wp\/v2\/pages\/2410\/revisions\/12861"}],"up":[{"embeddable":true,"href":"https:\/\/veenhuis.com\/de\/wp-json\/wp\/v2\/pages\/2313"}],"wp:attachment":[{"href":"https:\/\/veenhuis.com\/de\/wp-json\/wp\/v2\/media?parent=2410"}],"curies":[{"name":"wp","href":"https:\/\/api.w.org\/{rel}","templated":true}]}}