{"id":2614,"date":"2017-08-02T16:28:47","date_gmt":"2017-08-02T14:28:47","guid":{"rendered":"http:\/\/test4remarkable.nl\/service\/"},"modified":"2023-06-21T08:28:59","modified_gmt":"2023-06-21T06:28:59","slug":"service","status":"publish","type":"page","link":"https:\/\/veenhuis.com\/de\/service\/","title":{"rendered":"Service"},"content":{"rendered":"<div class=\"wpb-content-wrapper\"><p>[vc_row type=&#8220;full-width-section&#8220; css=&#8220;.vc_custom_1481019376901{margin-bottom: 0px !important;padding-top: 50px !important;padding-bottom: 35px !important;}&#8220;][vc_column width=&#8220;2\/3&#8243;][vc_custom_heading text=&#8220;Service&#8220; font_container=&#8220;tag:h1|text_align:left|color:%233b4559&#8243; use_theme_fonts=&#8220;yes&#8220;][vc_column_text font_size=&#8220;18&#8243; line_height=&#8220;30&#8243;]<br \/>\nH\u00e4ndler k\u00f6nnen sich\u00a0<a href=\"https:\/\/www.schuitemaker-landtechnik.de\/service\/login.html\" target=\"_blank\" rel=\"noopener\">hier<\/a>\u00a0anmelden f\u00fcr die Ersatzteilkataloge.<\/p>\n<p>Kann Ihr H\u00e4ndler Ihnen nicht weiterhelfen? Bitte wenden Sie sich an unser Serviceteam.<\/p>\n<h2 style=\"text-align: left;\">Ersatzteile<\/h2>\n<p>Ersatzteile f\u00fcr Veenhuis Landmaschinen k\u00f6nnen bestellt werden bei :<\/p>\n<p>Morsweg 18<br \/>\n7461 AG Rijssen<br \/>\nE-mail:\u00a0<a href=\"mailto:spareparts@svgroup.nl\">spareparts@svgroup.nl\u00a0<\/a><br \/>\nMontag bis Freitag von 17:00 bis 21:00 Uhr und Samstag von 8:00 bis 16:00 Uhr<\/p>\n<p>Au\u00dferhalb der B\u00fcrozeiten rufen Sie bitte an: +316 21 22 34 10<\/p>\n<h2 style=\"text-align: left;\">Service<\/h2>\n<p>E-mail:\u00a0<a href=\"mailto:service@svgroup.nl\">service@svgroup.nl\u00a0<\/a><br \/>\nAu\u00dferhalb der B\u00fcrozeiten rufen Sie bitte an: +316 21 22 34 14[\/vc_column_text]<style type=\"text\/css\" >#b_shcf5tuj74nen4gkxa4w a{color:#ffffff; background:#3b4559; margin-top:0px; margin-bottom:0px;  margin-left:0px; margin-right:0px; font-weight:900; border-radius:0px;}#b_shcf5tuj74nen4gkxa4w a:hover{color:#ffffff ; background:#5e5e5d ;}<\/style><div class=\"ta_left tf_btn_pos\" id=\"b_shcf5tuj74nen4gkxa4w\" ><a class=\"rd_normal_bt medium_rd_bt bt_icon_left   \" href=\"https:\/\/veenhuis.com\/de\/handler\/\" target=\"yes\"><i class=\"oi-designmodo-location\" ><\/i><span>Dealer locator<\/span><\/a><\/div><style type=\"text\/css\" >#b_shcf5tuj74nen4gkxa4w i {color:#ffffff;}#b_shcf5tuj74nen4gkxa4w a:hover i{color:#ffffff;}<\/style><style type='text\/css'> @font-face{font-family: 'oi'; src:url('https:\/\/veenhuis.com\/wp-content\/themes\/thefox\/includes\/4k-icons\/icons\/4k-icons-pack04\/icons\/fonts\/oi.eot'); src:url('https:\/\/veenhuis.com\/wp-content\/themes\/thefox\/includes\/4k-icons\/icons\/4k-icons-pack04\/icons\/fonts\/oi.eot?#iefix') format('embedded-opentype'), url('https:\/\/veenhuis.com\/wp-content\/themes\/thefox\/includes\/4k-icons\/icons\/4k-icons-pack04\/icons\/fonts\/oi.woff') format('woff'), url('https:\/\/veenhuis.com\/wp-content\/themes\/thefox\/includes\/4k-icons\/icons\/4k-icons-pack04\/icons\/fonts\/oi.ttf') format('truetype'), url('https:\/\/veenhuis.com\/wp-content\/themes\/thefox\/includes\/4k-icons\/icons\/4k-icons-pack04\/icons\/fonts\/oi.svg#oi') format('svg'); font-weight: normal; font-style: normal;}#b_shcf5tuj74nen4gkxa4w .oi-designmodo-location:before{font-family: 'oi'; font-weight: normal; font-style: normal;}#b_shcf5tuj74nen4gkxa4w .oi-designmodo-location:before{content: \"\\e009\";}<\/style>\n[vc_empty_space][vc_column_text font_size=&#8220;18&#8243; line_height=&#8220;30&#8243;]Kann Ihnen Ihr H\u00e4ndler nicht weiterhelfen? Dann nehmen Sie Kontakt auf.[\/vc_column_text][\/vc_column][vc_column width=&#8220;1\/3&#8243; css=&#8220;.vc_custom_1481182309082{margin-top: 95px !important;padding-top: 5% !important;padding-right: 5% !important;padding-bottom: 5% !important;padding-left: 5% !important;background-color: #f7f7f7 !important;}&#8220;][vc_widget_sidebar sidebar_id=&#8220;thefox_contactsidebar&#8220;][\/vc_column][\/vc_row]<\/p>\n<\/div>","protected":false},"excerpt":{"rendered":"<p>[vc_row type=&#8220;full-width-section&#8220; css=&#8220;.vc_custom_1481019376901{margin-bottom: 0px !important;padding-top: 50px !important;padding-bottom: 35px !important;}&#8220;][vc_column width=&#8220;2\/3&#8243;][vc_custom_heading text=&#8220;Service&#8220; font_container=&#8220;tag:h1|text_align:left|color:%233b4559&#8243; use_theme_fonts=&#8220;yes&#8220;][vc_column_text font_size=&#8220;18&#8243; line_height=&#8220;30&#8243;] H\u00e4ndler k\u00f6nnen sich\u00a0hier\u00a0anmelden f\u00fcr die Ersatzteilkataloge. Kann Ihr H\u00e4ndler Ihnen nicht weiterhelfen? Bitte wenden Sie sich an unser Serviceteam. Ersatzteile Ersatzteile f\u00fcr Veenhuis Landmaschinen k\u00f6nnen bestellt werden bei : Morsweg 18 7461 AG Rijssen E-mail:\u00a0spareparts@svgroup.nl\u00a0 Montag bis Freitag von 17:00<br \/><a href=\"https:\/\/veenhuis.com\/de\/service\/\" class=\"more\">Read more<\/a><\/p>\n","protected":false},"author":1,"featured_media":0,"parent":0,"menu_order":5,"comment_status":"closed","ping_status":"closed","template":"","meta":{"_exactmetrics_skip_tracking":false,"_exactmetrics_sitenote_active":false,"_exactmetrics_sitenote_note":"","_exactmetrics_sitenote_category":0,"footnotes":""},"class_list":["post-2614","page","type-page","status-publish","hentry"],"_links":{"self":[{"href":"https:\/\/veenhuis.com\/de\/wp-json\/wp\/v2\/pages\/2614","targetHints":{"allow":["GET"]}}],"collection":[{"href":"https:\/\/veenhuis.com\/de\/wp-json\/wp\/v2\/pages"}],"about":[{"href":"https:\/\/veenhuis.com\/de\/wp-json\/wp\/v2\/types\/page"}],"author":[{"embeddable":true,"href":"https:\/\/veenhuis.com\/de\/wp-json\/wp\/v2\/users\/1"}],"replies":[{"embeddable":true,"href":"https:\/\/veenhuis.com\/de\/wp-json\/wp\/v2\/comments?post=2614"}],"version-history":[{"count":22,"href":"https:\/\/veenhuis.com\/de\/wp-json\/wp\/v2\/pages\/2614\/revisions"}],"predecessor-version":[{"id":14270,"href":"https:\/\/veenhuis.com\/de\/wp-json\/wp\/v2\/pages\/2614\/revisions\/14270"}],"wp:attachment":[{"href":"https:\/\/veenhuis.com\/de\/wp-json\/wp\/v2\/media?parent=2614"}],"curies":[{"name":"wp","href":"https:\/\/api.w.org\/{rel}","templated":true}]}}