{"id":2617,"date":"2017-08-02T16:29:05","date_gmt":"2017-08-02T14:29:05","guid":{"rendered":"http:\/\/test4remarkable.nl\/produkte\/gulle-transportieren\/"},"modified":"2022-04-08T14:48:33","modified_gmt":"2022-04-08T12:48:33","slug":"gulle-transportieren","status":"publish","type":"page","link":"https:\/\/veenhuis.com\/de\/produkte\/gulle-transportieren\/","title":{"rendered":"G\u00fcllef\u00e4sser"},"content":{"rendered":"<div class=\"wpb-content-wrapper\"><p>[vc_row][vc_column][vc_custom_heading text=&#8220;G\u00fcllef\u00e4sser&#8220; font_container=&#8220;tag:h1|text_align:left|color:%233b4559&#8243; use_theme_fonts=&#8220;yes&#8220;][\/vc_column][\/vc_row][vc_row][vc_column][vc_column_text font_size=&#8220;18&#8243; line_height=&#8220;30&#8243;]<strong>Minimaler Bodendruck und maximale Kapazit\u00e4t mit Veenhuis-Maschinen, heute und morgen&#8220;.<\/strong><\/p>\n<p>Eine wichtige Phase w\u00e4hrend der Wachstumsphase ist die Ausbringung von organischer G\u00fclle. Als Lohnunternehmer und Landwirt wollen Sie mit einem benutzerfreundlichen Tank arbeiten, der in den entscheidenden Momenten immer funktioniert. Die richtige D\u00fcngung des Bodens gew\u00e4hrleistet ein optimales Wachstum der Pflanzen.<\/p>\n<p>Veenhuis ist f\u00fchrend in der effizienten und nachhaltigen D\u00fcngung, um ein optimales Pflanzenwachstum zu gew\u00e4hrleisten. Wir glauben an den Kreislauf des nat\u00fcrlichen D\u00fcngers. Da die N\u00e4hrstoffe des tierischen Dungs maximal genutzt werden, ist ein minimaler Einsatz von Kunstd\u00fcnger erforderlich. Zugleich wird ein maximaler Ernteertrag erzielt.<\/p>\n<p>Veenhuis bietet verschiedene Beh\u00e4lter f\u00fcr den Transport von G\u00fclle an, die f\u00fcr jeden Lohnunternehmer und Landwirt geeignet sind.<\/p>\n<p>Klicken Sie unten f\u00fcr weitere Informationen zu den einzelnen Tanksegmenten.[\/vc_column_text][\/vc_column][\/vc_row][vc_row css=&#8220;.vc_custom_1481190545456{margin-top: 15px !important;margin-bottom: 0px !important;}&#8220;][vc_column][vc_row_inner css=&#8220;.vc_custom_1481190591076{margin-bottom: 15px !important;}&#8220;][vc_column_inner width=&#8220;1\/2&#8243; css=&#8220;.vc_custom_1482154612718{margin-bottom: 10px !important;}&#8220;][vc_custom_heading text=&#8220;Ecoline tanks&#8220; font_container=&#8220;tag:h1|font_size:24|text_align:left|color:%233b4559&#8243; use_theme_fonts=&#8220;yes&#8220; link=&#8220;url:https%3A%2F%2Fveenhuis.com%2Fde%2Fprodukte%2Fgulle-transportieren%2Feco-gullefasser%2F|||&#8220;][vc_single_image image=&#8220;10987&#8243; img_size=&#8220;550&#215;400&#8243; style=&#8220;vc_box_shadow&#8220; onclick=&#8220;custom_link&#8220; hover_effect=&#8220;img_play_effect&#8220; animation=&#8220;rda_fadeIn&#8220; link=&#8220;\/de\/produkte\/gulle-transportieren\/eco-gullefasser\/&#8220;][\/vc_column_inner][vc_column_inner width=&#8220;1\/2&#8243; css=&#8220;.vc_custom_1482154618682{margin-bottom: 10px !important;}&#8220;][vc_custom_heading text=&#8220;Perfektline tanks&#8220; font_container=&#8220;tag:h1|font_size:24|text_align:left|color:%233b4559&#8243; use_theme_fonts=&#8220;yes&#8220; link=&#8220;url:https%3A%2F%2Fveenhuis.com%2Fde%2Fperfektline-tanks%2F|||&#8220;][vc_single_image image=&#8220;11319&#8243; img_size=&#8220;550&#215;400&#8243; style=&#8220;vc_box_shadow&#8220; onclick=&#8220;custom_link&#8220; hover_effect=&#8220;img_play_effect&#8220; animation=&#8220;rda_fadeIn&#8220; link=&#8220;https:\/\/veenhuis.com\/de\/perfektline-tanks\/&#8220;][\/vc_column_inner][\/vc_row_inner][\/vc_column][\/vc_row][vc_row][vc_column width=&#8220;1\/2&#8243;][vc_custom_heading text=&#8220;Profiline tanks&#8220; font_container=&#8220;tag:h1|font_size:24|text_align:left|color:%233b4559&#8243; use_theme_fonts=&#8220;yes&#8220; link=&#8220;url:https%3A%2F%2Fveenhuis.com%2Fde%2Fprodukte%2Fgulle-transportieren%2Fprofiline-gullefasser%2F|||&#8220;][vc_single_image image=&#8220;10991&#8243; img_size=&#8220;550&#215;400&#8243; style=&#8220;vc_box_shadow&#8220; onclick=&#8220;custom_link&#8220; hover_effect=&#8220;img_play_effect&#8220; animation=&#8220;rda_fadeIn&#8220; link=&#8220;\/de\/produkte\/gulle-transportieren\/profiline-gullefasser\/&#8220;][\/vc_column][vc_column width=&#8220;1\/2&#8243;][vc_custom_heading text=&#8220;Premiumline tanks&#8220; font_container=&#8220;tag:h1|font_size:24|text_align:left|color:%233b4559&#8243; use_theme_fonts=&#8220;yes&#8220; link=&#8220;url:https%3A%2F%2Fveenhuis.com%2Fde%2Fprodukte%2Fgulle-transportieren%2Fpremium-gullefasser%2F|||&#8220;][vc_single_image image=&#8220;10995&#8243; img_size=&#8220;550&#215;400&#8243; onclick=&#8220;custom_link&#8220; hover_effect=&#8220;img_play_effect&#8220; animation=&#8220;rda_fadeIn&#8220; link=&#8220;\/de\/produkte\/gulle-transportieren\/premium-gullefasser\/&#8220;][\/vc_column][\/vc_row][vc_row][vc_column width=&#8220;1\/2&#8243;][vc_custom_heading text=&#8220;Front Andockarm&#8220; font_container=&#8220;tag:h1|font_size:24|text_align:left|color:%233b4559&#8243; use_theme_fonts=&#8220;yes&#8220; link=&#8220;url:https%3A%2F%2Fveenhuis.com%2Fde%2Ffront-andockarm%2F&#8220;][vc_single_image image=&#8220;12993&#8243; img_size=&#8220;550&#215;400&#8243; style=&#8220;vc_box_shadow&#8220; onclick=&#8220;custom_link&#8220; hover_effect=&#8220;img_play_effect&#8220; animation=&#8220;rda_fadeIn&#8220; link=&#8220;https:\/\/veenhuis.com\/de\/front-andockarm\/&#8220;][\/vc_column][vc_column width=&#8220;1\/2&#8243;][\/vc_column][\/vc_row][vc_row type=&#8220;full-width-section&#8220; css=&#8220;.vc_custom_1643896801336{margin-top: 0px !important;margin-bottom: 0px !important;padding-top: 50px !important;padding-bottom: 25px !important;background-color: #3b4559 !important;}&#8220;][vc_column width=&#8220;1\/3&#8243;][vc_custom_heading text=&#8220;Folgen Sie Veenhuis auf&#8220; font_container=&#8220;tag:h2|font_size:16|text_align:left|color:%23ffffff&#8220; use_theme_fonts=&#8220;yes&#8220;][vc_row_inner css=&#8220;.vc_custom_1480520858985{margin-top: 0px !important;}&#8220;][vc_column_inner width=&#8220;1\/4&#8243; css=&#8220;.vc_custom_1482150802544{margin-bottom: 10px !important;}&#8220;][vc_single_image image=&#8220;6597&#8243; img_size=&#8220;full&#8220; alignment=&#8220;center&#8220; onclick=&#8220;custom_link&#8220; img_link_target=&#8220;_blank&#8220; link=&#8220;https:\/\/www.facebook.com\/VeenhuisMachines\/?fref=ts&#8220;][\/vc_column_inner][vc_column_inner width=&#8220;1\/4&#8243; css=&#8220;.vc_custom_1482150808157{margin-bottom: 10px !important;}&#8220;][vc_single_image image=&#8220;6601&#8243; img_size=&#8220;full&#8220; alignment=&#8220;center&#8220; onclick=&#8220;custom_link&#8220; img_link_target=&#8220;_blank&#8220; link=&#8220;https:\/\/www.youtube.com\/user\/VMRVeenhuis&#8220;][\/vc_column_inner][vc_column_inner width=&#8220;1\/4&#8243; css=&#8220;.vc_custom_1482150814525{margin-bottom: 10px !important;}&#8220;][vc_single_image image=&#8220;6605&#8243; img_size=&#8220;full&#8220; alignment=&#8220;center&#8220; onclick=&#8220;custom_link&#8220; img_link_target=&#8220;_blank&#8220; link=&#8220;https:\/\/www.linkedin.com\/company\/6968519?trk=vsrp_companies_cluster_name&amp;trkInfo=VSRPsearchId%3A721065911480514740882%2CVSRPtargetId%3A6968519%2CVSRPcmpt%3Acompanies_cluster&#8220;][\/vc_column_inner][vc_column_inner width=&#8220;1\/4&#8243;][\/vc_column_inner][\/vc_row_inner][\/vc_column][vc_column width=&#8220;1\/3&#8243;][\/vc_column][vc_column width=&#8220;1\/3&#8243;][vc_single_image image=&#8220;12850&#8243; img_size=&#8220;full&#8220; alignment=&#8220;right&#8220; animation=&#8220;rda_fadeInDown&#8220; css=&#8220;.vc_custom_1643896847948{margin-bottom: 10px !important;}&#8220;][vc_custom_heading text=&#8220;Master your Manure&#8220; font_container=&#8220;tag:h2|font_size:32|text_align:center|color:%23ffffff&#8220; google_fonts=&#8220;font_family:Exo%3A100%2C100italic%2C200%2C200italic%2C300%2C300italic%2Cregular%2Citalic%2C500%2C500italic%2C600%2C600italic%2C700%2C700italic%2C800%2C800italic%2C900%2C900italic|font_style:300%20light%20regular%3A300%3Anormal&#8220;][\/vc_column][\/vc_row]<\/p>\n<\/div>","protected":false},"excerpt":{"rendered":"<p>[vc_row][vc_column][vc_custom_heading text=&#8220;G\u00fcllef\u00e4sser&#8220; font_container=&#8220;tag:h1|text_align:left|color:%233b4559&#8243; use_theme_fonts=&#8220;yes&#8220;][\/vc_column][\/vc_row][vc_row][vc_column][vc_column_text font_size=&#8220;18&#8243; line_height=&#8220;30&#8243;]Minimaler Bodendruck und maximale Kapazit\u00e4t mit Veenhuis-Maschinen, heute und morgen&#8220;. Eine wichtige Phase w\u00e4hrend der Wachstumsphase ist die Ausbringung von organischer G\u00fclle. Als Lohnunternehmer und Landwirt wollen Sie mit einem benutzerfreundlichen Tank arbeiten, der in den entscheidenden Momenten immer funktioniert. Die richtige D\u00fcngung des Bodens gew\u00e4hrleistet ein optimales Wachstum der<br \/><a href=\"https:\/\/veenhuis.com\/de\/produkte\/gulle-transportieren\/\" class=\"more\">Read more<\/a><\/p>\n","protected":false},"author":1,"featured_media":0,"parent":2322,"menu_order":1,"comment_status":"closed","ping_status":"closed","template":"","meta":{"_exactmetrics_skip_tracking":false,"_exactmetrics_sitenote_active":false,"_exactmetrics_sitenote_note":"","_exactmetrics_sitenote_category":0,"footnotes":""},"class_list":["post-2617","page","type-page","status-publish","hentry"],"_links":{"self":[{"href":"https:\/\/veenhuis.com\/de\/wp-json\/wp\/v2\/pages\/2617","targetHints":{"allow":["GET"]}}],"collection":[{"href":"https:\/\/veenhuis.com\/de\/wp-json\/wp\/v2\/pages"}],"about":[{"href":"https:\/\/veenhuis.com\/de\/wp-json\/wp\/v2\/types\/page"}],"author":[{"embeddable":true,"href":"https:\/\/veenhuis.com\/de\/wp-json\/wp\/v2\/users\/1"}],"replies":[{"embeddable":true,"href":"https:\/\/veenhuis.com\/de\/wp-json\/wp\/v2\/comments?post=2617"}],"version-history":[{"count":25,"href":"https:\/\/veenhuis.com\/de\/wp-json\/wp\/v2\/pages\/2617\/revisions"}],"predecessor-version":[{"id":13462,"href":"https:\/\/veenhuis.com\/de\/wp-json\/wp\/v2\/pages\/2617\/revisions\/13462"}],"up":[{"embeddable":true,"href":"https:\/\/veenhuis.com\/de\/wp-json\/wp\/v2\/pages\/2322"}],"wp:attachment":[{"href":"https:\/\/veenhuis.com\/de\/wp-json\/wp\/v2\/media?parent=2617"}],"curies":[{"name":"wp","href":"https:\/\/api.w.org\/{rel}","templated":true}]}}