{"id":2621,"date":"2017-08-02T16:29:10","date_gmt":"2017-08-02T14:29:10","guid":{"rendered":"http:\/\/test4remarkable.nl\/produkte\/gulle-transportieren\/eco-gullefasser\/"},"modified":"2026-02-16T11:43:03","modified_gmt":"2026-02-16T10:43:03","slug":"evora","status":"publish","type":"page","link":"https:\/\/veenhuis.com\/de\/produkte\/gulle-transportieren\/evora\/","title":{"rendered":"<STRONG>Evora<\/STRONG>"},"content":{"rendered":"<div class=\"wpb-content-wrapper\"><p>[vc_row type=&#8220;full-width-section&#8220; css=&#8220;.vc_custom_1481019376901{margin-bottom: 0px !important;padding-top: 50px !important;padding-bottom: 35px !important;}&#8220;][vc_column][vc_custom_heading text=&#8220;<strong>Evora<\/strong> tanks&#8220; font_container=&#8220;tag:h1|font_size:26|text_align:left|color:%233b4559&#8243; use_theme_fonts=&#8220;yes&#8220; css=&#8220;&#8220;][\/vc_column][\/vc_row][vc_row][vc_column][vc_column_text css=&#8220;&#8220; font_size=&#8220;18&#8243; line_height=&#8220;30&#8243;]Veenhuis Evora ist die neuentwickelte G\u00fcllefassbaureihe, die mit den modernsten Innovationen ausgestattet werden kann. Durch die kompakte und dennoch robuste Bauweise haben die G\u00fcllef\u00e4sser eine lange Lebensdauer und optimale Man\u00f6vrierf\u00e4higkeit. Dank der Vielzahl an Optionen erf\u00fcllt die Baureihe alle Marktanforderungen.<\/p>\n<p>Serienm\u00e4\u00dfig sind die F\u00e4sser mit einem hydraulisch gefederten Tandemfahrwerk ausgestattet und haben ein Fassungsverm\u00f6gen von 21.300 Litern. Die F\u00e4sser sind mit einer Drehkolbenpumpe oder unserem Vakuum-Zentrifugalpumpensystem erh\u00e4ltlich und k\u00f6nnen mit verschiedenen Optionen ausgestattet werden, wie z. B. einer Schiebeachse zur Verringerung des Bodendrucks und einem hydraulischen Achsantrieb zur Erh\u00f6hung der Traktion.<\/p>\n<p>Das \u00fcberarbeitete Fahrwerk mit nur 500 mm Breite bietet Platz f\u00fcr eine maximale Reifengr\u00f6\u00dfe von 2150 mm x 900 mm. Trotz dieser beeindruckenden Reifengr\u00f6\u00dfe ist ein Lenkwinkel von bis zu 15 Grad m\u00f6glich, wodurch die F\u00e4sser, die bestm\u00f6gliche Wendigkeit in dieser Klasse bieten. Trotz der hohen und breiten Reifengr\u00f6\u00dfe bleibt der Evora innerhalb der gesetzlichen Abmessungen von 3m Au\u00dfenbreite, auch in Kombination mit einem breiten Ausbringgest\u00e4nge.<\/p>\n<p>Durch die optionale Schiebeachse mit 500 mm Ausschub je Seite, bietet die Evora-Baureihe maximale Stabilit\u00e4t bei minimalem Bodendruck auf dem Feld. Dar\u00fcber hinaus kann die Schiebeachse mit Smart Assist ausgestattet werden, dem hydraulischen Achsantrieb, den Veenhuis in Zusammenarbeit mit ADR und Black Bruin entwickelt hat. Dieser Achsantrieb liefert theoretisch bis zu 100 PS \u00fcber die Bordhydraulik oder bis zu 60 PS \u00fcber den Power Beyond-Anschluss des Traktors.<\/p>\n<p>Durch die hydraulisch gefederten Dreiecksaufh\u00e4ngung der Achsen bietet die Evora-Baureihe optimale Bodenanpassung und Stabilit\u00e4t auf dem Feld und auf der Stra\u00dfe. Die F\u00e4sser k\u00f6nnen mit einer Entlastungsfunktion der Vorderachse und einer innovativen Zweikammertechnik ausgestattet werden. Diese Kombination sorgt f\u00fcr eine optimale Gewichtsverteilung zum Traktor hin. Selbst unter schwierigen Bedingungen bleibt ausreichend Druck auf der Hinterachse, sodass der Traktor maximale Traktion beh\u00e4lt und die Kraft effizient auf den Boden \u00fcbertragen wird.<\/p>\n<p>Die F\u00e4sser der Evora-Baureihe k\u00f6nnen mit einem NIR-Sensor ausgestattet werden, mit dem der N\u00e4hrstoffgehalt in Echtzeit gemessen wird. Damit entsprechen die F\u00e4sser der steigenden Nachfrage nach \u201ePrecision Farming\u201c.<\/p>\n<p>Die Veenhuis Evora-Baureihe ist wahlweise mit zwei hochwertigen Pumpenausf\u00fchrungen erh\u00e4ltlich: unser Vakuum-Zentrifugalpumpensystem oder einer hydraulisch angetriebenen Drehkolbenpumpe.<\/p>\n<p>Das von Veenhuis selbst entwickelte Vakuum-Zentrifugalpumpensystem ist auch f\u00fcr die Evora-Baureihe erh\u00e4ltlich. W\u00e4hrend des Bef\u00fcllens sorgt die Vakuumpumpe f\u00fcr eine kraftvolle Ansaugung des G\u00fclleflusses, woraufhin der Zentrifugalbeschleuniger beeindruckende F\u00fcllkapazit\u00e4ten erm\u00f6glicht. Beim Ausbringen liefert die gro\u00dfe hydraulisch angetriebene<\/p>\n<p>Entleerungszentrifugalpumpe m\u00fchelos enorme Mengen an das Ausbringgest\u00e4nge oder das Einarbeitungsger\u00e4t, sodass selbst die gr\u00f6\u00dften Arbeitsbreiten kontinuierlich und optimal versorgt werden.<\/p>\n<p>Bei der Variante mit hydraulisch angetriebener Drehkolbenpumpe, die optional mit einem Vorschnittkasten kombiniert werden kann, zeichnet sich dieses System durch seine Vielseitigkeit aus: D\u00fcngen, Transportieren oder Umf\u00fcllen \u2013 die Drehkolbenpumpe liefert in jeder Situation konstante Leistung. Das Ergebnis ist ein \u00e4u\u00dferst zuverl\u00e4ssiges und flexibles Pumpensystem, das sich an die Anforderungen moderner Lohnunternehmen und Landwirte anpasst.[\/vc_column_text][\/vc_column][\/vc_row][vc_row][vc_column][vc_column_text css=&#8220;&#8220; font_size=&#8220;18&#8243; line_height=&#8220;30&#8243;]Sehen Sie sich die Spezifikationen der Evora unten an.[\/vc_column_text][\/vc_column][\/vc_row][vc_row][vc_column]<style type=\"text\/css\" >#t_yyi4d0or3elweq7igjfb .table_col {color:#3b4559; background:#ffffff;}#t_yyi4d0or3elweq7igjfb .table_col .table_line_ctn {border:1px solid #ecf0f1;}#t_yyi4d0or3elweq7igjfb .table_col .table_line {border-bottom:1px solid #ecf0f1;} <\/style>  \n<!-- Table --><div class=\"rd_table_ctn rd_table_3_col\" id=\"t_yyi4d0or3elweq7igjfb\"><div class=\"table_col\"><h3 style=\"background:#3b4559; color:#ffffff\">Evora<\/h3><div class=\"table_line_ctn\"><div class=\"table_line\"><p>L\u00e4nge<\/p><\/div><div class=\"table_line\"><p>Breite<\/p><\/div><div class=\"table_line\"><p>H\u00f6he<\/p><\/div><div class=\"table_line\"><p>Rumpfdurchmesser<\/p><\/div><div class=\"table_line\"><p>Inhalt<\/p><\/div><div class=\"table_line\"><p>Max. Reifendurchmesser<\/p><\/div><div class=\"table_line\"><p>Max. Reifenbreite<\/p><\/div><div class=\"table_line\"><p>Hubkraft<\/p><\/div><div class=\"table_line\"><p>D\u00fcngemittelaufsatz<\/p><\/div><\/div><\/div><div class=\"table_col\"><h3 style=\"background:#3b4559; color:#ffffff\">21<\/h3><div class=\"table_line_ctn\"><div class=\"table_line\"><p>9.600 mm<\/p><\/div><div class=\"table_line\"><p>2.950 mm<\/p><\/div><div class=\"table_line\"><p>3.750 mm<\/p><\/div><div class=\"table_line\"><p>2.100 mm<\/p><\/div><div class=\"table_line\"><p>21.300 L<\/p><\/div><div class=\"table_line\"><p>2.150 mm<\/p><\/div><div class=\"table_line\"><p>900 mm<\/p><\/div><div class=\"table_line\"><p>9 Ton<\/p><\/div><div class=\"table_line\"><p>Bis zu 27 Meter Arbeitsbreite<\/p><\/div><\/div><\/div><\/div>\r\n\r\n<!-- Table END-->\n[\/vc_column][\/vc_row][vc_row][vc_column][vc_column_text font_size=&#8220;18&#8243; line_height=&#8220;30&#8243;]F\u00fcr weitere Informationen wenden Sie sich bitte an einen unserer Vertriebsmitarbeiter oder suchen Sie einen H\u00e4ndler in Ihrer N\u00e4he.[\/vc_column_text][\/vc_column][\/vc_row][vc_row][vc_column width=&#8220;1\/3&#8243;]<style type=\"text\/css\" >#b_n8yhdrwbzntnhxqs7ghs a{color:#ffffff; background:#3b4559; margin-top:35px; margin-bottom:35px;  margin-left:35px; margin-right:35px; font-weight:900; border-radius:10px;}#b_n8yhdrwbzntnhxqs7ghs a:hover{color:#ffffff ; background:#5e5e5d ;}<\/style><div class=\"ta_left tf_btn_pos\" id=\"b_n8yhdrwbzntnhxqs7ghs\" ><a class=\"rd_normal_bt medium_rd_bt  \" href=\"https:\/\/veenhuis.com\/de\/kontakt\/\" target=\"\"   >Kontakt<\/a><\/div>[\/vc_column][vc_column width=&#8220;1\/3&#8243;]<style type=\"text\/css\" >#b_2zx8526gxppkpyrmmnjv a{color:#ffffff; background:#3b4559; margin-top:35px; margin-bottom:35px;  margin-left:35px; margin-right:35px; font-weight:900; border-radius:10px;}#b_2zx8526gxppkpyrmmnjv a:hover{color:#ffffff ; background:#5e5e5d ;}<\/style><div class=\"ta_left tf_btn_pos\" id=\"b_2zx8526gxppkpyrmmnjv\" ><a class=\"rd_normal_bt medium_rd_bt bt_icon_left   \" href=\"https:\/\/veenhuis.com\/de\/handler\/\" target=\"\"   ><i class=\"oi-designmodo-location\" ><\/i><span>H\u00e4ndler suchen<\/span><\/a><\/div><style type=\"text\/css\" >#b_2zx8526gxppkpyrmmnjv i {color:#ffffff;}#b_2zx8526gxppkpyrmmnjv a:hover i{color:#ffffff;}<\/style><style type='text\/css'> @font-face{font-family: 'oi'; src:url('https:\/\/veenhuis.com\/wp-content\/themes\/thefox\/includes\/4k-icons\/icons\/4k-icons-pack04\/icons\/fonts\/oi.eot'); src:url('https:\/\/veenhuis.com\/wp-content\/themes\/thefox\/includes\/4k-icons\/icons\/4k-icons-pack04\/icons\/fonts\/oi.eot?#iefix') format('embedded-opentype'), url('https:\/\/veenhuis.com\/wp-content\/themes\/thefox\/includes\/4k-icons\/icons\/4k-icons-pack04\/icons\/fonts\/oi.woff') format('woff'), url('https:\/\/veenhuis.com\/wp-content\/themes\/thefox\/includes\/4k-icons\/icons\/4k-icons-pack04\/icons\/fonts\/oi.ttf') format('truetype'), url('https:\/\/veenhuis.com\/wp-content\/themes\/thefox\/includes\/4k-icons\/icons\/4k-icons-pack04\/icons\/fonts\/oi.svg#oi') format('svg'); font-weight: normal; font-style: normal;}#b_2zx8526gxppkpyrmmnjv .oi-designmodo-location:before{font-family: 'oi'; font-weight: normal; font-style: normal;}#b_2zx8526gxppkpyrmmnjv .oi-designmodo-location:before{content: \"\\e009\";}<\/style>\n<div class=\"rd_img_gallery_ctn clearfix\" style=\"margin:0px auto 0px;\"><a class=\"ig_col_1 \" href=\"\"  rel=\"prettyPhoto[rel-1416380208]\" ><\/a><a class=\"ig_col_1 \" href=\"\"  rel=\"prettyPhoto[rel-1416380208]\" ><\/a><a class=\"ig_col_1 \" href=\"\"  rel=\"prettyPhoto[rel-1416380208]\" ><\/a><\/div>[\/vc_column][vc_column width=&#8220;1\/3&#8243;][\/vc_column][\/vc_row][vc_row][vc_column]<style type=\"text\/css\" >#ic_mvabumo8sgnnlidogl1i {margin:0px auto 0px; }#ic_mvabumo8sgnnlidogl1i .ic_left,#ic_mvabumo8sgnnlidogl1i .ic_right,#ic_mvabumo8sgnnlidogl1i .ic_left:after,#ic_mvabumo8sgnnlidogl1i .ic_right:after{border-color:#ecf0f1; background:#ffffff; color:#3b4559; }#ic_mvabumo8sgnnlidogl1i .ic_left:hover,#ic_mvabumo8sgnnlidogl1i .ic_right:hover,#ic_mvabumo8sgnnlidogl1i .ic_left:hover:after,#ic_mvabumo8sgnnlidogl1i .ic_right:hover:after{background:#fffcfc; color:#3b4559; }#ic_mvabumo8sgnnlidogl1i .rd_ic_pager a{border-color:#ecf0f1; background:#ffffff; color:#3b4559; }#ic_mvabumo8sgnnlidogl1i .rd_ic_pager a:hover{border-color:#3b4559; background:#3b4559; color:#ffffff; }<\/style><script type=\"text\/javascript\" charset=\"utf-8\">\r\n\t\t\t\t\r\n\t\tjQuery.noConflict();\r\n\t\/\/setup up Carousel\r\n\t\tjQuery(document).ready(function($) {\t\r\n\t\t\t\r\n\t\t\"use strict\";\r\n\t\t\r\n\t\t\t$(window).load(function(){\r\n\t\t$(\"#ic_mvabumo8sgnnlidogl1i .rd_img_carousel\").carouFredSel({\r\n\t\t\t\t\t\r\n\t\t\t\t\tresponsive: true,\r\n\t\t\t\t\twidth: \"100%\",scroll: 1,\r\n\t\t\t\t\tauto: false,\r\n\t\t\t\t\tprev: \"#ic_mvabumo8sgnnlidogl1i .ic_left\",\r\n\t\t\t\t\tnext: \"#ic_mvabumo8sgnnlidogl1i .ic_right\",\r\n\t\t\t\t\tpagination: \"#ic_mvabumo8sgnnlidogl1i_pager\",\r\n\t\t\t\t\theight : \"variable\",\r\n\t\t\t\t\tswipe       : {\r\n             \t\t   onTouch     : true,\r\n\t\t               onMouse     : false\r\n        \t\t    },\r\n\t\t\t\t\titems: {\r\n\t\t\t\t\theight : \"variable\",\r\n\t\t\t\t\t\tvisible: {\r\n\t\t\t\t\t\t\tmin: 1,\r\n\t\t\t\t\t\t\tmax: 1\r\n\t\t\t\t\t\t}\r\n\t\t\t\t\t}\r\n\t\t\t\t});\r\n\t\t\t\t});\r\n\t\t\t\t});\r\n\t<\/script><div class=\"rd_img_carousel_ctn  \" id=\"ic_mvabumo8sgnnlidogl1i\"><div class=\"rd_img_carousel\"><a href=\"https:\/\/veenhuis.com\/wp-content\/uploads\/2026\/01\/DSC07371-1024x680.jpg\"  rel=\"prettyPhoto[rel-mvabumo8sgnnlidogl1i]\" ><img loading=\"lazy\" decoding=\"async\" width=\"2560\" height=\"1699\" src=\"https:\/\/veenhuis.com\/wp-content\/uploads\/2026\/01\/DSC07371.jpg\" class=\"attachment-full\" alt=\"\" title=\"DSC07371\" srcset=\"https:\/\/veenhuis.com\/wp-content\/uploads\/2026\/01\/DSC07371.jpg 2560w, https:\/\/veenhuis.com\/wp-content\/uploads\/2026\/01\/DSC07371-300x199.jpg 300w, https:\/\/veenhuis.com\/wp-content\/uploads\/2026\/01\/DSC07371-1024x680.jpg 1024w, https:\/\/veenhuis.com\/wp-content\/uploads\/2026\/01\/DSC07371-768x510.jpg 768w, https:\/\/veenhuis.com\/wp-content\/uploads\/2026\/01\/DSC07371-1536x1019.jpg 1536w, https:\/\/veenhuis.com\/wp-content\/uploads\/2026\/01\/DSC07371-2048x1359.jpg 2048w, https:\/\/veenhuis.com\/wp-content\/uploads\/2026\/01\/DSC07371-700x465.jpg 700w\" sizes=\"auto, (max-width: 2560px) 100vw, 2560px\" \/><\/a><a href=\"https:\/\/veenhuis.com\/wp-content\/uploads\/2026\/01\/DJI_20250924104427_0030_D-2-1024x683.jpg\"  rel=\"prettyPhoto[rel-mvabumo8sgnnlidogl1i]\" ><img loading=\"lazy\" decoding=\"async\" width=\"2560\" height=\"1707\" src=\"https:\/\/veenhuis.com\/wp-content\/uploads\/2026\/01\/DJI_20250924104427_0030_D-2.jpg\" class=\"attachment-full\" alt=\"\" title=\"default\" srcset=\"https:\/\/veenhuis.com\/wp-content\/uploads\/2026\/01\/DJI_20250924104427_0030_D-2.jpg 2560w, https:\/\/veenhuis.com\/wp-content\/uploads\/2026\/01\/DJI_20250924104427_0030_D-2-300x200.jpg 300w, https:\/\/veenhuis.com\/wp-content\/uploads\/2026\/01\/DJI_20250924104427_0030_D-2-1024x683.jpg 1024w, https:\/\/veenhuis.com\/wp-content\/uploads\/2026\/01\/DJI_20250924104427_0030_D-2-768x512.jpg 768w, https:\/\/veenhuis.com\/wp-content\/uploads\/2026\/01\/DJI_20250924104427_0030_D-2-1536x1024.jpg 1536w, https:\/\/veenhuis.com\/wp-content\/uploads\/2026\/01\/DJI_20250924104427_0030_D-2-2048x1366.jpg 2048w, https:\/\/veenhuis.com\/wp-content\/uploads\/2026\/01\/DJI_20250924104427_0030_D-2-700x467.jpg 700w\" sizes=\"auto, (max-width: 2560px) 100vw, 2560px\" \/><\/a><a href=\"https:\/\/veenhuis.com\/wp-content\/uploads\/2026\/01\/DSC07378-1024x680.jpg\"  rel=\"prettyPhoto[rel-mvabumo8sgnnlidogl1i]\" ><img loading=\"lazy\" decoding=\"async\" width=\"2560\" height=\"1701\" src=\"https:\/\/veenhuis.com\/wp-content\/uploads\/2026\/01\/DSC07378.jpg\" class=\"attachment-full\" alt=\"\" title=\"DSC07378\" srcset=\"https:\/\/veenhuis.com\/wp-content\/uploads\/2026\/01\/DSC07378.jpg 2560w, https:\/\/veenhuis.com\/wp-content\/uploads\/2026\/01\/DSC07378-300x199.jpg 300w, https:\/\/veenhuis.com\/wp-content\/uploads\/2026\/01\/DSC07378-1024x680.jpg 1024w, https:\/\/veenhuis.com\/wp-content\/uploads\/2026\/01\/DSC07378-768x510.jpg 768w, https:\/\/veenhuis.com\/wp-content\/uploads\/2026\/01\/DSC07378-1536x1021.jpg 1536w, https:\/\/veenhuis.com\/wp-content\/uploads\/2026\/01\/DSC07378-2048x1361.jpg 2048w, https:\/\/veenhuis.com\/wp-content\/uploads\/2026\/01\/DSC07378-700x465.jpg 700w\" sizes=\"auto, (max-width: 2560px) 100vw, 2560px\" \/><\/a><a href=\"https:\/\/veenhuis.com\/wp-content\/uploads\/2026\/01\/DSC07315-1024x683.jpg\"  rel=\"prettyPhoto[rel-mvabumo8sgnnlidogl1i]\" ><img loading=\"lazy\" decoding=\"async\" width=\"2560\" height=\"1707\" src=\"https:\/\/veenhuis.com\/wp-content\/uploads\/2026\/01\/DSC07315.jpg\" class=\"attachment-full\" alt=\"\" title=\"DSC07315\" srcset=\"https:\/\/veenhuis.com\/wp-content\/uploads\/2026\/01\/DSC07315.jpg 2560w, https:\/\/veenhuis.com\/wp-content\/uploads\/2026\/01\/DSC07315-300x200.jpg 300w, https:\/\/veenhuis.com\/wp-content\/uploads\/2026\/01\/DSC07315-1024x683.jpg 1024w, https:\/\/veenhuis.com\/wp-content\/uploads\/2026\/01\/DSC07315-768x512.jpg 768w, https:\/\/veenhuis.com\/wp-content\/uploads\/2026\/01\/DSC07315-1536x1024.jpg 1536w, https:\/\/veenhuis.com\/wp-content\/uploads\/2026\/01\/DSC07315-2048x1366.jpg 2048w, https:\/\/veenhuis.com\/wp-content\/uploads\/2026\/01\/DSC07315-700x467.jpg 700w\" sizes=\"auto, (max-width: 2560px) 100vw, 2560px\" \/><\/a><a href=\"https:\/\/veenhuis.com\/wp-content\/uploads\/2026\/01\/DJI_20250924104246_0024_D-1-1024x683.jpg\"  rel=\"prettyPhoto[rel-mvabumo8sgnnlidogl1i]\" ><img loading=\"lazy\" decoding=\"async\" width=\"2560\" height=\"1707\" src=\"https:\/\/veenhuis.com\/wp-content\/uploads\/2026\/01\/DJI_20250924104246_0024_D-1.jpg\" class=\"attachment-full\" alt=\"\" title=\"default\" srcset=\"https:\/\/veenhuis.com\/wp-content\/uploads\/2026\/01\/DJI_20250924104246_0024_D-1.jpg 2560w, https:\/\/veenhuis.com\/wp-content\/uploads\/2026\/01\/DJI_20250924104246_0024_D-1-300x200.jpg 300w, https:\/\/veenhuis.com\/wp-content\/uploads\/2026\/01\/DJI_20250924104246_0024_D-1-1024x683.jpg 1024w, https:\/\/veenhuis.com\/wp-content\/uploads\/2026\/01\/DJI_20250924104246_0024_D-1-768x512.jpg 768w, https:\/\/veenhuis.com\/wp-content\/uploads\/2026\/01\/DJI_20250924104246_0024_D-1-1536x1024.jpg 1536w, https:\/\/veenhuis.com\/wp-content\/uploads\/2026\/01\/DJI_20250924104246_0024_D-1-2048x1366.jpg 2048w, https:\/\/veenhuis.com\/wp-content\/uploads\/2026\/01\/DJI_20250924104246_0024_D-1-700x467.jpg 700w\" sizes=\"auto, (max-width: 2560px) 100vw, 2560px\" \/><\/a><\/div><div id=\"ic_mvabumo8sgnnlidogl1i_pager\" class=\"rd_ic_pager\"><\/div><\/div>[\/vc_column][\/vc_row][vc_row type=&#8220;full-width-section&#8220; css=&#8220;.vc_custom_1643897018934{margin-top: 0px !important;margin-bottom: 0px !important;padding-top: 50px !important;padding-bottom: 25px !important;background-color: #3b4559 !important;}&#8220;][vc_column width=&#8220;1\/3&#8243;][vc_custom_heading text=&#8220;Folgen Sie Veenhuis auf&#8220; font_container=&#8220;tag:h2|font_size:16|text_align:left|color:%23ffffff&#8220; use_theme_fonts=&#8220;yes&#8220;][vc_row_inner css=&#8220;.vc_custom_1480520858985{margin-top: 0px !important;}&#8220;][vc_column_inner width=&#8220;1\/4&#8243; css=&#8220;.vc_custom_1482150802544{margin-bottom: 10px !important;}&#8220;][vc_single_image image=&#8220;6597&#8243; img_size=&#8220;full&#8220; alignment=&#8220;center&#8220; onclick=&#8220;custom_link&#8220; img_link_target=&#8220;_blank&#8220; link=&#8220;https:\/\/www.facebook.com\/VeenhuisMachines\/?fref=ts&#8220;][\/vc_column_inner][vc_column_inner width=&#8220;1\/4&#8243; css=&#8220;.vc_custom_1482150808157{margin-bottom: 10px !important;}&#8220;][vc_single_image image=&#8220;6601&#8243; img_size=&#8220;full&#8220; alignment=&#8220;center&#8220; onclick=&#8220;custom_link&#8220; img_link_target=&#8220;_blank&#8220; link=&#8220;https:\/\/www.youtube.com\/user\/VMRVeenhuis&#8220;][\/vc_column_inner][vc_column_inner width=&#8220;1\/4&#8243; css=&#8220;.vc_custom_1482150814525{margin-bottom: 10px !important;}&#8220;][vc_single_image image=&#8220;6605&#8243; img_size=&#8220;full&#8220; alignment=&#8220;center&#8220; onclick=&#8220;custom_link&#8220; img_link_target=&#8220;_blank&#8220; link=&#8220;https:\/\/www.linkedin.com\/company\/6968519?trk=vsrp_companies_cluster_name&amp;trkInfo=VSRPsearchId%3A721065911480514740882%2CVSRPtargetId%3A6968519%2CVSRPcmpt%3Acompanies_cluster&#8220;][\/vc_column_inner][vc_column_inner width=&#8220;1\/4&#8243;][\/vc_column_inner][\/vc_row_inner][\/vc_column][vc_column width=&#8220;1\/3&#8243;][\/vc_column][vc_column width=&#8220;1\/3&#8243;][vc_single_image image=&#8220;12850&#8243; img_size=&#8220;full&#8220; alignment=&#8220;right&#8220; css=&#8220;.vc_custom_1643897045383{margin-bottom: 10px !important;}&#8220; animation=&#8220;rda_fadeInDown&#8220;][vc_custom_heading text=&#8220;Master your Manure&#8220; font_container=&#8220;tag:h2|font_size:32|text_align:center|color:%23ffffff&#8220; google_fonts=&#8220;font_family:Exo%3A100%2C100italic%2C200%2C200italic%2C300%2C300italic%2Cregular%2Citalic%2C500%2C500italic%2C600%2C600italic%2C700%2C700italic%2C800%2C800italic%2C900%2C900italic|font_style:300%20light%20regular%3A300%3Anormal&#8220;][\/vc_column][\/vc_row]<\/p>\n<\/div>","protected":false},"excerpt":{"rendered":"<p>[vc_row type=&#8220;full-width-section&#8220; css=&#8220;.vc_custom_1481019376901{margin-bottom: 0px !important;padding-top: 50px !important;padding-bottom: 35px !important;}&#8220;][vc_column][vc_custom_heading text=&#8220;Evora tanks&#8220; font_container=&#8220;tag:h1|font_size:26|text_align:left|color:%233b4559&#8243; use_theme_fonts=&#8220;yes&#8220; css=&#8220;&#8220;][\/vc_column][\/vc_row][vc_row][vc_column][vc_column_text css=&#8220;&#8220; font_size=&#8220;18&#8243; line_height=&#8220;30&#8243;]Veenhuis Evora ist die neuentwickelte G\u00fcllefassbaureihe, die mit den modernsten Innovationen ausgestattet werden kann. Durch die kompakte und dennoch robuste Bauweise haben die G\u00fcllef\u00e4sser eine lange Lebensdauer und optimale Man\u00f6vrierf\u00e4higkeit. Dank der Vielzahl an Optionen erf\u00fcllt die Baureihe alle<br \/><a href=\"https:\/\/veenhuis.com\/de\/produkte\/gulle-transportieren\/evora\/\" class=\"more\">Read more<\/a><\/p>\n","protected":false},"author":1,"featured_media":0,"parent":2617,"menu_order":0,"comment_status":"closed","ping_status":"closed","template":"","meta":{"_exactmetrics_skip_tracking":false,"_exactmetrics_sitenote_active":false,"_exactmetrics_sitenote_note":"","_exactmetrics_sitenote_category":0,"footnotes":""},"class_list":["post-2621","page","type-page","status-publish","hentry"],"_links":{"self":[{"href":"https:\/\/veenhuis.com\/de\/wp-json\/wp\/v2\/pages\/2621","targetHints":{"allow":["GET"]}}],"collection":[{"href":"https:\/\/veenhuis.com\/de\/wp-json\/wp\/v2\/pages"}],"about":[{"href":"https:\/\/veenhuis.com\/de\/wp-json\/wp\/v2\/types\/page"}],"author":[{"embeddable":true,"href":"https:\/\/veenhuis.com\/de\/wp-json\/wp\/v2\/users\/1"}],"replies":[{"embeddable":true,"href":"https:\/\/veenhuis.com\/de\/wp-json\/wp\/v2\/comments?post=2621"}],"version-history":[{"count":33,"href":"https:\/\/veenhuis.com\/de\/wp-json\/wp\/v2\/pages\/2621\/revisions"}],"predecessor-version":[{"id":15096,"href":"https:\/\/veenhuis.com\/de\/wp-json\/wp\/v2\/pages\/2621\/revisions\/15096"}],"up":[{"embeddable":true,"href":"https:\/\/veenhuis.com\/de\/wp-json\/wp\/v2\/pages\/2617"}],"wp:attachment":[{"href":"https:\/\/veenhuis.com\/de\/wp-json\/wp\/v2\/media?parent=2621"}],"curies":[{"name":"wp","href":"https:\/\/api.w.org\/{rel}","templated":true}]}}