{"id":2623,"date":"2017-08-02T16:29:12","date_gmt":"2017-08-02T14:29:12","guid":{"rendered":"http:\/\/test4remarkable.nl\/produkte\/gulle-transportieren\/premium-gullefasser\/"},"modified":"2022-05-05T14:40:52","modified_gmt":"2022-05-05T12:40:52","slug":"premium-gullefasser","status":"publish","type":"page","link":"https:\/\/veenhuis.com\/de\/produkte\/gulle-transportieren\/premium-gullefasser\/","title":{"rendered":"<STRONG>Premium<\/STRONG>line F\u00e4sser"},"content":{"rendered":"<div class=\"wpb-content-wrapper\"><p>[vc_row type=&#8220;full-width-section&#8220; css=&#8220;.vc_custom_1481019376901{margin-bottom: 0px !important;padding-top: 50px !important;padding-bottom: 35px !important;}&#8220;][vc_column][vc_custom_heading text=&#8220;<strong>Premium<\/strong>line F\u00e4sser&#8220; font_container=&#8220;tag:h1|font_size:26|text_align:left|color:%233b4559&#8243; use_theme_fonts=&#8220;yes&#8220;][vc_column_text font_size=&#8220;18&#8243; line_height=&#8220;30&#8243;]Die Veenhuis Premiumline F\u00e4sser sind serienm\u00e4\u00dfig umfangreich ausgestattet und k\u00f6nnen dar\u00fcber hinaus mit vielen Optionen ausgestattet werden. Der Premiumline-Fass ist als Einachser erh\u00e4ltlich und verf\u00fcgt \u00fcber das sogenannte \u201eHundegang\u201c-System. Denn der Fass ist mit einer Knickdeichsel ausgestattet. Dank der Knickdeichsel kann der Fass schr\u00e4g hinter dem Schlepper herfahren, sodass er nicht die gleiche Spur wie der Schlepper durchf\u00e4hrt. Dadurch wird die Spurrinnenbildung reduziert und eine Bodenverdichtung verhindert. Durch die kompakte Bauweise und die Knickdeichsel ist der Fass sehr wendig. Bei diesem Premium-Fass sind Tank und Fahrgestell voneinander getrennt, sodass die Zugkr\u00e4fte vom Schlepper auf das Fahrgestell \u00fcbertragen werden. Der Fass kann mit 3 verschiedenen Pumpsystemen ausgestattet werden, n\u00e4mlich Vakuumpumpe, Vakuumkreiselpumpe oder Verdr\u00e4ngerpumpe. Er ist bereits serienm\u00e4\u00dfig unter anderem mit einem ISOBUS-System \u00fcppig ausgestattet und mit einem Fassungsverm\u00f6gen von 14.000 Liter und 16.000 Liter erh\u00e4ltlich.[\/vc_column_text][\/vc_column][\/vc_row][vc_row][vc_column width=&#8220;1\/2&#8243;][vc_column_text font_size=&#8220;18&#8243; line_height=&#8220;30&#8243;]<strong>Merkmale<\/strong><\/p>\n<ul>\n<li>Hohe Wendigkeit durch kompakte Bauweise<\/li>\n<li>Maximale Kapazit\u00e4t<\/li>\n<li>Reifengr\u00f6\u00dfe bis 1050\/50 R32 verf\u00fcgbar<\/li>\n<li>Gelenkdeichsel<\/li>\n<li>Auswahl aus 3 verschiedenen Pumpensystemen<\/li>\n<li>Doppeltwirkender 4-Punkt-Veenhuis-Wagenheber<\/li>\n<\/ul>\n<p>[\/vc_column_text][\/vc_column][vc_column width=&#8220;1\/2&#8243;][vc_single_image image=&#8220;13531&#8243; img_size=&#8220;large&#8220;][\/vc_column][\/vc_row][vc_row][vc_column width=&#8220;1\/2&#8243;][vc_single_image image=&#8220;13535&#8243; img_size=&#8220;large&#8220;][\/vc_column][vc_column width=&#8220;1\/2&#8243;][vc_column_text font_size=&#8220;18&#8243; line_height=&#8220;30&#8243;]<strong>Minimaler Bodendruck<\/strong><\/p>\n<p>Die Premiumline-F\u00e4sser von Veenhuis sind mit einer Knickdeichsel ausgestattet, die es erm\u00f6glicht, im \u201eHundegang\u201c zu d\u00fcngen. Die Knickdeichsel reduziert die Bodenverdichtung, da die R\u00e4der des F\u00e4sser nicht auf der gleichen Spur wie die des Traktors laufen. Grassch\u00e4den am Vorgewende werden ebenfalls reduziert. Durch Ver\u00e4ndern der Knickdeichselposition am Vorgewende wird eine weite Kurve gefahren.[\/vc_column_text][\/vc_column][\/vc_row][vc_row][vc_column][vc_column_text font_size=&#8220;18&#8243; line_height=&#8220;30&#8243;]Nachstehend finden Sie die Spezifikationen der einachsigen Premiumline-Tanks.[\/vc_column_text][\/vc_column][\/vc_row][vc_row][vc_column]<style type=\"text\/css\" >#t_nkqd2injvce49glo2mpd .table_col {color:#3b4559; background:#ffffff;}#t_nkqd2injvce49glo2mpd .table_col .table_line_ctn {border:1px solid #ecf0f1;}#t_nkqd2injvce49glo2mpd .table_col .table_line {border-bottom:1px solid #ecf0f1;} <\/style>  \n<!-- Table --><div class=\"rd_table_ctn rd_table_3_col\" id=\"t_nkqd2injvce49glo2mpd\"><div class=\"table_col\"><h3 style=\"background:#3b4559; color:#ffffff\">Type<\/h3><div class=\"table_line_ctn\"><div class=\"table_line\"><p>Inhalt (Liter)<\/p><\/div><div class=\"table_line\"><p>Tankdurchmesser (mm)<\/p><\/div><div class=\"table_line\"><p>L\u00e4nge des Rumpfes (mm)<\/p><\/div><div class=\"table_line\"><p>Standardreifen<\/p><\/div><div class=\"table_line\"><p>Pumpensystem<\/p><\/div><div class=\"table_line\"><p><\/p><\/div><\/div><\/div><div class=\"table_col\"><h3 style=\"background:#3b4559; color:#ffffff\">Premium Einachser<\/h3><div class=\"table_line_ctn\"><div class=\"table_line\"><p>14.000<\/p><\/div><div class=\"table_line\"><p>2100<\/p><\/div><div class=\"table_line\"><p>4000<\/p><\/div><div class=\"table_line\"><p>Alliance 900\/65 R32<\/p><\/div><div class=\"table_line\"><p>Vakuum\/Vakuum-Zentrifugal\/Verdr\u00e4ngerpumpe<\/p><\/div><\/div><\/div><div class=\"table_col\"><h3 style=\"background:#3b4559; color:#ffffff\">Premium Einachser<\/h3><div class=\"table_line_ctn\"><div class=\"table_line\"><p>16.000<\/p><\/div><div class=\"table_line\"><p>2100<\/p><\/div><div class=\"table_line\"><p>4500<\/p><\/div><div class=\"table_line\"><p>Alliance 900\/65 R32<\/p><\/div><div class=\"table_line\"><p>Vakuum\/Vakuum-Zentrifugal\/Verdr\u00e4ngerpumpe<\/p><\/div><\/div><\/div><\/div>\r\n\r\n<!-- Table END-->\n[\/vc_column][\/vc_row][vc_row][vc_column][vc_column_text font_size=&#8220;18&#8243; line_height=&#8220;30&#8243;]Sehen Sie sich unten das Video \u201eMeet the Masters\u201c an, in dem Lohnunternehmen Vink die Benutzererfahrungen unter anderem mit dem Veenhuis Premiumline-Fass teilt.[\/vc_column_text][\/vc_column][\/vc_row][vc_row][vc_column][vc_video link=&#8220;https:\/\/www.youtube.com\/watch?v=xjrpacA6TjI&amp;t=79s&#8220;][\/vc_column][\/vc_row][vc_row][vc_column][vc_column_text font_size=&#8220;18&#8243; line_height=&#8220;30&#8243;]F\u00fcr weitere Informationen wenden Sie sich bitte an einen unserer Vertriebsmitarbeiter oder suchen Sie einen H\u00e4ndler in Ihrer N\u00e4he.[\/vc_column_text][\/vc_column][\/vc_row][vc_row][vc_column width=&#8220;1\/3&#8243;]<style type=\"text\/css\" >#b_8h6k85234m4khovf6cx0 a{color:#ffffff; background:#3b4559; margin-top:35px; margin-bottom:35px;  margin-left:35px; margin-right:35px; font-weight:900; border-radius:10px;}#b_8h6k85234m4khovf6cx0 a:hover{color:#ffffff ; background:#5e5e5d ;}<\/style><div class=\"ta_left tf_btn_pos\" id=\"b_8h6k85234m4khovf6cx0\" ><a class=\"rd_normal_bt medium_rd_bt  \" href=\"https:\/\/veenhuis.com\/de\/kontakt\/\" target=\"\"   >Kontakt<\/a><\/div>[\/vc_column][vc_column width=&#8220;1\/3&#8243;]<style type=\"text\/css\" >#b_1jm26daielhx6i5wh64z a{color:#ffffff; background:#3b4559; margin-top:35px; margin-bottom:35px;  margin-left:35px; margin-right:35px; font-weight:900; border-radius:10px;}#b_1jm26daielhx6i5wh64z a:hover{color:#ffffff ; background:#5e5e5d ;}<\/style><div class=\"ta_left tf_btn_pos\" id=\"b_1jm26daielhx6i5wh64z\" ><a class=\"rd_normal_bt medium_rd_bt bt_icon_left   \" href=\"https:\/\/veenhuis.com\/de\/handler\/\" target=\"\"   ><i class=\"oi-designmodo-location\" ><\/i><span>H\u00e4ndler suchen<\/span><\/a><\/div><style type=\"text\/css\" >#b_1jm26daielhx6i5wh64z i {color:#ffffff;}#b_1jm26daielhx6i5wh64z a:hover i{color:#ffffff;}<\/style><style type='text\/css'> @font-face{font-family: 'oi'; src:url('https:\/\/veenhuis.com\/wp-content\/themes\/thefox\/includes\/4k-icons\/icons\/4k-icons-pack04\/icons\/fonts\/oi.eot'); src:url('https:\/\/veenhuis.com\/wp-content\/themes\/thefox\/includes\/4k-icons\/icons\/4k-icons-pack04\/icons\/fonts\/oi.eot?#iefix') format('embedded-opentype'), url('https:\/\/veenhuis.com\/wp-content\/themes\/thefox\/includes\/4k-icons\/icons\/4k-icons-pack04\/icons\/fonts\/oi.woff') format('woff'), url('https:\/\/veenhuis.com\/wp-content\/themes\/thefox\/includes\/4k-icons\/icons\/4k-icons-pack04\/icons\/fonts\/oi.ttf') format('truetype'), url('https:\/\/veenhuis.com\/wp-content\/themes\/thefox\/includes\/4k-icons\/icons\/4k-icons-pack04\/icons\/fonts\/oi.svg#oi') format('svg'); font-weight: normal; font-style: normal;}#b_1jm26daielhx6i5wh64z .oi-designmodo-location:before{font-family: 'oi'; font-weight: normal; font-style: normal;}#b_1jm26daielhx6i5wh64z .oi-designmodo-location:before{content: \"\\e009\";}<\/style>\n[\/vc_column][vc_column width=&#8220;1\/3&#8243;][\/vc_column][\/vc_row][vc_row type=&#8220;full-width-section&#8220; css=&#8220;.vc_custom_1643897362849{margin-top: 0px !important;margin-bottom: 0px !important;padding-top: 50px !important;padding-bottom: 25px !important;background-color: #3b4559 !important;}&#8220;][vc_column width=&#8220;1\/3&#8243;][vc_custom_heading text=&#8220;Folgen Sie Veenhuis auf&#8220; font_container=&#8220;tag:h2|font_size:16|text_align:left|color:%23ffffff&#8220; use_theme_fonts=&#8220;yes&#8220;][vc_row_inner css=&#8220;.vc_custom_1480520858985{margin-top: 0px !important;}&#8220;][vc_column_inner width=&#8220;1\/4&#8243; css=&#8220;.vc_custom_1482150802544{margin-bottom: 10px !important;}&#8220;][vc_single_image image=&#8220;6597&#8243; img_size=&#8220;full&#8220; alignment=&#8220;center&#8220; onclick=&#8220;custom_link&#8220; img_link_target=&#8220;_blank&#8220; link=&#8220;https:\/\/www.facebook.com\/VeenhuisMachines\/?fref=ts&#8220;][\/vc_column_inner][vc_column_inner width=&#8220;1\/4&#8243; css=&#8220;.vc_custom_1482150808157{margin-bottom: 10px !important;}&#8220;][vc_single_image image=&#8220;6601&#8243; img_size=&#8220;full&#8220; alignment=&#8220;center&#8220; onclick=&#8220;custom_link&#8220; img_link_target=&#8220;_blank&#8220; link=&#8220;https:\/\/www.youtube.com\/user\/VMRVeenhuis&#8220;][\/vc_column_inner][vc_column_inner width=&#8220;1\/4&#8243; css=&#8220;.vc_custom_1482150814525{margin-bottom: 10px !important;}&#8220;][vc_single_image image=&#8220;6605&#8243; img_size=&#8220;full&#8220; alignment=&#8220;center&#8220; onclick=&#8220;custom_link&#8220; img_link_target=&#8220;_blank&#8220; link=&#8220;https:\/\/www.linkedin.com\/company\/6968519?trk=vsrp_companies_cluster_name&amp;trkInfo=VSRPsearchId%3A721065911480514740882%2CVSRPtargetId%3A6968519%2CVSRPcmpt%3Acompanies_cluster&#8220;][\/vc_column_inner][vc_column_inner width=&#8220;1\/4&#8243;][\/vc_column_inner][\/vc_row_inner][\/vc_column][vc_column width=&#8220;1\/3&#8243;][\/vc_column][vc_column width=&#8220;1\/3&#8243;][vc_single_image image=&#8220;12850&#8243; img_size=&#8220;full&#8220; alignment=&#8220;right&#8220; animation=&#8220;rda_fadeInDown&#8220; css=&#8220;.vc_custom_1643897388809{margin-bottom: 10px !important;}&#8220;][vc_custom_heading text=&#8220;Master your Manure&#8220; font_container=&#8220;tag:h2|font_size:32|text_align:center|color:%23ffffff&#8220; google_fonts=&#8220;font_family:Exo%3A100%2C100italic%2C200%2C200italic%2C300%2C300italic%2Cregular%2Citalic%2C500%2C500italic%2C600%2C600italic%2C700%2C700italic%2C800%2C800italic%2C900%2C900italic|font_style:300%20light%20regular%3A300%3Anormal&#8220;][\/vc_column][\/vc_row]<\/p>\n<\/div>","protected":false},"excerpt":{"rendered":"<p>[vc_row type=&#8220;full-width-section&#8220; css=&#8220;.vc_custom_1481019376901{margin-bottom: 0px !important;padding-top: 50px !important;padding-bottom: 35px !important;}&#8220;][vc_column][vc_custom_heading text=&#8220;Premiumline F\u00e4sser&#8220; font_container=&#8220;tag:h1|font_size:26|text_align:left|color:%233b4559&#8243; use_theme_fonts=&#8220;yes&#8220;][vc_column_text font_size=&#8220;18&#8243; line_height=&#8220;30&#8243;]Die Veenhuis Premiumline F\u00e4sser sind serienm\u00e4\u00dfig umfangreich ausgestattet und k\u00f6nnen dar\u00fcber hinaus mit vielen Optionen ausgestattet werden. Der Premiumline-Fass ist als Einachser erh\u00e4ltlich und verf\u00fcgt \u00fcber das sogenannte \u201eHundegang\u201c-System. Denn der Fass ist mit einer Knickdeichsel ausgestattet. Dank der Knickdeichsel kann<br \/><a href=\"https:\/\/veenhuis.com\/de\/produkte\/gulle-transportieren\/premium-gullefasser\/\" class=\"more\">Read more<\/a><\/p>\n","protected":false},"author":1,"featured_media":0,"parent":2617,"menu_order":0,"comment_status":"closed","ping_status":"closed","template":"","meta":{"_exactmetrics_skip_tracking":false,"_exactmetrics_sitenote_active":false,"_exactmetrics_sitenote_note":"","_exactmetrics_sitenote_category":0,"footnotes":""},"class_list":["post-2623","page","type-page","status-publish","hentry"],"_links":{"self":[{"href":"https:\/\/veenhuis.com\/de\/wp-json\/wp\/v2\/pages\/2623","targetHints":{"allow":["GET"]}}],"collection":[{"href":"https:\/\/veenhuis.com\/de\/wp-json\/wp\/v2\/pages"}],"about":[{"href":"https:\/\/veenhuis.com\/de\/wp-json\/wp\/v2\/types\/page"}],"author":[{"embeddable":true,"href":"https:\/\/veenhuis.com\/de\/wp-json\/wp\/v2\/users\/1"}],"replies":[{"embeddable":true,"href":"https:\/\/veenhuis.com\/de\/wp-json\/wp\/v2\/comments?post=2623"}],"version-history":[{"count":25,"href":"https:\/\/veenhuis.com\/de\/wp-json\/wp\/v2\/pages\/2623\/revisions"}],"predecessor-version":[{"id":13539,"href":"https:\/\/veenhuis.com\/de\/wp-json\/wp\/v2\/pages\/2623\/revisions\/13539"}],"up":[{"embeddable":true,"href":"https:\/\/veenhuis.com\/de\/wp-json\/wp\/v2\/pages\/2617"}],"wp:attachment":[{"href":"https:\/\/veenhuis.com\/de\/wp-json\/wp\/v2\/media?parent=2623"}],"curies":[{"name":"wp","href":"https:\/\/api.w.org\/{rel}","templated":true}]}}