{"id":2629,"date":"2017-08-02T16:29:19","date_gmt":"2017-08-02T14:29:19","guid":{"rendered":"http:\/\/test4remarkable.nl\/produkte\/gulle-anwenden\/nutriflow-prazisionsdungung\/"},"modified":"2022-04-08T15:05:33","modified_gmt":"2022-04-08T13:05:33","slug":"nutriflow-prazisionsdungung","status":"publish","type":"page","link":"https:\/\/veenhuis.com\/de\/produkte\/gulle-anwenden\/nutriflow-prazisionsdungung\/","title":{"rendered":"Nutri-flow Pr\u00e4zisionsd\u00fcngung"},"content":{"rendered":"<div class=\"wpb-content-wrapper\"><p>[vc_row][vc_column][vc_custom_heading text=&#8220;Pr\u00e4zisionsd\u00fcngung&#8220; font_container=&#8220;tag:h1|font_size:26|text_align:left|color:%233b4559&#8243; use_theme_fonts=&#8220;yes&#8220;][\/vc_column][\/vc_row][vc_row][vc_column][vc_column_text font_size=&#8220;18&#8243; line_height=&#8220;30&#8243;]Weltweit steigt die Nachfrage nach Lebensmitteln, so dass eine effiziente und nachhaltige Landwirtschaft immer wichtiger wird. Es ist daher wichtiger denn je, ein Minimum an Emissionen und ein Maximum an Ertr\u00e4gen aus tierischem D\u00fcnger zu gew\u00e4hrleisten.<\/p>\n<p>Bei Veenhuis betrachten wir G\u00fclle als wertvollen N\u00e4hrstoff. Mit unseren L\u00f6sungen f\u00fcr die Pr\u00e4zisionsd\u00fcngung wollen wir dazu beitragen, die Landwirtschaft nachhaltiger zu gestalten. Durch die maximale Ausnutzung der in der G\u00fclle enthaltenen N\u00e4hrstoffe wird ein optimaler Ertrag bei minimalem Einsatz von Kunstd\u00fcnger erzielt. Auch die Qualit\u00e4t der Ernte ist besser. Dank der pr\u00e4zisen Ausbringung von G\u00fclle wird eine bessere N\u00e4hrstoffausnutzung erreicht, und sie tr\u00e4gt durch die emissionsarme Ausbringung von G\u00fclle zur Verringerung der Stickstoffemissionen bei.[\/vc_column_text][\/vc_column][\/vc_row][vc_row][vc_column][vc_custom_heading text=&#8220;Veenhuis Nutri-Flow&#8220; font_container=&#8220;tag:h1|font_size:24|text_align:left|color:%233b4559&#8243; use_theme_fonts=&#8220;yes&#8220;][\/vc_column][\/vc_row][vc_row][vc_column][vc_column_text font_size=&#8220;18&#8243; line_height=&#8220;30&#8243;]Bei der Pr\u00e4zisionsd\u00fcngung geht es darum, die Ernteertr\u00e4ge zu optimieren, indem die Ausbringung von D\u00fcngemitteln so gesteuert wird, dass die richtige Menge an D\u00fcngemitteln zur richtigen Zeit am richtigen Ort f\u00fcr die Pflanzen zur Verf\u00fcgung steht. Auf der Grundlage von Informationen \u00fcber die unterschiedlichen Eigenschaften der Kultur, des Bodens und des D\u00fcngers kann der Einsatz von D\u00fcngemitteln standortspezifisch festgelegt werden. Anstatt ein ganzes Feld gleichm\u00e4\u00dfig zu d\u00fcngen, kann auch eine Voraus- oder Ausgleichsd\u00fcngung durchgef\u00fchrt werden. Dies bedeutet, dass f\u00fcr den gleichen Ertrag weniger D\u00fcnger ben\u00f6tigt wird und die Auswaschung von N\u00e4hrstoffen begrenzt ist. Um dies zu erreichen, hat Veenhuis das Nutri-Flow-System entwickelt.<\/p>\n<p>Mit der Entwicklung von Nutri-Flow machte Veenhuis den Anfang mit der Bewertung von organischem D\u00fcnger auf der Grundlage einer N\u00e4hrstoffanalyse. Mit Hilfe der NIRS-Analyse (Nah-Infrarot-Technik) werden die N\u00e4hrstoffe Stickstoff, Phosphat, Kalium, Ammonium und Trockenmasse im G\u00fclle gemessen. Die Analyse kann an der Quelle, vor dem Transport, aber auch in Echtzeit w\u00e4hrend der emissionsfreien Ausbringung von organischem D\u00fcnger erfolgen.[\/vc_column_text][\/vc_column][\/vc_row][vc_row][vc_column][vc_single_image image=&#8220;11243&#8243; img_size=&#8220;600&#215;400&#8243;][\/vc_column][\/vc_row][vc_row][vc_column][vc_column_text font_size=&#8220;18&#8243; line_height=&#8220;30&#8243;]Der Nutri-Flow-Sensor, der die Werte in der G\u00fclle misst, ist am Tank montiert. Auf der Grundlage der gemessenen Werte in der G\u00fclle wird standortbezogen ged\u00fcngt; die Pflanzen erhalten genau die Menge, die sie ben\u00f6tigen. Dies gew\u00e4hrleistet eine effizientere Nutzung der G\u00fclle und verringert die Auswaschung und Emissionen. Im Frontkraftheber des Traktors kann ein Tank mit einem Fl\u00fcssigd\u00fcnger angebracht werden. Der D\u00fcnger kann auf der Grundlage einer Aufgabenkarte dosiert werden. Das System ist vollst\u00e4ndig Isobus-gesteuert und f\u00e4hrt auf der Grundlage der GPS-Positionierung. Au\u00dferdem gibt es am Probenehmer eine Abschnittsbegrenzung, so dass \u00dcberschneidungen auf ein Minimum reduziert werden.<\/p>\n<p>Die w\u00e4hrend der D\u00fcngung gesammelten Daten werden gespeichert und k\u00f6nnen f\u00fcr den n\u00e4chsten D\u00fcngeplan verwendet werden. Anhand einer Karte wird deutlich, wo genau wie viel D\u00fcnger ausgebracht wurde und wie die Inhaltsstoffe aussehen.[\/vc_column_text][\/vc_column][\/vc_row][vc_row][vc_column][vc_single_image image=&#8220;11237&#8243; img_size=&#8220;600&#215;400&#8243;][\/vc_column][\/vc_row][vc_row][vc_column][vc_column_text font_size=&#8220;18&#8243; line_height=&#8220;30&#8243;]Nutri-Flow leistet einen wichtigen Beitrag zur Pr\u00e4zisionslandwirtschaft und validiert organischen D\u00fcnger bereits vor der Ausbringung, um N\u00e4hrstoffausscheidungen und m\u00f6gliche nachtr\u00e4gliche Korrekturma\u00dfnahmen zu verhindern.<\/p>\n<p><strong>Vorteile<\/strong><\/p>\n<ul>\n<li>Validierung von organischem D\u00fcnger<\/li>\n<li>Bessere Nutzung von organischem D\u00fcnger<\/li>\n<li>Ergebnisse werden messbar<\/li>\n<\/ul>\n<p><strong>Veenhuis bietet<\/strong><\/p>\n<ul>\n<li>Endg\u00fcltige Analyse des organischen D\u00fcngers<\/li>\n<li>Messung von Stickstoff, Phosphat, Kalium, Ammonium und Trockenmasse in %.<\/li>\n<li>Registrierung w\u00e4hrend der emissionsfreien Anwendung<\/li>\n<li>Dosierung auf der Grundlage von kg N\u00e4hrstoffe pro Hektar<\/li>\n<li>Anwendung und Dosierung anhand von Aufgabenkarten<\/li>\n<li>Punktuelles Mischen von Fl\u00fcssigd\u00fcnger<\/li>\n<li>Automatische Abschnittskontrolle zur Vermeidung von \u00dcberschneidungen<\/li>\n<\/ul>\n<p>[\/vc_column_text][\/vc_column][\/vc_row][vc_row][vc_column][vc_video link=&#8220;https:\/\/www.youtube.com\/watch?v=2P14u9BY-_s&#8220;][\/vc_column][\/vc_row][vc_row][vc_column][vc_column_text font_size=&#8220;18&#8243; line_height=&#8220;30&#8243;]M\u00f6chten Sie mehr \u00fcber den Veenhuis Nutri-Flow erfahren? Bitte kontaktieren Sie uns oder fragen Sie nach einem H\u00e4ndler in Ihrer N\u00e4he. Sie k\u00f6nnen auch die nachstehende Brosch\u00fcre herunterladen.<\/p>\n<p>&nbsp;<\/p>\n<p><a href=\"https:\/\/www.veenhuis.com\/wp-content\/uploads\/2019\/05\/Veenhuis_DLG_Testen_Proefbericht_6981_DE_WEB.pdf\">Laden Sie hier die Informationsbrosch\u00fcre von Veenhuis Nutri-Flow herunter<\/a><\/p>\n<p><a href=\"https:\/\/www.veenhuis.com\/wp-content\/uploads\/2019\/05\/Veenhuis_DLG_Testen_Proefbericht_6981_DE_WEB.pdf\" target=\"_blank\" rel=\"noopener noreferrer\"><span style=\"text-decoration: underline;\"><strong><img loading=\"lazy\" decoding=\"async\" class=\"size-medium wp-image-7946 alignleft\" src=\"https:\/\/www.veenhuis.com\/wp-content\/uploads\/2019\/05\/DLG-rapport-DE-211x300.png\" alt=\"\" width=\"211\" height=\"300\" srcset=\"https:\/\/veenhuis.com\/wp-content\/uploads\/2019\/05\/DLG-rapport-DE-211x300.png 211w, https:\/\/veenhuis.com\/wp-content\/uploads\/2019\/05\/DLG-rapport-DE.png 451w\" sizes=\"auto, (max-width: 211px) 100vw, 211px\" \/><\/strong><\/span><\/a>[\/vc_column_text][\/vc_column][\/vc_row][vc_row][vc_column width=&#8220;1\/3&#8243;]<style type=\"text\/css\" >#b_7noy7d4g567if0cllnsg a{color:#ffffff; background:#3b4559; margin-top:0px; margin-bottom:0px;  margin-left:0px; margin-right:0px; font-weight:900; border-radius:10px;}#b_7noy7d4g567if0cllnsg a:hover{color:#ffffff ; background:#5e5e5d ;}<\/style><div class=\"ta_left tf_btn_pos\" id=\"b_7noy7d4g567if0cllnsg\" ><a class=\"rd_normal_bt medium_rd_bt  \" href=\"https:\/\/veenhuis.com\/de\/kontakt\/\" target=\"\"   >Kontakt<\/a><\/div>[\/vc_column][vc_column width=&#8220;1\/3&#8243;]<style type=\"text\/css\" >#b_9ddlckr3kns6mq8wx4ir a{color:#ffffff; background:#3b4559; margin-top:0px; margin-bottom:0px;  margin-left:0px; margin-right:0px; font-weight:900; border-radius:10px;}#b_9ddlckr3kns6mq8wx4ir a:hover{color:#ffffff ; background:#5e5e5d ;}<\/style><div class=\"ta_left tf_btn_pos\" id=\"b_9ddlckr3kns6mq8wx4ir\" ><a class=\"rd_normal_bt medium_rd_bt bt_icon_left   \" href=\"https:\/\/veenhuis.com\/de\/handler\/\" target=\"\"   ><i class=\"oi-designmodo-location\" ><\/i><span>H\u00e4ndler suchen<\/span><\/a><\/div><style type=\"text\/css\" >#b_9ddlckr3kns6mq8wx4ir i {color:#ffffff;}#b_9ddlckr3kns6mq8wx4ir a:hover i{color:#ffffff;}<\/style><style type='text\/css'> @font-face{font-family: 'oi'; src:url('https:\/\/veenhuis.com\/wp-content\/themes\/thefox\/includes\/4k-icons\/icons\/4k-icons-pack04\/icons\/fonts\/oi.eot'); src:url('https:\/\/veenhuis.com\/wp-content\/themes\/thefox\/includes\/4k-icons\/icons\/4k-icons-pack04\/icons\/fonts\/oi.eot?#iefix') format('embedded-opentype'), url('https:\/\/veenhuis.com\/wp-content\/themes\/thefox\/includes\/4k-icons\/icons\/4k-icons-pack04\/icons\/fonts\/oi.woff') format('woff'), url('https:\/\/veenhuis.com\/wp-content\/themes\/thefox\/includes\/4k-icons\/icons\/4k-icons-pack04\/icons\/fonts\/oi.ttf') format('truetype'), url('https:\/\/veenhuis.com\/wp-content\/themes\/thefox\/includes\/4k-icons\/icons\/4k-icons-pack04\/icons\/fonts\/oi.svg#oi') format('svg'); font-weight: normal; font-style: normal;}#b_9ddlckr3kns6mq8wx4ir .oi-designmodo-location:before{font-family: 'oi'; font-weight: normal; font-style: normal;}#b_9ddlckr3kns6mq8wx4ir .oi-designmodo-location:before{content: \"\\e009\";}<\/style>\n[\/vc_column][vc_column width=&#8220;1\/3&#8243;][\/vc_column][\/vc_row][vc_row type=&#8220;full-width-section&#8220; css=&#8220;.vc_custom_1643900688311{margin-top: 0px !important;margin-bottom: 0px !important;padding-top: 50px !important;padding-bottom: 25px !important;background-color: #3b4559 !important;}&#8220;][vc_column width=&#8220;1\/3&#8243;][vc_custom_heading text=&#8220;Folgen Sie Veenhuis auf&#8220; font_container=&#8220;tag:h2|font_size:16|text_align:left|color:%23ffffff&#8220; use_theme_fonts=&#8220;yes&#8220;][vc_row_inner css=&#8220;.vc_custom_1480520858985{margin-top: 0px !important;}&#8220;][vc_column_inner width=&#8220;1\/4&#8243; css=&#8220;.vc_custom_1482150802544{margin-bottom: 10px !important;}&#8220;][vc_single_image image=&#8220;6597&#8243; img_size=&#8220;full&#8220; alignment=&#8220;center&#8220; onclick=&#8220;custom_link&#8220; img_link_target=&#8220;_blank&#8220; link=&#8220;https:\/\/www.facebook.com\/VeenhuisMachines\/?fref=ts&#8220;][\/vc_column_inner][vc_column_inner width=&#8220;1\/4&#8243; css=&#8220;.vc_custom_1482150808157{margin-bottom: 10px !important;}&#8220;][vc_single_image image=&#8220;6601&#8243; img_size=&#8220;full&#8220; alignment=&#8220;center&#8220; onclick=&#8220;custom_link&#8220; img_link_target=&#8220;_blank&#8220; link=&#8220;https:\/\/www.youtube.com\/user\/VMRVeenhuis&#8220;][\/vc_column_inner][vc_column_inner width=&#8220;1\/4&#8243; css=&#8220;.vc_custom_1482150814525{margin-bottom: 10px !important;}&#8220;][vc_single_image image=&#8220;6605&#8243; img_size=&#8220;full&#8220; alignment=&#8220;center&#8220; onclick=&#8220;custom_link&#8220; img_link_target=&#8220;_blank&#8220; link=&#8220;https:\/\/www.linkedin.com\/company\/6968519?trk=vsrp_companies_cluster_name&amp;trkInfo=VSRPsearchId%3A721065911480514740882%2CVSRPtargetId%3A6968519%2CVSRPcmpt%3Acompanies_cluster&#8220;][\/vc_column_inner][vc_column_inner width=&#8220;1\/4&#8243;][\/vc_column_inner][\/vc_row_inner][\/vc_column][vc_column width=&#8220;1\/3&#8243;][\/vc_column][vc_column width=&#8220;1\/3&#8243;][vc_single_image image=&#8220;12850&#8243; img_size=&#8220;full&#8220; alignment=&#8220;right&#8220; animation=&#8220;rda_fadeInDown&#8220; css=&#8220;.vc_custom_1643900722669{margin-bottom: 10px !important;}&#8220;][vc_custom_heading text=&#8220;Master your Manure&#8220; font_container=&#8220;tag:h2|font_size:32|text_align:center|color:%23ffffff&#8220; google_fonts=&#8220;font_family:Exo%3A100%2C100italic%2C200%2C200italic%2C300%2C300italic%2Cregular%2Citalic%2C500%2C500italic%2C600%2C600italic%2C700%2C700italic%2C800%2C800italic%2C900%2C900italic|font_style:300%20light%20regular%3A300%3Anormal&#8220;][\/vc_column][\/vc_row]<\/p>\n<\/div>","protected":false},"excerpt":{"rendered":"<p>[vc_row][vc_column][vc_custom_heading text=&#8220;Pr\u00e4zisionsd\u00fcngung&#8220; font_container=&#8220;tag:h1|font_size:26|text_align:left|color:%233b4559&#8243; use_theme_fonts=&#8220;yes&#8220;][\/vc_column][\/vc_row][vc_row][vc_column][vc_column_text font_size=&#8220;18&#8243; line_height=&#8220;30&#8243;]Weltweit steigt die Nachfrage nach Lebensmitteln, so dass eine effiziente und nachhaltige Landwirtschaft immer wichtiger wird. Es ist daher wichtiger denn je, ein Minimum an Emissionen und ein Maximum an Ertr\u00e4gen aus tierischem D\u00fcnger zu gew\u00e4hrleisten. Bei Veenhuis betrachten wir G\u00fclle als wertvollen N\u00e4hrstoff. Mit unseren L\u00f6sungen f\u00fcr die Pr\u00e4zisionsd\u00fcngung<br \/><a href=\"https:\/\/veenhuis.com\/de\/produkte\/gulle-anwenden\/nutriflow-prazisionsdungung\/\" class=\"more\">Read more<\/a><\/p>\n","protected":false},"author":1,"featured_media":0,"parent":2618,"menu_order":0,"comment_status":"closed","ping_status":"closed","template":"","meta":{"_exactmetrics_skip_tracking":false,"_exactmetrics_sitenote_active":false,"_exactmetrics_sitenote_note":"","_exactmetrics_sitenote_category":0,"footnotes":""},"class_list":["post-2629","page","type-page","status-publish","hentry"],"_links":{"self":[{"href":"https:\/\/veenhuis.com\/de\/wp-json\/wp\/v2\/pages\/2629","targetHints":{"allow":["GET"]}}],"collection":[{"href":"https:\/\/veenhuis.com\/de\/wp-json\/wp\/v2\/pages"}],"about":[{"href":"https:\/\/veenhuis.com\/de\/wp-json\/wp\/v2\/types\/page"}],"author":[{"embeddable":true,"href":"https:\/\/veenhuis.com\/de\/wp-json\/wp\/v2\/users\/1"}],"replies":[{"embeddable":true,"href":"https:\/\/veenhuis.com\/de\/wp-json\/wp\/v2\/comments?post=2629"}],"version-history":[{"count":20,"href":"https:\/\/veenhuis.com\/de\/wp-json\/wp\/v2\/pages\/2629\/revisions"}],"predecessor-version":[{"id":13470,"href":"https:\/\/veenhuis.com\/de\/wp-json\/wp\/v2\/pages\/2629\/revisions\/13470"}],"up":[{"embeddable":true,"href":"https:\/\/veenhuis.com\/de\/wp-json\/wp\/v2\/pages\/2618"}],"wp:attachment":[{"href":"https:\/\/veenhuis.com\/de\/wp-json\/wp\/v2\/media?parent=2629"}],"curies":[{"name":"wp","href":"https:\/\/api.w.org\/{rel}","templated":true}]}}