{"id":8212,"date":"2020-01-20T16:08:17","date_gmt":"2020-01-20T15:08:17","guid":{"rendered":"https:\/\/veenhuis.com\/?page_id=8212"},"modified":"2022-04-08T15:17:20","modified_gmt":"2022-04-08T13:17:20","slug":"svgroup","status":"publish","type":"page","link":"https:\/\/veenhuis.com\/de\/unternehmen\/svgroup\/","title":{"rendered":"SVgroup"},"content":{"rendered":"<div class=\"wpb-content-wrapper\"><p>[vc_row][vc_column width=&#8220;2\/3&#8243;][vc_single_image image=&#8220;8192&#8243; img_size=&#8220;200&#215;80&#8243;][vc_custom_heading text=&#8220;SVgroup&#8220; font_container=&#8220;tag:h1|text_align:left|color:%233b4559&#8243; use_theme_fonts=&#8220;yes&#8220;][vc_custom_heading text=&#8220;Die SVgroup entstand 2019 aus dem Zusammenschluss von Schuitemaker und Veenhuis.&#8220; font_container=&#8220;tag:h2|text_align:left|color:%23444444&#8243; use_theme_fonts=&#8220;yes&#8220;][vc_column_text font_size=&#8220;18&#8243; line_height=&#8220;30&#8243;]<\/p>\n<p class=\"xmsonospacing\"><span lang=\"DE\">Die SVgroup liefert Produkte und Dienstleistungen an Unternehmen und Institutionen im Bereich der Landwirtschaft und der Stra\u00dfeninfrastruktur. Durch die Lieferung zuverl\u00e4ssiger und wartungsfreundlicher Maschinen in Kombination mit einem soliden Service erm\u00f6glichen wir unseren Kunden, in den entscheidenden Momenten H\u00f6chstleistungen zu erbringen. Ob es sich dabei um Lohnarbeiter handelt, die in kurzer Zeit m\u00f6glichst viel Gras verarbeiten wollen, um<span class=\"apple-converted-space\">\u00a0<\/span>Ackerbauer<span class=\"apple-converted-space\">\u00a0<\/span><\/span>und<span class=\"apple-converted-space\">\u00a0<\/span>Viehhalter, die w\u00e4hrend der Saison G\u00fclle<span class=\"apple-converted-space\">\u00a0ausbringen, oder um Stra\u00dfenbetreiber bei pl\u00f6tzlich auftretenden winterlichen Bedingungen. Die SVgroup sorgt daf\u00fcr, dass ihre<\/span><span class=\"apple-converted-space\">\u00a0Kunden, unabh\u00e4ngig von den Umst\u00e4nden, ihren Arbeitsprozess kontrollieren, um zuverl\u00e4ssige und kontinuierliche Qualit\u00e4tsarbeit liefern zu k\u00f6nnen.\u00a0\u00a0<\/span><\/p>\n<p class=\"xmsonospacing\"><b><span lang=\"DE\">Unsere Marken SCHUITEMAKER &amp; VEENHUIS<br \/>\n<\/span><\/b><span lang=\"DE\">Die SVgroup entwickelt, entwirft, produziert und vertreibt ihre Produkte unter den Marken Schuitemaker und Veenhuis; zwei starke Marken mit einer reichen Geschichte und einem internationalen Kundenstamm.<\/span><\/p>\n<p>[\/vc_column_text][vc_single_image image=&#8220;8183&#8243; img_size=&#8220;300&#215;30&#8243;][vc_column_text font_size=&#8220;18&#8243; line_height=&#8220;30&#8243;]<\/p>\n<p class=\"xmsonospacing\"><span lang=\"DE\">Unter der Marke Schuitemaker bieten wir eine breite Palette professioneller Landmaschinen f\u00fcr die Futterernte, F\u00fctterung und G\u00fclleanwendung<span class=\"apple-converted-space\">\u00a0<\/span><\/span>f\u00fcr den landwirtschaftlichen Lohnunternehmer und den modernen Viehhalter an. Die landwirtschaftliche<s>n<\/s><span class=\"apple-converted-space\">\u00a0<\/span>Produktl\u00f6sungen von Schuitemaker zeichnen sich durch das durchdachte Kompaktbaukonzept, solide Bauqualit\u00e4t, hohe Bedienungs- und Wartungsfreundlichkeit, langfristige Einsetzbarkeit und niedrige Betriebskosten aus.<\/p>\n<p>[\/vc_column_text][vc_single_image image=&#8220;8187&#8243; img_size=&#8220;180&#215;20&#8243; add_caption=&#8220;yes&#8220;][vc_column_text font_size=&#8220;18&#8243; line_height=&#8220;30&#8243;]<\/p>\n<p class=\"xmsonospacing\"><span lang=\"DE\">Veenhuis ist unsere Marke f\u00fcr D\u00fcngsysteme<\/span>, mit denen<span class=\"apple-converted-space\">\u00a0<\/span>Ackerbauer<span class=\"apple-converted-space\">\u00a0und Viehhalter<\/span><span class=\"apple-converted-space\">\u00a0von organischem D\u00fcnger und dessen N\u00e4hrstoffen profitieren k\u00f6nnen. Innovation, hohe Bauqualit\u00e4t und Realtime<\/span>-Informationsverf\u00fcgbarkeit zeichnen die Produkte von Veenhuis aus. Die Validierung, die korrekte Verwendung und Ausbringung<span class=\"apple-converted-space\">\u00a0<\/span>der G\u00fclle<span class=\"apple-converted-space\">\u00a0<\/span>sind bei den heutigen<span class=\"apple-converted-space\">\u00a0<\/span>D\u00fcngeranwendungen<span class=\"apple-converted-space\">\u00a0<\/span>von zentraler Bedeutung. Basierend auf jahrelangem Wissen und Expertise in der streng regulierten<span class=\"apple-converted-space\">\u00a0<\/span><b>N<\/b>iederl\u00e4ndischen G\u00fcllegesetzgebung, die weltweit f\u00fchrend ist.<\/p>\n<p>[\/vc_column_text][vc_column_text font_size=&#8220;18&#8243; line_height=&#8220;30&#8243;]<\/p>\n<p class=\"xmsonospacing\"><b><span lang=\"DE\">\u00dcber Wadinko<\/span><\/b><\/p>\n<p class=\"xmsonospacing\"><span lang=\"DE\">Wadinko N.V. ist eine regionale Beteiligungsgesellschaft, deren Ziel die F\u00f6rderung der Wirtschaft und damit der Arbeitspl\u00e4tze &#8211; in der Region Overijssel,<span class=\"apple-converted-space\">\u00a0<\/span><\/span>Nordost-Polder<span class=\"apple-converted-space\">\u00a0<\/span>und S\u00fcdwest Drenthe ist. Ausgangspunkt dabei ist die langfristige Beteiligung an neuen oder bestehenden erfolgversprechenden Unternehmen. Die Beteiligung besteht aus der Einlage von Risikokapital sowie der Einbringung von Wissen, Managementunterst\u00fctzung und Netzwerken. Die Unternehmen, an denen sich Wadinko beteiligt, haben alle gro\u00dfe Entwicklungsm\u00f6glichkeiten und hohes Wachstumspotenzial. Durch die wachsende Rentabilit\u00e4t leisten sie einen bedeutenden Beitrag zur F\u00f6rderung der regionalen Wirtschaftsstruktur.<\/p>\n<p>[\/vc_column_text][vc_single_image image=&#8220;8201&#8243; img_size=&#8220;200&#215;150&#8243;][vc_column_text]Rijssen | 2020[\/vc_column_text][\/vc_column][vc_column width=&#8220;1\/3&#8243;][vc_widget_sidebar sidebar_id=&#8220;thefox_contactsidebar&#8220;][\/vc_column][\/vc_row][vc_row type=&#8220;full-width-section&#8220; css=&#8220;.vc_custom_1643895326431{margin-top: 0px !important;margin-bottom: 0px !important;padding-top: 50px !important;padding-bottom: 25px !important;background-color: #3b4559 !important;}&#8220;][vc_column width=&#8220;1\/3&#8243;][vc_custom_heading text=&#8220;Folgen Sie Veenhuis auf&#8220; font_container=&#8220;tag:h2|font_size:16|text_align:left|color:%23ffffff&#8220; use_theme_fonts=&#8220;yes&#8220;][vc_row_inner][vc_column_inner width=&#8220;1\/4&#8243;][vc_single_image image=&#8220;6597&#8243; img_size=&#8220;full&#8220; alignment=&#8220;center&#8220; onclick=&#8220;custom_link&#8220; img_link_target=&#8220;_blank&#8220; link=&#8220;https:\/\/www.facebook.com\/VeenhuisMachines\/?fref=ts&#8220;][\/vc_column_inner][vc_column_inner width=&#8220;1\/4&#8243;][vc_single_image image=&#8220;6601&#8243; img_size=&#8220;full&#8220; alignment=&#8220;center&#8220; onclick=&#8220;custom_link&#8220; img_link_target=&#8220;_blank&#8220; link=&#8220;https:\/\/www.youtube.com\/user\/VMRVeenhuis&#8220;][\/vc_column_inner][vc_column_inner width=&#8220;1\/4&#8243;][vc_single_image image=&#8220;6605&#8243; img_size=&#8220;full&#8220; alignment=&#8220;center&#8220; onclick=&#8220;custom_link&#8220; img_link_target=&#8220;_blank&#8220; link=&#8220;https:\/\/www.linkedin.com\/company\/6968519?trk=vsrp_companies_cluster_name&amp;trkInfo=VSRPsearchId%3A721065911480514740882%2CVSRPtargetId%3A6968519%2CVSRPcmpt%3Acompanies_cluster&#8220;][\/vc_column_inner][vc_column_inner width=&#8220;1\/4&#8243;][\/vc_column_inner][\/vc_row_inner][\/vc_column][vc_column width=&#8220;1\/3&#8243;][\/vc_column][vc_column width=&#8220;1\/3&#8243;][vc_single_image image=&#8220;12850&#8243; img_size=&#8220;full&#8220; alignment=&#8220;right&#8220; animation=&#8220;rda_fadeInDown&#8220; css=&#8220;.vc_custom_1643895350383{margin-bottom: 10px !important;}&#8220;][vc_custom_heading text=&#8220;Master your Manure&#8220; font_container=&#8220;tag:h2|font_size:32|text_align:right|color:%23ffffff&#8220; google_fonts=&#8220;font_family:Exo%3A100%2C100italic%2C200%2C200italic%2C300%2C300italic%2Cregular%2Citalic%2C500%2C500italic%2C600%2C600italic%2C700%2C700italic%2C800%2C800italic%2C900%2C900italic|font_style:300%20light%20regular%3A300%3Anormal&#8220;][\/vc_column][\/vc_row]<\/p>\n<\/div>","protected":false},"excerpt":{"rendered":"<p>[vc_row][vc_column width=&#8220;2\/3&#8243;][vc_single_image image=&#8220;8192&#8243; img_size=&#8220;200&#215;80&#8243;][vc_custom_heading text=&#8220;SVgroup&#8220; font_container=&#8220;tag:h1|text_align:left|color:%233b4559&#8243; use_theme_fonts=&#8220;yes&#8220;][vc_custom_heading text=&#8220;Die SVgroup entstand 2019 aus dem Zusammenschluss von Schuitemaker und Veenhuis.&#8220; font_container=&#8220;tag:h2|text_align:left|color:%23444444&#8243; use_theme_fonts=&#8220;yes&#8220;][vc_column_text font_size=&#8220;18&#8243; line_height=&#8220;30&#8243;] Die SVgroup liefert Produkte und Dienstleistungen an Unternehmen und Institutionen im Bereich der Landwirtschaft und der Stra\u00dfeninfrastruktur. Durch die Lieferung zuverl\u00e4ssiger und wartungsfreundlicher Maschinen in Kombination mit einem soliden Service erm\u00f6glichen wir unseren<br \/><a href=\"https:\/\/veenhuis.com\/de\/unternehmen\/svgroup\/\" class=\"more\">Read more<\/a><\/p>\n","protected":false},"author":6,"featured_media":0,"parent":2313,"menu_order":7,"comment_status":"closed","ping_status":"closed","template":"","meta":{"_exactmetrics_skip_tracking":false,"_exactmetrics_sitenote_active":false,"_exactmetrics_sitenote_note":"","_exactmetrics_sitenote_category":0,"footnotes":""},"class_list":["post-8212","page","type-page","status-publish","hentry"],"_links":{"self":[{"href":"https:\/\/veenhuis.com\/de\/wp-json\/wp\/v2\/pages\/8212","targetHints":{"allow":["GET"]}}],"collection":[{"href":"https:\/\/veenhuis.com\/de\/wp-json\/wp\/v2\/pages"}],"about":[{"href":"https:\/\/veenhuis.com\/de\/wp-json\/wp\/v2\/types\/page"}],"author":[{"embeddable":true,"href":"https:\/\/veenhuis.com\/de\/wp-json\/wp\/v2\/users\/6"}],"replies":[{"embeddable":true,"href":"https:\/\/veenhuis.com\/de\/wp-json\/wp\/v2\/comments?post=8212"}],"version-history":[{"count":48,"href":"https:\/\/veenhuis.com\/de\/wp-json\/wp\/v2\/pages\/8212\/revisions"}],"predecessor-version":[{"id":13478,"href":"https:\/\/veenhuis.com\/de\/wp-json\/wp\/v2\/pages\/8212\/revisions\/13478"}],"up":[{"embeddable":true,"href":"https:\/\/veenhuis.com\/de\/wp-json\/wp\/v2\/pages\/2313"}],"wp:attachment":[{"href":"https:\/\/veenhuis.com\/de\/wp-json\/wp\/v2\/media?parent=8212"}],"curies":[{"name":"wp","href":"https:\/\/api.w.org\/{rel}","templated":true}]}}