{"id":5801,"date":"2016-12-12T14:48:36","date_gmt":"2017-10-03T11:20:58","guid":{"rendered":"http:\/\/test4remarkable.nl\/product\/niet-gecategoriseerd\/terraject-disc-ackerlandinjektor\/"},"modified":"2020-06-18T14:36:08","modified_gmt":"2020-06-18T12:36:08","slug":"terraject-disc-ackerlandinjektor","status":"publish","type":"product","link":"https:\/\/veenhuis.com\/de\/product\/produkte-veenhuis-machines\/gulle-anwenden\/ackerland\/terraject-disc-ackerlandinjektor\/","title":{"rendered":"TERRAJECT DISC Ackerlandinjektor"},"content":{"rendered":"","protected":false},"excerpt":{"rendered":"<p>Terraject Disc ist eine Scheibenegge, die in einem einzigen Arbeitsgang die Stoppel abschneidet, wendet und G\u00fclle ausbringt.<\/p>\n<p>Die Scheibenegge ist mit zwei Reihen gezackter Scheiben ausgestattet. Die H\u00f6he der vier Laufr\u00e4der aus Stahl kann stufenlos verstellt werden. Durch seine kompakte Bauweise und sein geringes Gewicht eignet sich der Terraject Disc hervorragend f\u00fcr gezogene F\u00e4sser und Selbstfahrer. Die verstellbare Ausl\u00e4ufe vor der ersten Scheibenreihe erm\u00f6glichen die G\u00fclleausbringung an verschiedenen Orten, sodass eine optimale G\u00fclleeinarbeitung gew\u00e4hrleistet ist. Verschiedene Nachbearbeitungsvarianten, so wie pneumatische Tropf-Stopp-Sperren, eventuell mit Teilbreitenschaltung, sind optional lieferbar.<\/p>\n<p><a href=\"https:\/\/veenhuis.com\/de\/unternehmen\/unser-team\/\"><strong>Kontaktieren Sie unsere Salesmanagers:<\/strong><\/a><\/p>\n<p><a href=\"\/de\/kontakt\/\"><img loading=\"lazy\" decoding=\"async\" width=\"576\" height=\"40\" class=\"alignnone size-full wp-image-7308\" src=\"https:\/\/www.veenhuis.com\/wp-content\/uploads\/2017\/10\/contact-button-oranje-DE-1.jpg\" alt=\"\" srcset=\"https:\/\/veenhuis.com\/wp-content\/uploads\/2017\/10\/contact-button-oranje-DE-1.jpg 576w, https:\/\/veenhuis.com\/wp-content\/uploads\/2017\/10\/contact-button-oranje-DE-1-300x21.jpg 300w\" sizes=\"auto, (max-width: 576px) 100vw, 576px\" \/><\/a><\/p>\n<p>[vc_row][vc_column][vc_accordion active_tab=&#8220;&#8220;][vc_accordion_tab title=&#8220;Laden Sie hier die Produktbrosch\u00fcre herunter&#8220; title_color=&#8220;#ffffff&#8220; title_bg_color=&#8220;#f9b122&#8243; content_text_color=&#8220;#5e5e5d&#8220; active_title_color=&#8220;#ffffff&#8220; active_bg_color=&#8220;#5e5e5d&#8220;][vc_column_text]<\/p>\n<div class=\"wpcf7 no-js\" id=\"wpcf7-f5971-o1\" lang=\"nl-NL\" dir=\"ltr\" data-wpcf7-id=\"5971\">\n<div class=\"screen-reader-response\">\n<p role=\"status\" aria-live=\"polite\" aria-atomic=\"true\">\n<ul><\/ul>\n<\/div>\n<form action=\"\/de\/wp-json\/wp\/v2\/product\/5801#wpcf7-f5971-o1\" method=\"post\" class=\"wpcf7-form init\" aria-label=\"Contactformulier\" novalidate=\"novalidate\" data-status=\"init\">\n<fieldset class=\"hidden-fields-container\">\n<input type=\"hidden\" name=\"_wpcf7\" value=\"5971\"><input type=\"hidden\" name=\"_wpcf7_version\" value=\"6.1.5\"><input type=\"hidden\" name=\"_wpcf7_locale\" value=\"nl_NL\"><input type=\"hidden\" name=\"_wpcf7_unit_tag\" value=\"wpcf7-f5971-o1\"><input type=\"hidden\" name=\"_wpcf7_container_post\" value=\"0\"><input type=\"hidden\" name=\"_wpcf7_posted_data_hash\" value=\"\"><input type=\"hidden\" name=\"_wpcf7_recaptcha_response\" value=\"\"><br \/>\n<\/fieldset>\n<h3>\n<strong>Geben Sie Ihre Daten ein und laden Sie die Brosch&uuml;re direkt herunter<\/strong><br \/>\n<\/h3>\n<p><label> <span class=\"wpcf7-form-control-wrap\" data-name=\"your-naam\"><input size=\"40\" maxlength=\"400\" class=\"wpcf7-form-control wpcf7-text wpcf7-validates-as-required\" aria-required=\"true\" aria-invalid=\"false\" placeholder=\"Name\" value=\"\" type=\"text\" name=\"your-naam\"><\/span> <\/label><br \/>\n<label> <span class=\"wpcf7-form-control-wrap\" data-name=\"your-bnaam\"><input size=\"40\" maxlength=\"400\" class=\"wpcf7-form-control wpcf7-text wpcf7-validates-as-required\" aria-required=\"true\" aria-invalid=\"false\" placeholder=\"Firmenname\" value=\"\" type=\"text\" name=\"your-bnaam\"><\/span> <\/label><br \/>\n<label> <span class=\"wpcf7-form-control-wrap\" data-name=\"your-tel\"><input size=\"40\" maxlength=\"400\" class=\"wpcf7-form-control wpcf7-text wpcf7-validates-as-required\" aria-required=\"true\" aria-invalid=\"false\" placeholder=\"Telefonnummer\" value=\"\" type=\"text\" name=\"your-tel\"><\/span> <\/label><br \/>\n<label> <span class=\"wpcf7-form-control-wrap\" data-name=\"your-email\"><input size=\"40\" maxlength=\"400\" class=\"wpcf7-form-control wpcf7-email wpcf7-validates-as-required wpcf7-text wpcf7-validates-as-email\" aria-required=\"true\" aria-invalid=\"false\" placeholder=\"E-mail\" value=\"\" type=\"email\" name=\"your-email\"><\/span> <\/label><br \/>\n<label> <span class=\"wpcf7-form-control-wrap\" data-name=\"your-prov\"><input size=\"40\" maxlength=\"400\" class=\"wpcf7-form-control wpcf7-text wpcf7-validates-as-required\" aria-required=\"true\" aria-invalid=\"false\" placeholder=\"Provinz\" value=\"\" type=\"text\" name=\"your-prov\"><\/span> <\/label><br \/>\n<label> <span class=\"wpcf7-form-control-wrap\" data-name=\"your-plaats\"><input size=\"40\" maxlength=\"400\" class=\"wpcf7-form-control wpcf7-text wpcf7-validates-as-required\" aria-required=\"true\" aria-invalid=\"false\" placeholder=\"Residenz\" value=\"\" type=\"text\" name=\"your-plaats\"><\/span> <\/label><br \/>\n<span class=\"wpcf7-form-control-wrap\" data-name=\"accept\"><span class=\"wpcf7-form-control wpcf7-checkbox wpcf7-validates-as-required\"><span class=\"wpcf7-list-item first last\"><label><input type=\"checkbox\" name=\"accept[]\" value=\"Ja, ich melde mich f&uuml;r den E-Newsletter von Veenhuis Machines an.\"><span class=\"wpcf7-list-item-label\">Ja, ich melde mich f&uuml;r den E-Newsletter von Veenhuis Machines an.<\/span><\/label><\/span><\/span><\/span>\n<\/p>\n<p><input class=\"wpcf7-form-control wpcf7-submit has-spinner\" type=\"submit\" value=\"SENDEN\">\n<\/p>\n<p>Lesen Sie unsere <a href=\"https:\/\/www.veenhuis.com\/privacystatement\/\" target=\"_blank\">Datenschutzrichtlinie<\/a>\n<\/p>\n<p style=\"display: none !important;\" class=\"akismet-fields-container\" data-prefix=\"_wpcf7_ak_\"><label>&Delta;<textarea name=\"_wpcf7_ak_hp_textarea\" cols=\"45\" rows=\"8\" maxlength=\"100\"><\/textarea><\/label><input type=\"hidden\" id=\"ak_js_1\" name=\"_wpcf7_ak_js\" value=\"61\"><script>document.getElementById( \"ak_js_1\" ).setAttribute( \"value\", ( new Date() ).getTime() );<\/script><\/p>\n<p><label class=\"ebd_input\"><input type=\"hidden\" name=\"ebd_downloads[]\" value=\"5993|Laden Sie hier die Injectoren Brosch&uuml;re\"> <\/label><input type=\"hidden\" class=\"ebd_setting\" name=\"ebd_settings[]\" value=\"title|Laden Sie hier die Injectoren Brosch&Atilde;&frac14;re\"><input type=\"hidden\" class=\"ebd_setting\" name=\"ebd_settings[]\" value=\"checked|no\"><input type=\"hidden\" class=\"ebd_setting\" name=\"ebd_settings[]\" value=\"radio|no\"><input type=\"hidden\" class=\"ebd_setting\" name=\"ebd_settings[]\" value=\"from_name| \"><input type=\"hidden\" class=\"ebd_setting\" name=\"ebd_settings[]\" value=\"file_thumbnail|no\"><input type=\"hidden\" class=\"ebd_setting\" name=\"ebd_settings[]\" value=\"item_id|20\"><input type=\"hidden\" class=\"ebd_setting\" name=\"ebd_settings[]\" value=\"form_id|wpcf7-f5971-o1\"><\/p>\n<div class=\"wpcf7-response-output\" aria-hidden=\"true\"><\/div>\n<\/form>\n<\/div>\n<p>[\/vc_column_text][\/vc_accordion_tab][\/vc_accordion][\/vc_column][\/vc_row]<\/p>\n","protected":false},"featured_media":5802,"comment_status":"closed","ping_status":"closed","template":"","meta":{"_exactmetrics_skip_tracking":false,"_exactmetrics_sitenote_active":false,"_exactmetrics_sitenote_note":"","_exactmetrics_sitenote_category":0},"product_brand":[],"product_cat":[115,99,98],"product_tag":[],"class_list":{"0":"post-5801","1":"product","2":"type-product","3":"status-publish","4":"has-post-thumbnail","6":"product_cat-ackerland","7":"product_cat-gulle-anwenden","8":"product_cat-produkte-veenhuis-machines","10":"first","11":"instock","12":"shipping-taxable","13":"product-type-simple"},"_links":{"self":[{"href":"https:\/\/veenhuis.com\/de\/wp-json\/wp\/v2\/product\/5801","targetHints":{"allow":["GET"]}}],"collection":[{"href":"https:\/\/veenhuis.com\/de\/wp-json\/wp\/v2\/product"}],"about":[{"href":"https:\/\/veenhuis.com\/de\/wp-json\/wp\/v2\/types\/product"}],"replies":[{"embeddable":true,"href":"https:\/\/veenhuis.com\/de\/wp-json\/wp\/v2\/comments?post=5801"}],"wp:featuredmedia":[{"embeddable":true,"href":"https:\/\/veenhuis.com\/de\/wp-json\/wp\/v2\/media\/5802"}],"wp:attachment":[{"href":"https:\/\/veenhuis.com\/de\/wp-json\/wp\/v2\/media?parent=5801"}],"wp:term":[{"taxonomy":"product_brand","embeddable":true,"href":"https:\/\/veenhuis.com\/de\/wp-json\/wp\/v2\/product_brand?post=5801"},{"taxonomy":"product_cat","embeddable":true,"href":"https:\/\/veenhuis.com\/de\/wp-json\/wp\/v2\/product_cat?post=5801"},{"taxonomy":"product_tag","embeddable":true,"href":"https:\/\/veenhuis.com\/de\/wp-json\/wp\/v2\/product_tag?post=5801"}],"curies":[{"name":"wp","href":"https:\/\/api.w.org\/{rel}","templated":true}]}}