{"id":8880,"date":"2020-06-11T10:24:09","date_gmt":"2020-06-18T12:42:24","guid":{"rendered":"https:\/\/veenhuis.com\/?post_type=product&#038;p=8880"},"modified":"2020-06-18T14:45:16","modified_gmt":"2020-06-18T12:45:16","slug":"premiumject-1200-schwenkarm","status":"publish","type":"product","link":"https:\/\/veenhuis.com\/de\/product\/produkte-veenhuis-machines\/gulle-anwenden\/ackerland\/premiumject-1200-schwenkarm\/","title":{"rendered":"Premiumject 1200 Schwenkarm"},"content":{"rendered":"","protected":false},"excerpt":{"rendered":"<p>Dieses System hat sich in den vergangenen Jahren gegen\u00fcber anderen Schleppschlauch-systemen durchgesetzt. Der Quergleis wurde durch einen Arm ersetzt, der an das Front-Hubwerk und das Frontladesystem des Schleppers angeschlossen ist. Dadurch wird eine ideale Gewichtsverteilung erreicht.<\/p>\n<p>&nbsp;<\/p>\n<p>Bei l\u00e4ngeren Spuren \u00fcbt dieses System nicht mehr Druck auf die Hinterachse, sondern auf die Vorderachse des Schleppers aus. Dadurch kann der Schlepper mit einem wesentlich niedrigeren Reifendruck gefahren werden, was wiederum zu weniger Bodenverdichtung f\u00fchrt. Der Arm ist um 360 Grad frei schwenkbar, wodurch er immer die ideale Zuglinie einnimmt und am Vorgewende den Schlauch maximal entlastet.<\/p>\n<p>&nbsp;<\/p>\n<p>Ein weiterer Vorteil ist, dass die Bremspedale beim Wenden am Vorgewende sowie bei der Bearbeitung des Vorgewendes nicht mehr eingestellt werden m\u00fcssen. Der Fahrer muss den Schwenkarm w\u00e4hrend der Ausbringung nicht separat bedienen und kann sich somit vollkommen auf das Fahren konzentrieren. Das Endteil des Schwenkarms ist h\u00f6henverstellbar, sodass die Kraftverteilung auf Vorder- und Hinterachse des Schleppers eingestellt werden kann. Ideal f\u00fcr lange Spuren! Da der Druck der Scheiben am Schlitzger\u00e4t von der Kabine aus proportional regelbar ist, kann auch der Druck auf die Hinterachse des Schleppers geregelt werden. Diese Kombination von Techniken und einem niedrigeren Luftdruck erm\u00f6glicht Schleppabst\u00e4nde, die normalerweise als unm\u00f6glich gelten. Durch den Schwenkarm werden keine Zugkr\u00e4fte mehr auf den Injektor ausge\u00fcbt, was die Lebensdauer des Injektors verl\u00e4ngert. Der schlichte Aufbau wiederum minimiert die Wartungskosten.<\/p>\n<p>&nbsp;<\/p>\n<p><a href=\"https:\/\/veenhuis.com\/de\/unternehmen\/unser-team\/\"><strong>Kontaktieren Sie unsere Salesmanagers:<\/strong><\/a><\/p>\n<p><a href=\"\/de\/kontakt\/\"><img loading=\"lazy\" decoding=\"async\" width=\"576\" height=\"40\" class=\"alignnone size-full wp-image-7308\" src=\"https:\/\/www.veenhuis.com\/wp-content\/uploads\/2017\/10\/contact-button-oranje-DE-1.jpg\" alt=\"\" srcset=\"https:\/\/veenhuis.com\/wp-content\/uploads\/2017\/10\/contact-button-oranje-DE-1.jpg 576w, https:\/\/veenhuis.com\/wp-content\/uploads\/2017\/10\/contact-button-oranje-DE-1-300x21.jpg 300w\" sizes=\"auto, (max-width: 576px) 100vw, 576px\" \/><\/a><\/p>\n<p>[vc_row][vc_column][vc_accordion active_tab=&#8220;&#8220;][vc_accordion_tab title=&#8220;Laden Sie hier die Produktbrosch\u00fcre herunter&#8220; title_color=&#8220;#ffffff&#8220; title_bg_color=&#8220;#f9b122&#8243; content_text_color=&#8220;#5e5e5d&#8220; active_title_color=&#8220;#ffffff&#8220; active_bg_color=&#8220;#5e5e5d&#8220;][vc_column_text]<\/p>\n<div class=\"wpcf7 no-js\" id=\"wpcf7-f5971-o1\" lang=\"nl-NL\" dir=\"ltr\" data-wpcf7-id=\"5971\">\n<div class=\"screen-reader-response\">\n<p role=\"status\" aria-live=\"polite\" aria-atomic=\"true\">\n<ul><\/ul>\n<\/div>\n<form action=\"\/de\/wp-json\/wp\/v2\/product\/8880#wpcf7-f5971-o1\" method=\"post\" class=\"wpcf7-form init\" aria-label=\"Contactformulier\" novalidate=\"novalidate\" data-status=\"init\">\n<fieldset class=\"hidden-fields-container\">\n<input type=\"hidden\" name=\"_wpcf7\" value=\"5971\"><input type=\"hidden\" name=\"_wpcf7_version\" value=\"6.1.5\"><input type=\"hidden\" name=\"_wpcf7_locale\" value=\"nl_NL\"><input type=\"hidden\" name=\"_wpcf7_unit_tag\" value=\"wpcf7-f5971-o1\"><input type=\"hidden\" name=\"_wpcf7_container_post\" value=\"0\"><input type=\"hidden\" name=\"_wpcf7_posted_data_hash\" value=\"\"><input type=\"hidden\" name=\"_wpcf7_recaptcha_response\" value=\"\"><br \/>\n<\/fieldset>\n<h3>\n<strong>Geben Sie Ihre Daten ein und laden Sie die Brosch&uuml;re direkt herunter<\/strong><br \/>\n<\/h3>\n<p><label> <span class=\"wpcf7-form-control-wrap\" data-name=\"your-naam\"><input size=\"40\" maxlength=\"400\" class=\"wpcf7-form-control wpcf7-text wpcf7-validates-as-required\" aria-required=\"true\" aria-invalid=\"false\" placeholder=\"Name\" value=\"\" type=\"text\" name=\"your-naam\"><\/span> <\/label><br \/>\n<label> <span class=\"wpcf7-form-control-wrap\" data-name=\"your-bnaam\"><input size=\"40\" maxlength=\"400\" class=\"wpcf7-form-control wpcf7-text wpcf7-validates-as-required\" aria-required=\"true\" aria-invalid=\"false\" placeholder=\"Firmenname\" value=\"\" type=\"text\" name=\"your-bnaam\"><\/span> <\/label><br \/>\n<label> <span class=\"wpcf7-form-control-wrap\" data-name=\"your-tel\"><input size=\"40\" maxlength=\"400\" class=\"wpcf7-form-control wpcf7-text wpcf7-validates-as-required\" aria-required=\"true\" aria-invalid=\"false\" placeholder=\"Telefonnummer\" value=\"\" type=\"text\" name=\"your-tel\"><\/span> <\/label><br \/>\n<label> <span class=\"wpcf7-form-control-wrap\" data-name=\"your-email\"><input size=\"40\" maxlength=\"400\" class=\"wpcf7-form-control wpcf7-email wpcf7-validates-as-required wpcf7-text wpcf7-validates-as-email\" aria-required=\"true\" aria-invalid=\"false\" placeholder=\"E-mail\" value=\"\" type=\"email\" name=\"your-email\"><\/span> <\/label><br \/>\n<label> <span class=\"wpcf7-form-control-wrap\" data-name=\"your-prov\"><input size=\"40\" maxlength=\"400\" class=\"wpcf7-form-control wpcf7-text wpcf7-validates-as-required\" aria-required=\"true\" aria-invalid=\"false\" placeholder=\"Provinz\" value=\"\" type=\"text\" name=\"your-prov\"><\/span> <\/label><br \/>\n<label> <span class=\"wpcf7-form-control-wrap\" data-name=\"your-plaats\"><input size=\"40\" maxlength=\"400\" class=\"wpcf7-form-control wpcf7-text wpcf7-validates-as-required\" aria-required=\"true\" aria-invalid=\"false\" placeholder=\"Residenz\" value=\"\" type=\"text\" name=\"your-plaats\"><\/span> <\/label><br \/>\n<span class=\"wpcf7-form-control-wrap\" data-name=\"accept\"><span class=\"wpcf7-form-control wpcf7-checkbox wpcf7-validates-as-required\"><span class=\"wpcf7-list-item first last\"><label><input type=\"checkbox\" name=\"accept[]\" value=\"Ja, ich melde mich f&uuml;r den E-Newsletter von Veenhuis Machines an.\"><span class=\"wpcf7-list-item-label\">Ja, ich melde mich f&uuml;r den E-Newsletter von Veenhuis Machines an.<\/span><\/label><\/span><\/span><\/span>\n<\/p>\n<p><input class=\"wpcf7-form-control wpcf7-submit has-spinner\" type=\"submit\" value=\"SENDEN\">\n<\/p>\n<p>Lesen Sie unsere <a href=\"https:\/\/www.veenhuis.com\/privacystatement\/\" target=\"_blank\">Datenschutzrichtlinie<\/a>\n<\/p>\n<p style=\"display: none !important;\" class=\"akismet-fields-container\" data-prefix=\"_wpcf7_ak_\"><label>&Delta;<textarea name=\"_wpcf7_ak_hp_textarea\" cols=\"45\" rows=\"8\" maxlength=\"100\"><\/textarea><\/label><input type=\"hidden\" id=\"ak_js_1\" name=\"_wpcf7_ak_js\" value=\"10\"><script>document.getElementById( \"ak_js_1\" ).setAttribute( \"value\", ( new Date() ).getTime() );<\/script><\/p>\n<p><label class=\"ebd_input\"><input type=\"hidden\" name=\"ebd_downloads[]\" value=\"5993|Laden Sie hier die Injectoren Brosch&uuml;re\"> <\/label><input type=\"hidden\" class=\"ebd_setting\" name=\"ebd_settings[]\" value=\"title|Laden Sie hier die Injectoren Brosch&Atilde;&frac14;re\"><input type=\"hidden\" class=\"ebd_setting\" name=\"ebd_settings[]\" value=\"checked|no\"><input type=\"hidden\" class=\"ebd_setting\" name=\"ebd_settings[]\" value=\"radio|no\"><input type=\"hidden\" class=\"ebd_setting\" name=\"ebd_settings[]\" value=\"from_name| \"><input type=\"hidden\" class=\"ebd_setting\" name=\"ebd_settings[]\" value=\"file_thumbnail|no\"><input type=\"hidden\" class=\"ebd_setting\" name=\"ebd_settings[]\" value=\"item_id|20\"><input type=\"hidden\" class=\"ebd_setting\" name=\"ebd_settings[]\" value=\"form_id|wpcf7-f5971-o1\"><\/p>\n<div class=\"wpcf7-response-output\" aria-hidden=\"true\"><\/div>\n<\/form>\n<\/div>\n<p>[\/vc_column_text][\/vc_accordion_tab][\/vc_accordion][\/vc_column][\/vc_row]<\/p>\n","protected":false},"featured_media":8711,"comment_status":"closed","ping_status":"closed","template":"","meta":{"_exactmetrics_skip_tracking":false,"_exactmetrics_sitenote_active":false,"_exactmetrics_sitenote_note":"","_exactmetrics_sitenote_category":0},"product_brand":[],"product_cat":[115,118,130,98,148],"product_tag":[],"class_list":{"0":"post-8880","1":"product","2":"type-product","3":"status-publish","4":"has-post-thumbnail","6":"product_cat-ackerland","7":"product_cat-grasland-de","8":"product_cat-gulle-transportieren","9":"product_cat-produkte-veenhuis-machines","10":"product_cat-schlauchzufuhrsysteme","12":"first","13":"instock","14":"shipping-taxable","15":"product-type-simple"},"_links":{"self":[{"href":"https:\/\/veenhuis.com\/de\/wp-json\/wp\/v2\/product\/8880","targetHints":{"allow":["GET"]}}],"collection":[{"href":"https:\/\/veenhuis.com\/de\/wp-json\/wp\/v2\/product"}],"about":[{"href":"https:\/\/veenhuis.com\/de\/wp-json\/wp\/v2\/types\/product"}],"replies":[{"embeddable":true,"href":"https:\/\/veenhuis.com\/de\/wp-json\/wp\/v2\/comments?post=8880"}],"wp:featuredmedia":[{"embeddable":true,"href":"https:\/\/veenhuis.com\/de\/wp-json\/wp\/v2\/media\/8711"}],"wp:attachment":[{"href":"https:\/\/veenhuis.com\/de\/wp-json\/wp\/v2\/media?parent=8880"}],"wp:term":[{"taxonomy":"product_brand","embeddable":true,"href":"https:\/\/veenhuis.com\/de\/wp-json\/wp\/v2\/product_brand?post=8880"},{"taxonomy":"product_cat","embeddable":true,"href":"https:\/\/veenhuis.com\/de\/wp-json\/wp\/v2\/product_cat?post=8880"},{"taxonomy":"product_tag","embeddable":true,"href":"https:\/\/veenhuis.com\/de\/wp-json\/wp\/v2\/product_tag?post=8880"}],"curies":[{"name":"wp","href":"https:\/\/api.w.org\/{rel}","templated":true}]}}