{"id":2486,"date":"2017-07-26T13:36:52","date_gmt":"2017-07-26T11:36:52","guid":{"rendered":"http:\/\/test4remarkable.nl\/notre-entreprise\/"},"modified":"2018-07-10T10:23:41","modified_gmt":"2018-07-10T08:23:41","slug":"notre-entreprise","status":"publish","type":"page","link":"https:\/\/veenhuis.com\/fr\/notre-entreprise\/","title":{"rendered":"Notre entreprise"},"content":{"rendered":"<div class=\"wpb-content-wrapper\"><p>[vc_row type=\u00a0\u00bbfull-width-section\u00a0\u00bb css=\u00a0\u00bb.vc_custom_1481019376901{margin-bottom: 0px !important;padding-top: 50px !important;padding-bottom: 35px !important;}\u00a0\u00bb][vc_column width=\u00a0\u00bb2\/3&Prime;][vc_custom_heading text=\u00a0\u00bbNotre entreprise\u00a0\u00bb font_container=\u00a0\u00bbtag:h1|text_align:left|color:%23f9b122&Prime; use_theme_fonts=\u00a0\u00bbyes\u00a0\u00bb][vc_column_text]<\/p>\n<h2 style=\"text-align: left;\">Manure Matters!<\/h2>\n<p>Veenhuis Machines B.V. d\u00e9veloppe et produit des technologies innovantes pour l&rsquo;application, le transport et le traitement du lisier.<\/p>\n<p>Dans un march\u00e9 en constante \u00e9volution, Veenhuis s&rsquo;est construit une position forte bas\u00e9e sur l&rsquo;innovation, la qualit\u00e9 et le service. Une machine Veenhuis, c&rsquo;est la garantie d&rsquo;une bonne fiabilit\u00e9 et d&rsquo;une qualit\u00e9 sup\u00e9rieure. Les faibles co\u00fbts d&rsquo;entretien, la garantie de 2 ans, la grande fiabilit\u00e9 et la haute valeur r\u00e9siduelle contribuent \u00e0 faire d&rsquo;une machine Veenhuis un bon investissement.<\/p>\n<p>Notre exp\u00e9rience longue de plus de 70 ans dans le domaine de la m\u00e9canisation agricole et les liens que nous avons tiss\u00e9s avec nos agents et nos utilisateurs nous permettent de r\u00e9pondre en permanence aux souhaits des entrepreneurs agricoles et des \u00e9leveurs modernes, mais \u00e9galement aux \u00e9volutions du march\u00e9 et aux modifications des l\u00e9gislations nationales et internationale. Veenhuis d\u00e9veloppe constamment de nouvelles machines agricoles dont le but ultime est de r\u00e9duire les co\u00fbts d&rsquo;utilisation sur toute la dur\u00e9e de vie de la machine afin que vous, en tant qu&rsquo;utilisateur, puissiez \u00e9pargner du temps et de l&rsquo;argent.<\/p>\n<p style=\"text-align: left;\"><strong>Vous pensez au lisier\u00a0? Alors, pensez \u00e0 Veenhuis\u00a0!<\/strong><\/p>\n<p>[\/vc_column_text][\/vc_column][vc_column width=\u00a0\u00bb1\/3&Prime; css=\u00a0\u00bb.vc_custom_1481182309082{margin-top: 95px !important;padding-top: 5% !important;padding-right: 5% !important;padding-bottom: 5% !important;padding-left: 5% !important;background-color: #f7f7f7 !important;}\u00a0\u00bb][vc_widget_sidebar sidebar_id=\u00a0\u00bbthefox_contactfr\u00a0\u00bb][\/vc_column][\/vc_row][vc_row type=\u00a0\u00bbfull-width-section\u00a0\u00bb css=\u00a0\u00bb.vc_custom_1480521432023{margin-top: 0px !important;margin-bottom: 0px !important;padding-top: 50px !important;padding-bottom: 25px !important;background-color: #f9b122 !important;}\u00a0\u00bb][vc_column width=\u00a0\u00bb1\/3&Prime;][vc_column_text font_size=\u00a0\u00bb16&Prime; line_height=\u00a0\u00bb20&Prime; css=\u00a0\u00bb.vc_custom_1482151009886{margin-bottom: 5px !important;}\u00a0\u00bb]<\/p>\n<h2 style=\"text-align: left;\">Suivez Veenhuis Machines sur<\/h2>\n<p>[\/vc_column_text][vc_row_inner css=\u00a0\u00bb.vc_custom_1480520858985{margin-top: 0px !important;}\u00a0\u00bb][vc_column_inner width=\u00a0\u00bb1\/4&Prime; css=\u00a0\u00bb.vc_custom_1482150802544{margin-bottom: 10px !important;}\u00a0\u00bb][vc_single_image image=\u00a0\u00bb5456&Prime; img_size=\u00a0\u00bbfull\u00a0\u00bb alignment=\u00a0\u00bbcenter\u00a0\u00bb onclick=\u00a0\u00bbcustom_link\u00a0\u00bb img_link_target=\u00a0\u00bb_blank\u00a0\u00bb link=\u00a0\u00bbhttps:\/\/www.facebook.com\/VeenhuisMachines\/?fref=ts\u00a0\u00bb][\/vc_column_inner][vc_column_inner width=\u00a0\u00bb1\/4&Prime; css=\u00a0\u00bb.vc_custom_1482150808157{margin-bottom: 10px !important;}\u00a0\u00bb][vc_single_image image=\u00a0\u00bb5466&Prime; img_size=\u00a0\u00bbfull\u00a0\u00bb alignment=\u00a0\u00bbcenter\u00a0\u00bb onclick=\u00a0\u00bbcustom_link\u00a0\u00bb img_link_target=\u00a0\u00bb_blank\u00a0\u00bb link=\u00a0\u00bbhttps:\/\/www.youtube.com\/user\/VMRVeenhuis\u00a0\u00bb][\/vc_column_inner][vc_column_inner width=\u00a0\u00bb1\/4&Prime; css=\u00a0\u00bb.vc_custom_1482150814525{margin-bottom: 10px !important;}\u00a0\u00bb][vc_single_image image=\u00a0\u00bb5461&Prime; img_size=\u00a0\u00bbfull\u00a0\u00bb alignment=\u00a0\u00bbcenter\u00a0\u00bb onclick=\u00a0\u00bbcustom_link\u00a0\u00bb img_link_target=\u00a0\u00bb_blank\u00a0\u00bb link=\u00a0\u00bbhttps:\/\/www.linkedin.com\/company\/6968519?trk=vsrp_companies_cluster_name&#038;trkInfo=VSRPsearchId%3A721065911480514740882%2CVSRPtargetId%3A6968519%2CVSRPcmpt%3Acompanies_cluster\u00a0\u00bb][\/vc_column_inner][vc_column_inner width=\u00a0\u00bb1\/4&Prime;][\/vc_column_inner][\/vc_row_inner][\/vc_column][vc_column width=\u00a0\u00bb1\/3&Prime;][\/vc_column][vc_column width=\u00a0\u00bb1\/3&Prime;][vc_single_image image=\u00a0\u00bb5472&Prime; img_size=\u00a0\u00bbfull\u00a0\u00bb alignment=\u00a0\u00bbright\u00a0\u00bb onclick=\u00a0\u00bbcustom_link\u00a0\u00bb animation=\u00a0\u00bbrda_fadeInDown\u00a0\u00bb link=\u00a0\u00bb\/fr\/home\/\u00a0\u00bb css=\u00a0\u00bb.vc_custom_1507126468077{margin-bottom: 10px !important;}\u00a0\u00bb][vc_custom_heading text=\u00a0\u00bbManure Matters\u00a0\u00bb font_container=\u00a0\u00bbtag:h2|font_size:39|text_align:right|color:%235e5e5d\u00a0\u00bb google_fonts=\u00a0\u00bbfont_family:Exo%3A100%2C100italic%2C200%2C200italic%2C300%2C300italic%2Cregular%2Citalic%2C500%2C500italic%2C600%2C600italic%2C700%2C700italic%2C800%2C800italic%2C900%2C900italic|font_style:300%20light%20regular%3A300%3Anormal\u00a0\u00bb][\/vc_column][\/vc_row]<\/p>\n<\/div>","protected":false},"excerpt":{"rendered":"<p>[vc_row type=\u00a0\u00bbfull-width-section\u00a0\u00bb css=\u00a0\u00bb.vc_custom_1481019376901{margin-bottom: 0px !important;padding-top: 50px !important;padding-bottom: 35px !important;}\u00a0\u00bb][vc_column width=\u00a0\u00bb2\/3&Prime;][vc_custom_heading text=\u00a0\u00bbNotre entreprise\u00a0\u00bb font_container=\u00a0\u00bbtag:h1|text_align:left|color:%23f9b122&Prime; use_theme_fonts=\u00a0\u00bbyes\u00a0\u00bb][vc_column_text] Manure Matters! Veenhuis Machines B.V. d\u00e9veloppe et produit des technologies innovantes pour l&rsquo;application, le transport et le traitement du lisier. Dans un march\u00e9 en constante \u00e9volution, Veenhuis s&rsquo;est construit une position forte bas\u00e9e sur l&rsquo;innovation, la qualit\u00e9 et le service. Une<br \/><a href=\"https:\/\/veenhuis.com\/fr\/notre-entreprise\/\" class=\"more\">Read more<\/a><\/p>\n","protected":false},"author":1,"featured_media":0,"parent":0,"menu_order":7,"comment_status":"closed","ping_status":"closed","template":"","meta":{"_exactmetrics_skip_tracking":false,"_exactmetrics_sitenote_active":false,"_exactmetrics_sitenote_note":"","_exactmetrics_sitenote_category":0,"footnotes":""},"class_list":["post-2486","page","type-page","status-publish","hentry"],"_links":{"self":[{"href":"https:\/\/veenhuis.com\/fr\/wp-json\/wp\/v2\/pages\/2486","targetHints":{"allow":["GET"]}}],"collection":[{"href":"https:\/\/veenhuis.com\/fr\/wp-json\/wp\/v2\/pages"}],"about":[{"href":"https:\/\/veenhuis.com\/fr\/wp-json\/wp\/v2\/types\/page"}],"author":[{"embeddable":true,"href":"https:\/\/veenhuis.com\/fr\/wp-json\/wp\/v2\/users\/1"}],"replies":[{"embeddable":true,"href":"https:\/\/veenhuis.com\/fr\/wp-json\/wp\/v2\/comments?post=2486"}],"version-history":[{"count":15,"href":"https:\/\/veenhuis.com\/fr\/wp-json\/wp\/v2\/pages\/2486\/revisions"}],"predecessor-version":[{"id":7344,"href":"https:\/\/veenhuis.com\/fr\/wp-json\/wp\/v2\/pages\/2486\/revisions\/7344"}],"wp:attachment":[{"href":"https:\/\/veenhuis.com\/fr\/wp-json\/wp\/v2\/media?parent=2486"}],"curies":[{"name":"wp","href":"https:\/\/api.w.org\/{rel}","templated":true}]}}