{"id":2710,"date":"2017-08-15T13:08:19","date_gmt":"2017-08-15T11:08:19","guid":{"rendered":"http:\/\/test4remarkable.nl\/service\/"},"modified":"2023-06-21T08:29:54","modified_gmt":"2023-06-21T06:29:54","slug":"service","status":"publish","type":"page","link":"https:\/\/veenhuis.com\/fr\/service\/","title":{"rendered":"Service"},"content":{"rendered":"<div class=\"wpb-content-wrapper\"><p>[vc_row type=\u00a0\u00bbfull-width-section\u00a0\u00bb css=\u00a0\u00bb.vc_custom_1481019376901{margin-bottom: 0px !important;padding-top: 50px !important;padding-bottom: 35px !important;}\u00a0\u00bb][vc_column width=\u00a0\u00bb2\/3&Prime;][vc_custom_heading text=\u00a0\u00bbService\u00a0\u00bb font_container=\u00a0\u00bbtag:h1|text_align:left|color:%233b4559&Prime; use_theme_fonts=\u00a0\u00bbyes\u00a0\u00bb][vc_column_text font_size=\u00a0\u00bb18&Prime; line_height=\u00a0\u00bb30&Prime;]<\/p>\n<h2 style=\"text-align: left;\">Service et pi\u00e8ces<\/h2>\n<p>La fiabilit\u00e9 et un service rapide et adapt\u00e9 sont les cl\u00e9s d\u2019une entreprise efficace. C\u2019est pour cela que nous avons des concessionnaires Veenhuis plus pr\u00e8s de chez vous. Nos concessionnaires connaissent bien nos machines et ils disposent \u00e9galement de la plupart des pi\u00e8ces courantes en stock. Ils vous aident volontiers \u00e0 r\u00e9soudre le plus rapidement possible les \u00e9ventuels probl\u00e8mes afin que votre machine soit arr\u00eat\u00e9e le moins longtemps possible.<\/p>\n<p><strong>Cliquez sur le bouton \u00ab\u00a0Dealer locator\u00a0\u00bb pour trouver le concessionnaire Veenhuis le plus proche.<\/strong>[\/vc_column_text]<style type=\"text\/css\" >#b_fyrq4c8y9drjf3d1n90q a{color:#ffffff; background:#3b4559; margin-top:0px; margin-bottom:0px;  margin-left:0px; margin-right:0px; font-weight:900; border-radius:0px;}#b_fyrq4c8y9drjf3d1n90q a:hover{color:#ffffff ; background:#5e5e5d ;}<\/style><div class=\"ta_left tf_btn_pos\" id=\"b_fyrq4c8y9drjf3d1n90q\" ><a class=\"rd_normal_bt medium_rd_bt bt_icon_left   \" href=\"\/dealers\/\" target=\"yes\"   ><i class=\"oi-designmodo-location\" ><\/i><span>Dealer locator<\/span><\/a><\/div><style type=\"text\/css\" >#b_fyrq4c8y9drjf3d1n90q i {color:#ffffff;}#b_fyrq4c8y9drjf3d1n90q a:hover i{color:#ffffff;}<\/style><style type='text\/css'> @font-face{font-family: 'oi'; src:url('https:\/\/veenhuis.com\/wp-content\/themes\/thefox\/includes\/4k-icons\/icons\/4k-icons-pack04\/icons\/fonts\/oi.eot'); src:url('https:\/\/veenhuis.com\/wp-content\/themes\/thefox\/includes\/4k-icons\/icons\/4k-icons-pack04\/icons\/fonts\/oi.eot?#iefix') format('embedded-opentype'), url('https:\/\/veenhuis.com\/wp-content\/themes\/thefox\/includes\/4k-icons\/icons\/4k-icons-pack04\/icons\/fonts\/oi.woff') format('woff'), url('https:\/\/veenhuis.com\/wp-content\/themes\/thefox\/includes\/4k-icons\/icons\/4k-icons-pack04\/icons\/fonts\/oi.ttf') format('truetype'), url('https:\/\/veenhuis.com\/wp-content\/themes\/thefox\/includes\/4k-icons\/icons\/4k-icons-pack04\/icons\/fonts\/oi.svg#oi') format('svg'); font-weight: normal; font-style: normal;}#b_fyrq4c8y9drjf3d1n90q .oi-designmodo-location:before{font-family: 'oi'; font-weight: normal; font-style: normal;}#b_fyrq4c8y9drjf3d1n90q .oi-designmodo-location:before{content: \"\\e009\";}<\/style>\n[vc_empty_space][vc_column_text font_size=\u00a0\u00bb18&Prime; line_height=\u00a0\u00bb30&Prime;]Votre revendeur ne peut pas vous aider davantage ? Prenez contact avec nous.[\/vc_column_text][\/vc_column][vc_column width=\u00a0\u00bb1\/3&Prime; css=\u00a0\u00bb.vc_custom_1481182309082{margin-top: 95px !important;padding-top: 5% !important;padding-right: 5% !important;padding-bottom: 5% !important;padding-left: 5% !important;background-color: #f7f7f7 !important;}\u00a0\u00bb][vc_widget_sidebar sidebar_id=\u00a0\u00bbthefox_contactsidebar\u00a0\u00bb][\/vc_column][\/vc_row]<\/p>\n<\/div>","protected":false},"excerpt":{"rendered":"<p>[vc_row type=\u00a0\u00bbfull-width-section\u00a0\u00bb css=\u00a0\u00bb.vc_custom_1481019376901{margin-bottom: 0px !important;padding-top: 50px !important;padding-bottom: 35px !important;}\u00a0\u00bb][vc_column width=\u00a0\u00bb2\/3&Prime;][vc_custom_heading text=\u00a0\u00bbService\u00a0\u00bb font_container=\u00a0\u00bbtag:h1|text_align:left|color:%233b4559&Prime; use_theme_fonts=\u00a0\u00bbyes\u00a0\u00bb][vc_column_text font_size=\u00a0\u00bb18&Prime; line_height=\u00a0\u00bb30&Prime;] Service et pi\u00e8ces La fiabilit\u00e9 et un service rapide et adapt\u00e9 sont les cl\u00e9s d\u2019une entreprise efficace. C\u2019est pour cela que nous avons des concessionnaires Veenhuis plus pr\u00e8s de chez vous. Nos concessionnaires connaissent bien nos machines et ils disposent<br \/><a href=\"https:\/\/veenhuis.com\/fr\/service\/\" class=\"more\">Read more<\/a><\/p>\n","protected":false},"author":1,"featured_media":0,"parent":0,"menu_order":5,"comment_status":"closed","ping_status":"closed","template":"","meta":{"_exactmetrics_skip_tracking":false,"_exactmetrics_sitenote_active":false,"_exactmetrics_sitenote_note":"","_exactmetrics_sitenote_category":0,"footnotes":""},"class_list":["post-2710","page","type-page","status-publish","hentry"],"_links":{"self":[{"href":"https:\/\/veenhuis.com\/fr\/wp-json\/wp\/v2\/pages\/2710","targetHints":{"allow":["GET"]}}],"collection":[{"href":"https:\/\/veenhuis.com\/fr\/wp-json\/wp\/v2\/pages"}],"about":[{"href":"https:\/\/veenhuis.com\/fr\/wp-json\/wp\/v2\/types\/page"}],"author":[{"embeddable":true,"href":"https:\/\/veenhuis.com\/fr\/wp-json\/wp\/v2\/users\/1"}],"replies":[{"embeddable":true,"href":"https:\/\/veenhuis.com\/fr\/wp-json\/wp\/v2\/comments?post=2710"}],"version-history":[{"count":8,"href":"https:\/\/veenhuis.com\/fr\/wp-json\/wp\/v2\/pages\/2710\/revisions"}],"predecessor-version":[{"id":14272,"href":"https:\/\/veenhuis.com\/fr\/wp-json\/wp\/v2\/pages\/2710\/revisions\/14272"}],"wp:attachment":[{"href":"https:\/\/veenhuis.com\/fr\/wp-json\/wp\/v2\/media?parent=2710"}],"curies":[{"name":"wp","href":"https:\/\/api.w.org\/{rel}","templated":true}]}}