{"id":2711,"date":"2017-08-15T13:08:20","date_gmt":"2017-08-15T11:08:20","guid":{"rendered":"http:\/\/test4remarkable.nl\/contact\/"},"modified":"2018-07-10T10:26:01","modified_gmt":"2018-07-10T08:26:01","slug":"contact","status":"publish","type":"page","link":"https:\/\/veenhuis.com\/fr\/contact\/","title":{"rendered":"Contact"},"content":{"rendered":"<div class=\"wpb-content-wrapper\"><p>[vc_row type=\u00a0\u00bbfull-width-section\u00a0\u00bb css=\u00a0\u00bb.vc_custom_1481038802468{margin-bottom: 0px !important;padding-top: 50px !important;padding-bottom: 35px !important;}\u00a0\u00bb][vc_column][vc_custom_heading text=\u00a0\u00bbContact\u00a0\u00bb font_container=\u00a0\u00bbtag:h1|text_align:left|color:%23f9b122&Prime; use_theme_fonts=\u00a0\u00bbyes\u00a0\u00bb][vc_row_inner font_color=\u00a0\u00bb#5e5e5d\u00a0\u00bb][vc_column_inner width=\u00a0\u00bb2\/3&Prime; font_color=\u00a0\u00bb#5e5e5d\u00a0\u00bb]<style type=\"text\/css\" >#rd_3abtdxhxjr0u9yvae27q .wpcf7,#rd_3abtdxhxjr0u9yvae27q input:not([type=submit]):not([type=checkbox]),#rd_3abtdxhxjr0u9yvae27q textarea,#rd_3abtdxhxjr0u9yvae27q .wpcf7 select,#rd_3abtdxhxjr0u9yvae27q .wpcf7 input[type=\"checkbox\"]:checked{color:#5e5e5d;}#rd_3abtdxhxjr0u9yvae27q .wpcf7 input[type=\"checkbox\"]{background:rgba(0,0,0,0); color:rgba(0,0,0,0);}#rd_3abtdxhxjr0u9yvae27q ::-webkit-input-placeholder{color:#f7f7f7;}#rd_3abtdxhxjr0u9yvae27q :-moz-placeholder{color:#f7f7f7;}#rd_3abtdxhxjr0u9yvae27q ::-moz-placeholder{color:#f7f7f7;}#rd_3abtdxhxjr0u9yvae27q :-ms-input-placeholder{color:#f7f7f7;}#rd_3abtdxhxjr0u9yvae27q .wpcf7 select{color:#f7f7f7;}#rd_3abtdxhxjr0u9yvae27q .wpcf7 input[type=submit]{font-size:15px; font-weight:900; border-radius:2px; padding:11px 15px; letter-spacing: 0.5px; margin-top:3px;}#rd_3abtdxhxjr0u9yvae27q .wpcf7 input[type=submit]:hover {background:#5e5e5d; color:#ffffff !important;}#rd_3abtdxhxjr0u9yvae27q .wpcf7 input:not([type=submit]):not([type=checkbox]),#rd_3abtdxhxjr0u9yvae27q textarea,#rd_3abtdxhxjr0u9yvae27q .wpcf7 select{border-radius:0px;}#rd_3abtdxhxjr0u9yvae27q .wpcf7 input:not([type=submit]),#rd_3abtdxhxjr0u9yvae27q textarea,#rd_3abtdxhxjr0u9yvae27q .wpcf7 input[type=submit],#rd_3abtdxhxjr0u9yvae27q .wpcf7 select{margin-top:3px;}#rd_3abtdxhxjr0u9yvae27q p{margin-bottom:23px;}#rd_3abtdxhxjr0u9yvae27q .wpcf7 input:not([type=submit]):not([type=checkbox]),#rd_3abtdxhxjr0u9yvae27q .wpcf7  textarea,#rd_3abtdxhxjr0u9yvae27q .wpcf7 select{border:1px solid #d8d8d8; background:#f7f7f7;}#rd_3abtdxhxjr0u9yvae27q .wpcf7 input[type=submit]{background:#f9b122; color:#ffffff !important;}<\/style><div id=\"rd_3abtdxhxjr0u9yvae27q\" class=\"\">\n<div class=\"wpcf7 no-js\" id=\"wpcf7-f5875-o1\" lang=\"nl-NL\" dir=\"ltr\" data-wpcf7-id=\"5875\">\n<div class=\"screen-reader-response\"><p role=\"status\" aria-live=\"polite\" aria-atomic=\"true\"><\/p> <ul><\/ul><\/div>\n<form action=\"\/fr\/wp-json\/wp\/v2\/pages\/2711#wpcf7-f5875-o1\" method=\"post\" class=\"wpcf7-form init\" aria-label=\"Contactformulier\" novalidate=\"novalidate\" data-status=\"init\">\n<fieldset class=\"hidden-fields-container\"><input type=\"hidden\" name=\"_wpcf7\" value=\"5875\" \/><input type=\"hidden\" name=\"_wpcf7_version\" value=\"6.1.5\" \/><input type=\"hidden\" name=\"_wpcf7_locale\" value=\"nl_NL\" \/><input type=\"hidden\" name=\"_wpcf7_unit_tag\" value=\"wpcf7-f5875-o1\" \/><input type=\"hidden\" name=\"_wpcf7_container_post\" value=\"0\" \/><input type=\"hidden\" name=\"_wpcf7_posted_data_hash\" value=\"\" \/><input type=\"hidden\" name=\"_wpcf7_recaptcha_response\" value=\"\" \/>\n<\/fieldset>\n<style>\np.form_element.form_element_half {\n width: 48%;\n float: left;\n margin: 5px;\n}\np.form_fullwidth {\n width: 98%;\n margin: 5px;\n}\n<\/style>\n<p class=\"form_element form_element_half\">Nom*:\n<\/p>\n<p><span class=\"wpcf7-form-control-wrap\" data-name=\"your-name\"><input size=\"40\" maxlength=\"400\" class=\"wpcf7-form-control wpcf7-text wpcf7-validates-as-required\" aria-required=\"true\" aria-invalid=\"false\" value=\"\" type=\"text\" name=\"your-name\" \/><\/span>\n<\/p>\n<p class=\"form_element form_element_half\">Soci\u00e9t\u00e9*:\n<\/p>\n<p><span class=\"wpcf7-form-control-wrap\" data-name=\"your-bnaam\"><input size=\"40\" maxlength=\"400\" class=\"wpcf7-form-control wpcf7-text\" aria-invalid=\"false\" value=\"\" type=\"text\" name=\"your-bnaam\" \/><\/span>\n<\/p>\n<p class=\"form_element form_element_half\">Num\u00e9ro de t\u00e9l\u00e9phone:\n<\/p>\n<p><span class=\"wpcf7-form-control-wrap\" data-name=\"your-tel\"><input size=\"40\" maxlength=\"400\" class=\"wpcf7-form-control wpcf7-text\" aria-invalid=\"false\" value=\"\" type=\"text\" name=\"your-tel\" \/><\/span>\n<\/p>\n<p class=\"form_element form_element_half\">Num\u00e9ro de t\u00e9l\u00e9phone portable:\n<\/p>\n<p><span class=\"wpcf7-form-control-wrap\" data-name=\"your-mob\"><input size=\"40\" maxlength=\"400\" class=\"wpcf7-form-control wpcf7-text\" aria-invalid=\"false\" value=\"\" type=\"text\" name=\"your-mob\" \/><\/span>\n<\/p>\n<p class=\"form_element form_element_half\">Email*:\n<\/p>\n<p><span class=\"wpcf7-form-control-wrap\" data-name=\"your-email\"><input size=\"40\" maxlength=\"400\" class=\"wpcf7-form-control wpcf7-email wpcf7-validates-as-required wpcf7-text wpcf7-validates-as-email\" aria-required=\"true\" aria-invalid=\"false\" value=\"\" type=\"email\" name=\"your-email\" \/><\/span>\n<\/p>\n<p class=\"form_element form_element_half\">Adresse*:\n<\/p>\n<p><span class=\"wpcf7-form-control-wrap\" data-name=\"your-adres\"><input size=\"40\" maxlength=\"400\" class=\"wpcf7-form-control wpcf7-text wpcf7-validates-as-required\" aria-required=\"true\" aria-invalid=\"false\" value=\"\" type=\"text\" name=\"your-adres\" \/><\/span>\n<\/p>\n<p class=\"form_element form_element_half\">Code postal*:\n<\/p>\n<p><span class=\"wpcf7-form-control-wrap\" data-name=\"your-pc\"><input size=\"40\" maxlength=\"400\" class=\"wpcf7-form-control wpcf7-text wpcf7-validates-as-required\" aria-required=\"true\" aria-invalid=\"false\" value=\"\" type=\"text\" name=\"your-pc\" \/><\/span>\n<\/p>\n<p class=\"form_element form_element_half\">Ville*:\n<\/p>\n<p><span class=\"wpcf7-form-control-wrap\" data-name=\"your-city\"><input size=\"40\" maxlength=\"400\" class=\"wpcf7-form-control wpcf7-text wpcf7-validates-as-required\" aria-required=\"true\" aria-invalid=\"false\" value=\"\" type=\"text\" name=\"your-city\" \/><\/span>\n<\/p>\n<p class=\"form_fullwidth\">Pays*:\n<\/p>\n<p><span class=\"wpcf7-form-control-wrap\" data-name=\"land\"><select class=\"wpcf7-form-control wpcf7-select wpcf7-validates-as-required\" aria-required=\"true\" aria-invalid=\"false\" name=\"land\"><option value=\"\">&#8212;Kies een optie&#8212;<\/option><option value=\"Austria\">Austria<\/option><option value=\"Belgium\">Belgium<\/option><option value=\"Czech Republic\">Czech Republic<\/option><option value=\"Germany\">Germany<\/option><option value=\"Great Britain\">Great Britain<\/option><option value=\"Hungary\">Hungary<\/option><option value=\"Lithuania\">Lithuania<\/option><option value=\"Nederland\">Nederland<\/option><option value=\"Norway\">Norway<\/option><option value=\"Russia\">Russia<\/option><option value=\"Serbia\">Serbia<\/option><option value=\"Switzerland\">Switzerland<\/option><\/select><\/span>\n<\/p>\n<p class=\"form_fullwidth\">Message*:\n<\/p>\n<p><span class=\"wpcf7-form-control-wrap\" data-name=\"your-message\"><textarea cols=\"40\" rows=\"10\" maxlength=\"2000\" class=\"wpcf7-form-control wpcf7-textarea\" aria-invalid=\"false\" name=\"your-message\"><\/textarea><\/span>\n<\/p>\n<p><span class=\"wpcf7-form-control-wrap\" data-name=\"nieuwsbrief\"><span class=\"wpcf7-form-control wpcf7-checkbox\"><span class=\"wpcf7-list-item first last\"><input type=\"checkbox\" name=\"nieuwsbrief[]\" value=\"Oui, je m&#039;inscris \u00e0 la newsletter de Veenhuis Machines\" \/><span class=\"wpcf7-list-item-label\">Oui, je m&#039;inscris \u00e0 la newsletter de Veenhuis Machines<\/span><\/span><\/span><\/span>\n<\/p>\n<p>*= Champ obligatoire\n<\/p>\n<p><input class=\"wpcf7-form-control wpcf7-submit has-spinner\" type=\"submit\" value=\"Envoyer\" \/>\n<\/p>\n<p>Voir notre <a href=\"https:\/\/www.veenhuis.com\/privacystatement\/\" target=\"_blank\">politique de confidentialit\u00e9<\/a>\n<\/p><p style=\"display: none !important;\" class=\"akismet-fields-container\" data-prefix=\"_wpcf7_ak_\"><label>&#916;<textarea name=\"_wpcf7_ak_hp_textarea\" cols=\"45\" rows=\"8\" maxlength=\"100\"><\/textarea><\/label><input type=\"hidden\" id=\"ak_js_1\" name=\"_wpcf7_ak_js\" value=\"159\"\/><script>document.getElementById( \"ak_js_1\" ).setAttribute( \"value\", ( new Date() ).getTime() );<\/script><\/p><div class=\"wpcf7-response-output\" aria-hidden=\"true\"><\/div>\n<\/form>\n<\/div>\n<\/div>[\/vc_column_inner][vc_column_inner width=\u00a0\u00bb1\/3&Prime; css=\u00a0\u00bb.vc_custom_1481182000481{margin-top: 38px !important;padding-top: 5% !important;padding-right: 5% !important;padding-bottom: 5% !important;padding-left: 5% !important;background-color: #f7f7f7 !important;}\u00a0\u00bb][vc_widget_sidebar sidebar_id=\u00a0\u00bbthefox_contactfr\u00a0\u00bb][\/vc_column_inner][\/vc_row_inner][\/vc_column][\/vc_row][vc_row type=\u00a0\u00bbfull-width-section\u00a0\u00bb css=\u00a0\u00bb.vc_custom_1480521432023{margin-top: 0px !important;margin-bottom: 0px !important;padding-top: 50px !important;padding-bottom: 25px !important;background-color: #f9b122 !important;}\u00a0\u00bb][vc_column width=\u00a0\u00bb1\/3&Prime;][vc_column_text font_size=\u00a0\u00bb16&Prime; line_height=\u00a0\u00bb20&Prime; css=\u00a0\u00bb.vc_custom_1482151009886{margin-bottom: 5px !important;}\u00a0\u00bb]<\/p>\n<h2 style=\"text-align: left;\">Suivez Veenhuis Machines sur<\/h2>\n<p>[\/vc_column_text][vc_row_inner css=\u00a0\u00bb.vc_custom_1480520858985{margin-top: 0px !important;}\u00a0\u00bb][vc_column_inner width=\u00a0\u00bb1\/4&Prime; css=\u00a0\u00bb.vc_custom_1482150802544{margin-bottom: 10px !important;}\u00a0\u00bb][vc_single_image image=\u00a0\u00bb5456&Prime; img_size=\u00a0\u00bbfull\u00a0\u00bb alignment=\u00a0\u00bbcenter\u00a0\u00bb onclick=\u00a0\u00bbcustom_link\u00a0\u00bb img_link_target=\u00a0\u00bb_blank\u00a0\u00bb link=\u00a0\u00bbhttps:\/\/www.facebook.com\/VeenhuisMachines\/?fref=ts\u00a0\u00bb][\/vc_column_inner][vc_column_inner width=\u00a0\u00bb1\/4&Prime; css=\u00a0\u00bb.vc_custom_1482150808157{margin-bottom: 10px !important;}\u00a0\u00bb][vc_single_image image=\u00a0\u00bb5466&Prime; img_size=\u00a0\u00bbfull\u00a0\u00bb alignment=\u00a0\u00bbcenter\u00a0\u00bb onclick=\u00a0\u00bbcustom_link\u00a0\u00bb img_link_target=\u00a0\u00bb_blank\u00a0\u00bb link=\u00a0\u00bbhttps:\/\/www.youtube.com\/user\/VMRVeenhuis\u00a0\u00bb][\/vc_column_inner][vc_column_inner width=\u00a0\u00bb1\/4&Prime; css=\u00a0\u00bb.vc_custom_1482150814525{margin-bottom: 10px !important;}\u00a0\u00bb][vc_single_image image=\u00a0\u00bb5461&Prime; img_size=\u00a0\u00bbfull\u00a0\u00bb alignment=\u00a0\u00bbcenter\u00a0\u00bb onclick=\u00a0\u00bbcustom_link\u00a0\u00bb img_link_target=\u00a0\u00bb_blank\u00a0\u00bb link=\u00a0\u00bbhttps:\/\/www.linkedin.com\/company\/6968519?trk=vsrp_companies_cluster_name&#038;trkInfo=VSRPsearchId%3A721065911480514740882%2CVSRPtargetId%3A6968519%2CVSRPcmpt%3Acompanies_cluster\u00a0\u00bb][\/vc_column_inner][vc_column_inner width=\u00a0\u00bb1\/4&Prime;][\/vc_column_inner][\/vc_row_inner][\/vc_column][vc_column width=\u00a0\u00bb1\/3&Prime;][\/vc_column][vc_column width=\u00a0\u00bb1\/3&Prime;][vc_single_image image=\u00a0\u00bb5472&Prime; img_size=\u00a0\u00bbfull\u00a0\u00bb alignment=\u00a0\u00bbright\u00a0\u00bb onclick=\u00a0\u00bbcustom_link\u00a0\u00bb animation=\u00a0\u00bbrda_fadeInDown\u00a0\u00bb link=\u00a0\u00bb\/fr\/home\/\u00a0\u00bb css=\u00a0\u00bb.vc_custom_1507126468077{margin-bottom: 10px !important;}\u00a0\u00bb][vc_custom_heading text=\u00a0\u00bbManure Matters\u00a0\u00bb font_container=\u00a0\u00bbtag:h2|font_size:39|text_align:right|color:%235e5e5d\u00a0\u00bb google_fonts=\u00a0\u00bbfont_family:Exo%3A100%2C100italic%2C200%2C200italic%2C300%2C300italic%2Cregular%2Citalic%2C500%2C500italic%2C600%2C600italic%2C700%2C700italic%2C800%2C800italic%2C900%2C900italic|font_style:300%20light%20regular%3A300%3Anormal\u00a0\u00bb][\/vc_column][\/vc_row]<\/p>\n<\/div>","protected":false},"excerpt":{"rendered":"<p>[vc_row type=\u00a0\u00bbfull-width-section\u00a0\u00bb css=\u00a0\u00bb.vc_custom_1481038802468{margin-bottom: 0px !important;padding-top: 50px !important;padding-bottom: 35px !important;}\u00a0\u00bb][vc_column][vc_custom_heading text=\u00a0\u00bbContact\u00a0\u00bb font_container=\u00a0\u00bbtag:h1|text_align:left|color:%23f9b122&Prime; use_theme_fonts=\u00a0\u00bbyes\u00a0\u00bb][vc_row_inner font_color=\u00a0\u00bb#5e5e5d\u00a0\u00bb][vc_column_inner width=\u00a0\u00bb2\/3&Prime; font_color=\u00a0\u00bb#5e5e5d\u00a0\u00bb] Nom*: Soci\u00e9t\u00e9*: Num\u00e9ro de t\u00e9l\u00e9phone: Num\u00e9ro de t\u00e9l\u00e9phone portable: Email*: Adresse*: Code postal*: Ville*: Pays*: &#8212;Kies een optie&#8212;AustriaBelgiumCzech RepublicGermanyGreat BritainHungaryLithuaniaNederlandNorwayRussiaSerbiaSwitzerland Message*: Oui, je m&#039;inscris \u00e0 la newsletter de Veenhuis Machines *= Champ obligatoire Voir notre politique de confidentialit\u00e9 &#916; [\/vc_column_inner][vc_column_inner<br \/><a href=\"https:\/\/veenhuis.com\/fr\/contact\/\" class=\"more\">Read more<\/a><\/p>\n","protected":false},"author":1,"featured_media":0,"parent":0,"menu_order":9,"comment_status":"closed","ping_status":"closed","template":"","meta":{"_exactmetrics_skip_tracking":false,"_exactmetrics_sitenote_active":false,"_exactmetrics_sitenote_note":"","_exactmetrics_sitenote_category":0,"footnotes":""},"class_list":["post-2711","page","type-page","status-publish","hentry"],"_links":{"self":[{"href":"https:\/\/veenhuis.com\/fr\/wp-json\/wp\/v2\/pages\/2711","targetHints":{"allow":["GET"]}}],"collection":[{"href":"https:\/\/veenhuis.com\/fr\/wp-json\/wp\/v2\/pages"}],"about":[{"href":"https:\/\/veenhuis.com\/fr\/wp-json\/wp\/v2\/types\/page"}],"author":[{"embeddable":true,"href":"https:\/\/veenhuis.com\/fr\/wp-json\/wp\/v2\/users\/1"}],"replies":[{"embeddable":true,"href":"https:\/\/veenhuis.com\/fr\/wp-json\/wp\/v2\/comments?post=2711"}],"version-history":[{"count":5,"href":"https:\/\/veenhuis.com\/fr\/wp-json\/wp\/v2\/pages\/2711\/revisions"}],"predecessor-version":[{"id":7351,"href":"https:\/\/veenhuis.com\/fr\/wp-json\/wp\/v2\/pages\/2711\/revisions\/7351"}],"wp:attachment":[{"href":"https:\/\/veenhuis.com\/fr\/wp-json\/wp\/v2\/media?parent=2711"}],"curies":[{"name":"wp","href":"https:\/\/api.w.org\/{rel}","templated":true}]}}