{"id":2715,"date":"2017-08-15T13:08:30","date_gmt":"2017-08-15T11:08:30","guid":{"rendered":"http:\/\/test4remarkable.nl\/produits\/traitement-du-lisier\/mixeurs-de-lisier\/"},"modified":"2019-03-12T09:57:12","modified_gmt":"2019-03-12T08:57:12","slug":"mixeurs-de-lisier","status":"publish","type":"page","link":"https:\/\/veenhuis.com\/fr\/produits\/traitement-du-lisier\/mixeurs-de-lisier\/","title":{"rendered":"Mixeurs de lisier"},"content":{"rendered":"<div class=\"wpb-content-wrapper\"><p>[vc_row type=\u00a0\u00bbfull-width-section\u00a0\u00bb css=\u00a0\u00bb.vc_custom_1481019376901{margin-bottom: 0px !important;padding-top: 50px !important;padding-bottom: 35px !important;}\u00a0\u00bb][vc_column][vc_custom_heading text=\u00a0\u00bbmixeurs de lisier\u00a0\u00bb font_container=\u00a0\u00bbtag:h1|text_align:left|color:%23f9b122&Prime; use_theme_fonts=\u00a0\u00bbyes\u00a0\u00bb][vc_column_text]Pour la dispersion et l&rsquo;\u00e9pandage de lisier, il est primordial que votre lisier soit bien broy\u00e9. Vous obtiendrez les meilleurs r\u00e9sultats avec un lisier broy\u00e9 de mani\u00e8re homog\u00e8ne. Veenhuis propose deux sortes de broyeurs de diverses dimensions\u00a0: des mixeurs entrain\u00e9s via la prise de force du tracteur, et les mixeurs immerg\u00e9s \u00e9lectriques.<\/p>\n<p>Les mixeurs sur prise de force sont les mixeurs de lisier les plus fiables de Veenhuis. Ces mixeurs entrain\u00e9s via la prise de force assurent un m\u00e9lange sans souci du lisier. Ils sont caract\u00e9ris\u00e9s par une capacit\u00e9 de traitement \u00e9lev\u00e9e et une grande long\u00e9vit\u00e9. Les mixeurs de lisier de Veenhuis sont disponibles en longueurs de 4, 5 et 6 m\u00e8tres et peuvent \u00eatre \u00e9quip\u00e9s d\u2019une h\u00e9lice de 50 ou de 60 cm de diam\u00e8tre.[\/vc_column_text]<div class=\"woocommerce columns-3 \"><ul class=\"products columns-3\">\n<li class=\"product type-product post-7882 status-publish first instock product_cat-mixeurs-de-lisier product_cat-produits-de-veenhuis-machines product_cat-traitement-du-lisier shipping-taxable product-type-simple\">\n\t<div class='inner_product '><a href=\"https:\/\/veenhuis.com\/fr\/product\/produits-de-veenhuis-machines\/traitement-du-lisier\/mixeurs-de-lisier\/melangeur-de-fumier\/\" class=\"woocommerce-LoopProduct-link woocommerce-loop-product__link\"><div class='thumbnail_container'><div class='item_current_status'><i class='icon_status_inner'><\/i><\/div><\/div><div class='product_box'><h2 class=\"woocommerce-loop-product__title\">M\u00e9langeur de fumier<\/h2>\n<\/div><\/a><div class='custom_cart_button single_button'><a href=\"https:\/\/veenhuis.com\/fr\/product\/produits-de-veenhuis-machines\/traitement-du-lisier\/mixeurs-de-lisier\/melangeur-de-fumier\/\" aria-describedby=\"woocommerce_loop_add_to_cart_link_describedby_7882\" data-quantity=\"1\" class=\"button product_type_simple\" data-product_id=\"7882\" data-product_sku=\"\" aria-label=\"En savoir plus sur &ldquo;M\u00e9langeur de fumier&rdquo;\" rel=\"nofollow\" data-success_message=\"\"> Lire la suite<\/a>\t<span id=\"woocommerce_loop_add_to_cart_link_describedby_7882\" class=\"screen-reader-text\">\n\t\t\t<\/span>\n<a class=\"button show_details_button\" href=\"https:\/\/veenhuis.com\/fr\/product\/produits-de-veenhuis-machines\/traitement-du-lisier\/mixeurs-de-lisier\/melangeur-de-fumier\/\">  Show Details<\/a><\/div><\/div><\/li>\n<\/ul>\n<\/div>[\/vc_column][\/vc_row][vc_row type=\u00a0\u00bbfull-width-section\u00a0\u00bb css=\u00a0\u00bb.vc_custom_1480521432023{margin-top: 0px !important;margin-bottom: 0px !important;padding-top: 50px !important;padding-bottom: 25px !important;background-color: #f9b122 !important;}\u00a0\u00bb][vc_column width=\u00a0\u00bb1\/3&Prime;][vc_column_text font_size=\u00a0\u00bb16&Prime; line_height=\u00a0\u00bb20&Prime; css=\u00a0\u00bb.vc_custom_1482151009886{margin-bottom: 5px !important;}\u00a0\u00bb]<\/p>\n<h2 style=\"text-align: left;\">Suivez Veenhuis Machines sur<\/h2>\n<p>[\/vc_column_text][vc_row_inner css=\u00a0\u00bb.vc_custom_1480520858985{margin-top: 0px !important;}\u00a0\u00bb][vc_column_inner width=\u00a0\u00bb1\/4&Prime; css=\u00a0\u00bb.vc_custom_1482150802544{margin-bottom: 10px !important;}\u00a0\u00bb][vc_single_image image=\u00a0\u00bb5456&Prime; img_size=\u00a0\u00bbfull\u00a0\u00bb alignment=\u00a0\u00bbcenter\u00a0\u00bb onclick=\u00a0\u00bbcustom_link\u00a0\u00bb img_link_target=\u00a0\u00bb_blank\u00a0\u00bb link=\u00a0\u00bbhttps:\/\/www.facebook.com\/VeenhuisMachines\/?fref=ts\u00a0\u00bb][\/vc_column_inner][vc_column_inner width=\u00a0\u00bb1\/4&Prime; css=\u00a0\u00bb.vc_custom_1482150808157{margin-bottom: 10px !important;}\u00a0\u00bb][vc_single_image image=\u00a0\u00bb5466&Prime; img_size=\u00a0\u00bbfull\u00a0\u00bb alignment=\u00a0\u00bbcenter\u00a0\u00bb onclick=\u00a0\u00bbcustom_link\u00a0\u00bb img_link_target=\u00a0\u00bb_blank\u00a0\u00bb link=\u00a0\u00bbhttps:\/\/www.youtube.com\/user\/VMRVeenhuis\u00a0\u00bb][\/vc_column_inner][vc_column_inner width=\u00a0\u00bb1\/4&Prime; css=\u00a0\u00bb.vc_custom_1482150814525{margin-bottom: 10px !important;}\u00a0\u00bb][vc_single_image image=\u00a0\u00bb5461&Prime; img_size=\u00a0\u00bbfull\u00a0\u00bb alignment=\u00a0\u00bbcenter\u00a0\u00bb onclick=\u00a0\u00bbcustom_link\u00a0\u00bb img_link_target=\u00a0\u00bb_blank\u00a0\u00bb link=\u00a0\u00bbhttps:\/\/www.linkedin.com\/company\/6968519?trk=vsrp_companies_cluster_name&amp;trkInfo=VSRPsearchId%3A721065911480514740882%2CVSRPtargetId%3A6968519%2CVSRPcmpt%3Acompanies_cluster\u00a0\u00bb][\/vc_column_inner][vc_column_inner width=\u00a0\u00bb1\/4&Prime;][\/vc_column_inner][\/vc_row_inner][\/vc_column][vc_column width=\u00a0\u00bb1\/3&Prime;][\/vc_column][vc_column width=\u00a0\u00bb1\/3&Prime;][vc_single_image image=\u00a0\u00bb5472&Prime; img_size=\u00a0\u00bbfull\u00a0\u00bb alignment=\u00a0\u00bbright\u00a0\u00bb onclick=\u00a0\u00bbcustom_link\u00a0\u00bb animation=\u00a0\u00bbrda_fadeInDown\u00a0\u00bb link=\u00a0\u00bb\/home\/?lang=fr\u00a0\u00bb css=\u00a0\u00bb.vc_custom_1507034739425{margin-bottom: 10px !important;}\u00a0\u00bb][vc_custom_heading text=\u00a0\u00bbManure Matters\u00a0\u00bb font_container=\u00a0\u00bbtag:h2|font_size:39|text_align:right|color:%235e5e5d\u00a0\u00bb google_fonts=\u00a0\u00bbfont_family:Exo%3A100%2C100italic%2C200%2C200italic%2C300%2C300italic%2Cregular%2Citalic%2C500%2C500italic%2C600%2C600italic%2C700%2C700italic%2C800%2C800italic%2C900%2C900italic|font_style:300%20light%20regular%3A300%3Anormal\u00a0\u00bb][\/vc_column][\/vc_row]<\/p>\n<\/div>","protected":false},"excerpt":{"rendered":"<p><a href=\"https:\/\/veenhuis.com\/fr\/produits\/traitement-du-lisier\/mixeurs-de-lisier\/\" class=\"more\">Read more<\/a><\/p>\n","protected":false},"author":1,"featured_media":0,"parent":2712,"menu_order":0,"comment_status":"closed","ping_status":"closed","template":"","meta":{"_exactmetrics_skip_tracking":false,"_exactmetrics_sitenote_active":false,"_exactmetrics_sitenote_note":"","_exactmetrics_sitenote_category":0,"footnotes":""},"class_list":["post-2715","page","type-page","status-publish","hentry"],"_links":{"self":[{"href":"https:\/\/veenhuis.com\/fr\/wp-json\/wp\/v2\/pages\/2715","targetHints":{"allow":["GET"]}}],"collection":[{"href":"https:\/\/veenhuis.com\/fr\/wp-json\/wp\/v2\/pages"}],"about":[{"href":"https:\/\/veenhuis.com\/fr\/wp-json\/wp\/v2\/types\/page"}],"author":[{"embeddable":true,"href":"https:\/\/veenhuis.com\/fr\/wp-json\/wp\/v2\/users\/1"}],"replies":[{"embeddable":true,"href":"https:\/\/veenhuis.com\/fr\/wp-json\/wp\/v2\/comments?post=2715"}],"version-history":[{"count":7,"href":"https:\/\/veenhuis.com\/fr\/wp-json\/wp\/v2\/pages\/2715\/revisions"}],"predecessor-version":[{"id":7889,"href":"https:\/\/veenhuis.com\/fr\/wp-json\/wp\/v2\/pages\/2715\/revisions\/7889"}],"up":[{"embeddable":true,"href":"https:\/\/veenhuis.com\/fr\/wp-json\/wp\/v2\/pages\/2712"}],"wp:attachment":[{"href":"https:\/\/veenhuis.com\/fr\/wp-json\/wp\/v2\/media?parent=2715"}],"curies":[{"name":"wp","href":"https:\/\/api.w.org\/{rel}","templated":true}]}}