{"id":2716,"date":"2017-08-15T13:08:31","date_gmt":"2017-08-15T11:08:31","guid":{"rendered":"http:\/\/test4remarkable.nl\/produits\/traitement-du-lisier\/traitement-du-lisier\/"},"modified":"2018-07-10T10:23:15","modified_gmt":"2018-07-10T08:23:15","slug":"traitement-du-lisier","status":"publish","type":"page","link":"https:\/\/veenhuis.com\/fr\/produits\/traitement-du-lisier\/traitement-du-lisier\/","title":{"rendered":"<strong>TRAITEMENT<\/strong> du lisier"},"content":{"rendered":"<div class=\"wpb-content-wrapper\"><p>[vc_row type=\u00a0\u00bbfull-width-section\u00a0\u00bb css=\u00a0\u00bb.vc_custom_1481019376901{margin-bottom: 0px !important;padding-top: 50px !important;padding-bottom: 35px !important;}\u00a0\u00bb][vc_column][vc_custom_heading text=\u00a0\u00bb<strong>TRAITEMENT<\/strong> du lisier\u00a0\u00bb font_container=\u00a0\u00bbtag:h1|text_align:left|color:%23f9b122&Prime; use_theme_fonts=\u00a0\u00bbyes\u00a0\u00bb][\/vc_column][\/vc_row][vc_row][vc_column width=\u00a0\u00bb2\/3&Prime;]<div class=\"woocommerce columns-2 \"><ul class=\"products columns-2\">\n<li class=\"product type-product post-7882 status-publish first instock product_cat-mixeurs-de-lisier product_cat-produits-de-veenhuis-machines product_cat-traitement-du-lisier shipping-taxable product-type-simple\">\n\t<div class='inner_product '><a href=\"https:\/\/veenhuis.com\/fr\/product\/produits-de-veenhuis-machines\/traitement-du-lisier\/mixeurs-de-lisier\/melangeur-de-fumier\/\" class=\"woocommerce-LoopProduct-link woocommerce-loop-product__link\"><div class='thumbnail_container'><div class='item_current_status'><i class='icon_status_inner'><\/i><\/div><\/div><div class='product_box'><h2 class=\"woocommerce-loop-product__title\">M\u00e9langeur de fumier<\/h2>\n<\/div><\/a><div class='custom_cart_button single_button'><a href=\"https:\/\/veenhuis.com\/fr\/product\/produits-de-veenhuis-machines\/traitement-du-lisier\/mixeurs-de-lisier\/melangeur-de-fumier\/\" aria-describedby=\"woocommerce_loop_add_to_cart_link_describedby_7882\" data-quantity=\"1\" class=\"button product_type_simple\" data-product_id=\"7882\" data-product_sku=\"\" aria-label=\"En savoir plus sur &ldquo;M\u00e9langeur de fumier&rdquo;\" rel=\"nofollow\" data-success_message=\"\"> Lire la suite<\/a>\t<span id=\"woocommerce_loop_add_to_cart_link_describedby_7882\" class=\"screen-reader-text\">\n\t\t\t<\/span>\n<a class=\"button show_details_button\" href=\"https:\/\/veenhuis.com\/fr\/product\/produits-de-veenhuis-machines\/traitement-du-lisier\/mixeurs-de-lisier\/melangeur-de-fumier\/\">  Show Details<\/a><\/div><\/div><\/li>\n<\/ul>\n<\/div>[\/vc_column][vc_column width=\u00a0\u00bb1\/3&Prime;][vc_column_text]Une bonne liti\u00e8re pour le b\u00e9tail \u00e0 faible co\u00fbt, c&rsquo;est bon pour le fermier et pour ses vaches\u00a0! C&rsquo;est possible, en produisant vous-m\u00eame votre liti\u00e8re \u00e0 l&rsquo;aide d&rsquo;un s\u00e9parateur de lisier.<\/p>\n<p>La gamme de s\u00e9parateurs de lisier de Veenhuis se compose de presses avec v\u00e9rin \u00e0 vis et entra\u00eenement \u00e9lectrique, pr\u00e9sentant diff\u00e9rentes propri\u00e9t\u00e9s. Veenhuis peut proposer un mod\u00e8le de s\u00e9parateur de lisier adapt\u00e9 \u00e0 chaque application. Les s\u00e9parateurs de lisier Veenhuis se caract\u00e9risent par une grande capacit\u00e9 de production, un entretien simple et une faible usure.<\/p>\n<p><strong>Avantages d&rsquo;un lisier bien s\u00e9par\u00e9<\/strong><br \/>\nS\u00e9parer le lisier brut en fractions fines et \u00e9paisses pr\u00e9sente les avantages suivants\u00a0:<\/p>\n<ul>\n<li>Production interne de liti\u00e8re pour \u00e9table<\/li>\n<li>Production d&rsquo;engrais solide pour terrains naturels<\/li>\n<li>Usage optimal de vos lieux de d\u00e9p\u00f4t d&rsquo;engrais<\/li>\n<li>Confort optimal du b\u00e9tail<\/li>\n<li>Moins de probl\u00e8mes de pattes<\/li>\n<li>\u00c9conomie financi\u00e8re vis-\u00e0-vis des liti\u00e8res de sciure<\/li>\n<li>Teneur \u00e9lev\u00e9e en mati\u00e8re s\u00e8che<\/li>\n<li>Pas de d\u00e9p\u00f4ts dans la fosse<\/li>\n<\/ul>\n<p>[\/vc_column_text][\/vc_column][\/vc_row][vc_row type=\u00a0\u00bbfull-width-section\u00a0\u00bb css=\u00a0\u00bb.vc_custom_1480521432023{margin-top: 0px !important;margin-bottom: 0px !important;padding-top: 50px !important;padding-bottom: 25px !important;background-color: #f9b122 !important;}\u00a0\u00bb][vc_column width=\u00a0\u00bb1\/3&Prime;][vc_column_text font_size=\u00a0\u00bb16&Prime; line_height=\u00a0\u00bb20&Prime; css=\u00a0\u00bb.vc_custom_1482151009886{margin-bottom: 5px !important;}\u00a0\u00bb]<\/p>\n<h2 style=\"text-align: left;\">Suivez Veenhuis Machines sur<\/h2>\n<p>[\/vc_column_text][vc_row_inner css=\u00a0\u00bb.vc_custom_1480520858985{margin-top: 0px !important;}\u00a0\u00bb][vc_column_inner width=\u00a0\u00bb1\/4&Prime; css=\u00a0\u00bb.vc_custom_1482150802544{margin-bottom: 10px !important;}\u00a0\u00bb][vc_single_image image=\u00a0\u00bb5456&Prime; img_size=\u00a0\u00bbfull\u00a0\u00bb alignment=\u00a0\u00bbcenter\u00a0\u00bb onclick=\u00a0\u00bbcustom_link\u00a0\u00bb img_link_target=\u00a0\u00bb_blank\u00a0\u00bb link=\u00a0\u00bbhttps:\/\/www.facebook.com\/VeenhuisMachines\/?fref=ts\u00a0\u00bb][\/vc_column_inner][vc_column_inner width=\u00a0\u00bb1\/4&Prime; css=\u00a0\u00bb.vc_custom_1482150808157{margin-bottom: 10px !important;}\u00a0\u00bb][vc_single_image image=\u00a0\u00bb5466&Prime; img_size=\u00a0\u00bbfull\u00a0\u00bb alignment=\u00a0\u00bbcenter\u00a0\u00bb onclick=\u00a0\u00bbcustom_link\u00a0\u00bb img_link_target=\u00a0\u00bb_blank\u00a0\u00bb link=\u00a0\u00bbhttps:\/\/www.youtube.com\/user\/VMRVeenhuis\u00a0\u00bb][\/vc_column_inner][vc_column_inner width=\u00a0\u00bb1\/4&Prime; css=\u00a0\u00bb.vc_custom_1482150814525{margin-bottom: 10px !important;}\u00a0\u00bb][vc_single_image image=\u00a0\u00bb5461&Prime; img_size=\u00a0\u00bbfull\u00a0\u00bb alignment=\u00a0\u00bbcenter\u00a0\u00bb onclick=\u00a0\u00bbcustom_link\u00a0\u00bb img_link_target=\u00a0\u00bb_blank\u00a0\u00bb link=\u00a0\u00bbhttps:\/\/www.linkedin.com\/company\/6968519?trk=vsrp_companies_cluster_name&#038;trkInfo=VSRPsearchId%3A721065911480514740882%2CVSRPtargetId%3A6968519%2CVSRPcmpt%3Acompanies_cluster\u00a0\u00bb][\/vc_column_inner][vc_column_inner width=\u00a0\u00bb1\/4&Prime;][\/vc_column_inner][\/vc_row_inner][\/vc_column][vc_column width=\u00a0\u00bb1\/3&Prime;][\/vc_column][vc_column width=\u00a0\u00bb1\/3&Prime;][vc_single_image image=\u00a0\u00bb5472&Prime; img_size=\u00a0\u00bbfull\u00a0\u00bb alignment=\u00a0\u00bbright\u00a0\u00bb onclick=\u00a0\u00bbcustom_link\u00a0\u00bb animation=\u00a0\u00bbrda_fadeInDown\u00a0\u00bb link=\u00a0\u00bb\/fr\/home\/\u00a0\u00bb css=\u00a0\u00bb.vc_custom_1507126468077{margin-bottom: 10px !important;}\u00a0\u00bb][vc_custom_heading text=\u00a0\u00bbManure Matters\u00a0\u00bb font_container=\u00a0\u00bbtag:h2|font_size:39|text_align:right|color:%235e5e5d\u00a0\u00bb google_fonts=\u00a0\u00bbfont_family:Exo%3A100%2C100italic%2C200%2C200italic%2C300%2C300italic%2Cregular%2Citalic%2C500%2C500italic%2C600%2C600italic%2C700%2C700italic%2C800%2C800italic%2C900%2C900italic|font_style:300%20light%20regular%3A300%3Anormal\u00a0\u00bb][\/vc_column][\/vc_row]<\/p>\n<\/div>","protected":false},"excerpt":{"rendered":"<p><a href=\"https:\/\/veenhuis.com\/fr\/produits\/traitement-du-lisier\/traitement-du-lisier\/\" class=\"more\">Read more<\/a><\/p>\n","protected":false},"author":1,"featured_media":0,"parent":2712,"menu_order":0,"comment_status":"closed","ping_status":"closed","template":"","meta":{"_exactmetrics_skip_tracking":false,"_exactmetrics_sitenote_active":false,"_exactmetrics_sitenote_note":"","_exactmetrics_sitenote_category":0,"footnotes":""},"class_list":["post-2716","page","type-page","status-publish","hentry"],"_links":{"self":[{"href":"https:\/\/veenhuis.com\/fr\/wp-json\/wp\/v2\/pages\/2716","targetHints":{"allow":["GET"]}}],"collection":[{"href":"https:\/\/veenhuis.com\/fr\/wp-json\/wp\/v2\/pages"}],"about":[{"href":"https:\/\/veenhuis.com\/fr\/wp-json\/wp\/v2\/types\/page"}],"author":[{"embeddable":true,"href":"https:\/\/veenhuis.com\/fr\/wp-json\/wp\/v2\/users\/1"}],"replies":[{"embeddable":true,"href":"https:\/\/veenhuis.com\/fr\/wp-json\/wp\/v2\/comments?post=2716"}],"version-history":[{"count":8,"href":"https:\/\/veenhuis.com\/fr\/wp-json\/wp\/v2\/pages\/2716\/revisions"}],"predecessor-version":[{"id":7341,"href":"https:\/\/veenhuis.com\/fr\/wp-json\/wp\/v2\/pages\/2716\/revisions\/7341"}],"up":[{"embeddable":true,"href":"https:\/\/veenhuis.com\/fr\/wp-json\/wp\/v2\/pages\/2712"}],"wp:attachment":[{"href":"https:\/\/veenhuis.com\/fr\/wp-json\/wp\/v2\/media?parent=2716"}],"curies":[{"name":"wp","href":"https:\/\/api.w.org\/{rel}","templated":true}]}}