{"id":2718,"date":"2017-08-15T13:08:33","date_gmt":"2017-08-15T11:08:33","guid":{"rendered":"http:\/\/test4remarkable.nl\/produits\/transport-de-lisier\/tonneaux-profiline\/"},"modified":"2018-07-10T10:21:41","modified_gmt":"2018-07-10T08:21:41","slug":"tonneaux-profiline","status":"publish","type":"page","link":"https:\/\/veenhuis.com\/fr\/produits\/transport-de-lisier\/tonneaux-profiline\/","title":{"rendered":"<strong>PROFI<\/strong> LINE tonneaux \u00e0 lisier"},"content":{"rendered":"<div class=\"wpb-content-wrapper\"><p>[vc_row type=\u00a0\u00bbfull-width-section\u00a0\u00bb css=\u00a0\u00bb.vc_custom_1481019376901{margin-bottom: 0px !important;padding-top: 50px !important;padding-bottom: 35px !important;}\u00a0\u00bb][vc_column][vc_custom_heading text=\u00a0\u00bb<strong>PROFI<\/strong> LINE tonneaux \u00e0 lisier\u00a0\u00bb font_container=\u00a0\u00bbtag:h1|text_align:left|color:%23f9b122&Prime; use_theme_fonts=\u00a0\u00bbyes\u00a0\u00bb][\/vc_column][\/vc_row][vc_row][vc_column width=\u00a0\u00bb2\/3&Prime;]<div class=\"woocommerce columns-2 \"><ul class=\"products columns-2\">\n<li class=\"product type-product post-5911 status-publish first instock product_cat-produits-de-veenhuis-machines product_cat-tonneaux-profiline product_cat-transport-de-lisier has-post-thumbnail shipping-taxable product-type-simple\">\n\t<div class='inner_product '><a href=\"https:\/\/veenhuis.com\/fr\/product\/produits-de-veenhuis-machines\/transport-de-lisier\/tonneaux-profiline\/compresseur-profiline-un-essieu\/\" class=\"woocommerce-LoopProduct-link woocommerce-loop-product__link\"><div class='thumbnail_container'><img loading=\"lazy\" decoding=\"async\" width=\"700\" height=\"439\" src=\"https:\/\/veenhuis.com\/wp-content\/uploads\/2016\/12\/enkelprofi7-700x439.jpg\" class=\"attachment-shop_catalog woo_product_hover\" alt=\"\" srcset=\"https:\/\/veenhuis.com\/wp-content\/uploads\/2016\/12\/enkelprofi7.jpg 700w, https:\/\/veenhuis.com\/wp-content\/uploads\/2016\/12\/enkelprofi7-300x188.jpg 300w, https:\/\/veenhuis.com\/wp-content\/uploads\/2016\/12\/enkelprofi7-640x400.jpg 640w\" sizes=\"auto, (max-width: 700px) 100vw, 700px\" \/><img loading=\"lazy\" decoding=\"async\" width=\"700\" height=\"439\" src=\"https:\/\/veenhuis.com\/wp-content\/uploads\/2016\/12\/enkelprofi11-700x439.jpg\" class=\"attachment-shop_catalog size-shop_catalog wp-post-image\" alt=\"\" srcset=\"https:\/\/veenhuis.com\/wp-content\/uploads\/2016\/12\/enkelprofi11.jpg 700w, https:\/\/veenhuis.com\/wp-content\/uploads\/2016\/12\/enkelprofi11-300x188.jpg 300w, https:\/\/veenhuis.com\/wp-content\/uploads\/2016\/12\/enkelprofi11-640x400.jpg 640w\" sizes=\"auto, (max-width: 700px) 100vw, 700px\" \/><div class='item_current_status'><i class='icon_status_inner'><\/i><\/div><\/div><div class='product_box'><h2 class=\"woocommerce-loop-product__title\">PROFI LINE Compresseur un essieu<\/h2>\n<\/div><\/a><div class='custom_cart_button single_button'><a href=\"https:\/\/veenhuis.com\/fr\/product\/produits-de-veenhuis-machines\/transport-de-lisier\/tonneaux-profiline\/compresseur-profiline-un-essieu\/\" aria-describedby=\"woocommerce_loop_add_to_cart_link_describedby_5911\" data-quantity=\"1\" class=\"button product_type_simple\" data-product_id=\"5911\" data-product_sku=\"\" aria-label=\"En savoir plus sur &ldquo;PROFI LINE Compresseur un essieu&rdquo;\" rel=\"nofollow\" data-success_message=\"\"> Lire la suite<\/a>\t<span id=\"woocommerce_loop_add_to_cart_link_describedby_5911\" class=\"screen-reader-text\">\n\t\t\t<\/span>\n<a class=\"button show_details_button\" href=\"https:\/\/veenhuis.com\/fr\/product\/produits-de-veenhuis-machines\/transport-de-lisier\/tonneaux-profiline\/compresseur-profiline-un-essieu\/\">  Show Details<\/a><\/div><\/div><\/li>\n<li class=\"product type-product post-5920 status-publish last instock product_cat-produits-de-veenhuis-machines product_cat-tonneaux-profiline product_cat-transport-de-lisier has-post-thumbnail shipping-taxable product-type-simple\">\n\t<div class='inner_product '><a href=\"https:\/\/veenhuis.com\/fr\/product\/produits-de-veenhuis-machines\/transport-de-lisier\/tonneaux-profiline\/reservoir-pompe-profiline-tandem\/\" class=\"woocommerce-LoopProduct-link woocommerce-loop-product__link\"><div class='thumbnail_container'><img loading=\"lazy\" decoding=\"async\" width=\"700\" height=\"439\" src=\"https:\/\/veenhuis.com\/wp-content\/uploads\/2016\/12\/tandemprof10-700x439.jpg\" class=\"attachment-shop_catalog woo_product_hover\" alt=\"\" srcset=\"https:\/\/veenhuis.com\/wp-content\/uploads\/2016\/12\/tandemprof10.jpg 700w, https:\/\/veenhuis.com\/wp-content\/uploads\/2016\/12\/tandemprof10-300x188.jpg 300w, https:\/\/veenhuis.com\/wp-content\/uploads\/2016\/12\/tandemprof10-640x400.jpg 640w\" sizes=\"auto, (max-width: 700px) 100vw, 700px\" \/><img loading=\"lazy\" decoding=\"async\" width=\"700\" height=\"439\" src=\"https:\/\/veenhuis.com\/wp-content\/uploads\/2016\/12\/tandemprof12-700x439.jpg\" class=\"attachment-shop_catalog size-shop_catalog wp-post-image\" alt=\"\" srcset=\"https:\/\/veenhuis.com\/wp-content\/uploads\/2016\/12\/tandemprof12.jpg 700w, https:\/\/veenhuis.com\/wp-content\/uploads\/2016\/12\/tandemprof12-300x188.jpg 300w, https:\/\/veenhuis.com\/wp-content\/uploads\/2016\/12\/tandemprof12-640x400.jpg 640w\" sizes=\"auto, (max-width: 700px) 100vw, 700px\" \/><div class='item_current_status'><i class='icon_status_inner'><\/i><\/div><\/div><div class='product_box'><h2 class=\"woocommerce-loop-product__title\">PROFI LINE R\u00e9servoir-pompe tandem<\/h2>\n<\/div><\/a><div class='custom_cart_button single_button'><a href=\"https:\/\/veenhuis.com\/fr\/product\/produits-de-veenhuis-machines\/transport-de-lisier\/tonneaux-profiline\/reservoir-pompe-profiline-tandem\/\" aria-describedby=\"woocommerce_loop_add_to_cart_link_describedby_5920\" data-quantity=\"1\" class=\"button product_type_simple\" data-product_id=\"5920\" data-product_sku=\"\" aria-label=\"En savoir plus sur &ldquo;PROFI LINE R\u00e9servoir-pompe tandem&rdquo;\" rel=\"nofollow\" data-success_message=\"\"> Lire la suite<\/a>\t<span id=\"woocommerce_loop_add_to_cart_link_describedby_5920\" class=\"screen-reader-text\">\n\t\t\t<\/span>\n<a class=\"button show_details_button\" href=\"https:\/\/veenhuis.com\/fr\/product\/produits-de-veenhuis-machines\/transport-de-lisier\/tonneaux-profiline\/reservoir-pompe-profiline-tandem\/\">  Show Details<\/a><\/div><\/div><\/li>\n<li class=\"product type-product post-5921 status-publish first instock product_cat-produits-de-veenhuis-machines product_cat-tonneaux-profiline product_cat-transport-de-lisier has-post-thumbnail shipping-taxable product-type-simple\">\n\t<div class='inner_product '><a href=\"https:\/\/veenhuis.com\/fr\/product\/produits-de-veenhuis-machines\/transport-de-lisier\/tonneaux-profiline\/reservoir-pompe-tridem-profiline\/\" class=\"woocommerce-LoopProduct-link woocommerce-loop-product__link\"><div class='thumbnail_container'><img loading=\"lazy\" decoding=\"async\" width=\"700\" height=\"439\" src=\"https:\/\/veenhuis.com\/wp-content\/uploads\/2016\/12\/t-p-5-700x439.jpg\" class=\"attachment-shop_catalog woo_product_hover\" alt=\"\" srcset=\"https:\/\/veenhuis.com\/wp-content\/uploads\/2016\/12\/t-p-5.jpg 700w, https:\/\/veenhuis.com\/wp-content\/uploads\/2016\/12\/t-p-5-300x188.jpg 300w, https:\/\/veenhuis.com\/wp-content\/uploads\/2016\/12\/t-p-5-640x400.jpg 640w\" sizes=\"auto, (max-width: 700px) 100vw, 700px\" \/><img loading=\"lazy\" decoding=\"async\" width=\"700\" height=\"439\" src=\"https:\/\/veenhuis.com\/wp-content\/uploads\/2016\/12\/t-p-3-700x439.jpg\" class=\"attachment-shop_catalog size-shop_catalog wp-post-image\" alt=\"\" srcset=\"https:\/\/veenhuis.com\/wp-content\/uploads\/2016\/12\/t-p-3.jpg 700w, https:\/\/veenhuis.com\/wp-content\/uploads\/2016\/12\/t-p-3-300x188.jpg 300w, https:\/\/veenhuis.com\/wp-content\/uploads\/2016\/12\/t-p-3-640x400.jpg 640w\" sizes=\"auto, (max-width: 700px) 100vw, 700px\" \/><div class='item_current_status'><i class='icon_status_inner'><\/i><\/div><\/div><div class='product_box'><h2 class=\"woocommerce-loop-product__title\">PROFI LINE R\u00e9servoir-pompe tridem<\/h2>\n<\/div><\/a><div class='custom_cart_button single_button'><a href=\"https:\/\/veenhuis.com\/fr\/product\/produits-de-veenhuis-machines\/transport-de-lisier\/tonneaux-profiline\/reservoir-pompe-tridem-profiline\/\" aria-describedby=\"woocommerce_loop_add_to_cart_link_describedby_5921\" data-quantity=\"1\" class=\"button product_type_simple\" data-product_id=\"5921\" data-product_sku=\"\" aria-label=\"En savoir plus sur &ldquo;PROFI LINE R\u00e9servoir-pompe tridem&rdquo;\" rel=\"nofollow\" data-success_message=\"\"> Lire la suite<\/a>\t<span id=\"woocommerce_loop_add_to_cart_link_describedby_5921\" class=\"screen-reader-text\">\n\t\t\t<\/span>\n<a class=\"button show_details_button\" href=\"https:\/\/veenhuis.com\/fr\/product\/produits-de-veenhuis-machines\/transport-de-lisier\/tonneaux-profiline\/reservoir-pompe-tridem-profiline\/\">  Show Details<\/a><\/div><\/div><\/li>\n<li class=\"product type-product post-5919 status-publish last instock product_cat-produits-de-veenhuis-machines product_cat-tonneaux-profiline product_cat-transport-de-lisier has-post-thumbnail shipping-taxable product-type-simple\">\n\t<div class='inner_product '><a href=\"https:\/\/veenhuis.com\/fr\/product\/produits-de-veenhuis-machines\/transport-de-lisier\/tonneaux-profiline\/reservoir-pompe-profiline-un-essieu\/\" class=\"woocommerce-LoopProduct-link woocommerce-loop-product__link\"><div class='thumbnail_container'><img loading=\"lazy\" decoding=\"async\" width=\"700\" height=\"439\" src=\"https:\/\/veenhuis.com\/wp-content\/uploads\/2016\/12\/enkelprofi6-700x439.jpg\" class=\"attachment-shop_catalog woo_product_hover\" alt=\"\" srcset=\"https:\/\/veenhuis.com\/wp-content\/uploads\/2016\/12\/enkelprofi6.jpg 700w, https:\/\/veenhuis.com\/wp-content\/uploads\/2016\/12\/enkelprofi6-300x188.jpg 300w, https:\/\/veenhuis.com\/wp-content\/uploads\/2016\/12\/enkelprofi6-640x400.jpg 640w\" sizes=\"auto, (max-width: 700px) 100vw, 700px\" \/><img loading=\"lazy\" decoding=\"async\" width=\"700\" height=\"439\" src=\"https:\/\/veenhuis.com\/wp-content\/uploads\/2016\/12\/enkelprofi3-700x439.jpg\" class=\"attachment-shop_catalog size-shop_catalog wp-post-image\" alt=\"\" srcset=\"https:\/\/veenhuis.com\/wp-content\/uploads\/2016\/12\/enkelprofi3.jpg 700w, https:\/\/veenhuis.com\/wp-content\/uploads\/2016\/12\/enkelprofi3-300x188.jpg 300w, https:\/\/veenhuis.com\/wp-content\/uploads\/2016\/12\/enkelprofi3-640x400.jpg 640w\" sizes=\"auto, (max-width: 700px) 100vw, 700px\" \/><div class='item_current_status'><i class='icon_status_inner'><\/i><\/div><\/div><div class='product_box'><h2 class=\"woocommerce-loop-product__title\">PROFI LINE R\u00e9servoir-pompe un essieu<\/h2>\n<\/div><\/a><div class='custom_cart_button single_button'><a href=\"https:\/\/veenhuis.com\/fr\/product\/produits-de-veenhuis-machines\/transport-de-lisier\/tonneaux-profiline\/reservoir-pompe-profiline-un-essieu\/\" aria-describedby=\"woocommerce_loop_add_to_cart_link_describedby_5919\" data-quantity=\"1\" class=\"button product_type_simple\" data-product_id=\"5919\" data-product_sku=\"\" aria-label=\"En savoir plus sur &ldquo;PROFI LINE R\u00e9servoir-pompe un essieu&rdquo;\" rel=\"nofollow\" data-success_message=\"\"> Lire la suite<\/a>\t<span id=\"woocommerce_loop_add_to_cart_link_describedby_5919\" class=\"screen-reader-text\">\n\t\t\t<\/span>\n<a class=\"button show_details_button\" href=\"https:\/\/veenhuis.com\/fr\/product\/produits-de-veenhuis-machines\/transport-de-lisier\/tonneaux-profiline\/reservoir-pompe-profiline-un-essieu\/\">  Show Details<\/a><\/div><\/div><\/li>\n<li class=\"product type-product post-5912 status-publish first instock product_cat-produits-de-veenhuis-machines product_cat-tonneaux-profiline product_cat-transport-de-lisier has-post-thumbnail shipping-taxable product-type-simple\">\n\t<div class='inner_product '><a href=\"https:\/\/veenhuis.com\/fr\/product\/produits-de-veenhuis-machines\/transport-de-lisier\/tonneaux-profiline\/tandem-profiline-avec-compresseur\/\" class=\"woocommerce-LoopProduct-link woocommerce-loop-product__link\"><div class='thumbnail_container'><img loading=\"lazy\" decoding=\"async\" width=\"700\" height=\"439\" src=\"https:\/\/veenhuis.com\/wp-content\/uploads\/2016\/12\/tandemprof1-700x439.jpg\" class=\"attachment-shop_catalog woo_product_hover\" alt=\"\" srcset=\"https:\/\/veenhuis.com\/wp-content\/uploads\/2016\/12\/tandemprof1.jpg 700w, https:\/\/veenhuis.com\/wp-content\/uploads\/2016\/12\/tandemprof1-300x188.jpg 300w, https:\/\/veenhuis.com\/wp-content\/uploads\/2016\/12\/tandemprof1-640x400.jpg 640w\" sizes=\"auto, (max-width: 700px) 100vw, 700px\" \/><img loading=\"lazy\" decoding=\"async\" width=\"700\" height=\"439\" src=\"https:\/\/veenhuis.com\/wp-content\/uploads\/2016\/12\/tandemprof7-700x439.jpg\" class=\"attachment-shop_catalog size-shop_catalog wp-post-image\" alt=\"\" srcset=\"https:\/\/veenhuis.com\/wp-content\/uploads\/2016\/12\/tandemprof7.jpg 700w, https:\/\/veenhuis.com\/wp-content\/uploads\/2016\/12\/tandemprof7-300x188.jpg 300w, https:\/\/veenhuis.com\/wp-content\/uploads\/2016\/12\/tandemprof7-640x400.jpg 640w\" sizes=\"auto, (max-width: 700px) 100vw, 700px\" \/><div class='item_current_status'><i class='icon_status_inner'><\/i><\/div><\/div><div class='product_box'><h2 class=\"woocommerce-loop-product__title\">PROFI LINE Tandem, avec compresseur<\/h2>\n<\/div><\/a><div class='custom_cart_button single_button'><a href=\"https:\/\/veenhuis.com\/fr\/product\/produits-de-veenhuis-machines\/transport-de-lisier\/tonneaux-profiline\/tandem-profiline-avec-compresseur\/\" aria-describedby=\"woocommerce_loop_add_to_cart_link_describedby_5912\" data-quantity=\"1\" class=\"button product_type_simple\" data-product_id=\"5912\" data-product_sku=\"\" aria-label=\"En savoir plus sur &ldquo;PROFI LINE Tandem, avec compresseur&rdquo;\" rel=\"nofollow\" data-success_message=\"\"> Lire la suite<\/a>\t<span id=\"woocommerce_loop_add_to_cart_link_describedby_5912\" class=\"screen-reader-text\">\n\t\t\t<\/span>\n<a class=\"button show_details_button\" href=\"https:\/\/veenhuis.com\/fr\/product\/produits-de-veenhuis-machines\/transport-de-lisier\/tonneaux-profiline\/tandem-profiline-avec-compresseur\/\">  Show Details<\/a><\/div><\/div><\/li>\n<li class=\"product type-product post-5913 status-publish last instock product_cat-produits-de-veenhuis-machines product_cat-tonneaux-profiline product_cat-transport-de-lisier has-post-thumbnail shipping-taxable product-type-simple\">\n\t<div class='inner_product '><a href=\"https:\/\/veenhuis.com\/fr\/product\/produits-de-veenhuis-machines\/transport-de-lisier\/tonneaux-profiline\/tridem-profiline-avec-compresseur\/\" class=\"woocommerce-LoopProduct-link woocommerce-loop-product__link\"><div class='thumbnail_container'><img loading=\"lazy\" decoding=\"async\" width=\"700\" height=\"439\" src=\"https:\/\/veenhuis.com\/wp-content\/uploads\/2016\/12\/t-p-8-700x439.jpg\" class=\"attachment-shop_catalog woo_product_hover\" alt=\"\" srcset=\"https:\/\/veenhuis.com\/wp-content\/uploads\/2016\/12\/t-p-8.jpg 700w, https:\/\/veenhuis.com\/wp-content\/uploads\/2016\/12\/t-p-8-300x188.jpg 300w, https:\/\/veenhuis.com\/wp-content\/uploads\/2016\/12\/t-p-8-640x400.jpg 640w\" sizes=\"auto, (max-width: 700px) 100vw, 700px\" \/><img loading=\"lazy\" decoding=\"async\" width=\"700\" height=\"439\" src=\"https:\/\/veenhuis.com\/wp-content\/uploads\/2017\/10\/t-p-7-700x439.jpg\" class=\"attachment-shop_catalog size-shop_catalog wp-post-image\" alt=\"\" srcset=\"https:\/\/veenhuis.com\/wp-content\/uploads\/2017\/10\/t-p-7.jpg 700w, https:\/\/veenhuis.com\/wp-content\/uploads\/2017\/10\/t-p-7-300x188.jpg 300w, https:\/\/veenhuis.com\/wp-content\/uploads\/2017\/10\/t-p-7-640x400.jpg 640w\" sizes=\"auto, (max-width: 700px) 100vw, 700px\" \/><div class='item_current_status'><i class='icon_status_inner'><\/i><\/div><\/div><div class='product_box'><h2 class=\"woocommerce-loop-product__title\">PROFI LINE Tridem, avec compresseur<\/h2>\n<\/div><\/a><div class='custom_cart_button single_button'><a href=\"https:\/\/veenhuis.com\/fr\/product\/produits-de-veenhuis-machines\/transport-de-lisier\/tonneaux-profiline\/tridem-profiline-avec-compresseur\/\" aria-describedby=\"woocommerce_loop_add_to_cart_link_describedby_5913\" data-quantity=\"1\" class=\"button product_type_simple\" data-product_id=\"5913\" data-product_sku=\"\" aria-label=\"En savoir plus sur &ldquo;PROFI LINE Tridem, avec compresseur&rdquo;\" rel=\"nofollow\" data-success_message=\"\"> Lire la suite<\/a>\t<span id=\"woocommerce_loop_add_to_cart_link_describedby_5913\" class=\"screen-reader-text\">\n\t\t\t<\/span>\n<a class=\"button show_details_button\" href=\"https:\/\/veenhuis.com\/fr\/product\/produits-de-veenhuis-machines\/transport-de-lisier\/tonneaux-profiline\/tridem-profiline-avec-compresseur\/\">  Show Details<\/a><\/div><\/div><\/li>\n<\/ul>\n<\/div>[\/vc_column][vc_column width=\u00a0\u00bb1\/3&Prime;][vc_column_text]Avec un tonneau \u00e0 lisier <strong>PROFI<\/strong> LINE, vous n&rsquo;avez pas \u00e0 faire de compromis\u00a0: gr\u00e2ce aux multiples options, vous d\u00e9terminez vous-m\u00eame les niveaux de capacit\u00e9 et de confort.\u00a0Un tonneau \u00e0 2 compartiments est disponible \u00e0 partir d&rsquo;une contenance de 15\u00a0500 litres. En vidant d&rsquo;abord le compartiment arri\u00e8re, puis celui de l&rsquo;avant, vous conservez une pression optimale sur le crochet d&rsquo;attelage.<\/p>\n<p><strong>Propri\u00e9t\u00e9s<\/strong><\/p>\n<ul>\n<li>Nombreuses options<\/li>\n<li>Quasiment tous les injecteurs de lisier Veenhuis peuvent \u00eatre attel\u00e9s<\/li>\n<li>Syst\u00e8me de levage Veenhuis double action \u00e0 4 points<\/li>\n<li>Contenance\u00a0: de 10\u00a0000 \u00e0 29\u00a0000 litres<\/li>\n<\/ul>\n<p>[\/vc_column_text][\/vc_column][\/vc_row][vc_row type=\u00a0\u00bbfull-width-section\u00a0\u00bb css=\u00a0\u00bb.vc_custom_1480521432023{margin-top: 0px !important;margin-bottom: 0px !important;padding-top: 50px !important;padding-bottom: 25px !important;background-color: #f9b122 !important;}\u00a0\u00bb][vc_column width=\u00a0\u00bb1\/3&Prime;][vc_column_text font_size=\u00a0\u00bb16&Prime; line_height=\u00a0\u00bb20&Prime; css=\u00a0\u00bb.vc_custom_1482151009886{margin-bottom: 5px !important;}\u00a0\u00bb]<\/p>\n<h2 style=\"text-align: left;\">Suivez Veenhuis Machines sur<\/h2>\n<p>[\/vc_column_text][vc_row_inner css=\u00a0\u00bb.vc_custom_1480520858985{margin-top: 0px !important;}\u00a0\u00bb][vc_column_inner width=\u00a0\u00bb1\/4&Prime; css=\u00a0\u00bb.vc_custom_1482150802544{margin-bottom: 10px !important;}\u00a0\u00bb][vc_single_image image=\u00a0\u00bb5456&Prime; img_size=\u00a0\u00bbfull\u00a0\u00bb alignment=\u00a0\u00bbcenter\u00a0\u00bb onclick=\u00a0\u00bbcustom_link\u00a0\u00bb img_link_target=\u00a0\u00bb_blank\u00a0\u00bb link=\u00a0\u00bbhttps:\/\/www.facebook.com\/VeenhuisMachines\/?fref=ts\u00a0\u00bb][\/vc_column_inner][vc_column_inner width=\u00a0\u00bb1\/4&Prime; css=\u00a0\u00bb.vc_custom_1482150808157{margin-bottom: 10px !important;}\u00a0\u00bb][vc_single_image image=\u00a0\u00bb5466&Prime; img_size=\u00a0\u00bbfull\u00a0\u00bb alignment=\u00a0\u00bbcenter\u00a0\u00bb onclick=\u00a0\u00bbcustom_link\u00a0\u00bb img_link_target=\u00a0\u00bb_blank\u00a0\u00bb link=\u00a0\u00bbhttps:\/\/www.youtube.com\/user\/VMRVeenhuis\u00a0\u00bb][\/vc_column_inner][vc_column_inner width=\u00a0\u00bb1\/4&Prime; css=\u00a0\u00bb.vc_custom_1482150814525{margin-bottom: 10px !important;}\u00a0\u00bb][vc_single_image image=\u00a0\u00bb5461&Prime; img_size=\u00a0\u00bbfull\u00a0\u00bb alignment=\u00a0\u00bbcenter\u00a0\u00bb onclick=\u00a0\u00bbcustom_link\u00a0\u00bb img_link_target=\u00a0\u00bb_blank\u00a0\u00bb link=\u00a0\u00bbhttps:\/\/www.linkedin.com\/company\/6968519?trk=vsrp_companies_cluster_name&#038;trkInfo=VSRPsearchId%3A721065911480514740882%2CVSRPtargetId%3A6968519%2CVSRPcmpt%3Acompanies_cluster\u00a0\u00bb][\/vc_column_inner][vc_column_inner width=\u00a0\u00bb1\/4&Prime;][\/vc_column_inner][\/vc_row_inner][\/vc_column][vc_column width=\u00a0\u00bb1\/3&Prime;][\/vc_column][vc_column width=\u00a0\u00bb1\/3&Prime;][vc_single_image image=\u00a0\u00bb5472&Prime; img_size=\u00a0\u00bbfull\u00a0\u00bb alignment=\u00a0\u00bbright\u00a0\u00bb onclick=\u00a0\u00bbcustom_link\u00a0\u00bb animation=\u00a0\u00bbrda_fadeInDown\u00a0\u00bb link=\u00a0\u00bb\/fr\/home\/\u00a0\u00bb css=\u00a0\u00bb.vc_custom_1507126468077{margin-bottom: 10px !important;}\u00a0\u00bb][vc_custom_heading text=\u00a0\u00bbManure Matters\u00a0\u00bb font_container=\u00a0\u00bbtag:h2|font_size:39|text_align:right|color:%235e5e5d\u00a0\u00bb google_fonts=\u00a0\u00bbfont_family:Exo%3A100%2C100italic%2C200%2C200italic%2C300%2C300italic%2Cregular%2Citalic%2C500%2C500italic%2C600%2C600italic%2C700%2C700italic%2C800%2C800italic%2C900%2C900italic|font_style:300%20light%20regular%3A300%3Anormal\u00a0\u00bb][\/vc_column][\/vc_row]<\/p>\n<\/div>","protected":false},"excerpt":{"rendered":"<p><a href=\"https:\/\/veenhuis.com\/fr\/produits\/transport-de-lisier\/tonneaux-profiline\/\" class=\"more\">Read more<\/a><\/p>\n","protected":false},"author":1,"featured_media":0,"parent":2713,"menu_order":0,"comment_status":"closed","ping_status":"closed","template":"","meta":{"_exactmetrics_skip_tracking":false,"_exactmetrics_sitenote_active":false,"_exactmetrics_sitenote_note":"","_exactmetrics_sitenote_category":0,"footnotes":""},"class_list":["post-2718","page","type-page","status-publish","hentry"],"_links":{"self":[{"href":"https:\/\/veenhuis.com\/fr\/wp-json\/wp\/v2\/pages\/2718","targetHints":{"allow":["GET"]}}],"collection":[{"href":"https:\/\/veenhuis.com\/fr\/wp-json\/wp\/v2\/pages"}],"about":[{"href":"https:\/\/veenhuis.com\/fr\/wp-json\/wp\/v2\/types\/page"}],"author":[{"embeddable":true,"href":"https:\/\/veenhuis.com\/fr\/wp-json\/wp\/v2\/users\/1"}],"replies":[{"embeddable":true,"href":"https:\/\/veenhuis.com\/fr\/wp-json\/wp\/v2\/comments?post=2718"}],"version-history":[{"count":8,"href":"https:\/\/veenhuis.com\/fr\/wp-json\/wp\/v2\/pages\/2718\/revisions"}],"predecessor-version":[{"id":7335,"href":"https:\/\/veenhuis.com\/fr\/wp-json\/wp\/v2\/pages\/2718\/revisions\/7335"}],"up":[{"embeddable":true,"href":"https:\/\/veenhuis.com\/fr\/wp-json\/wp\/v2\/pages\/2713"}],"wp:attachment":[{"href":"https:\/\/veenhuis.com\/fr\/wp-json\/wp\/v2\/media?parent=2718"}],"curies":[{"name":"wp","href":"https:\/\/api.w.org\/{rel}","templated":true}]}}