{"id":2719,"date":"2017-08-15T13:08:34","date_gmt":"2017-08-15T11:08:34","guid":{"rendered":"http:\/\/test4remarkable.nl\/produits\/transport-de-lisier\/tonneaux-a-lisier-premium\/"},"modified":"2018-07-10T10:21:33","modified_gmt":"2018-07-10T08:21:33","slug":"tonneaux-a-lisier-premium","status":"publish","type":"page","link":"https:\/\/veenhuis.com\/fr\/produits\/transport-de-lisier\/tonneaux-a-lisier-premium\/","title":{"rendered":"<strong>PREMIUM<\/strong> LINE tonneaux \u00e0 lisier"},"content":{"rendered":"<div class=\"wpb-content-wrapper\"><p>[vc_row type=\u00a0\u00bbfull-width-section\u00a0\u00bb css=\u00a0\u00bb.vc_custom_1481019376901{margin-bottom: 0px !important;padding-top: 50px !important;padding-bottom: 35px !important;}\u00a0\u00bb][vc_column][vc_custom_heading text=\u00a0\u00bb<strong>PREMIUM<\/strong> LINE tonneaux \u00e0 lisier\u00a0\u00bb font_container=\u00a0\u00bbtag:h1|text_align:left|color:%23f9b122&Prime; use_theme_fonts=\u00a0\u00bbyes\u00a0\u00bb][\/vc_column][\/vc_row][vc_row][vc_column width=\u00a0\u00bb2\/3&Prime;]<div class=\"woocommerce columns-2 \"><ul class=\"products columns-2\">\n<li class=\"product type-product post-5926 status-publish first instock product_cat-produits-de-veenhuis-machines product_cat-tonneaux-a-lisier-premium product_cat-transport-de-lisier has-post-thumbnail shipping-taxable product-type-simple\">\n\t<div class='inner_product '><a href=\"https:\/\/veenhuis.com\/fr\/product\/produits-de-veenhuis-machines\/transport-de-lisier\/tonneaux-a-lisier-premium\/citerne-premium-un-essieu-avec-passage-de-roue-et-piston-rotatif-guidage-du-timon-articule\/\" class=\"woocommerce-LoopProduct-link woocommerce-loop-product__link\"><div class='thumbnail_container'><img loading=\"lazy\" decoding=\"async\" width=\"700\" height=\"439\" src=\"https:\/\/veenhuis.com\/wp-content\/uploads\/2016\/12\/enkelas-premium1-700x439.jpg\" class=\"attachment-shop_catalog woo_product_hover\" alt=\"\" srcset=\"https:\/\/veenhuis.com\/wp-content\/uploads\/2016\/12\/enkelas-premium1-700x439.jpg 700w, https:\/\/veenhuis.com\/wp-content\/uploads\/2016\/12\/enkelas-premium1-300x188.jpg 300w, https:\/\/veenhuis.com\/wp-content\/uploads\/2016\/12\/enkelas-premium1-640x400.jpg 640w, https:\/\/veenhuis.com\/wp-content\/uploads\/2016\/12\/enkelas-premium1.jpg 268w\" sizes=\"auto, (max-width: 700px) 100vw, 700px\" \/><img loading=\"lazy\" decoding=\"async\" width=\"700\" height=\"439\" src=\"https:\/\/veenhuis.com\/wp-content\/uploads\/2016\/12\/enkelas-premium8-700x439.jpg\" class=\"attachment-shop_catalog size-shop_catalog wp-post-image\" alt=\"\" srcset=\"https:\/\/veenhuis.com\/wp-content\/uploads\/2016\/12\/enkelas-premium8-700x439.jpg 700w, https:\/\/veenhuis.com\/wp-content\/uploads\/2016\/12\/enkelas-premium8-300x188.jpg 300w, https:\/\/veenhuis.com\/wp-content\/uploads\/2016\/12\/enkelas-premium8-640x400.jpg 640w, https:\/\/veenhuis.com\/wp-content\/uploads\/2016\/12\/enkelas-premium8.jpg 268w\" sizes=\"auto, (max-width: 700px) 100vw, 700px\" \/><div class='item_current_status'><i class='icon_status_inner'><\/i><\/div><\/div><div class='product_box'><h2 class=\"woocommerce-loop-product__title\">PREMIUM LINE CITERNE un essieu avec passage de roue et piston rotatif (guidage du timon articul\u00e9)<\/h2>\n<\/div><\/a><div class='custom_cart_button single_button'><a href=\"https:\/\/veenhuis.com\/fr\/product\/produits-de-veenhuis-machines\/transport-de-lisier\/tonneaux-a-lisier-premium\/citerne-premium-un-essieu-avec-passage-de-roue-et-piston-rotatif-guidage-du-timon-articule\/\" aria-describedby=\"woocommerce_loop_add_to_cart_link_describedby_5926\" data-quantity=\"1\" class=\"button product_type_simple\" data-product_id=\"5926\" data-product_sku=\"\" aria-label=\"En savoir plus sur &ldquo;PREMIUM LINE CITERNE un essieu avec passage de roue et piston rotatif (guidage du timon articul\u00e9)&rdquo;\" rel=\"nofollow\" data-success_message=\"\"> Lire la suite<\/a>\t<span id=\"woocommerce_loop_add_to_cart_link_describedby_5926\" class=\"screen-reader-text\">\n\t\t\t<\/span>\n<a class=\"button show_details_button\" href=\"https:\/\/veenhuis.com\/fr\/product\/produits-de-veenhuis-machines\/transport-de-lisier\/tonneaux-a-lisier-premium\/citerne-premium-un-essieu-avec-passage-de-roue-et-piston-rotatif-guidage-du-timon-articule\/\">  Show Details<\/a><\/div><\/div><\/li>\n<li class=\"product type-product post-5925 status-publish last instock product_cat-produits-de-veenhuis-machines product_cat-tonneaux-a-lisier-premium product_cat-transport-de-lisier has-post-thumbnail shipping-taxable product-type-simple\">\n\t<div class='inner_product '><a href=\"https:\/\/veenhuis.com\/fr\/product\/produits-de-veenhuis-machines\/transport-de-lisier\/tonneaux-a-lisier-premium\/citerne-premium-un-essieu-avec-passage-de-roue-et-pompe-a-vide-guidage-du-timon-articule\/\" class=\"woocommerce-LoopProduct-link woocommerce-loop-product__link\"><div class='thumbnail_container'><img loading=\"lazy\" decoding=\"async\" width=\"700\" height=\"439\" src=\"https:\/\/veenhuis.com\/wp-content\/uploads\/2016\/12\/enkelas-premium6-700x439.jpg\" class=\"attachment-shop_catalog woo_product_hover\" alt=\"\" srcset=\"https:\/\/veenhuis.com\/wp-content\/uploads\/2016\/12\/enkelas-premium6.jpg 700w, https:\/\/veenhuis.com\/wp-content\/uploads\/2016\/12\/enkelas-premium6-300x188.jpg 300w, https:\/\/veenhuis.com\/wp-content\/uploads\/2016\/12\/enkelas-premium6-640x400.jpg 640w\" sizes=\"auto, (max-width: 700px) 100vw, 700px\" \/><img loading=\"lazy\" decoding=\"async\" width=\"700\" height=\"439\" src=\"https:\/\/veenhuis.com\/wp-content\/uploads\/2016\/12\/enkelas-premium4-700x439.jpg\" class=\"attachment-shop_catalog size-shop_catalog wp-post-image\" alt=\"\" srcset=\"https:\/\/veenhuis.com\/wp-content\/uploads\/2016\/12\/enkelas-premium4.jpg 700w, https:\/\/veenhuis.com\/wp-content\/uploads\/2016\/12\/enkelas-premium4-300x188.jpg 300w, https:\/\/veenhuis.com\/wp-content\/uploads\/2016\/12\/enkelas-premium4-640x400.jpg 640w\" sizes=\"auto, (max-width: 700px) 100vw, 700px\" \/><div class='item_current_status'><i class='icon_status_inner'><\/i><\/div><\/div><div class='product_box'><h2 class=\"woocommerce-loop-product__title\">PREMIUM LINE CITERNE un essieu avec passage de roue et pompe \u00e0 vide (guidage du timon articul\u00e9)<\/h2>\n<\/div><\/a><div class='custom_cart_button single_button'><a href=\"https:\/\/veenhuis.com\/fr\/product\/produits-de-veenhuis-machines\/transport-de-lisier\/tonneaux-a-lisier-premium\/citerne-premium-un-essieu-avec-passage-de-roue-et-pompe-a-vide-guidage-du-timon-articule\/\" aria-describedby=\"woocommerce_loop_add_to_cart_link_describedby_5925\" data-quantity=\"1\" class=\"button product_type_simple\" data-product_id=\"5925\" data-product_sku=\"\" aria-label=\"En savoir plus sur &ldquo;PREMIUM LINE CITERNE un essieu avec passage de roue et pompe \u00e0 vide (guidage du timon articul\u00e9)&rdquo;\" rel=\"nofollow\" data-success_message=\"\"> Lire la suite<\/a>\t<span id=\"woocommerce_loop_add_to_cart_link_describedby_5925\" class=\"screen-reader-text\">\n\t\t\t<\/span>\n<a class=\"button show_details_button\" href=\"https:\/\/veenhuis.com\/fr\/product\/produits-de-veenhuis-machines\/transport-de-lisier\/tonneaux-a-lisier-premium\/citerne-premium-un-essieu-avec-passage-de-roue-et-pompe-a-vide-guidage-du-timon-articule\/\">  Show Details<\/a><\/div><\/div><\/li>\n<li class=\"product type-product post-5923 status-publish first instock product_cat-produits-de-veenhuis-machines product_cat-tonneaux-a-lisier-premium product_cat-transport-de-lisier has-post-thumbnail shipping-taxable product-type-simple\">\n\t<div class='inner_product '><a href=\"https:\/\/veenhuis.com\/fr\/product\/produits-de-veenhuis-machines\/transport-de-lisier\/tonneaux-a-lisier-premium\/tandem-premium-integral-generation-ii-14-850-20-000-litres-avec-pompe-submersible-centrifuge\/\" class=\"woocommerce-LoopProduct-link woocommerce-loop-product__link\"><div class='thumbnail_container'><img loading=\"lazy\" decoding=\"async\" width=\"700\" height=\"439\" src=\"https:\/\/veenhuis.com\/wp-content\/uploads\/2016\/12\/tandem-premium16-700x439.jpg\" class=\"attachment-shop_catalog woo_product_hover\" alt=\"\" srcset=\"https:\/\/veenhuis.com\/wp-content\/uploads\/2016\/12\/tandem-premium16.jpg 700w, https:\/\/veenhuis.com\/wp-content\/uploads\/2016\/12\/tandem-premium16-300x188.jpg 300w, https:\/\/veenhuis.com\/wp-content\/uploads\/2016\/12\/tandem-premium16-640x400.jpg 640w\" sizes=\"auto, (max-width: 700px) 100vw, 700px\" \/><img loading=\"lazy\" decoding=\"async\" width=\"700\" height=\"439\" src=\"https:\/\/veenhuis.com\/wp-content\/uploads\/2016\/12\/tandem-premium10-700x439.jpg\" class=\"attachment-shop_catalog size-shop_catalog wp-post-image\" alt=\"\" srcset=\"https:\/\/veenhuis.com\/wp-content\/uploads\/2016\/12\/tandem-premium10.jpg 700w, https:\/\/veenhuis.com\/wp-content\/uploads\/2016\/12\/tandem-premium10-300x188.jpg 300w, https:\/\/veenhuis.com\/wp-content\/uploads\/2016\/12\/tandem-premium10-640x400.jpg 640w\" sizes=\"auto, (max-width: 700px) 100vw, 700px\" \/><div class='item_current_status'><i class='icon_status_inner'><\/i><\/div><\/div><div class='product_box'><h2 class=\"woocommerce-loop-product__title\">PREMIUM LINE Tandem Integral (Generation II) 14\u00a0850\u00a0&#8211; 20\u00a0000\u00a0litres avec pompe submersible (centrifuge)<\/h2>\n<\/div><\/a><div class='custom_cart_button single_button'><a href=\"https:\/\/veenhuis.com\/fr\/product\/produits-de-veenhuis-machines\/transport-de-lisier\/tonneaux-a-lisier-premium\/tandem-premium-integral-generation-ii-14-850-20-000-litres-avec-pompe-submersible-centrifuge\/\" aria-describedby=\"woocommerce_loop_add_to_cart_link_describedby_5923\" data-quantity=\"1\" class=\"button product_type_simple\" data-product_id=\"5923\" data-product_sku=\"\" aria-label=\"En savoir plus sur &ldquo;PREMIUM LINE Tandem Integral (Generation II) 14\u00a0850\u00a0- 20\u00a0000\u00a0litres avec pompe submersible (centrifuge)&rdquo;\" rel=\"nofollow\" data-success_message=\"\"> Lire la suite<\/a>\t<span id=\"woocommerce_loop_add_to_cart_link_describedby_5923\" class=\"screen-reader-text\">\n\t\t\t<\/span>\n<a class=\"button show_details_button\" href=\"https:\/\/veenhuis.com\/fr\/product\/produits-de-veenhuis-machines\/transport-de-lisier\/tonneaux-a-lisier-premium\/tandem-premium-integral-generation-ii-14-850-20-000-litres-avec-pompe-submersible-centrifuge\/\">  Show Details<\/a><\/div><\/div><\/li>\n<li class=\"product type-product post-5922 status-publish last instock product_cat-produits-de-veenhuis-machines product_cat-tonneaux-a-lisier-premium product_cat-transport-de-lisier has-post-thumbnail shipping-taxable product-type-simple\">\n\t<div class='inner_product '><a href=\"https:\/\/veenhuis.com\/fr\/product\/produits-de-veenhuis-machines\/transport-de-lisier\/tonneaux-a-lisier-premium\/tandem-premium-integral-generation-ii-14-850-20-000-litres-pompe-a-vide\/\" class=\"woocommerce-LoopProduct-link woocommerce-loop-product__link\"><div class='thumbnail_container'><img loading=\"lazy\" decoding=\"async\" width=\"700\" height=\"439\" src=\"https:\/\/veenhuis.com\/wp-content\/uploads\/2016\/12\/tandem-premium16-700x439.jpg\" class=\"attachment-shop_catalog woo_product_hover\" alt=\"\" srcset=\"https:\/\/veenhuis.com\/wp-content\/uploads\/2016\/12\/tandem-premium16.jpg 700w, https:\/\/veenhuis.com\/wp-content\/uploads\/2016\/12\/tandem-premium16-300x188.jpg 300w, https:\/\/veenhuis.com\/wp-content\/uploads\/2016\/12\/tandem-premium16-640x400.jpg 640w\" sizes=\"auto, (max-width: 700px) 100vw, 700px\" \/><img loading=\"lazy\" decoding=\"async\" width=\"700\" height=\"439\" src=\"https:\/\/veenhuis.com\/wp-content\/uploads\/2016\/12\/tandem-premium13-700x439.jpg\" class=\"attachment-shop_catalog size-shop_catalog wp-post-image\" alt=\"\" srcset=\"https:\/\/veenhuis.com\/wp-content\/uploads\/2016\/12\/tandem-premium13.jpg 700w, https:\/\/veenhuis.com\/wp-content\/uploads\/2016\/12\/tandem-premium13-300x188.jpg 300w, https:\/\/veenhuis.com\/wp-content\/uploads\/2016\/12\/tandem-premium13-640x400.jpg 640w\" sizes=\"auto, (max-width: 700px) 100vw, 700px\" \/><div class='item_current_status'><i class='icon_status_inner'><\/i><\/div><\/div><div class='product_box'><h2 class=\"woocommerce-loop-product__title\">PREMIUM LINE Tandem Integral (Generation II) 14\u00a0850\u00a0&#8211; 20\u00a0000\u00a0litres Pompe \u00e0 vide<\/h2>\n<\/div><\/a><div class='custom_cart_button single_button'><a href=\"https:\/\/veenhuis.com\/fr\/product\/produits-de-veenhuis-machines\/transport-de-lisier\/tonneaux-a-lisier-premium\/tandem-premium-integral-generation-ii-14-850-20-000-litres-pompe-a-vide\/\" aria-describedby=\"woocommerce_loop_add_to_cart_link_describedby_5922\" data-quantity=\"1\" class=\"button product_type_simple\" data-product_id=\"5922\" data-product_sku=\"\" aria-label=\"En savoir plus sur &ldquo;PREMIUM LINE Tandem Integral (Generation II) 14\u00a0850\u00a0- 20\u00a0000\u00a0litres Pompe \u00e0 vide&rdquo;\" rel=\"nofollow\" data-success_message=\"\"> Lire la suite<\/a>\t<span id=\"woocommerce_loop_add_to_cart_link_describedby_5922\" class=\"screen-reader-text\">\n\t\t\t<\/span>\n<a class=\"button show_details_button\" href=\"https:\/\/veenhuis.com\/fr\/product\/produits-de-veenhuis-machines\/transport-de-lisier\/tonneaux-a-lisier-premium\/tandem-premium-integral-generation-ii-14-850-20-000-litres-pompe-a-vide\/\">  Show Details<\/a><\/div><\/div><\/li>\n<li class=\"product type-product post-5924 status-publish first instock product_cat-produits-de-veenhuis-machines product_cat-tonneaux-a-lisier-premium product_cat-transport-de-lisier has-post-thumbnail shipping-taxable product-type-simple\">\n\t<div class='inner_product '><a href=\"https:\/\/veenhuis.com\/fr\/product\/produits-de-veenhuis-machines\/transport-de-lisier\/tonneaux-a-lisier-premium\/tridem-premium-integral-generation-ii-22-000-30-000-litres\/\" class=\"woocommerce-LoopProduct-link woocommerce-loop-product__link\"><div class='thumbnail_container'><img loading=\"lazy\" decoding=\"async\" width=\"700\" height=\"439\" src=\"https:\/\/veenhuis.com\/wp-content\/uploads\/2016\/12\/tridem-premium3-700x439.jpg\" class=\"attachment-shop_catalog woo_product_hover\" alt=\"\" srcset=\"https:\/\/veenhuis.com\/wp-content\/uploads\/2016\/12\/tridem-premium3.jpg 700w, https:\/\/veenhuis.com\/wp-content\/uploads\/2016\/12\/tridem-premium3-300x188.jpg 300w, https:\/\/veenhuis.com\/wp-content\/uploads\/2016\/12\/tridem-premium3-640x400.jpg 640w\" sizes=\"auto, (max-width: 700px) 100vw, 700px\" \/><img loading=\"lazy\" decoding=\"async\" width=\"700\" height=\"439\" src=\"https:\/\/veenhuis.com\/wp-content\/uploads\/2016\/12\/tridem-premium6-700x439.jpg\" class=\"attachment-shop_catalog size-shop_catalog wp-post-image\" alt=\"\" srcset=\"https:\/\/veenhuis.com\/wp-content\/uploads\/2016\/12\/tridem-premium6.jpg 700w, https:\/\/veenhuis.com\/wp-content\/uploads\/2016\/12\/tridem-premium6-300x188.jpg 300w, https:\/\/veenhuis.com\/wp-content\/uploads\/2016\/12\/tridem-premium6-640x400.jpg 640w\" sizes=\"auto, (max-width: 700px) 100vw, 700px\" \/><div class='item_current_status'><i class='icon_status_inner'><\/i><\/div><\/div><div class='product_box'><h2 class=\"woocommerce-loop-product__title\">PREMIUM LINE Tridem Integral (Generation II) 22\u00a0000 &#8211; 30\u00a0000\u00a0litres<\/h2>\n<\/div><\/a><div class='custom_cart_button single_button'><a href=\"https:\/\/veenhuis.com\/fr\/product\/produits-de-veenhuis-machines\/transport-de-lisier\/tonneaux-a-lisier-premium\/tridem-premium-integral-generation-ii-22-000-30-000-litres\/\" aria-describedby=\"woocommerce_loop_add_to_cart_link_describedby_5924\" data-quantity=\"1\" class=\"button product_type_simple\" data-product_id=\"5924\" data-product_sku=\"\" aria-label=\"En savoir plus sur &ldquo;PREMIUM LINE Tridem Integral (Generation II) 22\u00a0000 - 30\u00a0000\u00a0litres&rdquo;\" rel=\"nofollow\" data-success_message=\"\"> Lire la suite<\/a>\t<span id=\"woocommerce_loop_add_to_cart_link_describedby_5924\" class=\"screen-reader-text\">\n\t\t\t<\/span>\n<a class=\"button show_details_button\" href=\"https:\/\/veenhuis.com\/fr\/product\/produits-de-veenhuis-machines\/transport-de-lisier\/tonneaux-a-lisier-premium\/tridem-premium-integral-generation-ii-22-000-30-000-litres\/\">  Show Details<\/a><\/div><\/div><\/li>\n<\/ul>\n<\/div>[\/vc_column][vc_column width=\u00a0\u00bb1\/3&Prime;][vc_column_text]Les tonneaux <strong>PREMIUM<\/strong> LINE sont g\u00e9n\u00e9reusement \u00e9quip\u00e9s de s\u00e9rie et proposent en outre beaucoup d&rsquo;options. La gamme <strong>PREMIUM<\/strong>\u00a0LINE est livrable en mod\u00e8les \u00e0 1, 2, 3 ou 4 essieux. La contenance des tonneaux <strong>PREMIUM<\/strong>\u00a0LINE va de 10 000 \u00e0 40 000 litres.[\/vc_column_text][\/vc_column][\/vc_row][vc_row type=\u00a0\u00bbfull-width-section\u00a0\u00bb css=\u00a0\u00bb.vc_custom_1480521432023{margin-top: 0px !important;margin-bottom: 0px !important;padding-top: 50px !important;padding-bottom: 25px !important;background-color: #f9b122 !important;}\u00a0\u00bb][vc_column width=\u00a0\u00bb1\/3&Prime;][vc_column_text font_size=\u00a0\u00bb16&Prime; line_height=\u00a0\u00bb20&Prime; css=\u00a0\u00bb.vc_custom_1482151009886{margin-bottom: 5px !important;}\u00a0\u00bb]<\/p>\n<h2 style=\"text-align: left;\">Suivez Veenhuis Machines sur<\/h2>\n<p>[\/vc_column_text][vc_row_inner css=\u00a0\u00bb.vc_custom_1480520858985{margin-top: 0px !important;}\u00a0\u00bb][vc_column_inner width=\u00a0\u00bb1\/4&Prime; css=\u00a0\u00bb.vc_custom_1482150802544{margin-bottom: 10px !important;}\u00a0\u00bb][vc_single_image image=\u00a0\u00bb5456&Prime; img_size=\u00a0\u00bbfull\u00a0\u00bb alignment=\u00a0\u00bbcenter\u00a0\u00bb onclick=\u00a0\u00bbcustom_link\u00a0\u00bb img_link_target=\u00a0\u00bb_blank\u00a0\u00bb link=\u00a0\u00bbhttps:\/\/www.facebook.com\/VeenhuisMachines\/?fref=ts\u00a0\u00bb][\/vc_column_inner][vc_column_inner width=\u00a0\u00bb1\/4&Prime; css=\u00a0\u00bb.vc_custom_1482150808157{margin-bottom: 10px !important;}\u00a0\u00bb][vc_single_image image=\u00a0\u00bb5466&Prime; img_size=\u00a0\u00bbfull\u00a0\u00bb alignment=\u00a0\u00bbcenter\u00a0\u00bb onclick=\u00a0\u00bbcustom_link\u00a0\u00bb img_link_target=\u00a0\u00bb_blank\u00a0\u00bb link=\u00a0\u00bbhttps:\/\/www.youtube.com\/user\/VMRVeenhuis\u00a0\u00bb][\/vc_column_inner][vc_column_inner width=\u00a0\u00bb1\/4&Prime; css=\u00a0\u00bb.vc_custom_1482150814525{margin-bottom: 10px !important;}\u00a0\u00bb][vc_single_image image=\u00a0\u00bb5461&Prime; img_size=\u00a0\u00bbfull\u00a0\u00bb alignment=\u00a0\u00bbcenter\u00a0\u00bb onclick=\u00a0\u00bbcustom_link\u00a0\u00bb img_link_target=\u00a0\u00bb_blank\u00a0\u00bb link=\u00a0\u00bbhttps:\/\/www.linkedin.com\/company\/6968519?trk=vsrp_companies_cluster_name&#038;trkInfo=VSRPsearchId%3A721065911480514740882%2CVSRPtargetId%3A6968519%2CVSRPcmpt%3Acompanies_cluster\u00a0\u00bb][\/vc_column_inner][vc_column_inner width=\u00a0\u00bb1\/4&Prime;][\/vc_column_inner][\/vc_row_inner][\/vc_column][vc_column width=\u00a0\u00bb1\/3&Prime;][\/vc_column][vc_column width=\u00a0\u00bb1\/3&Prime;][vc_single_image image=\u00a0\u00bb5472&Prime; img_size=\u00a0\u00bbfull\u00a0\u00bb alignment=\u00a0\u00bbright\u00a0\u00bb onclick=\u00a0\u00bbcustom_link\u00a0\u00bb animation=\u00a0\u00bbrda_fadeInDown\u00a0\u00bb link=\u00a0\u00bb\/fr\/home\/\u00a0\u00bb css=\u00a0\u00bb.vc_custom_1507126468077{margin-bottom: 10px !important;}\u00a0\u00bb][vc_custom_heading text=\u00a0\u00bbManure Matters\u00a0\u00bb font_container=\u00a0\u00bbtag:h2|font_size:39|text_align:right|color:%235e5e5d\u00a0\u00bb google_fonts=\u00a0\u00bbfont_family:Exo%3A100%2C100italic%2C200%2C200italic%2C300%2C300italic%2Cregular%2Citalic%2C500%2C500italic%2C600%2C600italic%2C700%2C700italic%2C800%2C800italic%2C900%2C900italic|font_style:300%20light%20regular%3A300%3Anormal\u00a0\u00bb][\/vc_column][\/vc_row]<\/p>\n<\/div>","protected":false},"excerpt":{"rendered":"<p><a href=\"https:\/\/veenhuis.com\/fr\/produits\/transport-de-lisier\/tonneaux-a-lisier-premium\/\" class=\"more\">Read more<\/a><\/p>\n","protected":false},"author":1,"featured_media":0,"parent":2713,"menu_order":0,"comment_status":"closed","ping_status":"closed","template":"","meta":{"_exactmetrics_skip_tracking":false,"_exactmetrics_sitenote_active":false,"_exactmetrics_sitenote_note":"","_exactmetrics_sitenote_category":0,"footnotes":""},"class_list":["post-2719","page","type-page","status-publish","hentry"],"_links":{"self":[{"href":"https:\/\/veenhuis.com\/fr\/wp-json\/wp\/v2\/pages\/2719","targetHints":{"allow":["GET"]}}],"collection":[{"href":"https:\/\/veenhuis.com\/fr\/wp-json\/wp\/v2\/pages"}],"about":[{"href":"https:\/\/veenhuis.com\/fr\/wp-json\/wp\/v2\/types\/page"}],"author":[{"embeddable":true,"href":"https:\/\/veenhuis.com\/fr\/wp-json\/wp\/v2\/users\/1"}],"replies":[{"embeddable":true,"href":"https:\/\/veenhuis.com\/fr\/wp-json\/wp\/v2\/comments?post=2719"}],"version-history":[{"count":9,"href":"https:\/\/veenhuis.com\/fr\/wp-json\/wp\/v2\/pages\/2719\/revisions"}],"predecessor-version":[{"id":7334,"href":"https:\/\/veenhuis.com\/fr\/wp-json\/wp\/v2\/pages\/2719\/revisions\/7334"}],"up":[{"embeddable":true,"href":"https:\/\/veenhuis.com\/fr\/wp-json\/wp\/v2\/pages\/2713"}],"wp:attachment":[{"href":"https:\/\/veenhuis.com\/fr\/wp-json\/wp\/v2\/media?parent=2719"}],"curies":[{"name":"wp","href":"https:\/\/api.w.org\/{rel}","templated":true}]}}