{"id":2724,"date":"2017-08-15T13:08:40","date_gmt":"2017-08-15T11:08:40","guid":{"rendered":"http:\/\/test4remarkable.nl\/produits\/epandage-de-lisier\/terres-agricoles\/"},"modified":"2018-07-10T10:22:56","modified_gmt":"2018-07-10T08:22:56","slug":"terres-agricoles","status":"publish","type":"page","link":"https:\/\/veenhuis.com\/fr\/produits\/epandage-de-lisier\/terres-agricoles\/","title":{"rendered":"<strong>TERRES AGRICOLES<\/strong> application"},"content":{"rendered":"<div class=\"wpb-content-wrapper\"><p>[vc_row type=\u00a0\u00bbfull-width-section\u00a0\u00bb css=\u00a0\u00bb.vc_custom_1481019376901{margin-bottom: 0px !important;padding-top: 50px !important;padding-bottom: 35px !important;}\u00a0\u00bb][vc_column][vc_custom_heading text=\u00a0\u00bb<strong>TERRES AGRICOLES<\/strong> application\u00a0\u00bb font_container=\u00a0\u00bbtag:h1|text_align:left|color:%23f9b122&Prime; use_theme_fonts=\u00a0\u00bbyes\u00a0\u00bb][\/vc_column][\/vc_row][vc_row][vc_column width=\u00a0\u00bb2\/3&Prime;]<div class=\"woocommerce columns-2 \"><ul class=\"products columns-2\">\n<li class=\"product type-product post-5931 status-publish first instock product_cat-epandage-de-lisier product_cat-produits-de-veenhuis-machines product_cat-terres-agricoles has-post-thumbnail shipping-taxable product-type-simple\">\n\t<div class='inner_product '><a href=\"https:\/\/veenhuis.com\/fr\/product\/produits-de-veenhuis-machines\/epandage-de-lisier\/terres-agricoles\/enfouisseurs-euroject-1200\/\" class=\"woocommerce-LoopProduct-link woocommerce-loop-product__link\"><div class='thumbnail_container'><img loading=\"lazy\" decoding=\"async\" width=\"700\" height=\"439\" src=\"https:\/\/veenhuis.com\/wp-content\/uploads\/2017\/09\/euroject-1200-700x439.png\" class=\"attachment-shop_catalog size-shop_catalog wp-post-image\" alt=\"\" srcset=\"https:\/\/veenhuis.com\/wp-content\/uploads\/2017\/09\/euroject-1200-700x439.png 700w, https:\/\/veenhuis.com\/wp-content\/uploads\/2017\/09\/euroject-1200-640x400.png 640w\" sizes=\"auto, (max-width: 700px) 100vw, 700px\" \/><div class='item_current_status'><i class='icon_status_inner'><\/i><\/div><\/div><div class='product_box'><h2 class=\"woocommerce-loop-product__title\">EUROJECT 1200 enfouisseurs<\/h2>\n<\/div><\/a><div class='custom_cart_button single_button'><a href=\"https:\/\/veenhuis.com\/fr\/product\/produits-de-veenhuis-machines\/epandage-de-lisier\/terres-agricoles\/enfouisseurs-euroject-1200\/\" aria-describedby=\"woocommerce_loop_add_to_cart_link_describedby_5931\" data-quantity=\"1\" class=\"button product_type_simple\" data-product_id=\"5931\" data-product_sku=\"\" aria-label=\"En savoir plus sur &ldquo;EUROJECT 1200 enfouisseurs&rdquo;\" rel=\"nofollow\" data-success_message=\"\"> Lire la suite<\/a>\t<span id=\"woocommerce_loop_add_to_cart_link_describedby_5931\" class=\"screen-reader-text\">\n\t\t\t<\/span>\n<a class=\"button show_details_button\" href=\"https:\/\/veenhuis.com\/fr\/product\/produits-de-veenhuis-machines\/epandage-de-lisier\/terres-agricoles\/enfouisseurs-euroject-1200\/\">  Show Details<\/a><\/div><\/div><\/li>\n<li class=\"product type-product post-5933 status-publish last instock product_cat-epandage-de-lisier product_cat-produits-de-veenhuis-machines product_cat-terres-agricoles has-post-thumbnail shipping-taxable product-type-simple\">\n\t<div class='inner_product '><a href=\"https:\/\/veenhuis.com\/fr\/product\/produits-de-veenhuis-machines\/epandage-de-lisier\/terres-agricoles\/injecteur-agricole-terraject-300\/\" class=\"woocommerce-LoopProduct-link woocommerce-loop-product__link\"><div class='thumbnail_container'><img loading=\"lazy\" decoding=\"async\" width=\"700\" height=\"439\" src=\"https:\/\/veenhuis.com\/wp-content\/uploads\/2016\/12\/Terraject-30012-700x439.jpg\" class=\"attachment-shop_catalog woo_product_hover\" alt=\"\" srcset=\"https:\/\/veenhuis.com\/wp-content\/uploads\/2016\/12\/Terraject-30012.jpg 700w, https:\/\/veenhuis.com\/wp-content\/uploads\/2016\/12\/Terraject-30012-300x188.jpg 300w, https:\/\/veenhuis.com\/wp-content\/uploads\/2016\/12\/Terraject-30012-640x400.jpg 640w\" sizes=\"auto, (max-width: 700px) 100vw, 700px\" \/><img loading=\"lazy\" decoding=\"async\" width=\"700\" height=\"439\" src=\"https:\/\/veenhuis.com\/wp-content\/uploads\/2016\/12\/Terraject-3005-700x439.jpg\" class=\"attachment-shop_catalog size-shop_catalog wp-post-image\" alt=\"\" srcset=\"https:\/\/veenhuis.com\/wp-content\/uploads\/2016\/12\/Terraject-3005.jpg 700w, https:\/\/veenhuis.com\/wp-content\/uploads\/2016\/12\/Terraject-3005-300x188.jpg 300w, https:\/\/veenhuis.com\/wp-content\/uploads\/2016\/12\/Terraject-3005-640x400.jpg 640w\" sizes=\"auto, (max-width: 700px) 100vw, 700px\" \/><div class='item_current_status'><i class='icon_status_inner'><\/i><\/div><\/div><div class='product_box'><h2 class=\"woocommerce-loop-product__title\">TERRAJECT 300 injecteur agricole<\/h2>\n<\/div><\/a><div class='custom_cart_button single_button'><a href=\"https:\/\/veenhuis.com\/fr\/product\/produits-de-veenhuis-machines\/epandage-de-lisier\/terres-agricoles\/injecteur-agricole-terraject-300\/\" aria-describedby=\"woocommerce_loop_add_to_cart_link_describedby_5933\" data-quantity=\"1\" class=\"button product_type_simple\" data-product_id=\"5933\" data-product_sku=\"\" aria-label=\"En savoir plus sur &ldquo;TERRAJECT 300 injecteur agricole&rdquo;\" rel=\"nofollow\" data-success_message=\"\"> Lire la suite<\/a>\t<span id=\"woocommerce_loop_add_to_cart_link_describedby_5933\" class=\"screen-reader-text\">\n\t\t\t<\/span>\n<a class=\"button show_details_button\" href=\"https:\/\/veenhuis.com\/fr\/product\/produits-de-veenhuis-machines\/epandage-de-lisier\/terres-agricoles\/injecteur-agricole-terraject-300\/\">  Show Details<\/a><\/div><\/div><\/li>\n<li class=\"product type-product post-5934 status-publish first instock product_cat-epandage-de-lisier product_cat-produits-de-veenhuis-machines product_cat-terres-agricoles has-post-thumbnail shipping-taxable product-type-simple\">\n\t<div class='inner_product '><a href=\"https:\/\/veenhuis.com\/fr\/product\/produits-de-veenhuis-machines\/epandage-de-lisier\/terres-agricoles\/injecteur-agricole-terraject-400\/\" class=\"woocommerce-LoopProduct-link woocommerce-loop-product__link\"><div class='thumbnail_container'><img loading=\"lazy\" decoding=\"async\" width=\"700\" height=\"439\" src=\"https:\/\/veenhuis.com\/wp-content\/uploads\/2016\/12\/Terraject-4002-700x439.jpg\" class=\"attachment-shop_catalog woo_product_hover\" alt=\"\" srcset=\"https:\/\/veenhuis.com\/wp-content\/uploads\/2016\/12\/Terraject-4002.jpg 700w, https:\/\/veenhuis.com\/wp-content\/uploads\/2016\/12\/Terraject-4002-300x188.jpg 300w, https:\/\/veenhuis.com\/wp-content\/uploads\/2016\/12\/Terraject-4002-640x400.jpg 640w\" sizes=\"auto, (max-width: 700px) 100vw, 700px\" \/><img loading=\"lazy\" decoding=\"async\" width=\"700\" height=\"439\" src=\"https:\/\/veenhuis.com\/wp-content\/uploads\/2016\/12\/Terraject-4005-700x439.jpg\" class=\"attachment-shop_catalog size-shop_catalog wp-post-image\" alt=\"\" srcset=\"https:\/\/veenhuis.com\/wp-content\/uploads\/2016\/12\/Terraject-4005.jpg 700w, https:\/\/veenhuis.com\/wp-content\/uploads\/2016\/12\/Terraject-4005-300x188.jpg 300w, https:\/\/veenhuis.com\/wp-content\/uploads\/2016\/12\/Terraject-4005-640x400.jpg 640w\" sizes=\"auto, (max-width: 700px) 100vw, 700px\" \/><div class='item_current_status'><i class='icon_status_inner'><\/i><\/div><\/div><div class='product_box'><h2 class=\"woocommerce-loop-product__title\">TERRAJECT 400 injecteur agricole<\/h2>\n<\/div><\/a><div class='custom_cart_button single_button'><a href=\"https:\/\/veenhuis.com\/fr\/product\/produits-de-veenhuis-machines\/epandage-de-lisier\/terres-agricoles\/injecteur-agricole-terraject-400\/\" aria-describedby=\"woocommerce_loop_add_to_cart_link_describedby_5934\" data-quantity=\"1\" class=\"button product_type_simple\" data-product_id=\"5934\" data-product_sku=\"\" aria-label=\"En savoir plus sur &ldquo;TERRAJECT 400 injecteur agricole&rdquo;\" rel=\"nofollow\" data-success_message=\"\"> Lire la suite<\/a>\t<span id=\"woocommerce_loop_add_to_cart_link_describedby_5934\" class=\"screen-reader-text\">\n\t\t\t<\/span>\n<a class=\"button show_details_button\" href=\"https:\/\/veenhuis.com\/fr\/product\/produits-de-veenhuis-machines\/epandage-de-lisier\/terres-agricoles\/injecteur-agricole-terraject-400\/\">  Show Details<\/a><\/div><\/div><\/li>\n<li class=\"product type-product post-5936 status-publish last instock product_cat-epandage-de-lisier product_cat-produits-de-veenhuis-machines product_cat-terres-agricoles has-post-thumbnail shipping-taxable product-type-simple\">\n\t<div class='inner_product '><a href=\"https:\/\/veenhuis.com\/fr\/product\/produits-de-veenhuis-machines\/epandage-de-lisier\/terres-agricoles\/injecteur-agricole-terraject-disc\/\" class=\"woocommerce-LoopProduct-link woocommerce-loop-product__link\"><div class='thumbnail_container'><img loading=\"lazy\" decoding=\"async\" width=\"700\" height=\"439\" src=\"https:\/\/veenhuis.com\/wp-content\/uploads\/2016\/12\/Terraject-Disc9-700x439.jpg\" class=\"attachment-shop_catalog woo_product_hover\" alt=\"\" srcset=\"https:\/\/veenhuis.com\/wp-content\/uploads\/2016\/12\/Terraject-Disc9.jpg 700w, https:\/\/veenhuis.com\/wp-content\/uploads\/2016\/12\/Terraject-Disc9-300x188.jpg 300w, https:\/\/veenhuis.com\/wp-content\/uploads\/2016\/12\/Terraject-Disc9-640x400.jpg 640w\" sizes=\"auto, (max-width: 700px) 100vw, 700px\" \/><img loading=\"lazy\" decoding=\"async\" width=\"700\" height=\"439\" src=\"https:\/\/veenhuis.com\/wp-content\/uploads\/2017\/10\/Terraject-Disc3-700x439.jpg\" class=\"attachment-shop_catalog size-shop_catalog wp-post-image\" alt=\"\" srcset=\"https:\/\/veenhuis.com\/wp-content\/uploads\/2017\/10\/Terraject-Disc3.jpg 700w, https:\/\/veenhuis.com\/wp-content\/uploads\/2017\/10\/Terraject-Disc3-300x188.jpg 300w, https:\/\/veenhuis.com\/wp-content\/uploads\/2017\/10\/Terraject-Disc3-640x400.jpg 640w\" sizes=\"auto, (max-width: 700px) 100vw, 700px\" \/><div class='item_current_status'><i class='icon_status_inner'><\/i><\/div><\/div><div class='product_box'><h2 class=\"woocommerce-loop-product__title\">TERRAJECT DISC injecteur agricole<\/h2>\n<\/div><\/a><div class='custom_cart_button single_button'><a href=\"https:\/\/veenhuis.com\/fr\/product\/produits-de-veenhuis-machines\/epandage-de-lisier\/terres-agricoles\/injecteur-agricole-terraject-disc\/\" aria-describedby=\"woocommerce_loop_add_to_cart_link_describedby_5936\" data-quantity=\"1\" class=\"button product_type_simple\" data-product_id=\"5936\" data-product_sku=\"\" aria-label=\"En savoir plus sur &ldquo;TERRAJECT DISC injecteur agricole&rdquo;\" rel=\"nofollow\" data-success_message=\"\"> Lire la suite<\/a>\t<span id=\"woocommerce_loop_add_to_cart_link_describedby_5936\" class=\"screen-reader-text\">\n\t\t\t<\/span>\n<a class=\"button show_details_button\" href=\"https:\/\/veenhuis.com\/fr\/product\/produits-de-veenhuis-machines\/epandage-de-lisier\/terres-agricoles\/injecteur-agricole-terraject-disc\/\">  Show Details<\/a><\/div><\/div><\/li>\n<\/ul>\n<\/div>[\/vc_column][vc_column width=\u00a0\u00bb1\/3&Prime;][vc_column_text]L&rsquo;injection de lisier dans le sol n&rsquo;est pas seulement attrayante du fait des nouvelles l\u00e9gislations et r\u00e9glementations, mais \u00e9galement en raison des avantages pratiques tels qu&rsquo;une absorption optimale des nutriments et par l\u00e0 m\u00eame un recours moindre aux engrais artificiels. De plus, l&rsquo;injection de lisier est respectueuse de l&rsquo;environnement.[\/vc_column_text][\/vc_column][\/vc_row][vc_row type=\u00a0\u00bbfull-width-section\u00a0\u00bb css=\u00a0\u00bb.vc_custom_1480521432023{margin-top: 0px !important;margin-bottom: 0px !important;padding-top: 50px !important;padding-bottom: 25px !important;background-color: #f9b122 !important;}\u00a0\u00bb][vc_column width=\u00a0\u00bb1\/3&Prime;][vc_column_text font_size=\u00a0\u00bb16&Prime; line_height=\u00a0\u00bb20&Prime; css=\u00a0\u00bb.vc_custom_1482151009886{margin-bottom: 5px !important;}\u00a0\u00bb]<\/p>\n<h2 style=\"text-align: left;\">Suivez Veenhuis Machines sur<\/h2>\n<p>[\/vc_column_text][vc_row_inner css=\u00a0\u00bb.vc_custom_1480520858985{margin-top: 0px !important;}\u00a0\u00bb][vc_column_inner width=\u00a0\u00bb1\/4&Prime; css=\u00a0\u00bb.vc_custom_1482150802544{margin-bottom: 10px !important;}\u00a0\u00bb][vc_single_image image=\u00a0\u00bb5456&Prime; img_size=\u00a0\u00bbfull\u00a0\u00bb alignment=\u00a0\u00bbcenter\u00a0\u00bb onclick=\u00a0\u00bbcustom_link\u00a0\u00bb img_link_target=\u00a0\u00bb_blank\u00a0\u00bb link=\u00a0\u00bbhttps:\/\/www.facebook.com\/VeenhuisMachines\/?fref=ts\u00a0\u00bb][\/vc_column_inner][vc_column_inner width=\u00a0\u00bb1\/4&Prime; css=\u00a0\u00bb.vc_custom_1482150808157{margin-bottom: 10px !important;}\u00a0\u00bb][vc_single_image image=\u00a0\u00bb5466&Prime; img_size=\u00a0\u00bbfull\u00a0\u00bb alignment=\u00a0\u00bbcenter\u00a0\u00bb onclick=\u00a0\u00bbcustom_link\u00a0\u00bb img_link_target=\u00a0\u00bb_blank\u00a0\u00bb link=\u00a0\u00bbhttps:\/\/www.youtube.com\/user\/VMRVeenhuis\u00a0\u00bb][\/vc_column_inner][vc_column_inner width=\u00a0\u00bb1\/4&Prime; css=\u00a0\u00bb.vc_custom_1482150814525{margin-bottom: 10px !important;}\u00a0\u00bb][vc_single_image image=\u00a0\u00bb5461&Prime; img_size=\u00a0\u00bbfull\u00a0\u00bb alignment=\u00a0\u00bbcenter\u00a0\u00bb onclick=\u00a0\u00bbcustom_link\u00a0\u00bb img_link_target=\u00a0\u00bb_blank\u00a0\u00bb link=\u00a0\u00bbhttps:\/\/www.linkedin.com\/company\/6968519?trk=vsrp_companies_cluster_name&#038;trkInfo=VSRPsearchId%3A721065911480514740882%2CVSRPtargetId%3A6968519%2CVSRPcmpt%3Acompanies_cluster\u00a0\u00bb][\/vc_column_inner][vc_column_inner width=\u00a0\u00bb1\/4&Prime;][\/vc_column_inner][\/vc_row_inner][\/vc_column][vc_column width=\u00a0\u00bb1\/3&Prime;][\/vc_column][vc_column width=\u00a0\u00bb1\/3&Prime;][vc_single_image image=\u00a0\u00bb5472&Prime; img_size=\u00a0\u00bbfull\u00a0\u00bb alignment=\u00a0\u00bbright\u00a0\u00bb onclick=\u00a0\u00bbcustom_link\u00a0\u00bb animation=\u00a0\u00bbrda_fadeInDown\u00a0\u00bb link=\u00a0\u00bb\/fr\/home\/\u00a0\u00bb css=\u00a0\u00bb.vc_custom_1507126468077{margin-bottom: 10px !important;}\u00a0\u00bb][vc_custom_heading text=\u00a0\u00bbManure Matters\u00a0\u00bb font_container=\u00a0\u00bbtag:h2|font_size:39|text_align:right|color:%235e5e5d\u00a0\u00bb google_fonts=\u00a0\u00bbfont_family:Exo%3A100%2C100italic%2C200%2C200italic%2C300%2C300italic%2Cregular%2Citalic%2C500%2C500italic%2C600%2C600italic%2C700%2C700italic%2C800%2C800italic%2C900%2C900italic|font_style:300%20light%20regular%3A300%3Anormal\u00a0\u00bb][\/vc_column][\/vc_row]<\/p>\n<\/div>","protected":false},"excerpt":{"rendered":"<p><a href=\"https:\/\/veenhuis.com\/fr\/produits\/epandage-de-lisier\/terres-agricoles\/\" class=\"more\">Read more<\/a><\/p>\n","protected":false},"author":1,"featured_media":0,"parent":2714,"menu_order":0,"comment_status":"closed","ping_status":"closed","template":"","meta":{"_exactmetrics_skip_tracking":false,"_exactmetrics_sitenote_active":false,"_exactmetrics_sitenote_note":"","_exactmetrics_sitenote_category":0,"footnotes":""},"class_list":["post-2724","page","type-page","status-publish","hentry"],"_links":{"self":[{"href":"https:\/\/veenhuis.com\/fr\/wp-json\/wp\/v2\/pages\/2724","targetHints":{"allow":["GET"]}}],"collection":[{"href":"https:\/\/veenhuis.com\/fr\/wp-json\/wp\/v2\/pages"}],"about":[{"href":"https:\/\/veenhuis.com\/fr\/wp-json\/wp\/v2\/types\/page"}],"author":[{"embeddable":true,"href":"https:\/\/veenhuis.com\/fr\/wp-json\/wp\/v2\/users\/1"}],"replies":[{"embeddable":true,"href":"https:\/\/veenhuis.com\/fr\/wp-json\/wp\/v2\/comments?post=2724"}],"version-history":[{"count":8,"href":"https:\/\/veenhuis.com\/fr\/wp-json\/wp\/v2\/pages\/2724\/revisions"}],"predecessor-version":[{"id":7339,"href":"https:\/\/veenhuis.com\/fr\/wp-json\/wp\/v2\/pages\/2724\/revisions\/7339"}],"up":[{"embeddable":true,"href":"https:\/\/veenhuis.com\/fr\/wp-json\/wp\/v2\/pages\/2714"}],"wp:attachment":[{"href":"https:\/\/veenhuis.com\/fr\/wp-json\/wp\/v2\/media?parent=2724"}],"curies":[{"name":"wp","href":"https:\/\/api.w.org\/{rel}","templated":true}]}}