{"id":8211,"date":"2020-01-20T16:08:17","date_gmt":"2020-01-20T15:08:17","guid":{"rendered":"https:\/\/veenhuis.com\/?page_id=8211"},"modified":"2020-01-21T11:00:37","modified_gmt":"2020-01-21T10:00:37","slug":"svgroup","status":"publish","type":"page","link":"https:\/\/veenhuis.com\/fr\/notre-entreprise\/svgroup\/","title":{"rendered":"SVgroup"},"content":{"rendered":"<div class=\"wpb-content-wrapper\"><p>[vc_row][vc_column width=\u00a0\u00bb2\/3&Prime;][vc_single_image image=\u00a0\u00bb8191&Prime; img_size=\u00a0\u00bb200&#215;80&Prime;][vc_custom_heading text=\u00a0\u00bbSVgroup\u00a0\u00bb font_container=\u00a0\u00bbtag:h1|text_align:left|color:%23f9b122&Prime; use_theme_fonts=\u00a0\u00bbyes\u00a0\u00bb][vc_custom_heading text=\u00a0\u00bbLe SVgroup est n\u00e9 en 2019 de la fusion entre Schuitemaker et Veenhuis.\u00a0\u00bb font_container=\u00a0\u00bbtag:h2|text_align:left|color:%23444444&Prime; use_theme_fonts=\u00a0\u00bbyes\u00a0\u00bb][vc_column_text]SVgroup fournit des produits et services aux entreprises et institutions du secteur agricole et contr\u00f4le de la fluidit\u00e9. En livrant des machines fiables et faciles \u00e0 entretenir, associ\u00e9es \u00e0 un service fiable, nous permettons \u00e0 nos clients de fonctionner au maximum aux moments qui comptent.<br \/>\nQu&rsquo;il s&rsquo;agisse d&rsquo;entrepreneurs qui souhaitent traiter le plus d&rsquo;herbe possible dans un court laps de temps, d&rsquo;agriculteurs et d&rsquo;\u00e9leveurs qui \u00e9pandent des engrais pendant la saison ou de gestionnaires de routes dans des conditions hivernales soudaines: SVgroup s&rsquo;assure que nos clients, ind\u00e9pendamment des circonstances, contr\u00f4lent leur processus de travail pour assurer une offrir une qualit\u00e9 de travail continue.<\/p>\n<p><strong>Nos marques SCHUITEMAKER &amp; VEENHUIS<\/strong><br \/>\nLe SVgroup d\u00e9veloppe, con\u00e7oit, produit et vend ses produits sous les marques Schuitemaker et Veenhuis; deux marques fortes avec une histoire riche et une client\u00e8le internationale.[\/vc_column_text][vc_single_image image=\u00a0\u00bb8182&Prime; img_size=\u00a0\u00bb300&#215;30&Prime;][vc_column_text]Sous la marque Schuitemaker, nous proposons une large gamme de machines agricoles professionnelles pour l&rsquo;extraction, l&rsquo;alimentation et la fertilisation des aliments pour les entrepreneurs et les \u00e9leveurs modernes. Les solutions de produits agricoles de Schuitemaker se distinguent par un concept de construction compact bien pens\u00e9, une qualit\u00e9 de construction solide, une grande facilit\u00e9 d&rsquo;utilisation et d&rsquo;entretien, une d\u00e9ployabilit\u00e9 \u00e0 long terme et un faible co\u00fbt de possession.[\/vc_column_text][vc_single_image image=\u00a0\u00bb8186&Prime; img_size=\u00a0\u00bb180&#215;20&Prime; add_caption=\u00a0\u00bbyes\u00a0\u00bb][vc_column_text]Veenhuis est notre marque pour les syst\u00e8mes de fumier qui permettent aux agriculteurs arables et aux \u00e9leveurs de b\u00e9n\u00e9ficier du fumier organique et des nutriments qu&rsquo;il contient. Innovation, qualit\u00e9 de fabrication de haute qualit\u00e9 et disponibilit\u00e9 des informations en temps r\u00e9el caract\u00e9risent les produits Veenhuis. La validation, l&rsquo;utilisation et l&rsquo;application correctes du fumier sont au c\u0153ur des applications contemporaines du fumier. Bas\u00e9 sur des ann\u00e9es de connaissances et d&rsquo;expertise acquises dans l&rsquo;environnement de fumier strictement r\u00e9glement\u00e9 n\u00e9erlandais qui est \u00e0 l&rsquo;avant-garde du monde.[\/vc_column_text][vc_column_text]<strong>Wadinko<\/strong><\/p>\n<p>La soci\u00e9t\u00e9 participante Wadinko N.V., bas\u00e9e \u00e0 Zwolle, participe au groupe SV et vise \u00e0 stimuler les affaires et l&#8217;emploi \u00e0 Overijssel, Noordoostpolder et Southwest Drenthe. Wadinko y parvient d&rsquo;une part en d\u00e9tenant des int\u00e9r\u00eats minoritaires substantiels dans des soci\u00e9t\u00e9s dot\u00e9es d&rsquo;un capital \u00e0 risque, de connaissances, d&rsquo;un soutien \u00e0 la gestion et de r\u00e9seaux. Les entreprises auxquelles Wadinko participe ont de nombreuses opportunit\u00e9s de d\u00e9veloppement et un potentiel de croissance. Par la croissance d&rsquo;une activit\u00e9 rentable, ils contribuent de mani\u00e8re significative \u00e0 la promotion de la structure \u00e9conomique r\u00e9gionale.[\/vc_column_text][vc_single_image image=\u00a0\u00bb8200&Prime; img_size=\u00a0\u00bb200&#215;150&Prime;][vc_column_text]Rijssen | 2020[\/vc_column_text][\/vc_column][vc_column width=\u00a0\u00bb1\/3&Prime;][vc_widget_sidebar sidebar_id=\u00a0\u00bbthefox_contactsidebar\u00a0\u00bb][\/vc_column][\/vc_row][vc_row type=\u00a0\u00bbfull-width-section\u00a0\u00bb css=\u00a0\u00bb.vc_custom_1579531742446{margin-top: 0px !important;margin-bottom: 0px !important;padding-top: 50px !important;padding-bottom: 25px !important;background-color: #f9b122 !important;}\u00a0\u00bb][vc_column width=\u00a0\u00bb1\/3&Prime;][vc_column_text css=\u00a0\u00bb.vc_custom_1579530722332{margin-bottom: 5px !important;}\u00a0\u00bb]<\/p>\n<h2 style=\"text-align: left;\">Volg Veenhuis Machines op<\/h2>\n<p>[\/vc_column_text][vc_row_inner][vc_column_inner width=\u00a0\u00bb1\/4&Prime;][vc_single_image image=\u00a0\u00bb5456&Prime; img_size=\u00a0\u00bbfull\u00a0\u00bb alignment=\u00a0\u00bbcenter\u00a0\u00bb onclick=\u00a0\u00bbcustom_link\u00a0\u00bb img_link_target=\u00a0\u00bb_blank\u00a0\u00bb link=\u00a0\u00bbhttps:\/\/www.facebook.com\/VeenhuisMachines\/?fref=ts\u00a0\u00bb][\/vc_column_inner][vc_column_inner width=\u00a0\u00bb1\/4&Prime;][vc_single_image image=\u00a0\u00bb5466&Prime; img_size=\u00a0\u00bbfull\u00a0\u00bb alignment=\u00a0\u00bbcenter\u00a0\u00bb onclick=\u00a0\u00bbcustom_link\u00a0\u00bb img_link_target=\u00a0\u00bb_blank\u00a0\u00bb link=\u00a0\u00bbhttps:\/\/www.youtube.com\/user\/VMRVeenhuis\u00a0\u00bb][\/vc_column_inner][vc_column_inner width=\u00a0\u00bb1\/4&Prime;][vc_single_image image=\u00a0\u00bb5461&Prime; img_size=\u00a0\u00bbfull\u00a0\u00bb alignment=\u00a0\u00bbcenter\u00a0\u00bb onclick=\u00a0\u00bbcustom_link\u00a0\u00bb img_link_target=\u00a0\u00bb_blank\u00a0\u00bb link=\u00a0\u00bbhttps:\/\/www.linkedin.com\/company\/6968519?trk=vsrp_companies_cluster_name&amp;trkInfo=VSRPsearchId%3A721065911480514740882%2CVSRPtargetId%3A6968519%2CVSRPcmpt%3Acompanies_cluster\u00a0\u00bb][\/vc_column_inner][vc_column_inner width=\u00a0\u00bb1\/4&Prime;][\/vc_column_inner][\/vc_row_inner][\/vc_column][vc_column width=\u00a0\u00bb1\/3&Prime;][\/vc_column][vc_column width=\u00a0\u00bb1\/3&Prime;][vc_single_image image=\u00a0\u00bb2267&Prime; img_size=\u00a0\u00bbfull\u00a0\u00bb alignment=\u00a0\u00bbright\u00a0\u00bb onclick=\u00a0\u00bbcustom_link\u00a0\u00bb animation=\u00a0\u00bbrda_fadeInDown\u00a0\u00bb link=\u00a0\u00bb\/home\/\u00a0\u00bb css=\u00a0\u00bb.vc_custom_1579530900267{margin-bottom: 10px !important;}\u00a0\u00bb][vc_custom_heading text=\u00a0\u00bbManure Matters\u00a0\u00bb font_container=\u00a0\u00bbtag:h2|font_size:39|text_align:right|color:%235e5e5d\u00a0\u00bb google_fonts=\u00a0\u00bbfont_family:Exo%3A100%2C100italic%2C200%2C200italic%2C300%2C300italic%2Cregular%2Citalic%2C500%2C500italic%2C600%2C600italic%2C700%2C700italic%2C800%2C800italic%2C900%2C900italic|font_style:300%20light%20regular%3A300%3Anormal\u00a0\u00bb][\/vc_column][\/vc_row][vc_row type=\u00a0\u00bbfull-width-section\u00a0\u00bb css=\u00a0\u00bb.vc_custom_1579532567222{margin-bottom: 0px !important;background-color: #f9b122 !important;}\u00a0\u00bb][vc_column]<style type=\"text\/css\" >#l_i3pmogz8on09vbyor4mt.sc_line ,#l_i3pmogz8on09vbyor4mt .sc_line { height:1px; background:#5e5e5d;}#l_i3pmogz8on09vbyor4mt.sc_line ,#l_i3pmogz8on09vbyor4mt .sc_line{margin-left:auto!important; margin-right:auto!important;}#l_i3pmogz8on09vbyor4mt {margin:0px 0 0px 0; padding:0;}<\/style><div class=\"clearfix\"><\/div><div id=\"l_i3pmogz8on09vbyor4mt\"  class=\"sc_line rd_line_normal\" ><\/div>[\/vc_column][\/vc_row][vc_row type=\u00a0\u00bbfull-width-section\u00a0\u00bb css=\u00a0\u00bb.vc_custom_1579591829844{margin-top: 0px !important;margin-bottom: 0px !important;padding-top: 50px !important;padding-bottom: 50px !important;background-color: #f9b122 !important;}\u00a0\u00bb][vc_column width=\u00a0\u00bb1\/2&Prime;][vc_row_inner][vc_column_inner width=\u00a0\u00bb1\/2&Prime;][vc_single_image image=\u00a0\u00bb3184&Prime; img_size=\u00a0\u00bb110&#215;110&Prime; alignment=\u00a0\u00bbcenter\u00a0\u00bb onclick=\u00a0\u00bbcustom_link\u00a0\u00bb img_link_target=\u00a0\u00bb_blank\u00a0\u00bb link=\u00a0\u00bb\/fanshop\/\u00a0\u00bb][\/vc_column_inner][vc_column_inner width=\u00a0\u00bb1\/2&Prime;][vc_custom_heading text=\u00a0\u00bbVeenhuis Machines Fanshop\u00a0\u00bb font_container=\u00a0\u00bbtag:h2|text_align:left|color:%235e5e5d\u00a0\u00bb css=\u00a0\u00bb.vc_custom_1579532000169{margin-bottom: 10px !important;}\u00a0\u00bb][vc_column_text]Voor alle Veenhuis Machines fans[\/vc_column_text][\/vc_column_inner][\/vc_row_inner][\/vc_column][vc_column width=\u00a0\u00bb1\/2&Prime;][vc_row_inner][vc_column_inner width=\u00a0\u00bb1\/2&Prime;][vc_single_image image=\u00a0\u00bb3188&Prime; img_size=\u00a0\u00bb110&#215;110&Prime; alignment=\u00a0\u00bbcenter\u00a0\u00bb onclick=\u00a0\u00bbcustom_link\u00a0\u00bb link=\u00a0\u00bb\/producten\/\u00a0\u00bb][\/vc_column_inner][vc_column_inner width=\u00a0\u00bb1\/2&Prime;][vc_custom_heading text=\u00a0\u00bbVeenhuis Machines Catalogus\u00a0\u00bb font_container=\u00a0\u00bbtag:h2|text_align:left|color:%235e5e5d\u00a0\u00bb use_theme_fonts=\u00a0\u00bbyes\u00a0\u00bb css=\u00a0\u00bb.vc_custom_1579532169993{margin-bottom: 10px !important;}\u00a0\u00bb][vc_column_text line_height=\u00a0\u00bb28&Prime;]Alle Veenhuis Machines overzichtelijk en actueel<br \/>\n<span style=\"text-decoration: underline;\"><span style=\"color: #ffffff;\"><strong><a style=\"color: #ffffff; text-decoration: underline;\" href=\"https:\/\/veenhuis.com\/producten-2\/\" target=\"_blank\" rel=\"noopener noreferrer\">Bekijk de Veenhuis Machines catalogus &gt;<\/a><\/strong><\/span><\/span>[\/vc_column_text][\/vc_column_inner][\/vc_row_inner][\/vc_column][\/vc_row]<\/p>\n<\/div>","protected":false},"excerpt":{"rendered":"<p>[vc_row][vc_column width=\u00a0\u00bb2\/3&Prime;][vc_single_image image=\u00a0\u00bb8191&Prime; img_size=\u00a0\u00bb200&#215;80&Prime;][vc_custom_heading text=\u00a0\u00bbSVgroup\u00a0\u00bb font_container=\u00a0\u00bbtag:h1|text_align:left|color:%23f9b122&Prime; use_theme_fonts=\u00a0\u00bbyes\u00a0\u00bb][vc_custom_heading text=\u00a0\u00bbLe SVgroup est n\u00e9 en 2019 de la fusion entre Schuitemaker et Veenhuis.\u00a0\u00bb font_container=\u00a0\u00bbtag:h2|text_align:left|color:%23444444&Prime; use_theme_fonts=\u00a0\u00bbyes\u00a0\u00bb][vc_column_text]SVgroup fournit des produits et services aux entreprises et institutions du secteur agricole et contr\u00f4le de la fluidit\u00e9. En livrant des machines fiables et faciles \u00e0 entretenir, associ\u00e9es \u00e0 un service fiable, nous permettons<br \/><a href=\"https:\/\/veenhuis.com\/fr\/notre-entreprise\/svgroup\/\" class=\"more\">Read more<\/a><\/p>\n","protected":false},"author":6,"featured_media":0,"parent":2486,"menu_order":0,"comment_status":"closed","ping_status":"closed","template":"","meta":{"_exactmetrics_skip_tracking":false,"_exactmetrics_sitenote_active":false,"_exactmetrics_sitenote_note":"","_exactmetrics_sitenote_category":0,"footnotes":""},"class_list":["post-8211","page","type-page","status-publish","hentry"],"_links":{"self":[{"href":"https:\/\/veenhuis.com\/fr\/wp-json\/wp\/v2\/pages\/8211","targetHints":{"allow":["GET"]}}],"collection":[{"href":"https:\/\/veenhuis.com\/fr\/wp-json\/wp\/v2\/pages"}],"about":[{"href":"https:\/\/veenhuis.com\/fr\/wp-json\/wp\/v2\/types\/page"}],"author":[{"embeddable":true,"href":"https:\/\/veenhuis.com\/fr\/wp-json\/wp\/v2\/users\/6"}],"replies":[{"embeddable":true,"href":"https:\/\/veenhuis.com\/fr\/wp-json\/wp\/v2\/comments?post=8211"}],"version-history":[{"count":50,"href":"https:\/\/veenhuis.com\/fr\/wp-json\/wp\/v2\/pages\/8211\/revisions"}],"predecessor-version":[{"id":8387,"href":"https:\/\/veenhuis.com\/fr\/wp-json\/wp\/v2\/pages\/8211\/revisions\/8387"}],"up":[{"embeddable":true,"href":"https:\/\/veenhuis.com\/fr\/wp-json\/wp\/v2\/pages\/2486"}],"wp:attachment":[{"href":"https:\/\/veenhuis.com\/fr\/wp-json\/wp\/v2\/media?parent=8211"}],"curies":[{"name":"wp","href":"https:\/\/api.w.org\/{rel}","templated":true}]}}